{"id":4470,"date":"2025-05-28T21:43:50","date_gmt":"2025-05-28T19:43:50","guid":{"rendered":"https:\/\/xn--matfrnsverige-tfb.se\/?page_id=4470"},"modified":"2025-06-16T18:32:48","modified_gmt":"2025-06-16T16:32:48","slug":"konserver","status":"publish","type":"page","link":"https:\/\/xn--matfrnsverige-tfb.se\/en\/konserver\/","title":{"rendered":"canned food"},"content":{"rendered":"<div data-elementor-type=\"wp-page\" data-elementor-id=\"4470\" class=\"elementor elementor-4470\">\n\t\t\t\t<div class=\"elementor-element elementor-element-29c973d e-flex e-con-boxed e-con e-parent\" data-id=\"29c973d\" data-element_type=\"container\">\n\t\t\t\t\t<div class=\"e-con-inner\">\n\t\t\t\t<div class=\"elementor-element elementor-element-40a7a78 elementor-widget elementor-widget-wpmproducts\" data-id=\"40a7a78\" data-element_type=\"widget\" data-widget_type=\"wpmproducts.default\">\n\t\t\t\t<div class=\"elementor-widget-container\">\n\t\t\t\t\t\t\t<div> <div class=\"woocommerce columns-4\"><div class=\"woocommerce-notices-wrapper\"><\/div><p class=\"woocommerce-result-count\" >\n\tShowing the single result<\/p>\n<form class=\"woocommerce-ordering\" method=\"get\" action=\"\">\n\t\t<select\n\t\tname=\"orderby\"\n\t\tclass=\"orderby\"\n\t\t\t\t\taria-label=\"Shop order\" data-no-translation-aria-label=\"\"\n\t\t\t>\n\t\t\t\t\t<option value=\"menu_order\"  selected='selected' data-no-translation=\"\" data-trp-gettext=\"\">Default sorting<\/option>\n\t\t\t\t\t<option value=\"popularity\" data-no-translation=\"\" data-trp-gettext=\"\" >Sort by popularity<\/option>\n\t\t\t\t\t<option value=\"date\" data-no-translation=\"\" data-trp-gettext=\"\" >Sort by latest<\/option>\n\t\t\t\t\t<option value=\"price\" data-no-translation=\"\" data-trp-gettext=\"\" >Sort by price: low to high<\/option>\n\t\t\t\t\t<option value=\"price-desc\" data-no-translation=\"\" data-trp-gettext=\"\" >Sort by price: high to low<\/option>\n\t\t\t<\/select>\n\t<input type=\"hidden\" name=\"paged\" value=\"1\" \/>\n\t<input type=\"hidden\" name=\"trp-form-language\" value=\"en\"\/><\/form>\n<ul class=\"products columns-4\">\n<li class=\"desktop-align-center tablet-align-left mobile-align-left product type-product post-5110 status-publish first instock product_cat-alla-produkter product_cat-godis product_cat-konserver has-post-thumbnail taxable shipping-taxable purchasable product-type-simple\">\n\t<a href=\"https:\/\/xn--matfrnsverige-tfb.se\/en\/product\/pingvinstang-jordgubb-hallon\/\" class=\"woocommerce-LoopProduct-link woocommerce-loop-product__link\"><img fetchpriority=\"high\" decoding=\"async\" width=\"300\" height=\"300\" src=\"https:\/\/xn--matfrnsverige-tfb.se\/wp-content\/uploads\/2025\/06\/5962A8A8-F633-4CA0-B71B-5C88AF2494BA-300x300.jpeg\" class=\"attachment-woocommerce_thumbnail size-woocommerce_thumbnail\" alt=\"Pingvinst\u00e5ng Jordgubb\/Hallon\" srcset=\"https:\/\/xn--matfrnsverige-tfb.se\/wp-content\/uploads\/2025\/06\/5962A8A8-F633-4CA0-B71B-5C88AF2494BA-300x300.jpeg 300w, https:\/\/xn--matfrnsverige-tfb.se\/wp-content\/uploads\/2025\/06\/5962A8A8-F633-4CA0-B71B-5C88AF2494BA-150x150.jpeg 150w, https:\/\/xn--matfrnsverige-tfb.se\/wp-content\/uploads\/2025\/06\/5962A8A8-F633-4CA0-B71B-5C88AF2494BA-100x100.jpeg 100w\" sizes=\"(max-width: 300px) 100vw, 300px\" \/><h2 class=\"woocommerce-loop-product__title\">Pingvinst\u00e5ng Jordgubb\/Hallon<\/h2>\n\t<span class=\"price\"><span class=\"woocommerce-Price-amount amount\"><bdi>9,00&nbsp;<span class=\"woocommerce-Price-currencySymbol\">&#107;&#114;<\/span><\/bdi><\/span><\/span>\n<\/a><a href=\"?add-to-cart=5110\" aria-describedby=\"woocommerce_loop_add_to_cart_link_describedby_5110\" data-quantity=\"1\" class=\"button product_type_simple add_to_cart_button ajax_add_to_cart\" data-product_id=\"5110\" data-product_sku=\"\" aria-label=\"Add to cart: \u201cPingvinst\u00e5ng Jordgubb\/Hallon\u201d\" rel=\"nofollow\" data-success_message=\"\u201cPingvinst\u00e5ng Jordgubb\/Hallon\u201d has been added to your cart\" data-no-translation=\"\" data-trp-gettext=\"\" data-no-translation-aria-label=\"\" data-no-translation-data-success_message=\"\">Add to cart<\/a>\t<span id=\"woocommerce_loop_add_to_cart_link_describedby_5110\" class=\"screen-reader-text\">\n\t\t\t<\/span>\n<\/li>\n<\/ul>\n<\/div><\/div>\r\n\r\n\t\t\r\n\t\t\t\t\t\t<\/div>\n\t\t\t\t<\/div>\n\t\t\t\t\t<\/div>\n\t\t\t\t<\/div>\n\t\t\t\t<\/div>","protected":false},"excerpt":{"rendered":"<p>Visar alla 2 resultat StandardsorteringSortera efter popularitetSortera efter genomsnittligt betygSortera efter senastSortera efter pris: l\u00e5gt till h\u00f6gtSortera efter pris: h\u00f6gt till l\u00e5gt Fiskbullar Hummer Betygsatt 0 av 5 30,00&nbsp;&#107;&#114; L\u00e4gg till i varukorg Soldatens \u00c4rtsoppa Betygsatt 0 av 5 20,00&nbsp;&#107;&#114; L\u00e4gg till i varukorg<\/p>","protected":false},"author":1,"featured_media":0,"parent":0,"menu_order":0,"comment_status":"closed","ping_status":"closed","template":"","meta":{"site-sidebar-layout":"no-sidebar","site-content-layout":"page-builder","ast-site-content-layout":"full-width-container","site-content-style":"default","site-sidebar-style":"default","ast-global-header-display":"","ast-banner-title-visibility":"","ast-main-header-display":"","ast-hfb-above-header-display":"","ast-hfb-below-header-display":"","ast-hfb-mobile-header-display":"","site-post-title":"disabled","ast-breadcrumbs-content":"","ast-featured-img":"disabled","footer-sml-layout":"","theme-transparent-header-meta":"","adv-header-id-meta":"","stick-header-meta":"","header-above-stick-meta":"","header-main-stick-meta":"","header-below-stick-meta":"","astra-migrate-meta-layouts":"set","ast-page-background-enabled":"default","ast-page-background-meta":{"desktop":{"background-color":"","background-image":"","background-repeat":"repeat","background-position":"center center","background-size":"auto","background-attachment":"scroll","background-type":"","background-media":"","overlay-type":"","overlay-color":"","overlay-opacity":"","overlay-gradient":""},"tablet":{"background-color":"","background-image":"","background-repeat":"repeat","background-position":"center center","background-size":"auto","background-attachment":"scroll","background-type":"","background-media":"","overlay-type":"","overlay-color":"","overlay-opacity":"","overlay-gradient":""},"mobile":{"background-color":"","background-image":"","background-repeat":"repeat","background-position":"center center","background-size":"auto","background-attachment":"scroll","background-type":"","background-media":"","overlay-type":"","overlay-color":"","overlay-opacity":"","overlay-gradient":""}},"ast-content-background-meta":{"desktop":{"background-color":"var(--ast-global-color-5)","background-image":"","background-repeat":"repeat","background-position":"center center","background-size":"auto","background-attachment":"scroll","background-type":"","background-media":"","overlay-type":"","overlay-color":"","overlay-opacity":"","overlay-gradient":""},"tablet":{"background-color":"var(--ast-global-color-5)","background-image":"","background-repeat":"repeat","background-position":"center center","background-size":"auto","background-attachment":"scroll","background-type":"","background-media":"","overlay-type":"","overlay-color":"","overlay-opacity":"","overlay-gradient":""},"mobile":{"background-color":"var(--ast-global-color-5)","background-image":"","background-repeat":"repeat","background-position":"center center","background-size":"auto","background-attachment":"scroll","background-type":"","background-media":"","overlay-type":"","overlay-color":"","overlay-opacity":"","overlay-gradient":""}},"footnotes":""},"class_list":["post-4470","page","type-page","status-publish","hentry"],"yoast_head":"<!-- This site is optimized with the Yoast SEO plugin v26.0 - https:\/\/yoast.com\/wordpress\/plugins\/seo\/ -->\n<title>Konserver - Mat Fr\u00e5n Sverige<\/title>\n<meta name=\"robots\" content=\"index, follow, max-snippet:-1, max-image-preview:large, max-video-preview:-1\" \/>\n<link rel=\"canonical\" href=\"https:\/\/xn--matfrnsverige-tfb.se\/en\/konserver\/\" \/>\n<meta property=\"og:locale\" content=\"en_US\" \/>\n<meta property=\"og:type\" content=\"article\" \/>\n<meta property=\"og:title\" content=\"Konserver - Mat Fr\u00e5n Sverige\" \/>\n<meta property=\"og:description\" content=\"Visar alla 2 resultat StandardsorteringSortera efter popularitetSortera efter genomsnittligt betygSortera efter senastSortera efter pris: l\u00e5gt till h\u00f6gtSortera efter pris: h\u00f6gt till l\u00e5gt Fiskbullar Hummer Betygsatt 0 av 5 30,00&nbsp;&#107;&#114; L\u00e4gg till i varukorg Soldatens \u00c4rtsoppa Betygsatt 0 av 5 20,00&nbsp;&#107;&#114; L\u00e4gg till i varukorg\" \/>\n<meta property=\"og:url\" content=\"https:\/\/xn--matfrnsverige-tfb.se\/en\/konserver\/\" \/>\n<meta property=\"og:site_name\" content=\"Mat Fr\u00e5n Sverige\" \/>\n<meta property=\"article:modified_time\" content=\"2025-06-16T16:32:48+00:00\" \/>\n<meta property=\"og:image\" content=\"https:\/\/xn--matfrnsverige-tfb.se\/wp-content\/uploads\/woocommerce-placeholder-300x300.png\" \/>\n<meta name=\"twitter:card\" content=\"summary_large_image\" \/>\n<script type=\"application\/ld+json\" class=\"yoast-schema-graph\">{\"@context\":\"https:\/\/schema.org\",\"@graph\":[{\"@type\":\"WebPage\",\"@id\":\"https:\/\/xn--matfrnsverige-tfb.se\/konserver\/\",\"url\":\"https:\/\/xn--matfrnsverige-tfb.se\/konserver\/\",\"name\":\"Konserver - Mat Fr\u00e5n Sverige\",\"isPartOf\":{\"@id\":\"https:\/\/xn--matfrnsverige-tfb.se\/#website\"},\"primaryImageOfPage\":{\"@id\":\"https:\/\/xn--matfrnsverige-tfb.se\/konserver\/#primaryimage\"},\"image\":{\"@id\":\"https:\/\/xn--matfrnsverige-tfb.se\/konserver\/#primaryimage\"},\"thumbnailUrl\":\"https:\/\/xn--matfrnsverige-tfb.se\/wp-content\/uploads\/woocommerce-placeholder-300x300.png\",\"datePublished\":\"2025-05-28T19:43:50+00:00\",\"dateModified\":\"2025-06-16T16:32:48+00:00\",\"breadcrumb\":{\"@id\":\"https:\/\/xn--matfrnsverige-tfb.se\/konserver\/#breadcrumb\"},\"inLanguage\":\"en-US\",\"potentialAction\":[{\"@type\":\"ReadAction\",\"target\":[\"https:\/\/xn--matfrnsverige-tfb.se\/konserver\/\"]}]},{\"@type\":\"ImageObject\",\"inLanguage\":\"en-US\",\"@id\":\"https:\/\/xn--matfrnsverige-tfb.se\/konserver\/#primaryimage\",\"url\":\"https:\/\/xn--matfrnsverige-tfb.se\/wp-content\/uploads\/woocommerce-placeholder-300x300.png\",\"contentUrl\":\"https:\/\/xn--matfrnsverige-tfb.se\/wp-content\/uploads\/woocommerce-placeholder-300x300.png\"},{\"@type\":\"BreadcrumbList\",\"@id\":\"https:\/\/xn--matfrnsverige-tfb.se\/konserver\/#breadcrumb\",\"itemListElement\":[{\"@type\":\"ListItem\",\"position\":1,\"name\":\"Home\",\"item\":\"https:\/\/xn--matfrnsverige-tfb.se\/\"},{\"@type\":\"ListItem\",\"position\":2,\"name\":\"Konserver\"}]},{\"@type\":\"WebSite\",\"@id\":\"https:\/\/xn--matfrnsverige-tfb.se\/#website\",\"url\":\"https:\/\/xn--matfrnsverige-tfb.se\/\",\"name\":\"Mat Fr\u00e5n Sverige\",\"description\":\"Buy Swedish Candy Online\",\"publisher\":{\"@id\":\"https:\/\/xn--matfrnsverige-tfb.se\/#organization\"},\"potentialAction\":[{\"@type\":\"SearchAction\",\"target\":{\"@type\":\"EntryPoint\",\"urlTemplate\":\"https:\/\/xn--matfrnsverige-tfb.se\/?s={search_term_string}\"},\"query-input\":{\"@type\":\"PropertyValueSpecification\",\"valueRequired\":true,\"valueName\":\"search_term_string\"}}],\"inLanguage\":\"en-US\"},{\"@type\":\"Organization\",\"@id\":\"https:\/\/xn--matfrnsverige-tfb.se\/#organization\",\"name\":\"Mat Fr\u00e5n Sverige\",\"url\":\"https:\/\/xn--matfrnsverige-tfb.se\/\",\"logo\":{\"@type\":\"ImageObject\",\"inLanguage\":\"en-US\",\"@id\":\"https:\/\/xn--matfrnsverige-tfb.se\/#\/schema\/logo\/image\/\",\"url\":\"https:\/\/xn--matfrnsverige-tfb.se\/wp-content\/uploads\/2025\/05\/Metallskarning.se_-1.png\",\"contentUrl\":\"https:\/\/xn--matfrnsverige-tfb.se\/wp-content\/uploads\/2025\/05\/Metallskarning.se_-1.png\",\"width\":500,\"height\":500,\"caption\":\"Mat Fr\u00e5n Sverige\"},\"image\":{\"@id\":\"https:\/\/xn--matfrnsverige-tfb.se\/#\/schema\/logo\/image\/\"}}]}<\/script>\n<!-- \/ Yoast SEO plugin. -->","yoast_head_json":{"title":"Konserver - Mat Fr\u00e5n Sverige","robots":{"index":"index","follow":"follow","max-snippet":"max-snippet:-1","max-image-preview":"max-image-preview:large","max-video-preview":"max-video-preview:-1"},"canonical":"https:\/\/xn--matfrnsverige-tfb.se\/en\/konserver\/","og_locale":"en_US","og_type":"article","og_title":"Konserver - Mat Fr\u00e5n Sverige","og_description":"Visar alla 2 resultat StandardsorteringSortera efter popularitetSortera efter genomsnittligt betygSortera efter senastSortera efter pris: l\u00e5gt till h\u00f6gtSortera efter pris: h\u00f6gt till l\u00e5gt Fiskbullar Hummer Betygsatt 0 av 5 30,00&nbsp;&#107;&#114; L\u00e4gg till i varukorg Soldatens \u00c4rtsoppa Betygsatt 0 av 5 20,00&nbsp;&#107;&#114; L\u00e4gg till i varukorg","og_url":"https:\/\/xn--matfrnsverige-tfb.se\/en\/konserver\/","og_site_name":"Mat Fr\u00e5n Sverige","article_modified_time":"2025-06-16T16:32:48+00:00","og_image":[{"url":"https:\/\/xn--matfrnsverige-tfb.se\/wp-content\/uploads\/woocommerce-placeholder-300x300.png","type":"","width":"","height":""}],"twitter_card":"summary_large_image","schema":{"@context":"https:\/\/schema.org","@graph":[{"@type":"WebPage","@id":"https:\/\/xn--matfrnsverige-tfb.se\/konserver\/","url":"https:\/\/xn--matfrnsverige-tfb.se\/konserver\/","name":"Konserver - Mat Fr\u00e5n Sverige","isPartOf":{"@id":"https:\/\/xn--matfrnsverige-tfb.se\/#website"},"primaryImageOfPage":{"@id":"https:\/\/xn--matfrnsverige-tfb.se\/konserver\/#primaryimage"},"image":{"@id":"https:\/\/xn--matfrnsverige-tfb.se\/konserver\/#primaryimage"},"thumbnailUrl":"https:\/\/xn--matfrnsverige-tfb.se\/wp-content\/uploads\/woocommerce-placeholder-300x300.png","datePublished":"2025-05-28T19:43:50+00:00","dateModified":"2025-06-16T16:32:48+00:00","breadcrumb":{"@id":"https:\/\/xn--matfrnsverige-tfb.se\/konserver\/#breadcrumb"},"inLanguage":"en-US","potentialAction":[{"@type":"ReadAction","target":["https:\/\/xn--matfrnsverige-tfb.se\/konserver\/"]}]},{"@type":"ImageObject","inLanguage":"en-US","@id":"https:\/\/xn--matfrnsverige-tfb.se\/konserver\/#primaryimage","url":"https:\/\/xn--matfrnsverige-tfb.se\/wp-content\/uploads\/woocommerce-placeholder-300x300.png","contentUrl":"https:\/\/xn--matfrnsverige-tfb.se\/wp-content\/uploads\/woocommerce-placeholder-300x300.png"},{"@type":"BreadcrumbList","@id":"https:\/\/xn--matfrnsverige-tfb.se\/konserver\/#breadcrumb","itemListElement":[{"@type":"ListItem","position":1,"name":"Home","item":"https:\/\/xn--matfrnsverige-tfb.se\/"},{"@type":"ListItem","position":2,"name":"Konserver"}]},{"@type":"WebSite","@id":"https:\/\/xn--matfrnsverige-tfb.se\/#website","url":"https:\/\/xn--matfrnsverige-tfb.se\/","name":"Mat Fr\u00e5n Sverige","description":"Buy Swedish Candy Online","publisher":{"@id":"https:\/\/xn--matfrnsverige-tfb.se\/#organization"},"potentialAction":[{"@type":"SearchAction","target":{"@type":"EntryPoint","urlTemplate":"https:\/\/xn--matfrnsverige-tfb.se\/?s={search_term_string}"},"query-input":{"@type":"PropertyValueSpecification","valueRequired":true,"valueName":"search_term_string"}}],"inLanguage":"en-US"},{"@type":"Organization","@id":"https:\/\/xn--matfrnsverige-tfb.se\/#organization","name":"Mat Fr\u00e5n Sverige","url":"https:\/\/xn--matfrnsverige-tfb.se\/","logo":{"@type":"ImageObject","inLanguage":"en-US","@id":"https:\/\/xn--matfrnsverige-tfb.se\/#\/schema\/logo\/image\/","url":"https:\/\/xn--matfrnsverige-tfb.se\/wp-content\/uploads\/2025\/05\/Metallskarning.se_-1.png","contentUrl":"https:\/\/xn--matfrnsverige-tfb.se\/wp-content\/uploads\/2025\/05\/Metallskarning.se_-1.png","width":500,"height":500,"caption":"Mat Fr\u00e5n Sverige"},"image":{"@id":"https:\/\/xn--matfrnsverige-tfb.se\/#\/schema\/logo\/image\/"}}]}},"jetpack_sharing_enabled":true,"_links":{"self":[{"href":"https:\/\/xn--matfrnsverige-tfb.se\/en\/wp-json\/wp\/v2\/pages\/4470","targetHints":{"allow":["GET"]}}],"collection":[{"href":"https:\/\/xn--matfrnsverige-tfb.se\/en\/wp-json\/wp\/v2\/pages"}],"about":[{"href":"https:\/\/xn--matfrnsverige-tfb.se\/en\/wp-json\/wp\/v2\/types\/page"}],"author":[{"embeddable":true,"href":"https:\/\/xn--matfrnsverige-tfb.se\/en\/wp-json\/wp\/v2\/users\/1"}],"replies":[{"embeddable":true,"href":"https:\/\/xn--matfrnsverige-tfb.se\/en\/wp-json\/wp\/v2\/comments?post=4470"}],"version-history":[{"count":28,"href":"https:\/\/xn--matfrnsverige-tfb.se\/en\/wp-json\/wp\/v2\/pages\/4470\/revisions"}],"predecessor-version":[{"id":4632,"href":"https:\/\/xn--matfrnsverige-tfb.se\/en\/wp-json\/wp\/v2\/pages\/4470\/revisions\/4632"}],"wp:attachment":[{"href":"https:\/\/xn--matfrnsverige-tfb.se\/en\/wp-json\/wp\/v2\/media?parent=4470"}],"curies":[{"name":"wp","href":"https:\/\/api.w.org\/{rel}","templated":true}]}}