{"id":4873,"date":"2025-06-24T15:26:19","date_gmt":"2025-06-24T13:26:19","guid":{"rendered":"https:\/\/xn--matfrnsverige-tfb.se\/?page_id=4873"},"modified":"2025-09-25T21:42:19","modified_gmt":"2025-09-25T19:42:19","slug":"swedish-bean-healthy-snacks","status":"publish","type":"page","link":"https:\/\/xn--matfrnsverige-tfb.se\/en\/swedish-bean-healthy-snacks\/","title":{"rendered":"Beans"},"content":{"rendered":"<div data-elementor-type=\"wp-page\" data-elementor-id=\"4873\" class=\"elementor elementor-4873\">\n\t\t\t\t<div class=\"elementor-element elementor-element-962ab9b e-flex e-con-boxed e-con e-parent\" data-id=\"962ab9b\" data-element_type=\"container\">\n\t\t\t\t\t<div class=\"e-con-inner\">\n\t\t\t\t\t<\/div>\n\t\t\t\t<\/div>\n\t\t<div class=\"elementor-element elementor-element-f11b370 e-flex e-con-boxed e-con e-parent\" data-id=\"f11b370\" data-element_type=\"container\">\n\t\t\t\t\t<div class=\"e-con-inner\">\n\t\t\t\t<div class=\"elementor-element elementor-element-330e017 elementor-widget elementor-widget-wpmproducts\" data-id=\"330e017\" data-element_type=\"widget\" data-widget_type=\"wpmproducts.default\">\n\t\t\t\t<div class=\"elementor-widget-container\">\n\t\t\t\t\t\t\t<div> <div class=\"woocommerce columns-4\"><div class=\"woocommerce-notices-wrapper\"><\/div><p class=\"woocommerce-result-count\" >\n\tShowing all 2 results<\/p>\n<form class=\"woocommerce-ordering\" method=\"get\" action=\"\">\n\t\t<select\n\t\tname=\"orderby\"\n\t\tclass=\"orderby\"\n\t\t\t\t\taria-label=\"Shop order\" data-no-translation-aria-label=\"\"\n\t\t\t>\n\t\t\t\t\t<option value=\"menu_order\"  selected='selected' data-no-translation=\"\" data-trp-gettext=\"\">Default sorting<\/option>\n\t\t\t\t\t<option value=\"popularity\" data-no-translation=\"\" data-trp-gettext=\"\" >Sort by popularity<\/option>\n\t\t\t\t\t<option value=\"date\" data-no-translation=\"\" data-trp-gettext=\"\" >Sort by latest<\/option>\n\t\t\t\t\t<option value=\"price\" data-no-translation=\"\" data-trp-gettext=\"\" >Sort by price: low to high<\/option>\n\t\t\t\t\t<option value=\"price-desc\" data-no-translation=\"\" data-trp-gettext=\"\" >Sort by price: high to low<\/option>\n\t\t\t<\/select>\n\t<input type=\"hidden\" name=\"paged\" value=\"1\" \/>\n\t<input type=\"hidden\" name=\"trp-form-language\" value=\"en\"\/><\/form>\n<ul class=\"products columns-4\">\n<li class=\"desktop-align-center tablet-align-left mobile-align-left product type-product post-4868 status-publish first instock product_cat-alla-produkter product_cat-bonor has-post-thumbnail taxable shipping-taxable purchasable product-type-simple\">\n\t<a href=\"https:\/\/xn--matfrnsverige-tfb.se\/en\/product\/edamame-rostade-havssalt-olivolja\/\" class=\"woocommerce-LoopProduct-link woocommerce-loop-product__link\"><img fetchpriority=\"high\" decoding=\"async\" width=\"300\" height=\"300\" src=\"https:\/\/xn--matfrnsverige-tfb.se\/wp-content\/uploads\/2025\/06\/FC5BAF93-F82F-45FF-AF15-8270C3AFF53E-300x300.jpeg\" class=\"attachment-woocommerce_thumbnail size-woocommerce_thumbnail\" alt=\"Edamame Rostade Havssalt &amp; Olivolja\" srcset=\"https:\/\/xn--matfrnsverige-tfb.se\/wp-content\/uploads\/2025\/06\/FC5BAF93-F82F-45FF-AF15-8270C3AFF53E-300x300.jpeg 300w, https:\/\/xn--matfrnsverige-tfb.se\/wp-content\/uploads\/2025\/06\/FC5BAF93-F82F-45FF-AF15-8270C3AFF53E-150x150.jpeg 150w, https:\/\/xn--matfrnsverige-tfb.se\/wp-content\/uploads\/2025\/06\/FC5BAF93-F82F-45FF-AF15-8270C3AFF53E-768x768.jpeg 768w, https:\/\/xn--matfrnsverige-tfb.se\/wp-content\/uploads\/2025\/06\/FC5BAF93-F82F-45FF-AF15-8270C3AFF53E-600x600.jpeg 600w, https:\/\/xn--matfrnsverige-tfb.se\/wp-content\/uploads\/2025\/06\/FC5BAF93-F82F-45FF-AF15-8270C3AFF53E-100x100.jpeg 100w, https:\/\/xn--matfrnsverige-tfb.se\/wp-content\/uploads\/2025\/06\/FC5BAF93-F82F-45FF-AF15-8270C3AFF53E.jpeg 1020w\" sizes=\"(max-width: 300px) 100vw, 300px\" \/><h2 class=\"woocommerce-loop-product__title\">Edamame Rostade Havssalt &#038; Olivolja<\/h2>\n\t<span class=\"price\"><span class=\"woocommerce-Price-amount amount\"><bdi>22,00&nbsp;<span class=\"woocommerce-Price-currencySymbol\">&#107;&#114;<\/span><\/bdi><\/span><\/span>\n<\/a><a href=\"?add-to-cart=4868\" aria-describedby=\"woocommerce_loop_add_to_cart_link_describedby_4868\" data-quantity=\"1\" class=\"button product_type_simple add_to_cart_button ajax_add_to_cart\" data-product_id=\"4868\" data-product_sku=\"\" aria-label=\"Add to cart: \u201cEdamame Rostade Havssalt &amp; Olivolja\u201d\" rel=\"nofollow\" data-success_message=\"\u201cEdamame Rostade Havssalt &amp; Olivolja\u201d has been added to your cart\" data-no-translation=\"\" data-trp-gettext=\"\" data-no-translation-aria-label=\"\" data-no-translation-data-success_message=\"\">Add to cart<\/a>\t<span id=\"woocommerce_loop_add_to_cart_link_describedby_4868\" class=\"screen-reader-text\">\n\t\t\t<\/span>\n<\/li>\n<li class=\"desktop-align-center tablet-align-left mobile-align-left product type-product post-4866 status-publish instock product_cat-alla-produkter product_cat-bonor has-post-thumbnail taxable shipping-taxable purchasable product-type-simple\">\n\t<a href=\"https:\/\/xn--matfrnsverige-tfb.se\/en\/product\/bondbonor-rostade-havssalt\/\" class=\"woocommerce-LoopProduct-link woocommerce-loop-product__link\"><img decoding=\"async\" width=\"300\" height=\"300\" src=\"https:\/\/xn--matfrnsverige-tfb.se\/wp-content\/uploads\/2025\/06\/3DE5D43A-2E61-4657-963C-EE9524CDBD75-300x300.jpeg\" class=\"attachment-woocommerce_thumbnail size-woocommerce_thumbnail\" alt=\"Bondb\u00f6nor Rostade Havssalt\" srcset=\"https:\/\/xn--matfrnsverige-tfb.se\/wp-content\/uploads\/2025\/06\/3DE5D43A-2E61-4657-963C-EE9524CDBD75-300x300.jpeg 300w, https:\/\/xn--matfrnsverige-tfb.se\/wp-content\/uploads\/2025\/06\/3DE5D43A-2E61-4657-963C-EE9524CDBD75-150x150.jpeg 150w, https:\/\/xn--matfrnsverige-tfb.se\/wp-content\/uploads\/2025\/06\/3DE5D43A-2E61-4657-963C-EE9524CDBD75-768x768.jpeg 768w, https:\/\/xn--matfrnsverige-tfb.se\/wp-content\/uploads\/2025\/06\/3DE5D43A-2E61-4657-963C-EE9524CDBD75-600x600.jpeg 600w, https:\/\/xn--matfrnsverige-tfb.se\/wp-content\/uploads\/2025\/06\/3DE5D43A-2E61-4657-963C-EE9524CDBD75-100x100.jpeg 100w, https:\/\/xn--matfrnsverige-tfb.se\/wp-content\/uploads\/2025\/06\/3DE5D43A-2E61-4657-963C-EE9524CDBD75.jpeg 1007w\" sizes=\"(max-width: 300px) 100vw, 300px\" \/><h2 class=\"woocommerce-loop-product__title\">Bondb\u00f6nor Rostade Havssalt<\/h2>\n\t<span class=\"price\"><span class=\"woocommerce-Price-amount amount\"><bdi>22,00&nbsp;<span class=\"woocommerce-Price-currencySymbol\">&#107;&#114;<\/span><\/bdi><\/span><\/span>\n<\/a><a href=\"?add-to-cart=4866\" aria-describedby=\"woocommerce_loop_add_to_cart_link_describedby_4866\" data-quantity=\"1\" class=\"button product_type_simple add_to_cart_button ajax_add_to_cart\" data-product_id=\"4866\" data-product_sku=\"\" aria-label=\"Add to cart: \u201cBondb\u00f6nor Rostade Havssalt\u201d\" rel=\"nofollow\" data-success_message=\"\u201cBondb\u00f6nor Rostade Havssalt\u201d has been added to your cart\" data-no-translation=\"\" data-trp-gettext=\"\" data-no-translation-aria-label=\"\" data-no-translation-data-success_message=\"\">Add to cart<\/a>\t<span id=\"woocommerce_loop_add_to_cart_link_describedby_4866\" class=\"screen-reader-text\">\n\t\t\t<\/span>\n<\/li>\n<\/ul>\n<\/div><\/div>\r\n\r\n\t\t\r\n\t\t\t\t\t\t<\/div>\n\t\t\t\t<\/div>\n\t\t\t\t\t<\/div>\n\t\t\t\t<\/div>\n\t\t\t\t<\/div>","protected":false},"excerpt":{"rendered":"<p>Visar alla 2 resultat StandardsorteringSortera efter popularitetSortera efter senastSortera efter pris: l\u00e5gt till h\u00f6gtSortera efter pris: h\u00f6gt till l\u00e5gt Edamame Rostade Havssalt &#038; Olivolja &#107;&#114;22,00 L\u00e4gg till i varukorg Bondb\u00f6nor Rostade Havssalt &#107;&#114;22,00 L\u00e4gg till i varukorg<\/p>","protected":false},"author":1,"featured_media":0,"parent":0,"menu_order":0,"comment_status":"closed","ping_status":"closed","template":"","meta":{"site-sidebar-layout":"no-sidebar","site-content-layout":"page-builder","ast-site-content-layout":"full-width-container","site-content-style":"default","site-sidebar-style":"default","ast-global-header-display":"","ast-banner-title-visibility":"","ast-main-header-display":"","ast-hfb-above-header-display":"","ast-hfb-below-header-display":"","ast-hfb-mobile-header-display":"","site-post-title":"disabled","ast-breadcrumbs-content":"","ast-featured-img":"disabled","footer-sml-layout":"","theme-transparent-header-meta":"","adv-header-id-meta":"","stick-header-meta":"","header-above-stick-meta":"","header-main-stick-meta":"","header-below-stick-meta":"","astra-migrate-meta-layouts":"set","ast-page-background-enabled":"default","ast-page-background-meta":{"desktop":{"background-color":"","background-image":"","background-repeat":"repeat","background-position":"center center","background-size":"auto","background-attachment":"scroll","background-type":"","background-media":"","overlay-type":"","overlay-color":"","overlay-opacity":"","overlay-gradient":""},"tablet":{"background-color":"","background-image":"","background-repeat":"repeat","background-position":"center center","background-size":"auto","background-attachment":"scroll","background-type":"","background-media":"","overlay-type":"","overlay-color":"","overlay-opacity":"","overlay-gradient":""},"mobile":{"background-color":"","background-image":"","background-repeat":"repeat","background-position":"center center","background-size":"auto","background-attachment":"scroll","background-type":"","background-media":"","overlay-type":"","overlay-color":"","overlay-opacity":"","overlay-gradient":""}},"ast-content-background-meta":{"desktop":{"background-color":"var(--ast-global-color-5)","background-image":"","background-repeat":"repeat","background-position":"center center","background-size":"auto","background-attachment":"scroll","background-type":"","background-media":"","overlay-type":"","overlay-color":"","overlay-opacity":"","overlay-gradient":""},"tablet":{"background-color":"var(--ast-global-color-5)","background-image":"","background-repeat":"repeat","background-position":"center center","background-size":"auto","background-attachment":"scroll","background-type":"","background-media":"","overlay-type":"","overlay-color":"","overlay-opacity":"","overlay-gradient":""},"mobile":{"background-color":"var(--ast-global-color-5)","background-image":"","background-repeat":"repeat","background-position":"center center","background-size":"auto","background-attachment":"scroll","background-type":"","background-media":"","overlay-type":"","overlay-color":"","overlay-opacity":"","overlay-gradient":""}},"footnotes":""},"class_list":["post-4873","page","type-page","status-publish","hentry"],"yoast_head":"<!-- This site is optimized with the Yoast SEO plugin v26.0 - https:\/\/yoast.com\/wordpress\/plugins\/seo\/ -->\n<title>B\u00f6nor - Mat Fr\u00e5n Sverige<\/title>\n<meta name=\"description\" content=\"Swedish Bean Healthy Snacks. Perfect On The Way To The Gym Or On The Picnic With Your Loved One.\" \/>\n<meta name=\"robots\" content=\"index, follow, max-snippet:-1, max-image-preview:large, max-video-preview:-1\" \/>\n<link rel=\"canonical\" href=\"https:\/\/xn--matfrnsverige-tfb.se\/en\/swedish-bean-healthy-snacks\/\" \/>\n<meta property=\"og:locale\" content=\"en_US\" \/>\n<meta property=\"og:type\" content=\"article\" \/>\n<meta property=\"og:title\" content=\"B\u00f6nor - Mat Fr\u00e5n Sverige\" \/>\n<meta property=\"og:description\" content=\"Swedish Bean Healthy Snacks. Perfect On The Way To The Gym Or On The Picnic With Your Loved One.\" \/>\n<meta property=\"og:url\" content=\"https:\/\/xn--matfrnsverige-tfb.se\/en\/swedish-bean-healthy-snacks\/\" \/>\n<meta property=\"og:site_name\" content=\"Mat Fr\u00e5n Sverige\" \/>\n<meta property=\"article:modified_time\" content=\"2025-09-25T19:42:19+00:00\" \/>\n<meta property=\"og:image\" content=\"https:\/\/xn--matfrnsverige-tfb.se\/wp-content\/uploads\/2025\/06\/FC5BAF93-F82F-45FF-AF15-8270C3AFF53E-300x300.jpeg\" \/>\n<meta name=\"twitter:card\" content=\"summary_large_image\" \/>\n<meta name=\"twitter:label1\" content=\"Est. reading time\" \/>\n\t<meta name=\"twitter:data1\" content=\"1 minute\" \/>\n<script type=\"application\/ld+json\" class=\"yoast-schema-graph\">{\"@context\":\"https:\/\/schema.org\",\"@graph\":[{\"@type\":\"WebPage\",\"@id\":\"https:\/\/xn--matfrnsverige-tfb.se\/swedish-bean-healthy-snacks\/\",\"url\":\"https:\/\/xn--matfrnsverige-tfb.se\/swedish-bean-healthy-snacks\/\",\"name\":\"B\u00f6nor - Mat Fr\u00e5n Sverige\",\"isPartOf\":{\"@id\":\"https:\/\/xn--matfrnsverige-tfb.se\/#website\"},\"primaryImageOfPage\":{\"@id\":\"https:\/\/xn--matfrnsverige-tfb.se\/swedish-bean-healthy-snacks\/#primaryimage\"},\"image\":{\"@id\":\"https:\/\/xn--matfrnsverige-tfb.se\/swedish-bean-healthy-snacks\/#primaryimage\"},\"thumbnailUrl\":\"https:\/\/xn--matfrnsverige-tfb.se\/wp-content\/uploads\/2025\/06\/FC5BAF93-F82F-45FF-AF15-8270C3AFF53E-300x300.jpeg\",\"datePublished\":\"2025-06-24T13:26:19+00:00\",\"dateModified\":\"2025-09-25T19:42:19+00:00\",\"description\":\"Swedish Bean Healthy Snacks. Perfect On The Way To The Gym Or On The Picnic With Your Loved One.\",\"breadcrumb\":{\"@id\":\"https:\/\/xn--matfrnsverige-tfb.se\/swedish-bean-healthy-snacks\/#breadcrumb\"},\"inLanguage\":\"en-US\",\"potentialAction\":[{\"@type\":\"ReadAction\",\"target\":[\"https:\/\/xn--matfrnsverige-tfb.se\/swedish-bean-healthy-snacks\/\"]}]},{\"@type\":\"ImageObject\",\"inLanguage\":\"en-US\",\"@id\":\"https:\/\/xn--matfrnsverige-tfb.se\/swedish-bean-healthy-snacks\/#primaryimage\",\"url\":\"https:\/\/xn--matfrnsverige-tfb.se\/wp-content\/uploads\/2025\/06\/FC5BAF93-F82F-45FF-AF15-8270C3AFF53E-300x300.jpeg\",\"contentUrl\":\"https:\/\/xn--matfrnsverige-tfb.se\/wp-content\/uploads\/2025\/06\/FC5BAF93-F82F-45FF-AF15-8270C3AFF53E-300x300.jpeg\"},{\"@type\":\"BreadcrumbList\",\"@id\":\"https:\/\/xn--matfrnsverige-tfb.se\/swedish-bean-healthy-snacks\/#breadcrumb\",\"itemListElement\":[{\"@type\":\"ListItem\",\"position\":1,\"name\":\"Home\",\"item\":\"https:\/\/xn--matfrnsverige-tfb.se\/\"},{\"@type\":\"ListItem\",\"position\":2,\"name\":\"B\u00f6nor\"}]},{\"@type\":\"WebSite\",\"@id\":\"https:\/\/xn--matfrnsverige-tfb.se\/#website\",\"url\":\"https:\/\/xn--matfrnsverige-tfb.se\/\",\"name\":\"Mat Fr\u00e5n Sverige\",\"description\":\"Buy Swedish Candy Online\",\"publisher\":{\"@id\":\"https:\/\/xn--matfrnsverige-tfb.se\/#organization\"},\"potentialAction\":[{\"@type\":\"SearchAction\",\"target\":{\"@type\":\"EntryPoint\",\"urlTemplate\":\"https:\/\/xn--matfrnsverige-tfb.se\/?s={search_term_string}\"},\"query-input\":{\"@type\":\"PropertyValueSpecification\",\"valueRequired\":true,\"valueName\":\"search_term_string\"}}],\"inLanguage\":\"en-US\"},{\"@type\":\"Organization\",\"@id\":\"https:\/\/xn--matfrnsverige-tfb.se\/#organization\",\"name\":\"Mat Fr\u00e5n Sverige\",\"url\":\"https:\/\/xn--matfrnsverige-tfb.se\/\",\"logo\":{\"@type\":\"ImageObject\",\"inLanguage\":\"en-US\",\"@id\":\"https:\/\/xn--matfrnsverige-tfb.se\/#\/schema\/logo\/image\/\",\"url\":\"https:\/\/xn--matfrnsverige-tfb.se\/wp-content\/uploads\/2025\/05\/Metallskarning.se_-1.png\",\"contentUrl\":\"https:\/\/xn--matfrnsverige-tfb.se\/wp-content\/uploads\/2025\/05\/Metallskarning.se_-1.png\",\"width\":500,\"height\":500,\"caption\":\"Mat Fr\u00e5n Sverige\"},\"image\":{\"@id\":\"https:\/\/xn--matfrnsverige-tfb.se\/#\/schema\/logo\/image\/\"}}]}<\/script>\n<!-- \/ Yoast SEO plugin. -->","yoast_head_json":{"title":"B\u00f6nor - Mat Fr\u00e5n Sverige","description":"Swedish Bean Healthy Snacks. Perfect On The Way To The Gym Or On The Picnic With Your Loved One.","robots":{"index":"index","follow":"follow","max-snippet":"max-snippet:-1","max-image-preview":"max-image-preview:large","max-video-preview":"max-video-preview:-1"},"canonical":"https:\/\/xn--matfrnsverige-tfb.se\/en\/swedish-bean-healthy-snacks\/","og_locale":"en_US","og_type":"article","og_title":"B\u00f6nor - Mat Fr\u00e5n Sverige","og_description":"Swedish Bean Healthy Snacks. Perfect On The Way To The Gym Or On The Picnic With Your Loved One.","og_url":"https:\/\/xn--matfrnsverige-tfb.se\/en\/swedish-bean-healthy-snacks\/","og_site_name":"Mat Fr\u00e5n Sverige","article_modified_time":"2025-09-25T19:42:19+00:00","og_image":[{"url":"https:\/\/xn--matfrnsverige-tfb.se\/wp-content\/uploads\/2025\/06\/FC5BAF93-F82F-45FF-AF15-8270C3AFF53E-300x300.jpeg","type":"","width":"","height":""}],"twitter_card":"summary_large_image","twitter_misc":{"Est. reading time":"1 minute"},"schema":{"@context":"https:\/\/schema.org","@graph":[{"@type":"WebPage","@id":"https:\/\/xn--matfrnsverige-tfb.se\/swedish-bean-healthy-snacks\/","url":"https:\/\/xn--matfrnsverige-tfb.se\/swedish-bean-healthy-snacks\/","name":"B\u00f6nor - Mat Fr\u00e5n Sverige","isPartOf":{"@id":"https:\/\/xn--matfrnsverige-tfb.se\/#website"},"primaryImageOfPage":{"@id":"https:\/\/xn--matfrnsverige-tfb.se\/swedish-bean-healthy-snacks\/#primaryimage"},"image":{"@id":"https:\/\/xn--matfrnsverige-tfb.se\/swedish-bean-healthy-snacks\/#primaryimage"},"thumbnailUrl":"https:\/\/xn--matfrnsverige-tfb.se\/wp-content\/uploads\/2025\/06\/FC5BAF93-F82F-45FF-AF15-8270C3AFF53E-300x300.jpeg","datePublished":"2025-06-24T13:26:19+00:00","dateModified":"2025-09-25T19:42:19+00:00","description":"Swedish Bean Healthy Snacks. Perfect On The Way To The Gym Or On The Picnic With Your Loved One.","breadcrumb":{"@id":"https:\/\/xn--matfrnsverige-tfb.se\/swedish-bean-healthy-snacks\/#breadcrumb"},"inLanguage":"en-US","potentialAction":[{"@type":"ReadAction","target":["https:\/\/xn--matfrnsverige-tfb.se\/swedish-bean-healthy-snacks\/"]}]},{"@type":"ImageObject","inLanguage":"en-US","@id":"https:\/\/xn--matfrnsverige-tfb.se\/swedish-bean-healthy-snacks\/#primaryimage","url":"https:\/\/xn--matfrnsverige-tfb.se\/wp-content\/uploads\/2025\/06\/FC5BAF93-F82F-45FF-AF15-8270C3AFF53E-300x300.jpeg","contentUrl":"https:\/\/xn--matfrnsverige-tfb.se\/wp-content\/uploads\/2025\/06\/FC5BAF93-F82F-45FF-AF15-8270C3AFF53E-300x300.jpeg"},{"@type":"BreadcrumbList","@id":"https:\/\/xn--matfrnsverige-tfb.se\/swedish-bean-healthy-snacks\/#breadcrumb","itemListElement":[{"@type":"ListItem","position":1,"name":"Home","item":"https:\/\/xn--matfrnsverige-tfb.se\/"},{"@type":"ListItem","position":2,"name":"B\u00f6nor"}]},{"@type":"WebSite","@id":"https:\/\/xn--matfrnsverige-tfb.se\/#website","url":"https:\/\/xn--matfrnsverige-tfb.se\/","name":"Mat Fr\u00e5n Sverige","description":"Buy Swedish Candy Online","publisher":{"@id":"https:\/\/xn--matfrnsverige-tfb.se\/#organization"},"potentialAction":[{"@type":"SearchAction","target":{"@type":"EntryPoint","urlTemplate":"https:\/\/xn--matfrnsverige-tfb.se\/?s={search_term_string}"},"query-input":{"@type":"PropertyValueSpecification","valueRequired":true,"valueName":"search_term_string"}}],"inLanguage":"en-US"},{"@type":"Organization","@id":"https:\/\/xn--matfrnsverige-tfb.se\/#organization","name":"Mat Fr\u00e5n Sverige","url":"https:\/\/xn--matfrnsverige-tfb.se\/","logo":{"@type":"ImageObject","inLanguage":"en-US","@id":"https:\/\/xn--matfrnsverige-tfb.se\/#\/schema\/logo\/image\/","url":"https:\/\/xn--matfrnsverige-tfb.se\/wp-content\/uploads\/2025\/05\/Metallskarning.se_-1.png","contentUrl":"https:\/\/xn--matfrnsverige-tfb.se\/wp-content\/uploads\/2025\/05\/Metallskarning.se_-1.png","width":500,"height":500,"caption":"Mat Fr\u00e5n Sverige"},"image":{"@id":"https:\/\/xn--matfrnsverige-tfb.se\/#\/schema\/logo\/image\/"}}]}},"jetpack_sharing_enabled":true,"_links":{"self":[{"href":"https:\/\/xn--matfrnsverige-tfb.se\/en\/wp-json\/wp\/v2\/pages\/4873","targetHints":{"allow":["GET"]}}],"collection":[{"href":"https:\/\/xn--matfrnsverige-tfb.se\/en\/wp-json\/wp\/v2\/pages"}],"about":[{"href":"https:\/\/xn--matfrnsverige-tfb.se\/en\/wp-json\/wp\/v2\/types\/page"}],"author":[{"embeddable":true,"href":"https:\/\/xn--matfrnsverige-tfb.se\/en\/wp-json\/wp\/v2\/users\/1"}],"replies":[{"embeddable":true,"href":"https:\/\/xn--matfrnsverige-tfb.se\/en\/wp-json\/wp\/v2\/comments?post=4873"}],"version-history":[{"count":19,"href":"https:\/\/xn--matfrnsverige-tfb.se\/en\/wp-json\/wp\/v2\/pages\/4873\/revisions"}],"predecessor-version":[{"id":6500,"href":"https:\/\/xn--matfrnsverige-tfb.se\/en\/wp-json\/wp\/v2\/pages\/4873\/revisions\/6500"}],"wp:attachment":[{"href":"https:\/\/xn--matfrnsverige-tfb.se\/en\/wp-json\/wp\/v2\/media?parent=4873"}],"curies":[{"name":"wp","href":"https:\/\/api.w.org\/{rel}","templated":true}]}}