{"id":6015,"date":"2025-08-30T17:16:04","date_gmt":"2025-08-30T15:16:04","guid":{"rendered":"https:\/\/xn--matfrnsverige-tfb.se\/?page_id=6015"},"modified":"2025-08-30T17:23:03","modified_gmt":"2025-08-30T15:23:03","slug":"serveringsforslag-och-recept","status":"publish","type":"page","link":"https:\/\/xn--matfrnsverige-tfb.se\/en\/serveringsforslag-och-recept\/","title":{"rendered":"Serving suggestions and recipes"},"content":{"rendered":"<div data-elementor-type=\"wp-page\" data-elementor-id=\"6015\" class=\"elementor elementor-6015\">\n\t\t\t\t<div class=\"elementor-element elementor-element-9a63f66 e-flex e-con-boxed e-con e-parent\" data-id=\"9a63f66\" data-element_type=\"container\">\n\t\t\t\t\t<div class=\"e-con-inner\">\n\t\t\t\t<div class=\"elementor-element elementor-element-a261fb8 elementor-widget elementor-widget-heading\" data-id=\"a261fb8\" data-element_type=\"widget\" data-widget_type=\"heading.default\">\n\t\t\t\t<div class=\"elementor-widget-container\">\n\t\t\t\t\t<h2 class=\"elementor-heading-title elementor-size-default\">Om det \u00e4r f\u00f6rsta g\u00e5ngen du testar n\u00e5gon svensk produkt kan det vara sv\u00e5rt att veta hur man ska \u00e4ta den, eller s\u00e5 vill man \u00e4ta den enligt tradionellt vis. H\u00e4r finns samlingar av serveringsf\u00f6rslag och recept f\u00f6r att underl\u00e4tta.<\/h2>\t\t\t\t<\/div>\n\t\t\t\t<\/div>\n\t\t\t\t\t<\/div>\n\t\t\t\t<\/div>\n\t\t<div class=\"elementor-element elementor-element-ad2a058 e-flex e-con-boxed e-con e-parent\" data-id=\"ad2a058\" data-element_type=\"container\">\n\t\t\t\t\t<div class=\"e-con-inner\">\n\t\t\t\t<div class=\"elementor-element elementor-element-63ddf7e elementor-widget elementor-widget-wpmproducts\" data-id=\"63ddf7e\" data-element_type=\"widget\" data-widget_type=\"wpmproducts.default\">\n\t\t\t\t<div class=\"elementor-widget-container\">\n\t\t\t\t\t\t\t<div> <div class=\"woocommerce columns-4\"><div class=\"woocommerce-notices-wrapper\"><\/div><p class=\"woocommerce-result-count\" >\n\tShowing the single result<\/p>\n<form class=\"woocommerce-ordering\" method=\"get\" action=\"\">\n\t\t<select\n\t\tname=\"orderby\"\n\t\tclass=\"orderby\"\n\t\t\t\t\taria-label=\"Shop order\" data-no-translation-aria-label=\"\"\n\t\t\t>\n\t\t\t\t\t<option value=\"menu_order\"  selected='selected' data-no-translation=\"\" data-trp-gettext=\"\">Default sorting<\/option>\n\t\t\t\t\t<option value=\"popularity\" data-no-translation=\"\" data-trp-gettext=\"\" >Sort by popularity<\/option>\n\t\t\t\t\t<option value=\"date\" data-no-translation=\"\" data-trp-gettext=\"\" >Sort by latest<\/option>\n\t\t\t\t\t<option value=\"price\" data-no-translation=\"\" data-trp-gettext=\"\" >Sort by price: low to high<\/option>\n\t\t\t\t\t<option value=\"price-desc\" data-no-translation=\"\" data-trp-gettext=\"\" >Sort by price: high to low<\/option>\n\t\t\t<\/select>\n\t<input type=\"hidden\" name=\"paged\" value=\"1\" \/>\n\t<input type=\"hidden\" name=\"trp-form-language\" value=\"en\"\/><\/form>\n<ul class=\"products columns-4\">\n<li class=\"desktop-align-center tablet-align-left mobile-align-left product type-product post-6007 status-publish first instock product_cat-knackebrod product_cat-recept taxable shipping-taxable purchasable product-type-simple\">\n\t<a href=\"https:\/\/xn--matfrnsverige-tfb.se\/en\/product\/serveringsforslag-knackebrod\/\" class=\"woocommerce-LoopProduct-link woocommerce-loop-product__link\"><img fetchpriority=\"high\" decoding=\"async\" width=\"300\" height=\"300\" src=\"https:\/\/xn--matfrnsverige-tfb.se\/wp-content\/uploads\/woocommerce-placeholder-300x300.png\" class=\"woocommerce-placeholder wp-post-image\" alt=\"Placeholder\" srcset=\"https:\/\/xn--matfrnsverige-tfb.se\/wp-content\/uploads\/woocommerce-placeholder-300x300.png 300w, https:\/\/xn--matfrnsverige-tfb.se\/wp-content\/uploads\/woocommerce-placeholder-100x100.png 100w, https:\/\/xn--matfrnsverige-tfb.se\/wp-content\/uploads\/woocommerce-placeholder-600x600.png 600w, https:\/\/xn--matfrnsverige-tfb.se\/wp-content\/uploads\/woocommerce-placeholder-1024x1024.png 1024w, https:\/\/xn--matfrnsverige-tfb.se\/wp-content\/uploads\/woocommerce-placeholder-150x150.png 150w, https:\/\/xn--matfrnsverige-tfb.se\/wp-content\/uploads\/woocommerce-placeholder-768x768.png 768w, https:\/\/xn--matfrnsverige-tfb.se\/wp-content\/uploads\/woocommerce-placeholder.png 1200w\" sizes=\"(max-width: 300px) 100vw, 300px\" data-no-translation-alt=\"\" \/><h2 class=\"woocommerce-loop-product__title\">Serveringsf\u00f6rslag Kn\u00e4ckebr\u00f6d<\/h2>\n\t<span class=\"price\"><span class=\"woocommerce-Price-amount amount\"><bdi>0,00&nbsp;<span class=\"woocommerce-Price-currencySymbol\">&#107;&#114;<\/span><\/bdi><\/span><\/span>\n<\/a><a href=\"?add-to-cart=6007\" aria-describedby=\"woocommerce_loop_add_to_cart_link_describedby_6007\" data-quantity=\"1\" class=\"button product_type_simple add_to_cart_button ajax_add_to_cart\" data-product_id=\"6007\" data-product_sku=\"\" aria-label=\"Add to cart: \u201cServeringsf\u00f6rslag Kn\u00e4ckebr\u00f6d\u201d\" rel=\"nofollow\" data-success_message=\"\u201cServeringsf\u00f6rslag Kn\u00e4ckebr\u00f6d\u201d has been added to your cart\" data-no-translation=\"\" data-trp-gettext=\"\" data-no-translation-aria-label=\"\" data-no-translation-data-success_message=\"\">Add to cart<\/a>\t<span id=\"woocommerce_loop_add_to_cart_link_describedby_6007\" class=\"screen-reader-text\">\n\t\t\t<\/span>\n<\/li>\n<\/ul>\n<\/div><\/div>\r\n\r\n\t\t\r\n\t\t\t\t\t\t<\/div>\n\t\t\t\t<\/div>\n\t\t\t\t\t<\/div>\n\t\t\t\t<\/div>\n\t\t\t\t<\/div>","protected":false},"excerpt":{"rendered":"<p>Om det \u00e4r f\u00f6rsta g\u00e5ngen du testar n\u00e5gon svensk produkt kan det vara sv\u00e5rt att veta hur man ska \u00e4ta den, eller s\u00e5 vill man \u00e4ta den enligt tradionellt vis. H\u00e4r finns samlingar av serveringsf\u00f6rslag och recept f\u00f6r att underl\u00e4tta. Endast ett s\u00f6kresultat StandardsorteringSortera efter popularitetSortera efter senastSortera efter pris: l\u00e5gt till h\u00f6gtSortera efter pris: [&hellip;]<\/p>","protected":false},"author":1,"featured_media":0,"parent":0,"menu_order":0,"comment_status":"closed","ping_status":"closed","template":"","meta":{"site-sidebar-layout":"no-sidebar","site-content-layout":"page-builder","ast-site-content-layout":"full-width-container","site-content-style":"default","site-sidebar-style":"default","ast-global-header-display":"","ast-banner-title-visibility":"","ast-main-header-display":"","ast-hfb-above-header-display":"","ast-hfb-below-header-display":"","ast-hfb-mobile-header-display":"","site-post-title":"disabled","ast-breadcrumbs-content":"","ast-featured-img":"disabled","footer-sml-layout":"","theme-transparent-header-meta":"","adv-header-id-meta":"","stick-header-meta":"","header-above-stick-meta":"","header-main-stick-meta":"","header-below-stick-meta":"","astra-migrate-meta-layouts":"set","ast-page-background-enabled":"default","ast-page-background-meta":{"desktop":{"background-color":"","background-image":"","background-repeat":"repeat","background-position":"center center","background-size":"auto","background-attachment":"scroll","background-type":"","background-media":"","overlay-type":"","overlay-color":"","overlay-opacity":"","overlay-gradient":""},"tablet":{"background-color":"","background-image":"","background-repeat":"repeat","background-position":"center center","background-size":"auto","background-attachment":"scroll","background-type":"","background-media":"","overlay-type":"","overlay-color":"","overlay-opacity":"","overlay-gradient":""},"mobile":{"background-color":"","background-image":"","background-repeat":"repeat","background-position":"center center","background-size":"auto","background-attachment":"scroll","background-type":"","background-media":"","overlay-type":"","overlay-color":"","overlay-opacity":"","overlay-gradient":""}},"ast-content-background-meta":{"desktop":{"background-color":"var(--ast-global-color-5)","background-image":"","background-repeat":"repeat","background-position":"center center","background-size":"auto","background-attachment":"scroll","background-type":"","background-media":"","overlay-type":"","overlay-color":"","overlay-opacity":"","overlay-gradient":""},"tablet":{"background-color":"var(--ast-global-color-5)","background-image":"","background-repeat":"repeat","background-position":"center center","background-size":"auto","background-attachment":"scroll","background-type":"","background-media":"","overlay-type":"","overlay-color":"","overlay-opacity":"","overlay-gradient":""},"mobile":{"background-color":"var(--ast-global-color-5)","background-image":"","background-repeat":"repeat","background-position":"center center","background-size":"auto","background-attachment":"scroll","background-type":"","background-media":"","overlay-type":"","overlay-color":"","overlay-opacity":"","overlay-gradient":""}},"footnotes":""},"class_list":["post-6015","page","type-page","status-publish","hentry"],"yoast_head":"<!-- This site is optimized with the Yoast SEO plugin v26.0 - https:\/\/yoast.com\/wordpress\/plugins\/seo\/ -->\n<title>Serveringsf\u00f6rslag och recept - Mat Fr\u00e5n Sverige<\/title>\n<meta name=\"robots\" content=\"index, follow, max-snippet:-1, max-image-preview:large, max-video-preview:-1\" \/>\n<link rel=\"canonical\" href=\"https:\/\/xn--matfrnsverige-tfb.se\/en\/serveringsforslag-och-recept\/\" \/>\n<meta property=\"og:locale\" content=\"en_US\" \/>\n<meta property=\"og:type\" content=\"article\" \/>\n<meta property=\"og:title\" content=\"Serveringsf\u00f6rslag och recept - Mat Fr\u00e5n Sverige\" \/>\n<meta property=\"og:description\" content=\"Om det \u00e4r f\u00f6rsta g\u00e5ngen du testar n\u00e5gon svensk produkt kan det vara sv\u00e5rt att veta hur man ska \u00e4ta den, eller s\u00e5 vill man \u00e4ta den enligt tradionellt vis. H\u00e4r finns samlingar av serveringsf\u00f6rslag och recept f\u00f6r att underl\u00e4tta. Endast ett s\u00f6kresultat StandardsorteringSortera efter popularitetSortera efter senastSortera efter pris: l\u00e5gt till h\u00f6gtSortera efter pris: [&hellip;]\" \/>\n<meta property=\"og:url\" content=\"https:\/\/xn--matfrnsverige-tfb.se\/en\/serveringsforslag-och-recept\/\" \/>\n<meta property=\"og:site_name\" content=\"Mat Fr\u00e5n Sverige\" \/>\n<meta property=\"article:modified_time\" content=\"2025-08-30T15:23:03+00:00\" \/>\n<meta property=\"og:image\" content=\"https:\/\/xn--matfrnsverige-tfb.se\/wp-content\/uploads\/woocommerce-placeholder-300x300.png\" \/>\n<meta name=\"twitter:card\" content=\"summary_large_image\" \/>\n<script type=\"application\/ld+json\" class=\"yoast-schema-graph\">{\"@context\":\"https:\/\/schema.org\",\"@graph\":[{\"@type\":\"WebPage\",\"@id\":\"https:\/\/xn--matfrnsverige-tfb.se\/serveringsforslag-och-recept\/\",\"url\":\"https:\/\/xn--matfrnsverige-tfb.se\/serveringsforslag-och-recept\/\",\"name\":\"Serveringsf\u00f6rslag och recept - Mat Fr\u00e5n Sverige\",\"isPartOf\":{\"@id\":\"https:\/\/xn--matfrnsverige-tfb.se\/#website\"},\"primaryImageOfPage\":{\"@id\":\"https:\/\/xn--matfrnsverige-tfb.se\/serveringsforslag-och-recept\/#primaryimage\"},\"image\":{\"@id\":\"https:\/\/xn--matfrnsverige-tfb.se\/serveringsforslag-och-recept\/#primaryimage\"},\"thumbnailUrl\":\"https:\/\/xn--matfrnsverige-tfb.se\/wp-content\/uploads\/woocommerce-placeholder-300x300.png\",\"datePublished\":\"2025-08-30T15:16:04+00:00\",\"dateModified\":\"2025-08-30T15:23:03+00:00\",\"breadcrumb\":{\"@id\":\"https:\/\/xn--matfrnsverige-tfb.se\/serveringsforslag-och-recept\/#breadcrumb\"},\"inLanguage\":\"en-US\",\"potentialAction\":[{\"@type\":\"ReadAction\",\"target\":[\"https:\/\/xn--matfrnsverige-tfb.se\/serveringsforslag-och-recept\/\"]}]},{\"@type\":\"ImageObject\",\"inLanguage\":\"en-US\",\"@id\":\"https:\/\/xn--matfrnsverige-tfb.se\/serveringsforslag-och-recept\/#primaryimage\",\"url\":\"https:\/\/xn--matfrnsverige-tfb.se\/wp-content\/uploads\/woocommerce-placeholder-300x300.png\",\"contentUrl\":\"https:\/\/xn--matfrnsverige-tfb.se\/wp-content\/uploads\/woocommerce-placeholder-300x300.png\"},{\"@type\":\"BreadcrumbList\",\"@id\":\"https:\/\/xn--matfrnsverige-tfb.se\/serveringsforslag-och-recept\/#breadcrumb\",\"itemListElement\":[{\"@type\":\"ListItem\",\"position\":1,\"name\":\"Home\",\"item\":\"https:\/\/xn--matfrnsverige-tfb.se\/\"},{\"@type\":\"ListItem\",\"position\":2,\"name\":\"Serveringsf\u00f6rslag och recept\"}]},{\"@type\":\"WebSite\",\"@id\":\"https:\/\/xn--matfrnsverige-tfb.se\/#website\",\"url\":\"https:\/\/xn--matfrnsverige-tfb.se\/\",\"name\":\"Mat Fr\u00e5n Sverige\",\"description\":\"Buy Swedish Candy Online\",\"publisher\":{\"@id\":\"https:\/\/xn--matfrnsverige-tfb.se\/#organization\"},\"potentialAction\":[{\"@type\":\"SearchAction\",\"target\":{\"@type\":\"EntryPoint\",\"urlTemplate\":\"https:\/\/xn--matfrnsverige-tfb.se\/?s={search_term_string}\"},\"query-input\":{\"@type\":\"PropertyValueSpecification\",\"valueRequired\":true,\"valueName\":\"search_term_string\"}}],\"inLanguage\":\"en-US\"},{\"@type\":\"Organization\",\"@id\":\"https:\/\/xn--matfrnsverige-tfb.se\/#organization\",\"name\":\"Mat Fr\u00e5n Sverige\",\"url\":\"https:\/\/xn--matfrnsverige-tfb.se\/\",\"logo\":{\"@type\":\"ImageObject\",\"inLanguage\":\"en-US\",\"@id\":\"https:\/\/xn--matfrnsverige-tfb.se\/#\/schema\/logo\/image\/\",\"url\":\"https:\/\/xn--matfrnsverige-tfb.se\/wp-content\/uploads\/2025\/05\/Metallskarning.se_-1.png\",\"contentUrl\":\"https:\/\/xn--matfrnsverige-tfb.se\/wp-content\/uploads\/2025\/05\/Metallskarning.se_-1.png\",\"width\":500,\"height\":500,\"caption\":\"Mat Fr\u00e5n Sverige\"},\"image\":{\"@id\":\"https:\/\/xn--matfrnsverige-tfb.se\/#\/schema\/logo\/image\/\"}}]}<\/script>\n<!-- \/ Yoast SEO plugin. -->","yoast_head_json":{"title":"Serveringsf\u00f6rslag och recept - Mat Fr\u00e5n Sverige","robots":{"index":"index","follow":"follow","max-snippet":"max-snippet:-1","max-image-preview":"max-image-preview:large","max-video-preview":"max-video-preview:-1"},"canonical":"https:\/\/xn--matfrnsverige-tfb.se\/en\/serveringsforslag-och-recept\/","og_locale":"en_US","og_type":"article","og_title":"Serveringsf\u00f6rslag och recept - Mat Fr\u00e5n Sverige","og_description":"Om det \u00e4r f\u00f6rsta g\u00e5ngen du testar n\u00e5gon svensk produkt kan det vara sv\u00e5rt att veta hur man ska \u00e4ta den, eller s\u00e5 vill man \u00e4ta den enligt tradionellt vis. H\u00e4r finns samlingar av serveringsf\u00f6rslag och recept f\u00f6r att underl\u00e4tta. Endast ett s\u00f6kresultat StandardsorteringSortera efter popularitetSortera efter senastSortera efter pris: l\u00e5gt till h\u00f6gtSortera efter pris: [&hellip;]","og_url":"https:\/\/xn--matfrnsverige-tfb.se\/en\/serveringsforslag-och-recept\/","og_site_name":"Mat Fr\u00e5n Sverige","article_modified_time":"2025-08-30T15:23:03+00:00","og_image":[{"url":"https:\/\/xn--matfrnsverige-tfb.se\/wp-content\/uploads\/woocommerce-placeholder-300x300.png","type":"","width":"","height":""}],"twitter_card":"summary_large_image","schema":{"@context":"https:\/\/schema.org","@graph":[{"@type":"WebPage","@id":"https:\/\/xn--matfrnsverige-tfb.se\/serveringsforslag-och-recept\/","url":"https:\/\/xn--matfrnsverige-tfb.se\/serveringsforslag-och-recept\/","name":"Serveringsf\u00f6rslag och recept - Mat Fr\u00e5n Sverige","isPartOf":{"@id":"https:\/\/xn--matfrnsverige-tfb.se\/#website"},"primaryImageOfPage":{"@id":"https:\/\/xn--matfrnsverige-tfb.se\/serveringsforslag-och-recept\/#primaryimage"},"image":{"@id":"https:\/\/xn--matfrnsverige-tfb.se\/serveringsforslag-och-recept\/#primaryimage"},"thumbnailUrl":"https:\/\/xn--matfrnsverige-tfb.se\/wp-content\/uploads\/woocommerce-placeholder-300x300.png","datePublished":"2025-08-30T15:16:04+00:00","dateModified":"2025-08-30T15:23:03+00:00","breadcrumb":{"@id":"https:\/\/xn--matfrnsverige-tfb.se\/serveringsforslag-och-recept\/#breadcrumb"},"inLanguage":"en-US","potentialAction":[{"@type":"ReadAction","target":["https:\/\/xn--matfrnsverige-tfb.se\/serveringsforslag-och-recept\/"]}]},{"@type":"ImageObject","inLanguage":"en-US","@id":"https:\/\/xn--matfrnsverige-tfb.se\/serveringsforslag-och-recept\/#primaryimage","url":"https:\/\/xn--matfrnsverige-tfb.se\/wp-content\/uploads\/woocommerce-placeholder-300x300.png","contentUrl":"https:\/\/xn--matfrnsverige-tfb.se\/wp-content\/uploads\/woocommerce-placeholder-300x300.png"},{"@type":"BreadcrumbList","@id":"https:\/\/xn--matfrnsverige-tfb.se\/serveringsforslag-och-recept\/#breadcrumb","itemListElement":[{"@type":"ListItem","position":1,"name":"Home","item":"https:\/\/xn--matfrnsverige-tfb.se\/"},{"@type":"ListItem","position":2,"name":"Serveringsf\u00f6rslag och recept"}]},{"@type":"WebSite","@id":"https:\/\/xn--matfrnsverige-tfb.se\/#website","url":"https:\/\/xn--matfrnsverige-tfb.se\/","name":"Mat Fr\u00e5n Sverige","description":"Buy Swedish Candy Online","publisher":{"@id":"https:\/\/xn--matfrnsverige-tfb.se\/#organization"},"potentialAction":[{"@type":"SearchAction","target":{"@type":"EntryPoint","urlTemplate":"https:\/\/xn--matfrnsverige-tfb.se\/?s={search_term_string}"},"query-input":{"@type":"PropertyValueSpecification","valueRequired":true,"valueName":"search_term_string"}}],"inLanguage":"en-US"},{"@type":"Organization","@id":"https:\/\/xn--matfrnsverige-tfb.se\/#organization","name":"Mat Fr\u00e5n Sverige","url":"https:\/\/xn--matfrnsverige-tfb.se\/","logo":{"@type":"ImageObject","inLanguage":"en-US","@id":"https:\/\/xn--matfrnsverige-tfb.se\/#\/schema\/logo\/image\/","url":"https:\/\/xn--matfrnsverige-tfb.se\/wp-content\/uploads\/2025\/05\/Metallskarning.se_-1.png","contentUrl":"https:\/\/xn--matfrnsverige-tfb.se\/wp-content\/uploads\/2025\/05\/Metallskarning.se_-1.png","width":500,"height":500,"caption":"Mat Fr\u00e5n Sverige"},"image":{"@id":"https:\/\/xn--matfrnsverige-tfb.se\/#\/schema\/logo\/image\/"}}]}},"jetpack_sharing_enabled":true,"_links":{"self":[{"href":"https:\/\/xn--matfrnsverige-tfb.se\/en\/wp-json\/wp\/v2\/pages\/6015","targetHints":{"allow":["GET"]}}],"collection":[{"href":"https:\/\/xn--matfrnsverige-tfb.se\/en\/wp-json\/wp\/v2\/pages"}],"about":[{"href":"https:\/\/xn--matfrnsverige-tfb.se\/en\/wp-json\/wp\/v2\/types\/page"}],"author":[{"embeddable":true,"href":"https:\/\/xn--matfrnsverige-tfb.se\/en\/wp-json\/wp\/v2\/users\/1"}],"replies":[{"embeddable":true,"href":"https:\/\/xn--matfrnsverige-tfb.se\/en\/wp-json\/wp\/v2\/comments?post=6015"}],"version-history":[{"count":4,"href":"https:\/\/xn--matfrnsverige-tfb.se\/en\/wp-json\/wp\/v2\/pages\/6015\/revisions"}],"predecessor-version":[{"id":6020,"href":"https:\/\/xn--matfrnsverige-tfb.se\/en\/wp-json\/wp\/v2\/pages\/6015\/revisions\/6020"}],"wp:attachment":[{"href":"https:\/\/xn--matfrnsverige-tfb.se\/en\/wp-json\/wp\/v2\/media?parent=6015"}],"curies":[{"name":"wp","href":"https:\/\/api.w.org\/{rel}","templated":true}]}}