{"id":4708,"date":"2025-06-22T19:03:47","date_gmt":"2025-06-22T17:03:47","guid":{"rendered":"https:\/\/xn--matfrnsverige-tfb.se\/?post_type=product&#038;p=4708"},"modified":"2025-08-30T12:33:19","modified_gmt":"2025-08-30T10:33:19","slug":"festis-raspberry-watermelon-sockerfri","status":"publish","type":"product","link":"https:\/\/xn--matfrnsverige-tfb.se\/en\/product\/festis-raspberry-watermelon-sockerfri\/","title":{"rendered":"Festis Raspberry &#038; Watermelon Sockerfri"},"content":{"rendered":"<p><strong>Size<\/strong><br \/>\n50 centiliter<\/p>\n<p><strong>Ingredienser<\/strong><br \/>\nVatten, \u00e4ppeljuice (3,5%) fr\u00e5n koncentrat, naturlig arom, vattenmelonjuice (0,25%) fr\u00e5n koncentrat, hallonjuice (0,25%) fr\u00e5n koncentrat, surhetsreglerande medel (citronsyra), f\u00e4rg\u00e4mne (antocyaner), konserveringsmedel (kaliumsorbat), s\u00f6tningsmedel (aspartam, acesulfam K).<br \/>\nInneh\u00e5ller en fenylalanink\u00e4lla.<\/p>\n<p><strong>Pant<\/strong><br \/>\n1 kr<\/p>\n<p><strong>Ursprung<\/strong><br \/>\nSverige<\/p>\n<p><strong>Leverant\u00f6r<\/strong><br \/>\nCarlsberg Sverige AB<\/p>","protected":false},"excerpt":{"rendered":"<p><strong>50 cl, Festis<\/strong><\/p>\n<p>Festis \u00e4r en popul\u00e4r svensk fruktdryck med smak av Lemonade. Den har ingen kolsyra och upplevs som en riktigt fr\u00e4sch t\u00f6rstsl\u00e4ckare! Festis var Sveriges f\u00f6rsta stilldrink och finns i m\u00e5nga sp\u00e4nnande smaker och har blivit en klassiker med hela svenska folket sedan lanseringen 1961 d\u00e5 den lanserades i den klassiskt pyramidformade tetraedern. Festis Raspberry Watermelon ska njutas v\u00e4l kyld n\u00e4r helst du vill ha n\u00e5got t\u00f6rstsl\u00e4ckande. Festis Raspberry Watermelon har en fr\u00e4sch smak av hallon och vattenmelon. Festis Raspberry Watermelon \u00e4r perfekt p\u00e5 resan, att packa med i picknickkorgen, p\u00e5 kalaset eller n\u00e4r du \u00e4r p\u00e5 spr\u00e5ng<\/p>","protected":false},"featured_media":4764,"template":"","meta":{"site-sidebar-layout":"default","site-content-layout":"","ast-site-content-layout":"default","site-content-style":"default","site-sidebar-style":"default","ast-global-header-display":"","ast-banner-title-visibility":"","ast-main-header-display":"","ast-hfb-above-header-display":"","ast-hfb-below-header-display":"","ast-hfb-mobile-header-display":"","site-post-title":"","ast-breadcrumbs-content":"","ast-featured-img":"","footer-sml-layout":"","theme-transparent-header-meta":"default","adv-header-id-meta":"","stick-header-meta":"","header-above-stick-meta":"","header-main-stick-meta":"","header-below-stick-meta":"","astra-migrate-meta-layouts":"set","ast-page-background-enabled":"default","ast-page-background-meta":{"desktop":{"background-color":"","background-image":"","background-repeat":"repeat","background-position":"center center","background-size":"auto","background-attachment":"scroll","background-type":"","background-media":"","overlay-type":"","overlay-color":"","overlay-opacity":"","overlay-gradient":""},"tablet":{"background-color":"","background-image":"","background-repeat":"repeat","background-position":"center center","background-size":"auto","background-attachment":"scroll","background-type":"","background-media":"","overlay-type":"","overlay-color":"","overlay-opacity":"","overlay-gradient":""},"mobile":{"background-color":"","background-image":"","background-repeat":"repeat","background-position":"center center","background-size":"auto","background-attachment":"scroll","background-type":"","background-media":"","overlay-type":"","overlay-color":"","overlay-opacity":"","overlay-gradient":""}},"ast-content-background-meta":{"desktop":{"background-color":"var(--ast-global-color-5)","background-image":"","background-repeat":"repeat","background-position":"center center","background-size":"auto","background-attachment":"scroll","background-type":"","background-media":"","overlay-type":"","overlay-color":"","overlay-opacity":"","overlay-gradient":""},"tablet":{"background-color":"var(--ast-global-color-5)","background-image":"","background-repeat":"repeat","background-position":"center center","background-size":"auto","background-attachment":"scroll","background-type":"","background-media":"","overlay-type":"","overlay-color":"","overlay-opacity":"","overlay-gradient":""},"mobile":{"background-color":"var(--ast-global-color-5)","background-image":"","background-repeat":"repeat","background-position":"center center","background-size":"auto","background-attachment":"scroll","background-type":"","background-media":"","overlay-type":"","overlay-color":"","overlay-opacity":"","overlay-gradient":""}}},"product_brand":[],"product_cat":[82,61],"product_tag":[],"class_list":{"0":"post-4708","1":"product","2":"type-product","3":"status-publish","4":"has-post-thumbnail","6":"product_cat-alla-produkter","7":"product_cat-saft","8":"desktop-align-center","9":"tablet-align-left","10":"mobile-align-left","12":"first","13":"instock","14":"taxable","15":"shipping-taxable","16":"purchasable","17":"product-type-simple"},"yoast_head":"<!-- This site is optimized with the Yoast SEO plugin v26.0 - https:\/\/yoast.com\/wordpress\/plugins\/seo\/ -->\n<title>Festis Raspberry &amp; Watermelon Sockerfri - Mat Fr\u00e5n Sverige<\/title>\n<meta name=\"robots\" content=\"index, follow, max-snippet:-1, max-image-preview:large, max-video-preview:-1\" \/>\n<link rel=\"canonical\" href=\"https:\/\/xn--matfrnsverige-tfb.se\/en\/product\/festis-raspberry-watermelon-sockerfri\/\" \/>\n<meta property=\"og:locale\" content=\"en_US\" \/>\n<meta property=\"og:type\" content=\"article\" \/>\n<meta property=\"og:title\" content=\"Festis Raspberry &amp; Watermelon Sockerfri - Mat Fr\u00e5n Sverige\" \/>\n<meta property=\"og:description\" content=\"50 cl, Festis  Festis \u00e4r en popul\u00e4r svensk fruktdryck med smak av Lemonade. Den har ingen kolsyra och upplevs som en riktigt fr\u00e4sch t\u00f6rstsl\u00e4ckare! Festis var Sveriges f\u00f6rsta stilldrink och finns i m\u00e5nga sp\u00e4nnande smaker och har blivit en klassiker med hela svenska folket sedan lanseringen 1961 d\u00e5 den lanserades i den klassiskt pyramidformade tetraedern. Festis Raspberry Watermelon ska njutas v\u00e4l kyld n\u00e4r helst du vill ha n\u00e5got t\u00f6rstsl\u00e4ckande. Festis Raspberry Watermelon har en fr\u00e4sch smak av hallon och vattenmelon. Festis Raspberry Watermelon \u00e4r perfekt p\u00e5 resan, att packa med i picknickkorgen, p\u00e5 kalaset eller n\u00e4r du \u00e4r p\u00e5 spr\u00e5ng\" \/>\n<meta property=\"og:url\" content=\"https:\/\/xn--matfrnsverige-tfb.se\/en\/product\/festis-raspberry-watermelon-sockerfri\/\" \/>\n<meta property=\"og:site_name\" content=\"Mat Fr\u00e5n Sverige\" \/>\n<meta property=\"article:modified_time\" content=\"2025-08-30T10:33:19+00:00\" \/>\n<meta property=\"og:image\" content=\"https:\/\/xn--matfrnsverige-tfb.se\/wp-content\/uploads\/2025\/06\/53044112-82BC-4C6A-AC00-6B1201A9BF7F-1.jpeg\" \/>\n\t<meta property=\"og:image:width\" content=\"1009\" \/>\n\t<meta property=\"og:image:height\" content=\"1005\" \/>\n\t<meta property=\"og:image:type\" content=\"image\/jpeg\" \/>\n<meta name=\"twitter:card\" content=\"summary_large_image\" \/>\n<script type=\"application\/ld+json\" class=\"yoast-schema-graph\">{\"@context\":\"https:\/\/schema.org\",\"@graph\":[{\"@type\":\"WebPage\",\"@id\":\"https:\/\/xn--matfrnsverige-tfb.se\/produkt\/festis-raspberry-watermelon-sockerfri\/\",\"url\":\"https:\/\/xn--matfrnsverige-tfb.se\/produkt\/festis-raspberry-watermelon-sockerfri\/\",\"name\":\"Festis Raspberry & Watermelon Sockerfri - Mat Fr\u00e5n Sverige\",\"isPartOf\":{\"@id\":\"https:\/\/xn--matfrnsverige-tfb.se\/#website\"},\"primaryImageOfPage\":{\"@id\":\"https:\/\/xn--matfrnsverige-tfb.se\/produkt\/festis-raspberry-watermelon-sockerfri\/#primaryimage\"},\"image\":{\"@id\":\"https:\/\/xn--matfrnsverige-tfb.se\/produkt\/festis-raspberry-watermelon-sockerfri\/#primaryimage\"},\"thumbnailUrl\":\"https:\/\/xn--matfrnsverige-tfb.se\/wp-content\/uploads\/2025\/06\/53044112-82BC-4C6A-AC00-6B1201A9BF7F-1.jpeg\",\"datePublished\":\"2025-06-22T17:03:47+00:00\",\"dateModified\":\"2025-08-30T10:33:19+00:00\",\"breadcrumb\":{\"@id\":\"https:\/\/xn--matfrnsverige-tfb.se\/produkt\/festis-raspberry-watermelon-sockerfri\/#breadcrumb\"},\"inLanguage\":\"en-US\",\"potentialAction\":[{\"@type\":\"ReadAction\",\"target\":[\"https:\/\/xn--matfrnsverige-tfb.se\/produkt\/festis-raspberry-watermelon-sockerfri\/\"]}]},{\"@type\":\"ImageObject\",\"inLanguage\":\"en-US\",\"@id\":\"https:\/\/xn--matfrnsverige-tfb.se\/produkt\/festis-raspberry-watermelon-sockerfri\/#primaryimage\",\"url\":\"https:\/\/xn--matfrnsverige-tfb.se\/wp-content\/uploads\/2025\/06\/53044112-82BC-4C6A-AC00-6B1201A9BF7F-1.jpeg\",\"contentUrl\":\"https:\/\/xn--matfrnsverige-tfb.se\/wp-content\/uploads\/2025\/06\/53044112-82BC-4C6A-AC00-6B1201A9BF7F-1.jpeg\",\"width\":1009,\"height\":1005,\"caption\":\"Screenshot\"},{\"@type\":\"BreadcrumbList\",\"@id\":\"https:\/\/xn--matfrnsverige-tfb.se\/produkt\/festis-raspberry-watermelon-sockerfri\/#breadcrumb\",\"itemListElement\":[{\"@type\":\"ListItem\",\"position\":1,\"name\":\"Home\",\"item\":\"https:\/\/xn--matfrnsverige-tfb.se\/\"},{\"@type\":\"ListItem\",\"position\":2,\"name\":\"Store\",\"item\":\"https:\/\/xn--matfrnsverige-tfb.se\/store\/\"},{\"@type\":\"ListItem\",\"position\":3,\"name\":\"Festis Raspberry &#038; Watermelon Sockerfri\"}]},{\"@type\":\"WebSite\",\"@id\":\"https:\/\/xn--matfrnsverige-tfb.se\/#website\",\"url\":\"https:\/\/xn--matfrnsverige-tfb.se\/\",\"name\":\"Mat Fr\u00e5n Sverige\",\"description\":\"Buy Swedish Candy Online\",\"publisher\":{\"@id\":\"https:\/\/xn--matfrnsverige-tfb.se\/#organization\"},\"potentialAction\":[{\"@type\":\"SearchAction\",\"target\":{\"@type\":\"EntryPoint\",\"urlTemplate\":\"https:\/\/xn--matfrnsverige-tfb.se\/?s={search_term_string}\"},\"query-input\":{\"@type\":\"PropertyValueSpecification\",\"valueRequired\":true,\"valueName\":\"search_term_string\"}}],\"inLanguage\":\"en-US\"},{\"@type\":\"Organization\",\"@id\":\"https:\/\/xn--matfrnsverige-tfb.se\/#organization\",\"name\":\"Mat Fr\u00e5n Sverige\",\"url\":\"https:\/\/xn--matfrnsverige-tfb.se\/\",\"logo\":{\"@type\":\"ImageObject\",\"inLanguage\":\"en-US\",\"@id\":\"https:\/\/xn--matfrnsverige-tfb.se\/#\/schema\/logo\/image\/\",\"url\":\"https:\/\/xn--matfrnsverige-tfb.se\/wp-content\/uploads\/2025\/05\/Metallskarning.se_-1.png\",\"contentUrl\":\"https:\/\/xn--matfrnsverige-tfb.se\/wp-content\/uploads\/2025\/05\/Metallskarning.se_-1.png\",\"width\":500,\"height\":500,\"caption\":\"Mat Fr\u00e5n Sverige\"},\"image\":{\"@id\":\"https:\/\/xn--matfrnsverige-tfb.se\/#\/schema\/logo\/image\/\"}}]}<\/script>\n<!-- \/ Yoast SEO plugin. -->","yoast_head_json":{"title":"Festis Raspberry & Watermelon Sockerfri - Mat Fr\u00e5n Sverige","robots":{"index":"index","follow":"follow","max-snippet":"max-snippet:-1","max-image-preview":"max-image-preview:large","max-video-preview":"max-video-preview:-1"},"canonical":"https:\/\/xn--matfrnsverige-tfb.se\/en\/product\/festis-raspberry-watermelon-sockerfri\/","og_locale":"en_US","og_type":"article","og_title":"Festis Raspberry & Watermelon Sockerfri - Mat Fr\u00e5n Sverige","og_description":"50 cl, Festis  Festis \u00e4r en popul\u00e4r svensk fruktdryck med smak av Lemonade. Den har ingen kolsyra och upplevs som en riktigt fr\u00e4sch t\u00f6rstsl\u00e4ckare! Festis var Sveriges f\u00f6rsta stilldrink och finns i m\u00e5nga sp\u00e4nnande smaker och har blivit en klassiker med hela svenska folket sedan lanseringen 1961 d\u00e5 den lanserades i den klassiskt pyramidformade tetraedern. Festis Raspberry Watermelon ska njutas v\u00e4l kyld n\u00e4r helst du vill ha n\u00e5got t\u00f6rstsl\u00e4ckande. Festis Raspberry Watermelon har en fr\u00e4sch smak av hallon och vattenmelon. Festis Raspberry Watermelon \u00e4r perfekt p\u00e5 resan, att packa med i picknickkorgen, p\u00e5 kalaset eller n\u00e4r du \u00e4r p\u00e5 spr\u00e5ng","og_url":"https:\/\/xn--matfrnsverige-tfb.se\/en\/product\/festis-raspberry-watermelon-sockerfri\/","og_site_name":"Mat Fr\u00e5n Sverige","article_modified_time":"2025-08-30T10:33:19+00:00","og_image":[{"width":1009,"height":1005,"url":"https:\/\/xn--matfrnsverige-tfb.se\/wp-content\/uploads\/2025\/06\/53044112-82BC-4C6A-AC00-6B1201A9BF7F-1.jpeg","type":"image\/jpeg"}],"twitter_card":"summary_large_image","schema":{"@context":"https:\/\/schema.org","@graph":[{"@type":"WebPage","@id":"https:\/\/xn--matfrnsverige-tfb.se\/produkt\/festis-raspberry-watermelon-sockerfri\/","url":"https:\/\/xn--matfrnsverige-tfb.se\/produkt\/festis-raspberry-watermelon-sockerfri\/","name":"Festis Raspberry & Watermelon Sockerfri - Mat Fr\u00e5n Sverige","isPartOf":{"@id":"https:\/\/xn--matfrnsverige-tfb.se\/#website"},"primaryImageOfPage":{"@id":"https:\/\/xn--matfrnsverige-tfb.se\/produkt\/festis-raspberry-watermelon-sockerfri\/#primaryimage"},"image":{"@id":"https:\/\/xn--matfrnsverige-tfb.se\/produkt\/festis-raspberry-watermelon-sockerfri\/#primaryimage"},"thumbnailUrl":"https:\/\/xn--matfrnsverige-tfb.se\/wp-content\/uploads\/2025\/06\/53044112-82BC-4C6A-AC00-6B1201A9BF7F-1.jpeg","datePublished":"2025-06-22T17:03:47+00:00","dateModified":"2025-08-30T10:33:19+00:00","breadcrumb":{"@id":"https:\/\/xn--matfrnsverige-tfb.se\/produkt\/festis-raspberry-watermelon-sockerfri\/#breadcrumb"},"inLanguage":"en-US","potentialAction":[{"@type":"ReadAction","target":["https:\/\/xn--matfrnsverige-tfb.se\/produkt\/festis-raspberry-watermelon-sockerfri\/"]}]},{"@type":"ImageObject","inLanguage":"en-US","@id":"https:\/\/xn--matfrnsverige-tfb.se\/produkt\/festis-raspberry-watermelon-sockerfri\/#primaryimage","url":"https:\/\/xn--matfrnsverige-tfb.se\/wp-content\/uploads\/2025\/06\/53044112-82BC-4C6A-AC00-6B1201A9BF7F-1.jpeg","contentUrl":"https:\/\/xn--matfrnsverige-tfb.se\/wp-content\/uploads\/2025\/06\/53044112-82BC-4C6A-AC00-6B1201A9BF7F-1.jpeg","width":1009,"height":1005,"caption":"Screenshot"},{"@type":"BreadcrumbList","@id":"https:\/\/xn--matfrnsverige-tfb.se\/produkt\/festis-raspberry-watermelon-sockerfri\/#breadcrumb","itemListElement":[{"@type":"ListItem","position":1,"name":"Home","item":"https:\/\/xn--matfrnsverige-tfb.se\/"},{"@type":"ListItem","position":2,"name":"Store","item":"https:\/\/xn--matfrnsverige-tfb.se\/store\/"},{"@type":"ListItem","position":3,"name":"Festis Raspberry &#038; Watermelon Sockerfri"}]},{"@type":"WebSite","@id":"https:\/\/xn--matfrnsverige-tfb.se\/#website","url":"https:\/\/xn--matfrnsverige-tfb.se\/","name":"Mat Fr\u00e5n Sverige","description":"Buy Swedish Candy Online","publisher":{"@id":"https:\/\/xn--matfrnsverige-tfb.se\/#organization"},"potentialAction":[{"@type":"SearchAction","target":{"@type":"EntryPoint","urlTemplate":"https:\/\/xn--matfrnsverige-tfb.se\/?s={search_term_string}"},"query-input":{"@type":"PropertyValueSpecification","valueRequired":true,"valueName":"search_term_string"}}],"inLanguage":"en-US"},{"@type":"Organization","@id":"https:\/\/xn--matfrnsverige-tfb.se\/#organization","name":"Mat Fr\u00e5n Sverige","url":"https:\/\/xn--matfrnsverige-tfb.se\/","logo":{"@type":"ImageObject","inLanguage":"en-US","@id":"https:\/\/xn--matfrnsverige-tfb.se\/#\/schema\/logo\/image\/","url":"https:\/\/xn--matfrnsverige-tfb.se\/wp-content\/uploads\/2025\/05\/Metallskarning.se_-1.png","contentUrl":"https:\/\/xn--matfrnsverige-tfb.se\/wp-content\/uploads\/2025\/05\/Metallskarning.se_-1.png","width":500,"height":500,"caption":"Mat Fr\u00e5n Sverige"},"image":{"@id":"https:\/\/xn--matfrnsverige-tfb.se\/#\/schema\/logo\/image\/"}}]}},"jetpack_sharing_enabled":true,"_links":{"self":[{"href":"https:\/\/xn--matfrnsverige-tfb.se\/en\/wp-json\/wp\/v2\/product\/4708","targetHints":{"allow":["GET"]}}],"collection":[{"href":"https:\/\/xn--matfrnsverige-tfb.se\/en\/wp-json\/wp\/v2\/product"}],"about":[{"href":"https:\/\/xn--matfrnsverige-tfb.se\/en\/wp-json\/wp\/v2\/types\/product"}],"version-history":[{"count":3,"href":"https:\/\/xn--matfrnsverige-tfb.se\/en\/wp-json\/wp\/v2\/product\/4708\/revisions"}],"predecessor-version":[{"id":4796,"href":"https:\/\/xn--matfrnsverige-tfb.se\/en\/wp-json\/wp\/v2\/product\/4708\/revisions\/4796"}],"wp:featuredmedia":[{"embeddable":true,"href":"https:\/\/xn--matfrnsverige-tfb.se\/en\/wp-json\/wp\/v2\/media\/4764"}],"wp:attachment":[{"href":"https:\/\/xn--matfrnsverige-tfb.se\/en\/wp-json\/wp\/v2\/media?parent=4708"}],"wp:term":[{"taxonomy":"product_brand","embeddable":true,"href":"https:\/\/xn--matfrnsverige-tfb.se\/en\/wp-json\/wp\/v2\/product_brand?post=4708"},{"taxonomy":"product_cat","embeddable":true,"href":"https:\/\/xn--matfrnsverige-tfb.se\/en\/wp-json\/wp\/v2\/product_cat?post=4708"},{"taxonomy":"product_tag","embeddable":true,"href":"https:\/\/xn--matfrnsverige-tfb.se\/en\/wp-json\/wp\/v2\/product_tag?post=4708"}],"curies":[{"name":"wp","href":"https:\/\/api.w.org\/{rel}","templated":true}]}}