{"id":4731,"date":"2025-06-23T12:25:40","date_gmt":"2025-06-23T10:25:40","guid":{"rendered":"https:\/\/xn--matfrnsverige-tfb.se\/?post_type=product&#038;p=4731"},"modified":"2025-08-30T12:33:19","modified_gmt":"2025-08-30T10:33:19","slug":"festis-blabar-paron-sockerfri","status":"publish","type":"product","link":"https:\/\/xn--matfrnsverige-tfb.se\/en\/product\/festis-blabar-paron-sockerfri\/","title":{"rendered":"Festis Bl\u00e5b\u00e4r &#038; P\u00e4ron Sockerfri"},"content":{"rendered":"<div class=\"k-grid k-pt-3 k-pb-6\">\n<div class=\"k-grid-span-12 lg:k-grid-span-4 k-column\"><span class=\"k-text-style k-text-style--body-m k-text--weight-bold\"><strong>Size\u00a0<\/strong> <\/span><\/div>\n<div class=\"k-grid-span-12 lg:k-grid-span-4 k-column\"><span style=\"font-size: 16px;\">50 centiliter<\/span><\/div>\n<div><\/div>\n<\/div>\n<div class=\"k-grid k-pt-3 k-pb-6\">\n<div class=\"k-grid-span-12 lg:k-grid-span-4 k-column\"><strong><span class=\"k-text-style k-text-style--body-m k-text--weight-bold\">Ingredienser<\/span><\/strong><\/div>\n<div class=\"k-grid-span-12 lg:k-grid-span-8 k-column\">\n<p class=\"k-text-style k-text-style--body-m k-text--pre-wrap\">Vatten, juice (p\u00e4ron 3,75%, bl\u00e5b\u00e4r 0,25%) fr\u00e5n koncentrat, syra (citronsyra), s\u00f6tningsmedel(aspartam, acesulfam K), s\u00f6tpotatis-, \u00e4pple-, k\u00f6rsb\u00e4r-, r\u00e4disakoncentrat, konserveringsmedel (kaliumsorbat), naturlig arom, f\u00e4rg\u00e4mne (E133).<\/p>\n<\/div>\n<\/div>\n<div class=\"k-grid k-pt-3 k-pb-6\">\n<div class=\"k-grid-span-12 lg:k-grid-span-4 k-column\"><strong><span class=\"k-text-style k-text-style--body-m k-text--weight-bold\">Pant<\/span><\/strong><\/div>\n<div class=\"k-grid-span-12 lg:k-grid-span-8 k-column\">\n<p class=\"k-text-style k-text-style--body-m k-text--pre-wrap\">1\u00a0kr<\/p>\n<\/div>\n<\/div>\n<div class=\"k-grid k-pt-3 k-pb-6\">\n<div class=\"k-grid-span-12 lg:k-grid-span-4 k-column\"><strong><span class=\"k-text-style k-text-style--body-m k-text--weight-bold\">Ursprung<\/span><\/strong><\/div>\n<div class=\"k-grid-span-12 lg:k-grid-span-8 k-column\">\n<p class=\"k-text-style k-text-style--body-m k-text--pre-wrap\">Sverige<\/p>\n<\/div>\n<\/div>\n<div class=\"k-grid k-pt-3 k-pb-6\">\n<div class=\"k-grid-span-12 lg:k-grid-span-4 k-column\"><strong><span class=\"k-text-style k-text-style--body-m k-text--weight-bold\">Leverant\u00f6r<\/span><\/strong><\/div>\n<div class=\"k-grid-span-12 lg:k-grid-span-8 k-column\">\n<p class=\"k-text-style k-text-style--body-m k-text--pre-wrap\">Carlsberg Sverige AB<\/p>\n<\/div>\n<\/div>","protected":false},"excerpt":{"rendered":"<p><strong>50 cl, Festis<\/strong><\/p>\n<p>Festis Blueberry Pear \u00e4r en svensk sockerfri stilldrink utan kolsyra med smak av bl\u00e5b\u00e4r och p\u00e4ron. Festis finns i m\u00e5nga uppfriskande smaker och har blivit en \u00e4lskad klassiker hos svenska folket sedan lanseringen 1961 d\u00e5 den lanserades i den klassiskt pyramidformade tetraedern. F\u00f6rpackningsstorleken var d\u00e5 19 cl och priset vid lanseringen var 33 \u00f6re styck. Festis Blueberry Pear avnjuts g\u00e4rna v\u00e4l kyld. Festis med smak av bl\u00e5b\u00e4r och p\u00e4ron \u00e4r en perfekt sockerfritt alternativ och dricks n\u00e4rhelst du \u00e4r sugen p\u00e5 n\u00e5got riktigt gott! Perfekt till resan, picknickkorgen eller som en t\u00f6rstsl\u00e4ckare!<\/p>","protected":false},"featured_media":4743,"template":"","meta":{"site-sidebar-layout":"default","site-content-layout":"","ast-site-content-layout":"default","site-content-style":"default","site-sidebar-style":"default","ast-global-header-display":"","ast-banner-title-visibility":"","ast-main-header-display":"","ast-hfb-above-header-display":"","ast-hfb-below-header-display":"","ast-hfb-mobile-header-display":"","site-post-title":"","ast-breadcrumbs-content":"","ast-featured-img":"","footer-sml-layout":"","theme-transparent-header-meta":"default","adv-header-id-meta":"","stick-header-meta":"","header-above-stick-meta":"","header-main-stick-meta":"","header-below-stick-meta":"","astra-migrate-meta-layouts":"set","ast-page-background-enabled":"default","ast-page-background-meta":{"desktop":{"background-color":"","background-image":"","background-repeat":"repeat","background-position":"center center","background-size":"auto","background-attachment":"scroll","background-type":"","background-media":"","overlay-type":"","overlay-color":"","overlay-opacity":"","overlay-gradient":""},"tablet":{"background-color":"","background-image":"","background-repeat":"repeat","background-position":"center center","background-size":"auto","background-attachment":"scroll","background-type":"","background-media":"","overlay-type":"","overlay-color":"","overlay-opacity":"","overlay-gradient":""},"mobile":{"background-color":"","background-image":"","background-repeat":"repeat","background-position":"center center","background-size":"auto","background-attachment":"scroll","background-type":"","background-media":"","overlay-type":"","overlay-color":"","overlay-opacity":"","overlay-gradient":""}},"ast-content-background-meta":{"desktop":{"background-color":"var(--ast-global-color-5)","background-image":"","background-repeat":"repeat","background-position":"center center","background-size":"auto","background-attachment":"scroll","background-type":"","background-media":"","overlay-type":"","overlay-color":"","overlay-opacity":"","overlay-gradient":""},"tablet":{"background-color":"var(--ast-global-color-5)","background-image":"","background-repeat":"repeat","background-position":"center center","background-size":"auto","background-attachment":"scroll","background-type":"","background-media":"","overlay-type":"","overlay-color":"","overlay-opacity":"","overlay-gradient":""},"mobile":{"background-color":"var(--ast-global-color-5)","background-image":"","background-repeat":"repeat","background-position":"center center","background-size":"auto","background-attachment":"scroll","background-type":"","background-media":"","overlay-type":"","overlay-color":"","overlay-opacity":"","overlay-gradient":""}}},"product_brand":[],"product_cat":[82,61],"product_tag":[],"class_list":{"0":"post-4731","1":"product","2":"type-product","3":"status-publish","4":"has-post-thumbnail","6":"product_cat-alla-produkter","7":"product_cat-saft","8":"desktop-align-center","9":"tablet-align-left","10":"mobile-align-left","12":"first","13":"instock","14":"taxable","15":"shipping-taxable","16":"purchasable","17":"product-type-simple"},"yoast_head":"<!-- This site is optimized with the Yoast SEO plugin v26.0 - https:\/\/yoast.com\/wordpress\/plugins\/seo\/ -->\n<title>Festis Bl\u00e5b\u00e4r &amp; P\u00e4ron Sockerfri - Mat Fr\u00e5n Sverige<\/title>\n<meta name=\"robots\" content=\"index, follow, max-snippet:-1, max-image-preview:large, max-video-preview:-1\" \/>\n<link rel=\"canonical\" href=\"https:\/\/xn--matfrnsverige-tfb.se\/en\/product\/festis-blabar-paron-sockerfri\/\" \/>\n<meta property=\"og:locale\" content=\"en_US\" \/>\n<meta property=\"og:type\" content=\"article\" \/>\n<meta property=\"og:title\" content=\"Festis Bl\u00e5b\u00e4r &amp; P\u00e4ron Sockerfri - Mat Fr\u00e5n Sverige\" \/>\n<meta property=\"og:description\" content=\"50 cl, Festis  Festis Blueberry Pear \u00e4r en svensk sockerfri stilldrink utan kolsyra med smak av bl\u00e5b\u00e4r och p\u00e4ron. Festis finns i m\u00e5nga uppfriskande smaker och har blivit en \u00e4lskad klassiker hos svenska folket sedan lanseringen 1961 d\u00e5 den lanserades i den klassiskt pyramidformade tetraedern. F\u00f6rpackningsstorleken var d\u00e5 19 cl och priset vid lanseringen var 33 \u00f6re styck. Festis Blueberry Pear avnjuts g\u00e4rna v\u00e4l kyld. Festis med smak av bl\u00e5b\u00e4r och p\u00e4ron \u00e4r en perfekt sockerfritt alternativ och dricks n\u00e4rhelst du \u00e4r sugen p\u00e5 n\u00e5got riktigt gott! Perfekt till resan, picknickkorgen eller som en t\u00f6rstsl\u00e4ckare!\" \/>\n<meta property=\"og:url\" content=\"https:\/\/xn--matfrnsverige-tfb.se\/en\/product\/festis-blabar-paron-sockerfri\/\" \/>\n<meta property=\"og:site_name\" content=\"Mat Fr\u00e5n Sverige\" \/>\n<meta property=\"article:modified_time\" content=\"2025-08-30T10:33:19+00:00\" \/>\n<meta property=\"og:image\" content=\"https:\/\/xn--matfrnsverige-tfb.se\/wp-content\/uploads\/2025\/06\/A49E340A-2D15-4E59-984A-40B71F44C281.jpeg\" \/>\n\t<meta property=\"og:image:width\" content=\"1017\" \/>\n\t<meta property=\"og:image:height\" content=\"1006\" \/>\n\t<meta property=\"og:image:type\" content=\"image\/jpeg\" \/>\n<meta name=\"twitter:card\" content=\"summary_large_image\" \/>\n<script type=\"application\/ld+json\" class=\"yoast-schema-graph\">{\"@context\":\"https:\/\/schema.org\",\"@graph\":[{\"@type\":\"WebPage\",\"@id\":\"https:\/\/xn--matfrnsverige-tfb.se\/produkt\/festis-blabar-paron-sockerfri\/\",\"url\":\"https:\/\/xn--matfrnsverige-tfb.se\/produkt\/festis-blabar-paron-sockerfri\/\",\"name\":\"Festis Bl\u00e5b\u00e4r & P\u00e4ron Sockerfri - Mat Fr\u00e5n Sverige\",\"isPartOf\":{\"@id\":\"https:\/\/xn--matfrnsverige-tfb.se\/#website\"},\"primaryImageOfPage\":{\"@id\":\"https:\/\/xn--matfrnsverige-tfb.se\/produkt\/festis-blabar-paron-sockerfri\/#primaryimage\"},\"image\":{\"@id\":\"https:\/\/xn--matfrnsverige-tfb.se\/produkt\/festis-blabar-paron-sockerfri\/#primaryimage\"},\"thumbnailUrl\":\"https:\/\/xn--matfrnsverige-tfb.se\/wp-content\/uploads\/2025\/06\/A49E340A-2D15-4E59-984A-40B71F44C281.jpeg\",\"datePublished\":\"2025-06-23T10:25:40+00:00\",\"dateModified\":\"2025-08-30T10:33:19+00:00\",\"breadcrumb\":{\"@id\":\"https:\/\/xn--matfrnsverige-tfb.se\/produkt\/festis-blabar-paron-sockerfri\/#breadcrumb\"},\"inLanguage\":\"en-US\",\"potentialAction\":[{\"@type\":\"ReadAction\",\"target\":[\"https:\/\/xn--matfrnsverige-tfb.se\/produkt\/festis-blabar-paron-sockerfri\/\"]}]},{\"@type\":\"ImageObject\",\"inLanguage\":\"en-US\",\"@id\":\"https:\/\/xn--matfrnsverige-tfb.se\/produkt\/festis-blabar-paron-sockerfri\/#primaryimage\",\"url\":\"https:\/\/xn--matfrnsverige-tfb.se\/wp-content\/uploads\/2025\/06\/A49E340A-2D15-4E59-984A-40B71F44C281.jpeg\",\"contentUrl\":\"https:\/\/xn--matfrnsverige-tfb.se\/wp-content\/uploads\/2025\/06\/A49E340A-2D15-4E59-984A-40B71F44C281.jpeg\",\"width\":1017,\"height\":1006,\"caption\":\"Screenshot\"},{\"@type\":\"BreadcrumbList\",\"@id\":\"https:\/\/xn--matfrnsverige-tfb.se\/produkt\/festis-blabar-paron-sockerfri\/#breadcrumb\",\"itemListElement\":[{\"@type\":\"ListItem\",\"position\":1,\"name\":\"Home\",\"item\":\"https:\/\/xn--matfrnsverige-tfb.se\/\"},{\"@type\":\"ListItem\",\"position\":2,\"name\":\"Store\",\"item\":\"https:\/\/xn--matfrnsverige-tfb.se\/store\/\"},{\"@type\":\"ListItem\",\"position\":3,\"name\":\"Festis Bl\u00e5b\u00e4r &#038; P\u00e4ron Sockerfri\"}]},{\"@type\":\"WebSite\",\"@id\":\"https:\/\/xn--matfrnsverige-tfb.se\/#website\",\"url\":\"https:\/\/xn--matfrnsverige-tfb.se\/\",\"name\":\"Mat Fr\u00e5n Sverige\",\"description\":\"Buy Swedish Candy Online\",\"publisher\":{\"@id\":\"https:\/\/xn--matfrnsverige-tfb.se\/#organization\"},\"potentialAction\":[{\"@type\":\"SearchAction\",\"target\":{\"@type\":\"EntryPoint\",\"urlTemplate\":\"https:\/\/xn--matfrnsverige-tfb.se\/?s={search_term_string}\"},\"query-input\":{\"@type\":\"PropertyValueSpecification\",\"valueRequired\":true,\"valueName\":\"search_term_string\"}}],\"inLanguage\":\"en-US\"},{\"@type\":\"Organization\",\"@id\":\"https:\/\/xn--matfrnsverige-tfb.se\/#organization\",\"name\":\"Mat Fr\u00e5n Sverige\",\"url\":\"https:\/\/xn--matfrnsverige-tfb.se\/\",\"logo\":{\"@type\":\"ImageObject\",\"inLanguage\":\"en-US\",\"@id\":\"https:\/\/xn--matfrnsverige-tfb.se\/#\/schema\/logo\/image\/\",\"url\":\"https:\/\/xn--matfrnsverige-tfb.se\/wp-content\/uploads\/2025\/05\/Metallskarning.se_-1.png\",\"contentUrl\":\"https:\/\/xn--matfrnsverige-tfb.se\/wp-content\/uploads\/2025\/05\/Metallskarning.se_-1.png\",\"width\":500,\"height\":500,\"caption\":\"Mat Fr\u00e5n Sverige\"},\"image\":{\"@id\":\"https:\/\/xn--matfrnsverige-tfb.se\/#\/schema\/logo\/image\/\"}}]}<\/script>\n<!-- \/ Yoast SEO plugin. -->","yoast_head_json":{"title":"Festis Bl\u00e5b\u00e4r & P\u00e4ron Sockerfri - Mat Fr\u00e5n Sverige","robots":{"index":"index","follow":"follow","max-snippet":"max-snippet:-1","max-image-preview":"max-image-preview:large","max-video-preview":"max-video-preview:-1"},"canonical":"https:\/\/xn--matfrnsverige-tfb.se\/en\/product\/festis-blabar-paron-sockerfri\/","og_locale":"en_US","og_type":"article","og_title":"Festis Bl\u00e5b\u00e4r & P\u00e4ron Sockerfri - Mat Fr\u00e5n Sverige","og_description":"50 cl, Festis  Festis Blueberry Pear \u00e4r en svensk sockerfri stilldrink utan kolsyra med smak av bl\u00e5b\u00e4r och p\u00e4ron. Festis finns i m\u00e5nga uppfriskande smaker och har blivit en \u00e4lskad klassiker hos svenska folket sedan lanseringen 1961 d\u00e5 den lanserades i den klassiskt pyramidformade tetraedern. F\u00f6rpackningsstorleken var d\u00e5 19 cl och priset vid lanseringen var 33 \u00f6re styck. Festis Blueberry Pear avnjuts g\u00e4rna v\u00e4l kyld. Festis med smak av bl\u00e5b\u00e4r och p\u00e4ron \u00e4r en perfekt sockerfritt alternativ och dricks n\u00e4rhelst du \u00e4r sugen p\u00e5 n\u00e5got riktigt gott! Perfekt till resan, picknickkorgen eller som en t\u00f6rstsl\u00e4ckare!","og_url":"https:\/\/xn--matfrnsverige-tfb.se\/en\/product\/festis-blabar-paron-sockerfri\/","og_site_name":"Mat Fr\u00e5n Sverige","article_modified_time":"2025-08-30T10:33:19+00:00","og_image":[{"width":1017,"height":1006,"url":"https:\/\/xn--matfrnsverige-tfb.se\/wp-content\/uploads\/2025\/06\/A49E340A-2D15-4E59-984A-40B71F44C281.jpeg","type":"image\/jpeg"}],"twitter_card":"summary_large_image","schema":{"@context":"https:\/\/schema.org","@graph":[{"@type":"WebPage","@id":"https:\/\/xn--matfrnsverige-tfb.se\/produkt\/festis-blabar-paron-sockerfri\/","url":"https:\/\/xn--matfrnsverige-tfb.se\/produkt\/festis-blabar-paron-sockerfri\/","name":"Festis Bl\u00e5b\u00e4r & P\u00e4ron Sockerfri - Mat Fr\u00e5n Sverige","isPartOf":{"@id":"https:\/\/xn--matfrnsverige-tfb.se\/#website"},"primaryImageOfPage":{"@id":"https:\/\/xn--matfrnsverige-tfb.se\/produkt\/festis-blabar-paron-sockerfri\/#primaryimage"},"image":{"@id":"https:\/\/xn--matfrnsverige-tfb.se\/produkt\/festis-blabar-paron-sockerfri\/#primaryimage"},"thumbnailUrl":"https:\/\/xn--matfrnsverige-tfb.se\/wp-content\/uploads\/2025\/06\/A49E340A-2D15-4E59-984A-40B71F44C281.jpeg","datePublished":"2025-06-23T10:25:40+00:00","dateModified":"2025-08-30T10:33:19+00:00","breadcrumb":{"@id":"https:\/\/xn--matfrnsverige-tfb.se\/produkt\/festis-blabar-paron-sockerfri\/#breadcrumb"},"inLanguage":"en-US","potentialAction":[{"@type":"ReadAction","target":["https:\/\/xn--matfrnsverige-tfb.se\/produkt\/festis-blabar-paron-sockerfri\/"]}]},{"@type":"ImageObject","inLanguage":"en-US","@id":"https:\/\/xn--matfrnsverige-tfb.se\/produkt\/festis-blabar-paron-sockerfri\/#primaryimage","url":"https:\/\/xn--matfrnsverige-tfb.se\/wp-content\/uploads\/2025\/06\/A49E340A-2D15-4E59-984A-40B71F44C281.jpeg","contentUrl":"https:\/\/xn--matfrnsverige-tfb.se\/wp-content\/uploads\/2025\/06\/A49E340A-2D15-4E59-984A-40B71F44C281.jpeg","width":1017,"height":1006,"caption":"Screenshot"},{"@type":"BreadcrumbList","@id":"https:\/\/xn--matfrnsverige-tfb.se\/produkt\/festis-blabar-paron-sockerfri\/#breadcrumb","itemListElement":[{"@type":"ListItem","position":1,"name":"Home","item":"https:\/\/xn--matfrnsverige-tfb.se\/"},{"@type":"ListItem","position":2,"name":"Store","item":"https:\/\/xn--matfrnsverige-tfb.se\/store\/"},{"@type":"ListItem","position":3,"name":"Festis Bl\u00e5b\u00e4r &#038; P\u00e4ron Sockerfri"}]},{"@type":"WebSite","@id":"https:\/\/xn--matfrnsverige-tfb.se\/#website","url":"https:\/\/xn--matfrnsverige-tfb.se\/","name":"Mat Fr\u00e5n Sverige","description":"Buy Swedish Candy Online","publisher":{"@id":"https:\/\/xn--matfrnsverige-tfb.se\/#organization"},"potentialAction":[{"@type":"SearchAction","target":{"@type":"EntryPoint","urlTemplate":"https:\/\/xn--matfrnsverige-tfb.se\/?s={search_term_string}"},"query-input":{"@type":"PropertyValueSpecification","valueRequired":true,"valueName":"search_term_string"}}],"inLanguage":"en-US"},{"@type":"Organization","@id":"https:\/\/xn--matfrnsverige-tfb.se\/#organization","name":"Mat Fr\u00e5n Sverige","url":"https:\/\/xn--matfrnsverige-tfb.se\/","logo":{"@type":"ImageObject","inLanguage":"en-US","@id":"https:\/\/xn--matfrnsverige-tfb.se\/#\/schema\/logo\/image\/","url":"https:\/\/xn--matfrnsverige-tfb.se\/wp-content\/uploads\/2025\/05\/Metallskarning.se_-1.png","contentUrl":"https:\/\/xn--matfrnsverige-tfb.se\/wp-content\/uploads\/2025\/05\/Metallskarning.se_-1.png","width":500,"height":500,"caption":"Mat Fr\u00e5n Sverige"},"image":{"@id":"https:\/\/xn--matfrnsverige-tfb.se\/#\/schema\/logo\/image\/"}}]}},"jetpack_sharing_enabled":true,"_links":{"self":[{"href":"https:\/\/xn--matfrnsverige-tfb.se\/en\/wp-json\/wp\/v2\/product\/4731","targetHints":{"allow":["GET"]}}],"collection":[{"href":"https:\/\/xn--matfrnsverige-tfb.se\/en\/wp-json\/wp\/v2\/product"}],"about":[{"href":"https:\/\/xn--matfrnsverige-tfb.se\/en\/wp-json\/wp\/v2\/types\/product"}],"version-history":[{"count":3,"href":"https:\/\/xn--matfrnsverige-tfb.se\/en\/wp-json\/wp\/v2\/product\/4731\/revisions"}],"predecessor-version":[{"id":4733,"href":"https:\/\/xn--matfrnsverige-tfb.se\/en\/wp-json\/wp\/v2\/product\/4731\/revisions\/4733"}],"wp:featuredmedia":[{"embeddable":true,"href":"https:\/\/xn--matfrnsverige-tfb.se\/en\/wp-json\/wp\/v2\/media\/4743"}],"wp:attachment":[{"href":"https:\/\/xn--matfrnsverige-tfb.se\/en\/wp-json\/wp\/v2\/media?parent=4731"}],"wp:term":[{"taxonomy":"product_brand","embeddable":true,"href":"https:\/\/xn--matfrnsverige-tfb.se\/en\/wp-json\/wp\/v2\/product_brand?post=4731"},{"taxonomy":"product_cat","embeddable":true,"href":"https:\/\/xn--matfrnsverige-tfb.se\/en\/wp-json\/wp\/v2\/product_cat?post=4731"},{"taxonomy":"product_tag","embeddable":true,"href":"https:\/\/xn--matfrnsverige-tfb.se\/en\/wp-json\/wp\/v2\/product_tag?post=4731"}],"curies":[{"name":"wp","href":"https:\/\/api.w.org\/{rel}","templated":true}]}}