{"id":4947,"date":"2025-06-24T16:33:46","date_gmt":"2025-06-24T14:33:46","guid":{"rendered":"https:\/\/xn--matfrnsverige-tfb.se\/?post_type=product&#038;p=4947"},"modified":"2025-08-30T12:34:49","modified_gmt":"2025-08-30T10:34:49","slug":"dippmix-onion","status":"publish","type":"product","link":"https:\/\/xn--matfrnsverige-tfb.se\/en\/product\/dippmix-onion\/","title":{"rendered":"Dippmix Onion"},"content":{"rendered":"<div class=\"k-grid k-pt-3 k-pb-6\">\n<div class=\"k-grid-span-12 lg:k-grid-span-4 k-column\"><strong><span class=\"k-text-style k-text-style--body-m k-text--weight-bold\">Size<\/span><\/strong><\/div>\n<div class=\"k-grid-span-12 lg:k-grid-span-8 k-column\">\n<p class=\"k-text-style k-text-style--body-m k-text--pre-wrap\">22 gram<\/p>\n<\/div>\n<\/div>\n<div class=\"k-grid k-pt-3 k-pb-6\">\n<div class=\"k-grid-span-12 lg:k-grid-span-4 k-column\"><strong><span class=\"k-text-style k-text-style--body-m k-text--weight-bold\">Ingredienser<\/span><\/strong><\/div>\n<div class=\"k-grid-span-12 lg:k-grid-span-8 k-column\">\n<p class=\"k-text-style k-text-style--body-m k-text--pre-wrap\">L\u00f6k (bitar, pulver), salt, druvsocker, socker, modifierad potatisst\u00e4rkelse, j\u00e4stextrakt, paprikapulver, persilja, naturlig arom.<\/p>\n<\/div>\n<\/div>\n<div class=\"k-grid k-pt-3 k-pb-6\">\n<div class=\"k-grid-span-12 lg:k-grid-span-4 k-column\"><strong><span class=\"k-text-style k-text-style--body-m k-text--weight-bold\">Ursprung<\/span><\/strong><\/div>\n<div class=\"k-grid-span-12 lg:k-grid-span-8 k-column\">\n<p class=\"k-text-style k-text-style--body-m k-text--pre-wrap\">Sverige<\/p>\n<\/div>\n<\/div>\n<div class=\"k-grid k-pt-3 k-pb-6\">\n<div class=\"k-grid-span-12 lg:k-grid-span-4 k-column\"><strong><span class=\"k-text-style k-text-style--body-m k-text--weight-bold\">Leverant\u00f6r<\/span><\/strong><\/div>\n<div class=\"k-grid-span-12 lg:k-grid-span-8 k-column\">\n<p class=\"k-text-style k-text-style--body-m k-text--pre-wrap\">Estrella AB<\/p>\n<\/div>\n<\/div>","protected":false},"excerpt":{"rendered":"<p><strong>22 g, Estrella<\/strong><\/p>\n<p>Estrella Dippmix Onion \u00e4r en kr\u00e4mig dipp med fyllig smak av l\u00f6k. Blanda med gr\u00e4ddfil och dippa fint skurna gr\u00f6nsakstavar, dina favoritchips eller servera som kall s\u00e5s. Ett enkelt snackhack f\u00f6r att piffa till vardagsr\u00e4tten eller smakf\u00f6rh\u00f6jare till helgens snacks. Dessutom vegansk!<\/p>","protected":false},"featured_media":5349,"template":"","meta":{"site-sidebar-layout":"default","site-content-layout":"","ast-site-content-layout":"default","site-content-style":"default","site-sidebar-style":"default","ast-global-header-display":"","ast-banner-title-visibility":"","ast-main-header-display":"","ast-hfb-above-header-display":"","ast-hfb-below-header-display":"","ast-hfb-mobile-header-display":"","site-post-title":"","ast-breadcrumbs-content":"","ast-featured-img":"","footer-sml-layout":"","theme-transparent-header-meta":"default","adv-header-id-meta":"","stick-header-meta":"","header-above-stick-meta":"","header-main-stick-meta":"","header-below-stick-meta":"","astra-migrate-meta-layouts":"set","ast-page-background-enabled":"default","ast-page-background-meta":{"desktop":{"background-color":"","background-image":"","background-repeat":"repeat","background-position":"center center","background-size":"auto","background-attachment":"scroll","background-type":"","background-media":"","overlay-type":"","overlay-color":"","overlay-opacity":"","overlay-gradient":""},"tablet":{"background-color":"","background-image":"","background-repeat":"repeat","background-position":"center center","background-size":"auto","background-attachment":"scroll","background-type":"","background-media":"","overlay-type":"","overlay-color":"","overlay-opacity":"","overlay-gradient":""},"mobile":{"background-color":"","background-image":"","background-repeat":"repeat","background-position":"center center","background-size":"auto","background-attachment":"scroll","background-type":"","background-media":"","overlay-type":"","overlay-color":"","overlay-opacity":"","overlay-gradient":""}},"ast-content-background-meta":{"desktop":{"background-color":"var(--ast-global-color-5)","background-image":"","background-repeat":"repeat","background-position":"center center","background-size":"auto","background-attachment":"scroll","background-type":"","background-media":"","overlay-type":"","overlay-color":"","overlay-opacity":"","overlay-gradient":""},"tablet":{"background-color":"var(--ast-global-color-5)","background-image":"","background-repeat":"repeat","background-position":"center center","background-size":"auto","background-attachment":"scroll","background-type":"","background-media":"","overlay-type":"","overlay-color":"","overlay-opacity":"","overlay-gradient":""},"mobile":{"background-color":"var(--ast-global-color-5)","background-image":"","background-repeat":"repeat","background-position":"center center","background-size":"auto","background-attachment":"scroll","background-type":"","background-media":"","overlay-type":"","overlay-color":"","overlay-opacity":"","overlay-gradient":""}}},"product_brand":[],"product_cat":[82,68],"product_tag":[],"class_list":{"0":"post-4947","1":"product","2":"type-product","3":"status-publish","4":"has-post-thumbnail","6":"product_cat-alla-produkter","7":"product_cat-dipp","8":"desktop-align-center","9":"tablet-align-left","10":"mobile-align-left","12":"first","13":"instock","14":"taxable","15":"shipping-taxable","16":"purchasable","17":"product-type-simple"},"yoast_head":"<!-- This site is optimized with the Yoast SEO plugin v26.0 - https:\/\/yoast.com\/wordpress\/plugins\/seo\/ -->\n<title>Dippmix Onion - Mat Fr\u00e5n Sverige<\/title>\n<meta name=\"robots\" content=\"index, follow, max-snippet:-1, max-image-preview:large, max-video-preview:-1\" \/>\n<link rel=\"canonical\" href=\"https:\/\/xn--matfrnsverige-tfb.se\/en\/product\/dippmix-onion\/\" \/>\n<meta property=\"og:locale\" content=\"en_US\" \/>\n<meta property=\"og:type\" content=\"article\" \/>\n<meta property=\"og:title\" content=\"Dippmix Onion - Mat Fr\u00e5n Sverige\" \/>\n<meta property=\"og:description\" content=\"22 g, Estrella  Estrella Dippmix Onion \u00e4r en kr\u00e4mig dipp med fyllig smak av l\u00f6k. Blanda med gr\u00e4ddfil och dippa fint skurna gr\u00f6nsakstavar, dina favoritchips eller servera som kall s\u00e5s. Ett enkelt snackhack f\u00f6r att piffa till vardagsr\u00e4tten eller smakf\u00f6rh\u00f6jare till helgens snacks. Dessutom vegansk!\" \/>\n<meta property=\"og:url\" content=\"https:\/\/xn--matfrnsverige-tfb.se\/en\/product\/dippmix-onion\/\" \/>\n<meta property=\"og:site_name\" content=\"Mat Fr\u00e5n Sverige\" \/>\n<meta property=\"article:modified_time\" content=\"2025-08-30T10:34:49+00:00\" \/>\n<meta property=\"og:image\" content=\"https:\/\/xn--matfrnsverige-tfb.se\/wp-content\/uploads\/2025\/06\/41874DCC-B557-45D6-9BEC-199DB77F6893.jpeg\" \/>\n\t<meta property=\"og:image:width\" content=\"1005\" \/>\n\t<meta property=\"og:image:height\" content=\"1005\" \/>\n\t<meta property=\"og:image:type\" content=\"image\/jpeg\" \/>\n<meta name=\"twitter:card\" content=\"summary_large_image\" \/>\n<script type=\"application\/ld+json\" class=\"yoast-schema-graph\">{\"@context\":\"https:\/\/schema.org\",\"@graph\":[{\"@type\":\"WebPage\",\"@id\":\"https:\/\/xn--matfrnsverige-tfb.se\/produkt\/dippmix-onion\/\",\"url\":\"https:\/\/xn--matfrnsverige-tfb.se\/produkt\/dippmix-onion\/\",\"name\":\"Dippmix Onion - Mat Fr\u00e5n Sverige\",\"isPartOf\":{\"@id\":\"https:\/\/xn--matfrnsverige-tfb.se\/#website\"},\"primaryImageOfPage\":{\"@id\":\"https:\/\/xn--matfrnsverige-tfb.se\/produkt\/dippmix-onion\/#primaryimage\"},\"image\":{\"@id\":\"https:\/\/xn--matfrnsverige-tfb.se\/produkt\/dippmix-onion\/#primaryimage\"},\"thumbnailUrl\":\"https:\/\/xn--matfrnsverige-tfb.se\/wp-content\/uploads\/2025\/06\/41874DCC-B557-45D6-9BEC-199DB77F6893.jpeg\",\"datePublished\":\"2025-06-24T14:33:46+00:00\",\"dateModified\":\"2025-08-30T10:34:49+00:00\",\"breadcrumb\":{\"@id\":\"https:\/\/xn--matfrnsverige-tfb.se\/produkt\/dippmix-onion\/#breadcrumb\"},\"inLanguage\":\"en-US\",\"potentialAction\":[{\"@type\":\"ReadAction\",\"target\":[\"https:\/\/xn--matfrnsverige-tfb.se\/produkt\/dippmix-onion\/\"]}]},{\"@type\":\"ImageObject\",\"inLanguage\":\"en-US\",\"@id\":\"https:\/\/xn--matfrnsverige-tfb.se\/produkt\/dippmix-onion\/#primaryimage\",\"url\":\"https:\/\/xn--matfrnsverige-tfb.se\/wp-content\/uploads\/2025\/06\/41874DCC-B557-45D6-9BEC-199DB77F6893.jpeg\",\"contentUrl\":\"https:\/\/xn--matfrnsverige-tfb.se\/wp-content\/uploads\/2025\/06\/41874DCC-B557-45D6-9BEC-199DB77F6893.jpeg\",\"width\":1005,\"height\":1005,\"caption\":\"Screenshot\"},{\"@type\":\"BreadcrumbList\",\"@id\":\"https:\/\/xn--matfrnsverige-tfb.se\/produkt\/dippmix-onion\/#breadcrumb\",\"itemListElement\":[{\"@type\":\"ListItem\",\"position\":1,\"name\":\"Home\",\"item\":\"https:\/\/xn--matfrnsverige-tfb.se\/\"},{\"@type\":\"ListItem\",\"position\":2,\"name\":\"Store\",\"item\":\"https:\/\/xn--matfrnsverige-tfb.se\/store\/\"},{\"@type\":\"ListItem\",\"position\":3,\"name\":\"Dippmix Onion\"}]},{\"@type\":\"WebSite\",\"@id\":\"https:\/\/xn--matfrnsverige-tfb.se\/#website\",\"url\":\"https:\/\/xn--matfrnsverige-tfb.se\/\",\"name\":\"Mat Fr\u00e5n Sverige\",\"description\":\"Buy Swedish Candy Online\",\"publisher\":{\"@id\":\"https:\/\/xn--matfrnsverige-tfb.se\/#organization\"},\"potentialAction\":[{\"@type\":\"SearchAction\",\"target\":{\"@type\":\"EntryPoint\",\"urlTemplate\":\"https:\/\/xn--matfrnsverige-tfb.se\/?s={search_term_string}\"},\"query-input\":{\"@type\":\"PropertyValueSpecification\",\"valueRequired\":true,\"valueName\":\"search_term_string\"}}],\"inLanguage\":\"en-US\"},{\"@type\":\"Organization\",\"@id\":\"https:\/\/xn--matfrnsverige-tfb.se\/#organization\",\"name\":\"Mat Fr\u00e5n Sverige\",\"url\":\"https:\/\/xn--matfrnsverige-tfb.se\/\",\"logo\":{\"@type\":\"ImageObject\",\"inLanguage\":\"en-US\",\"@id\":\"https:\/\/xn--matfrnsverige-tfb.se\/#\/schema\/logo\/image\/\",\"url\":\"https:\/\/xn--matfrnsverige-tfb.se\/wp-content\/uploads\/2025\/05\/Metallskarning.se_-1.png\",\"contentUrl\":\"https:\/\/xn--matfrnsverige-tfb.se\/wp-content\/uploads\/2025\/05\/Metallskarning.se_-1.png\",\"width\":500,\"height\":500,\"caption\":\"Mat Fr\u00e5n Sverige\"},\"image\":{\"@id\":\"https:\/\/xn--matfrnsverige-tfb.se\/#\/schema\/logo\/image\/\"}}]}<\/script>\n<!-- \/ Yoast SEO plugin. -->","yoast_head_json":{"title":"Dippmix Onion - Mat Fr\u00e5n Sverige","robots":{"index":"index","follow":"follow","max-snippet":"max-snippet:-1","max-image-preview":"max-image-preview:large","max-video-preview":"max-video-preview:-1"},"canonical":"https:\/\/xn--matfrnsverige-tfb.se\/en\/product\/dippmix-onion\/","og_locale":"en_US","og_type":"article","og_title":"Dippmix Onion - Mat Fr\u00e5n Sverige","og_description":"22 g, Estrella  Estrella Dippmix Onion \u00e4r en kr\u00e4mig dipp med fyllig smak av l\u00f6k. Blanda med gr\u00e4ddfil och dippa fint skurna gr\u00f6nsakstavar, dina favoritchips eller servera som kall s\u00e5s. Ett enkelt snackhack f\u00f6r att piffa till vardagsr\u00e4tten eller smakf\u00f6rh\u00f6jare till helgens snacks. Dessutom vegansk!","og_url":"https:\/\/xn--matfrnsverige-tfb.se\/en\/product\/dippmix-onion\/","og_site_name":"Mat Fr\u00e5n Sverige","article_modified_time":"2025-08-30T10:34:49+00:00","og_image":[{"width":1005,"height":1005,"url":"https:\/\/xn--matfrnsverige-tfb.se\/wp-content\/uploads\/2025\/06\/41874DCC-B557-45D6-9BEC-199DB77F6893.jpeg","type":"image\/jpeg"}],"twitter_card":"summary_large_image","schema":{"@context":"https:\/\/schema.org","@graph":[{"@type":"WebPage","@id":"https:\/\/xn--matfrnsverige-tfb.se\/produkt\/dippmix-onion\/","url":"https:\/\/xn--matfrnsverige-tfb.se\/produkt\/dippmix-onion\/","name":"Dippmix Onion - Mat Fr\u00e5n Sverige","isPartOf":{"@id":"https:\/\/xn--matfrnsverige-tfb.se\/#website"},"primaryImageOfPage":{"@id":"https:\/\/xn--matfrnsverige-tfb.se\/produkt\/dippmix-onion\/#primaryimage"},"image":{"@id":"https:\/\/xn--matfrnsverige-tfb.se\/produkt\/dippmix-onion\/#primaryimage"},"thumbnailUrl":"https:\/\/xn--matfrnsverige-tfb.se\/wp-content\/uploads\/2025\/06\/41874DCC-B557-45D6-9BEC-199DB77F6893.jpeg","datePublished":"2025-06-24T14:33:46+00:00","dateModified":"2025-08-30T10:34:49+00:00","breadcrumb":{"@id":"https:\/\/xn--matfrnsverige-tfb.se\/produkt\/dippmix-onion\/#breadcrumb"},"inLanguage":"en-US","potentialAction":[{"@type":"ReadAction","target":["https:\/\/xn--matfrnsverige-tfb.se\/produkt\/dippmix-onion\/"]}]},{"@type":"ImageObject","inLanguage":"en-US","@id":"https:\/\/xn--matfrnsverige-tfb.se\/produkt\/dippmix-onion\/#primaryimage","url":"https:\/\/xn--matfrnsverige-tfb.se\/wp-content\/uploads\/2025\/06\/41874DCC-B557-45D6-9BEC-199DB77F6893.jpeg","contentUrl":"https:\/\/xn--matfrnsverige-tfb.se\/wp-content\/uploads\/2025\/06\/41874DCC-B557-45D6-9BEC-199DB77F6893.jpeg","width":1005,"height":1005,"caption":"Screenshot"},{"@type":"BreadcrumbList","@id":"https:\/\/xn--matfrnsverige-tfb.se\/produkt\/dippmix-onion\/#breadcrumb","itemListElement":[{"@type":"ListItem","position":1,"name":"Home","item":"https:\/\/xn--matfrnsverige-tfb.se\/"},{"@type":"ListItem","position":2,"name":"Store","item":"https:\/\/xn--matfrnsverige-tfb.se\/store\/"},{"@type":"ListItem","position":3,"name":"Dippmix Onion"}]},{"@type":"WebSite","@id":"https:\/\/xn--matfrnsverige-tfb.se\/#website","url":"https:\/\/xn--matfrnsverige-tfb.se\/","name":"Mat Fr\u00e5n Sverige","description":"Buy Swedish Candy Online","publisher":{"@id":"https:\/\/xn--matfrnsverige-tfb.se\/#organization"},"potentialAction":[{"@type":"SearchAction","target":{"@type":"EntryPoint","urlTemplate":"https:\/\/xn--matfrnsverige-tfb.se\/?s={search_term_string}"},"query-input":{"@type":"PropertyValueSpecification","valueRequired":true,"valueName":"search_term_string"}}],"inLanguage":"en-US"},{"@type":"Organization","@id":"https:\/\/xn--matfrnsverige-tfb.se\/#organization","name":"Mat Fr\u00e5n Sverige","url":"https:\/\/xn--matfrnsverige-tfb.se\/","logo":{"@type":"ImageObject","inLanguage":"en-US","@id":"https:\/\/xn--matfrnsverige-tfb.se\/#\/schema\/logo\/image\/","url":"https:\/\/xn--matfrnsverige-tfb.se\/wp-content\/uploads\/2025\/05\/Metallskarning.se_-1.png","contentUrl":"https:\/\/xn--matfrnsverige-tfb.se\/wp-content\/uploads\/2025\/05\/Metallskarning.se_-1.png","width":500,"height":500,"caption":"Mat Fr\u00e5n Sverige"},"image":{"@id":"https:\/\/xn--matfrnsverige-tfb.se\/#\/schema\/logo\/image\/"}}]}},"jetpack_sharing_enabled":true,"_links":{"self":[{"href":"https:\/\/xn--matfrnsverige-tfb.se\/en\/wp-json\/wp\/v2\/product\/4947","targetHints":{"allow":["GET"]}}],"collection":[{"href":"https:\/\/xn--matfrnsverige-tfb.se\/en\/wp-json\/wp\/v2\/product"}],"about":[{"href":"https:\/\/xn--matfrnsverige-tfb.se\/en\/wp-json\/wp\/v2\/types\/product"}],"version-history":[{"count":2,"href":"https:\/\/xn--matfrnsverige-tfb.se\/en\/wp-json\/wp\/v2\/product\/4947\/revisions"}],"predecessor-version":[{"id":5361,"href":"https:\/\/xn--matfrnsverige-tfb.se\/en\/wp-json\/wp\/v2\/product\/4947\/revisions\/5361"}],"wp:featuredmedia":[{"embeddable":true,"href":"https:\/\/xn--matfrnsverige-tfb.se\/en\/wp-json\/wp\/v2\/media\/5349"}],"wp:attachment":[{"href":"https:\/\/xn--matfrnsverige-tfb.se\/en\/wp-json\/wp\/v2\/media?parent=4947"}],"wp:term":[{"taxonomy":"product_brand","embeddable":true,"href":"https:\/\/xn--matfrnsverige-tfb.se\/en\/wp-json\/wp\/v2\/product_brand?post=4947"},{"taxonomy":"product_cat","embeddable":true,"href":"https:\/\/xn--matfrnsverige-tfb.se\/en\/wp-json\/wp\/v2\/product_cat?post=4947"},{"taxonomy":"product_tag","embeddable":true,"href":"https:\/\/xn--matfrnsverige-tfb.se\/en\/wp-json\/wp\/v2\/product_tag?post=4947"}],"curies":[{"name":"wp","href":"https:\/\/api.w.org\/{rel}","templated":true}]}}