{"id":5116,"date":"2025-08-08T18:00:10","date_gmt":"2025-08-08T16:00:10","guid":{"rendered":"https:\/\/xn--matfrnsverige-tfb.se\/?post_type=product&#038;p=5116"},"modified":"2025-08-30T12:35:12","modified_gmt":"2025-08-30T10:35:12","slug":"pingvinstang-salta-hallon","status":"publish","type":"product","link":"https:\/\/xn--matfrnsverige-tfb.se\/en\/product\/pingvinstang-salta-hallon\/","title":{"rendered":"Pingvinst\u00e5ng Salta Hallon"},"content":{"rendered":"<p><strong>Size<\/strong><br \/>\n27 gram<\/p>\n<p><strong>Ingredienser<\/strong><br \/>\nSukker\/socker, glukose-fruktosesirup\/-sirap, sirup\/sirap, HVEDEMEL\/HVETEMEL\/VETEMJ\u00d6L (GLUTEN), modificeret majs- og kartoffel-\/potetstivelse\/modifierad majs- och potatisst\u00e4rkelse, ammoniumklorid, salt, r\u00e5lakrids, helt h\u00e6rdet\/herdnet\/h\u00e4rdat vegetabilsk fedt\/fett (palmekerne\/-kjerne\/palmk\u00e4rna, kokos), fugtighedsbevarende middel\/medel (glycerol\/glyserol), emulgator\/emulgeringsmedel (mono- og diglycerider af fedtsyrer), fortykningsmiddel\/f\u00f6rtjockningmedel (arabisk gummi), farvestof\/fargestoff\/f\u00e4rg\u00e4mne (carmin\/karmin), syre\/surhetsreglerande medel (citronsyre\/-syra\/sitronsyre), aromaer\/arom\u00e4mnen. Fyld\/fyllning\/fyll 45%.<\/p>\n<p><strong>Allergener<\/strong><br \/>\nhvedemel, hvetemel, vetemj\u00f6l, gluten.<\/p>\n<p><strong>Hanterad i<\/strong><br \/>\nDanmark<\/p>\n<p><strong>Leverant\u00f6r<\/strong><br \/>\nToms Sverige AB<\/p>","protected":false},"excerpt":{"rendered":"<p><strong>27 g, Toms<\/strong><\/p>\n<p class=\"k-text-style k-text-style--body-m k-text--pre-wrap\">Fylld saltlakrits med hallonsmak. Inneh\u00e5ller endast naturliga f\u00e4rg\u00e4mnen.<\/p>\n<div class=\"k-spacer-spacing-2\" role=\"none\"><\/div>\n<p class=\"k-text-style k-text-style--body-m k-text--pre-wrap\">En av Toms popul\u00e4ra st\u00e4nger, vardagligt kallad pingvinst\u00e5ng. Denna Salta Hallon st\u00e5ng \u00e4r svart med en rosa fyllning och ett svart &#8221;\u00f6ga&#8221;, st\u00e5ngen har en god smak av salta hallon. Du finner \u00e4ven denna st\u00e5ng i sm\u00e5 bitar i l\u00f6sviktsf\u00f6rs\u00e4ljningen. Salta Hallon \u00e4r utan gelatin och inneh\u00e5ller endast naturliga f\u00e4rg\u00e4mnen. Pingvinst\u00e4ngerna finns i m\u00e5nga olika smaker s\u00e5 att alla kan hitta sin favorit.<\/p>","protected":false},"featured_media":5319,"template":"","meta":{"site-sidebar-layout":"default","site-content-layout":"","ast-site-content-layout":"default","site-content-style":"default","site-sidebar-style":"default","ast-global-header-display":"","ast-banner-title-visibility":"","ast-main-header-display":"","ast-hfb-above-header-display":"","ast-hfb-below-header-display":"","ast-hfb-mobile-header-display":"","site-post-title":"","ast-breadcrumbs-content":"","ast-featured-img":"","footer-sml-layout":"","theme-transparent-header-meta":"default","adv-header-id-meta":"","stick-header-meta":"","header-above-stick-meta":"","header-main-stick-meta":"","header-below-stick-meta":"","astra-migrate-meta-layouts":"set","ast-page-background-enabled":"default","ast-page-background-meta":{"desktop":{"background-color":"","background-image":"","background-repeat":"repeat","background-position":"center center","background-size":"auto","background-attachment":"scroll","background-type":"","background-media":"","overlay-type":"","overlay-color":"","overlay-opacity":"","overlay-gradient":""},"tablet":{"background-color":"","background-image":"","background-repeat":"repeat","background-position":"center center","background-size":"auto","background-attachment":"scroll","background-type":"","background-media":"","overlay-type":"","overlay-color":"","overlay-opacity":"","overlay-gradient":""},"mobile":{"background-color":"","background-image":"","background-repeat":"repeat","background-position":"center center","background-size":"auto","background-attachment":"scroll","background-type":"","background-media":"","overlay-type":"","overlay-color":"","overlay-opacity":"","overlay-gradient":""}},"ast-content-background-meta":{"desktop":{"background-color":"var(--ast-global-color-5)","background-image":"","background-repeat":"repeat","background-position":"center center","background-size":"auto","background-attachment":"scroll","background-type":"","background-media":"","overlay-type":"","overlay-color":"","overlay-opacity":"","overlay-gradient":""},"tablet":{"background-color":"var(--ast-global-color-5)","background-image":"","background-repeat":"repeat","background-position":"center center","background-size":"auto","background-attachment":"scroll","background-type":"","background-media":"","overlay-type":"","overlay-color":"","overlay-opacity":"","overlay-gradient":""},"mobile":{"background-color":"var(--ast-global-color-5)","background-image":"","background-repeat":"repeat","background-position":"center center","background-size":"auto","background-attachment":"scroll","background-type":"","background-media":"","overlay-type":"","overlay-color":"","overlay-opacity":"","overlay-gradient":""}}},"product_brand":[],"product_cat":[82,59],"product_tag":[],"class_list":{"0":"post-5116","1":"product","2":"type-product","3":"status-publish","4":"has-post-thumbnail","6":"product_cat-alla-produkter","7":"product_cat-godis","8":"desktop-align-center","9":"tablet-align-left","10":"mobile-align-left","12":"first","13":"instock","14":"taxable","15":"shipping-taxable","16":"purchasable","17":"product-type-simple"},"yoast_head":"<!-- This site is optimized with the Yoast SEO plugin v26.0 - https:\/\/yoast.com\/wordpress\/plugins\/seo\/ -->\n<title>Pingvinst\u00e5ng Salta Hallon - Mat Fr\u00e5n Sverige<\/title>\n<meta name=\"robots\" content=\"index, follow, max-snippet:-1, max-image-preview:large, max-video-preview:-1\" \/>\n<link rel=\"canonical\" href=\"https:\/\/xn--matfrnsverige-tfb.se\/en\/product\/pingvinstang-salta-hallon\/\" \/>\n<meta property=\"og:locale\" content=\"en_US\" \/>\n<meta property=\"og:type\" content=\"article\" \/>\n<meta property=\"og:title\" content=\"Pingvinst\u00e5ng Salta Hallon - Mat Fr\u00e5n Sverige\" \/>\n<meta property=\"og:description\" content=\"27 g, Toms Fylld saltlakrits med hallonsmak. Inneh\u00e5ller endast naturliga f\u00e4rg\u00e4mnen.   En av Toms popul\u00e4ra st\u00e4nger, vardagligt kallad pingvinst\u00e5ng. Denna Salta Hallon st\u00e5ng \u00e4r svart med en rosa fyllning och ett svart &quot;\u00f6ga&quot;, st\u00e5ngen har en god smak av salta hallon. Du finner \u00e4ven denna st\u00e5ng i sm\u00e5 bitar i l\u00f6sviktsf\u00f6rs\u00e4ljningen. Salta Hallon \u00e4r utan gelatin och inneh\u00e5ller endast naturliga f\u00e4rg\u00e4mnen. Pingvinst\u00e4ngerna finns i m\u00e5nga olika smaker s\u00e5 att alla kan hitta sin favorit.\" \/>\n<meta property=\"og:url\" content=\"https:\/\/xn--matfrnsverige-tfb.se\/en\/product\/pingvinstang-salta-hallon\/\" \/>\n<meta property=\"og:site_name\" content=\"Mat Fr\u00e5n Sverige\" \/>\n<meta property=\"article:modified_time\" content=\"2025-08-30T10:35:12+00:00\" \/>\n<meta property=\"og:image\" content=\"https:\/\/xn--matfrnsverige-tfb.se\/wp-content\/uploads\/2025\/06\/7968808A-6CFF-4D9E-8DDB-D1F302AA3E92.jpeg\" \/>\n\t<meta property=\"og:image:width\" content=\"1283\" \/>\n\t<meta property=\"og:image:height\" content=\"822\" \/>\n\t<meta property=\"og:image:type\" content=\"image\/jpeg\" \/>\n<meta name=\"twitter:card\" content=\"summary_large_image\" \/>\n<script type=\"application\/ld+json\" class=\"yoast-schema-graph\">{\"@context\":\"https:\/\/schema.org\",\"@graph\":[{\"@type\":\"WebPage\",\"@id\":\"https:\/\/xn--matfrnsverige-tfb.se\/produkt\/pingvinstang-salta-hallon\/\",\"url\":\"https:\/\/xn--matfrnsverige-tfb.se\/produkt\/pingvinstang-salta-hallon\/\",\"name\":\"Pingvinst\u00e5ng Salta Hallon - Mat Fr\u00e5n Sverige\",\"isPartOf\":{\"@id\":\"https:\/\/xn--matfrnsverige-tfb.se\/#website\"},\"primaryImageOfPage\":{\"@id\":\"https:\/\/xn--matfrnsverige-tfb.se\/produkt\/pingvinstang-salta-hallon\/#primaryimage\"},\"image\":{\"@id\":\"https:\/\/xn--matfrnsverige-tfb.se\/produkt\/pingvinstang-salta-hallon\/#primaryimage\"},\"thumbnailUrl\":\"https:\/\/xn--matfrnsverige-tfb.se\/wp-content\/uploads\/2025\/06\/7968808A-6CFF-4D9E-8DDB-D1F302AA3E92.jpeg\",\"datePublished\":\"2025-08-08T16:00:10+00:00\",\"dateModified\":\"2025-08-30T10:35:12+00:00\",\"breadcrumb\":{\"@id\":\"https:\/\/xn--matfrnsverige-tfb.se\/produkt\/pingvinstang-salta-hallon\/#breadcrumb\"},\"inLanguage\":\"en-US\",\"potentialAction\":[{\"@type\":\"ReadAction\",\"target\":[\"https:\/\/xn--matfrnsverige-tfb.se\/produkt\/pingvinstang-salta-hallon\/\"]}]},{\"@type\":\"ImageObject\",\"inLanguage\":\"en-US\",\"@id\":\"https:\/\/xn--matfrnsverige-tfb.se\/produkt\/pingvinstang-salta-hallon\/#primaryimage\",\"url\":\"https:\/\/xn--matfrnsverige-tfb.se\/wp-content\/uploads\/2025\/06\/7968808A-6CFF-4D9E-8DDB-D1F302AA3E92.jpeg\",\"contentUrl\":\"https:\/\/xn--matfrnsverige-tfb.se\/wp-content\/uploads\/2025\/06\/7968808A-6CFF-4D9E-8DDB-D1F302AA3E92.jpeg\",\"width\":1283,\"height\":822,\"caption\":\"Screenshot\"},{\"@type\":\"BreadcrumbList\",\"@id\":\"https:\/\/xn--matfrnsverige-tfb.se\/produkt\/pingvinstang-salta-hallon\/#breadcrumb\",\"itemListElement\":[{\"@type\":\"ListItem\",\"position\":1,\"name\":\"Home\",\"item\":\"https:\/\/xn--matfrnsverige-tfb.se\/\"},{\"@type\":\"ListItem\",\"position\":2,\"name\":\"Store\",\"item\":\"https:\/\/xn--matfrnsverige-tfb.se\/store\/\"},{\"@type\":\"ListItem\",\"position\":3,\"name\":\"Pingvinst\u00e5ng Salta Hallon\"}]},{\"@type\":\"WebSite\",\"@id\":\"https:\/\/xn--matfrnsverige-tfb.se\/#website\",\"url\":\"https:\/\/xn--matfrnsverige-tfb.se\/\",\"name\":\"Mat Fr\u00e5n Sverige\",\"description\":\"Buy Swedish Candy Online\",\"publisher\":{\"@id\":\"https:\/\/xn--matfrnsverige-tfb.se\/#organization\"},\"potentialAction\":[{\"@type\":\"SearchAction\",\"target\":{\"@type\":\"EntryPoint\",\"urlTemplate\":\"https:\/\/xn--matfrnsverige-tfb.se\/?s={search_term_string}\"},\"query-input\":{\"@type\":\"PropertyValueSpecification\",\"valueRequired\":true,\"valueName\":\"search_term_string\"}}],\"inLanguage\":\"en-US\"},{\"@type\":\"Organization\",\"@id\":\"https:\/\/xn--matfrnsverige-tfb.se\/#organization\",\"name\":\"Mat Fr\u00e5n Sverige\",\"url\":\"https:\/\/xn--matfrnsverige-tfb.se\/\",\"logo\":{\"@type\":\"ImageObject\",\"inLanguage\":\"en-US\",\"@id\":\"https:\/\/xn--matfrnsverige-tfb.se\/#\/schema\/logo\/image\/\",\"url\":\"https:\/\/xn--matfrnsverige-tfb.se\/wp-content\/uploads\/2025\/05\/Metallskarning.se_-1.png\",\"contentUrl\":\"https:\/\/xn--matfrnsverige-tfb.se\/wp-content\/uploads\/2025\/05\/Metallskarning.se_-1.png\",\"width\":500,\"height\":500,\"caption\":\"Mat Fr\u00e5n Sverige\"},\"image\":{\"@id\":\"https:\/\/xn--matfrnsverige-tfb.se\/#\/schema\/logo\/image\/\"}}]}<\/script>\n<!-- \/ Yoast SEO plugin. -->","yoast_head_json":{"title":"Pingvinst\u00e5ng Salta Hallon - Mat Fr\u00e5n Sverige","robots":{"index":"index","follow":"follow","max-snippet":"max-snippet:-1","max-image-preview":"max-image-preview:large","max-video-preview":"max-video-preview:-1"},"canonical":"https:\/\/xn--matfrnsverige-tfb.se\/en\/product\/pingvinstang-salta-hallon\/","og_locale":"en_US","og_type":"article","og_title":"Pingvinst\u00e5ng Salta Hallon - Mat Fr\u00e5n Sverige","og_description":"27 g, Toms Fylld saltlakrits med hallonsmak. Inneh\u00e5ller endast naturliga f\u00e4rg\u00e4mnen.   En av Toms popul\u00e4ra st\u00e4nger, vardagligt kallad pingvinst\u00e5ng. Denna Salta Hallon st\u00e5ng \u00e4r svart med en rosa fyllning och ett svart \"\u00f6ga\", st\u00e5ngen har en god smak av salta hallon. Du finner \u00e4ven denna st\u00e5ng i sm\u00e5 bitar i l\u00f6sviktsf\u00f6rs\u00e4ljningen. Salta Hallon \u00e4r utan gelatin och inneh\u00e5ller endast naturliga f\u00e4rg\u00e4mnen. Pingvinst\u00e4ngerna finns i m\u00e5nga olika smaker s\u00e5 att alla kan hitta sin favorit.","og_url":"https:\/\/xn--matfrnsverige-tfb.se\/en\/product\/pingvinstang-salta-hallon\/","og_site_name":"Mat Fr\u00e5n Sverige","article_modified_time":"2025-08-30T10:35:12+00:00","og_image":[{"width":1283,"height":822,"url":"https:\/\/xn--matfrnsverige-tfb.se\/wp-content\/uploads\/2025\/06\/7968808A-6CFF-4D9E-8DDB-D1F302AA3E92.jpeg","type":"image\/jpeg"}],"twitter_card":"summary_large_image","schema":{"@context":"https:\/\/schema.org","@graph":[{"@type":"WebPage","@id":"https:\/\/xn--matfrnsverige-tfb.se\/produkt\/pingvinstang-salta-hallon\/","url":"https:\/\/xn--matfrnsverige-tfb.se\/produkt\/pingvinstang-salta-hallon\/","name":"Pingvinst\u00e5ng Salta Hallon - Mat Fr\u00e5n Sverige","isPartOf":{"@id":"https:\/\/xn--matfrnsverige-tfb.se\/#website"},"primaryImageOfPage":{"@id":"https:\/\/xn--matfrnsverige-tfb.se\/produkt\/pingvinstang-salta-hallon\/#primaryimage"},"image":{"@id":"https:\/\/xn--matfrnsverige-tfb.se\/produkt\/pingvinstang-salta-hallon\/#primaryimage"},"thumbnailUrl":"https:\/\/xn--matfrnsverige-tfb.se\/wp-content\/uploads\/2025\/06\/7968808A-6CFF-4D9E-8DDB-D1F302AA3E92.jpeg","datePublished":"2025-08-08T16:00:10+00:00","dateModified":"2025-08-30T10:35:12+00:00","breadcrumb":{"@id":"https:\/\/xn--matfrnsverige-tfb.se\/produkt\/pingvinstang-salta-hallon\/#breadcrumb"},"inLanguage":"en-US","potentialAction":[{"@type":"ReadAction","target":["https:\/\/xn--matfrnsverige-tfb.se\/produkt\/pingvinstang-salta-hallon\/"]}]},{"@type":"ImageObject","inLanguage":"en-US","@id":"https:\/\/xn--matfrnsverige-tfb.se\/produkt\/pingvinstang-salta-hallon\/#primaryimage","url":"https:\/\/xn--matfrnsverige-tfb.se\/wp-content\/uploads\/2025\/06\/7968808A-6CFF-4D9E-8DDB-D1F302AA3E92.jpeg","contentUrl":"https:\/\/xn--matfrnsverige-tfb.se\/wp-content\/uploads\/2025\/06\/7968808A-6CFF-4D9E-8DDB-D1F302AA3E92.jpeg","width":1283,"height":822,"caption":"Screenshot"},{"@type":"BreadcrumbList","@id":"https:\/\/xn--matfrnsverige-tfb.se\/produkt\/pingvinstang-salta-hallon\/#breadcrumb","itemListElement":[{"@type":"ListItem","position":1,"name":"Home","item":"https:\/\/xn--matfrnsverige-tfb.se\/"},{"@type":"ListItem","position":2,"name":"Store","item":"https:\/\/xn--matfrnsverige-tfb.se\/store\/"},{"@type":"ListItem","position":3,"name":"Pingvinst\u00e5ng Salta Hallon"}]},{"@type":"WebSite","@id":"https:\/\/xn--matfrnsverige-tfb.se\/#website","url":"https:\/\/xn--matfrnsverige-tfb.se\/","name":"Mat Fr\u00e5n Sverige","description":"Buy Swedish Candy Online","publisher":{"@id":"https:\/\/xn--matfrnsverige-tfb.se\/#organization"},"potentialAction":[{"@type":"SearchAction","target":{"@type":"EntryPoint","urlTemplate":"https:\/\/xn--matfrnsverige-tfb.se\/?s={search_term_string}"},"query-input":{"@type":"PropertyValueSpecification","valueRequired":true,"valueName":"search_term_string"}}],"inLanguage":"en-US"},{"@type":"Organization","@id":"https:\/\/xn--matfrnsverige-tfb.se\/#organization","name":"Mat Fr\u00e5n Sverige","url":"https:\/\/xn--matfrnsverige-tfb.se\/","logo":{"@type":"ImageObject","inLanguage":"en-US","@id":"https:\/\/xn--matfrnsverige-tfb.se\/#\/schema\/logo\/image\/","url":"https:\/\/xn--matfrnsverige-tfb.se\/wp-content\/uploads\/2025\/05\/Metallskarning.se_-1.png","contentUrl":"https:\/\/xn--matfrnsverige-tfb.se\/wp-content\/uploads\/2025\/05\/Metallskarning.se_-1.png","width":500,"height":500,"caption":"Mat Fr\u00e5n Sverige"},"image":{"@id":"https:\/\/xn--matfrnsverige-tfb.se\/#\/schema\/logo\/image\/"}}]}},"jetpack_sharing_enabled":true,"_links":{"self":[{"href":"https:\/\/xn--matfrnsverige-tfb.se\/en\/wp-json\/wp\/v2\/product\/5116","targetHints":{"allow":["GET"]}}],"collection":[{"href":"https:\/\/xn--matfrnsverige-tfb.se\/en\/wp-json\/wp\/v2\/product"}],"about":[{"href":"https:\/\/xn--matfrnsverige-tfb.se\/en\/wp-json\/wp\/v2\/types\/product"}],"version-history":[{"count":2,"href":"https:\/\/xn--matfrnsverige-tfb.se\/en\/wp-json\/wp\/v2\/product\/5116\/revisions"}],"predecessor-version":[{"id":5362,"href":"https:\/\/xn--matfrnsverige-tfb.se\/en\/wp-json\/wp\/v2\/product\/5116\/revisions\/5362"}],"wp:featuredmedia":[{"embeddable":true,"href":"https:\/\/xn--matfrnsverige-tfb.se\/en\/wp-json\/wp\/v2\/media\/5319"}],"wp:attachment":[{"href":"https:\/\/xn--matfrnsverige-tfb.se\/en\/wp-json\/wp\/v2\/media?parent=5116"}],"wp:term":[{"taxonomy":"product_brand","embeddable":true,"href":"https:\/\/xn--matfrnsverige-tfb.se\/en\/wp-json\/wp\/v2\/product_brand?post=5116"},{"taxonomy":"product_cat","embeddable":true,"href":"https:\/\/xn--matfrnsverige-tfb.se\/en\/wp-json\/wp\/v2\/product_cat?post=5116"},{"taxonomy":"product_tag","embeddable":true,"href":"https:\/\/xn--matfrnsverige-tfb.se\/en\/wp-json\/wp\/v2\/product_tag?post=5116"}],"curies":[{"name":"wp","href":"https:\/\/api.w.org\/{rel}","templated":true}]}}