{"id":5138,"date":"2025-08-08T18:25:55","date_gmt":"2025-08-08T16:25:55","guid":{"rendered":"https:\/\/xn--matfrnsverige-tfb.se\/?post_type=product&#038;p=5138"},"modified":"2025-08-30T12:35:39","modified_gmt":"2025-08-30T10:35:39","slug":"graddkaramell-sockerfri","status":"publish","type":"product","link":"https:\/\/xn--matfrnsverige-tfb.se\/en\/product\/graddkaramell-sockerfri\/","title":{"rendered":"Gr\u00e4ddkaramell Sockerfri"},"content":{"rendered":"<div class=\"k-grid k-pt-3 k-pb-6\">\n<div class=\"k-grid-span-12 lg:k-grid-span-4 k-column\"><strong><span class=\"k-text-style k-text-style--body-m k-text--weight-bold\">Size<\/span><\/strong><\/div>\n<div class=\"k-grid-span-12 lg:k-grid-span-8 k-column\">\n<p class=\"k-text-style k-text-style--body-m k-text--pre-wrap\">42 gram<\/p>\n<\/div>\n<\/div>\n<div class=\"k-grid k-pt-3 k-pb-6\">\n<div class=\"k-grid-span-12 lg:k-grid-span-4 k-column\"><strong><span class=\"k-text-style k-text-style--body-m k-text--weight-bold\">Ingredienser<\/span><\/strong><\/div>\n<div class=\"k-grid-span-12 lg:k-grid-span-8 k-column\"><span class=\"k-text-style k-text-style--body-m k-text-color--subdued\">S\u00f6tningsmedel\/s\u00f8destof:\u00a0isomalt,\u00a0<strong class=\"k-text-style k-text-style--body-m k-text--weight-bold\" role=\"emphasized\">SM\u00d6R<\/strong>\u00a0(7,9%),\u00a0GR\u00c4DDE\/FL\u00d8DE\u00a0(7%),\u00a0salt,\u00a0aromer\/aromaer,\u00a0emulgeringsmedel:\u00a0lecitin\/lecithiner\u00a0(SOJA\/SOYA),\u00a0s\u00f6tningsmedel\/s\u00f8destof:\u00a0acesulfam\u00a0K\/acesulfam\u00a0Kalium. \u00d6verdriven\u00a0konsumtion\u00a0kan\u00a0ha\u00a0laxerande\u00a0effekt\/Overdreven\u00a0indtagelse\u00a0kan\u00a0virke\u00a0aff\u00f8rende.<\/span><\/div>\n<\/div>\n<div class=\"k-grid k-pt-3 k-pb-6\">\n<div class=\"k-grid-span-12 lg:k-grid-span-4 k-column\"><strong><span class=\"k-text-style k-text-style--body-m k-text--weight-bold\">Allergener<\/span><\/strong><\/div>\n<div class=\"k-grid-span-12 lg:k-grid-span-8 k-column\">\n<p class=\"k-text-style k-text-style--body-m k-text--pre-wrap\">gr\u00e4dde, fl\u00f8de, sm\u00f6r, soja, soya.<\/p>\n<\/div>\n<\/div>\n<div class=\"k-grid k-pt-3 k-pb-6\">\n<div class=\"k-grid-span-12 lg:k-grid-span-4 k-column\"><strong><span class=\"k-text-style k-text-style--body-m k-text--weight-bold\">Ursprung<\/span><\/strong><\/div>\n<div class=\"k-grid-span-12 lg:k-grid-span-8 k-column\">\n<p class=\"k-text-style k-text-style--body-m k-text--pre-wrap\">Tyskland<\/p>\n<\/div>\n<\/div>\n<div class=\"k-grid k-pt-3 k-pb-6\">\n<div class=\"k-grid-span-12 lg:k-grid-span-4 k-column\"><strong><span class=\"k-text-style k-text-style--body-m k-text--weight-bold\">Leverant\u00f6r<\/span><\/strong><\/div>\n<div class=\"k-grid-span-12 lg:k-grid-span-8 k-column\">\n<p class=\"k-text-style k-text-style--body-m k-text--pre-wrap\">Storck Sverige AB<\/p>\n<\/div>\n<\/div>","protected":false},"excerpt":{"rendered":"<p><strong>42 g, Werther&#8217;s Original<\/strong><\/p>\n<p>Njut av Werther&#8217;s Original karameller. Det klassiska godiset gjort p\u00e5 \u00e4kta sm\u00f6r och gr\u00e4dde som tillsammans skapar den unika smaken av Werther&#8217;s karamell. Nu som sockerfri! I flera generationer har Werther&#8217;s Original st\u00e5tt f\u00f6r en of\u00f6rgl\u00f6mlig smak och s\u00f6ta minnen fr\u00e5n barndomen. Noggrant tillverkade med k\u00e4rlek av de b\u00e4sta ingredienserna, skapar dessa h\u00e4rligt lena och kr\u00e4miga gr\u00e4ddkarameller gyllene \u00f6gonblick f\u00f6r dig och din familj. Asken inneh\u00e5ller 42g karameller.<\/p>","protected":false},"featured_media":5309,"template":"","meta":{"site-sidebar-layout":"default","site-content-layout":"","ast-site-content-layout":"default","site-content-style":"default","site-sidebar-style":"default","ast-global-header-display":"","ast-banner-title-visibility":"","ast-main-header-display":"","ast-hfb-above-header-display":"","ast-hfb-below-header-display":"","ast-hfb-mobile-header-display":"","site-post-title":"","ast-breadcrumbs-content":"","ast-featured-img":"","footer-sml-layout":"","theme-transparent-header-meta":"default","adv-header-id-meta":"","stick-header-meta":"","header-above-stick-meta":"","header-main-stick-meta":"","header-below-stick-meta":"","astra-migrate-meta-layouts":"set","ast-page-background-enabled":"default","ast-page-background-meta":{"desktop":{"background-color":"","background-image":"","background-repeat":"repeat","background-position":"center center","background-size":"auto","background-attachment":"scroll","background-type":"","background-media":"","overlay-type":"","overlay-color":"","overlay-opacity":"","overlay-gradient":""},"tablet":{"background-color":"","background-image":"","background-repeat":"repeat","background-position":"center center","background-size":"auto","background-attachment":"scroll","background-type":"","background-media":"","overlay-type":"","overlay-color":"","overlay-opacity":"","overlay-gradient":""},"mobile":{"background-color":"","background-image":"","background-repeat":"repeat","background-position":"center center","background-size":"auto","background-attachment":"scroll","background-type":"","background-media":"","overlay-type":"","overlay-color":"","overlay-opacity":"","overlay-gradient":""}},"ast-content-background-meta":{"desktop":{"background-color":"var(--ast-global-color-5)","background-image":"","background-repeat":"repeat","background-position":"center center","background-size":"auto","background-attachment":"scroll","background-type":"","background-media":"","overlay-type":"","overlay-color":"","overlay-opacity":"","overlay-gradient":""},"tablet":{"background-color":"var(--ast-global-color-5)","background-image":"","background-repeat":"repeat","background-position":"center center","background-size":"auto","background-attachment":"scroll","background-type":"","background-media":"","overlay-type":"","overlay-color":"","overlay-opacity":"","overlay-gradient":""},"mobile":{"background-color":"var(--ast-global-color-5)","background-image":"","background-repeat":"repeat","background-position":"center center","background-size":"auto","background-attachment":"scroll","background-type":"","background-media":"","overlay-type":"","overlay-color":"","overlay-opacity":"","overlay-gradient":""}}},"product_brand":[],"product_cat":[82,59],"product_tag":[],"class_list":{"0":"post-5138","1":"product","2":"type-product","3":"status-publish","4":"has-post-thumbnail","6":"product_cat-alla-produkter","7":"product_cat-godis","8":"desktop-align-center","9":"tablet-align-left","10":"mobile-align-left","12":"first","13":"instock","14":"taxable","15":"shipping-taxable","16":"purchasable","17":"product-type-simple"},"yoast_head":"<!-- This site is optimized with the Yoast SEO plugin v26.0 - https:\/\/yoast.com\/wordpress\/plugins\/seo\/ -->\n<title>Gr\u00e4ddkaramell Sockerfri - Mat Fr\u00e5n Sverige<\/title>\n<meta name=\"robots\" content=\"index, follow, max-snippet:-1, max-image-preview:large, max-video-preview:-1\" \/>\n<link rel=\"canonical\" href=\"https:\/\/xn--matfrnsverige-tfb.se\/en\/product\/graddkaramell-sockerfri\/\" \/>\n<meta property=\"og:locale\" content=\"en_US\" \/>\n<meta property=\"og:type\" content=\"article\" \/>\n<meta property=\"og:title\" content=\"Gr\u00e4ddkaramell Sockerfri - Mat Fr\u00e5n Sverige\" \/>\n<meta property=\"og:description\" content=\"42 g, Werther&#039;s Original  Njut av Werther&#039;s Original karameller. Det klassiska godiset gjort p\u00e5 \u00e4kta sm\u00f6r och gr\u00e4dde som tillsammans skapar den unika smaken av Werther&#039;s karamell. Nu som sockerfri! I flera generationer har Werther&#039;s Original st\u00e5tt f\u00f6r en of\u00f6rgl\u00f6mlig smak och s\u00f6ta minnen fr\u00e5n barndomen. Noggrant tillverkade med k\u00e4rlek av de b\u00e4sta ingredienserna, skapar dessa h\u00e4rligt lena och kr\u00e4miga gr\u00e4ddkarameller gyllene \u00f6gonblick f\u00f6r dig och din familj. Asken inneh\u00e5ller 42g karameller.\" \/>\n<meta property=\"og:url\" content=\"https:\/\/xn--matfrnsverige-tfb.se\/en\/product\/graddkaramell-sockerfri\/\" \/>\n<meta property=\"og:site_name\" content=\"Mat Fr\u00e5n Sverige\" \/>\n<meta property=\"article:modified_time\" content=\"2025-08-30T10:35:39+00:00\" \/>\n<meta property=\"og:image\" content=\"https:\/\/xn--matfrnsverige-tfb.se\/wp-content\/uploads\/2025\/06\/380C7E4E-5F77-46F6-BE3E-AE2DD7360363.jpeg\" \/>\n\t<meta property=\"og:image:width\" content=\"1028\" \/>\n\t<meta property=\"og:image:height\" content=\"1028\" \/>\n\t<meta property=\"og:image:type\" content=\"image\/jpeg\" \/>\n<meta name=\"twitter:card\" content=\"summary_large_image\" \/>\n<script type=\"application\/ld+json\" class=\"yoast-schema-graph\">{\"@context\":\"https:\/\/schema.org\",\"@graph\":[{\"@type\":\"WebPage\",\"@id\":\"https:\/\/xn--matfrnsverige-tfb.se\/produkt\/graddkaramell-sockerfri\/\",\"url\":\"https:\/\/xn--matfrnsverige-tfb.se\/produkt\/graddkaramell-sockerfri\/\",\"name\":\"Gr\u00e4ddkaramell Sockerfri - Mat Fr\u00e5n Sverige\",\"isPartOf\":{\"@id\":\"https:\/\/xn--matfrnsverige-tfb.se\/#website\"},\"primaryImageOfPage\":{\"@id\":\"https:\/\/xn--matfrnsverige-tfb.se\/produkt\/graddkaramell-sockerfri\/#primaryimage\"},\"image\":{\"@id\":\"https:\/\/xn--matfrnsverige-tfb.se\/produkt\/graddkaramell-sockerfri\/#primaryimage\"},\"thumbnailUrl\":\"https:\/\/xn--matfrnsverige-tfb.se\/wp-content\/uploads\/2025\/06\/380C7E4E-5F77-46F6-BE3E-AE2DD7360363.jpeg\",\"datePublished\":\"2025-08-08T16:25:55+00:00\",\"dateModified\":\"2025-08-30T10:35:39+00:00\",\"breadcrumb\":{\"@id\":\"https:\/\/xn--matfrnsverige-tfb.se\/produkt\/graddkaramell-sockerfri\/#breadcrumb\"},\"inLanguage\":\"en-US\",\"potentialAction\":[{\"@type\":\"ReadAction\",\"target\":[\"https:\/\/xn--matfrnsverige-tfb.se\/produkt\/graddkaramell-sockerfri\/\"]}]},{\"@type\":\"ImageObject\",\"inLanguage\":\"en-US\",\"@id\":\"https:\/\/xn--matfrnsverige-tfb.se\/produkt\/graddkaramell-sockerfri\/#primaryimage\",\"url\":\"https:\/\/xn--matfrnsverige-tfb.se\/wp-content\/uploads\/2025\/06\/380C7E4E-5F77-46F6-BE3E-AE2DD7360363.jpeg\",\"contentUrl\":\"https:\/\/xn--matfrnsverige-tfb.se\/wp-content\/uploads\/2025\/06\/380C7E4E-5F77-46F6-BE3E-AE2DD7360363.jpeg\",\"width\":1028,\"height\":1028,\"caption\":\"Screenshot\"},{\"@type\":\"BreadcrumbList\",\"@id\":\"https:\/\/xn--matfrnsverige-tfb.se\/produkt\/graddkaramell-sockerfri\/#breadcrumb\",\"itemListElement\":[{\"@type\":\"ListItem\",\"position\":1,\"name\":\"Home\",\"item\":\"https:\/\/xn--matfrnsverige-tfb.se\/\"},{\"@type\":\"ListItem\",\"position\":2,\"name\":\"Store\",\"item\":\"https:\/\/xn--matfrnsverige-tfb.se\/store\/\"},{\"@type\":\"ListItem\",\"position\":3,\"name\":\"Gr\u00e4ddkaramell Sockerfri\"}]},{\"@type\":\"WebSite\",\"@id\":\"https:\/\/xn--matfrnsverige-tfb.se\/#website\",\"url\":\"https:\/\/xn--matfrnsverige-tfb.se\/\",\"name\":\"Mat Fr\u00e5n Sverige\",\"description\":\"Buy Swedish Candy Online\",\"publisher\":{\"@id\":\"https:\/\/xn--matfrnsverige-tfb.se\/#organization\"},\"potentialAction\":[{\"@type\":\"SearchAction\",\"target\":{\"@type\":\"EntryPoint\",\"urlTemplate\":\"https:\/\/xn--matfrnsverige-tfb.se\/?s={search_term_string}\"},\"query-input\":{\"@type\":\"PropertyValueSpecification\",\"valueRequired\":true,\"valueName\":\"search_term_string\"}}],\"inLanguage\":\"en-US\"},{\"@type\":\"Organization\",\"@id\":\"https:\/\/xn--matfrnsverige-tfb.se\/#organization\",\"name\":\"Mat Fr\u00e5n Sverige\",\"url\":\"https:\/\/xn--matfrnsverige-tfb.se\/\",\"logo\":{\"@type\":\"ImageObject\",\"inLanguage\":\"en-US\",\"@id\":\"https:\/\/xn--matfrnsverige-tfb.se\/#\/schema\/logo\/image\/\",\"url\":\"https:\/\/xn--matfrnsverige-tfb.se\/wp-content\/uploads\/2025\/05\/Metallskarning.se_-1.png\",\"contentUrl\":\"https:\/\/xn--matfrnsverige-tfb.se\/wp-content\/uploads\/2025\/05\/Metallskarning.se_-1.png\",\"width\":500,\"height\":500,\"caption\":\"Mat Fr\u00e5n Sverige\"},\"image\":{\"@id\":\"https:\/\/xn--matfrnsverige-tfb.se\/#\/schema\/logo\/image\/\"}}]}<\/script>\n<!-- \/ Yoast SEO plugin. -->","yoast_head_json":{"title":"Gr\u00e4ddkaramell Sockerfri - Mat Fr\u00e5n Sverige","robots":{"index":"index","follow":"follow","max-snippet":"max-snippet:-1","max-image-preview":"max-image-preview:large","max-video-preview":"max-video-preview:-1"},"canonical":"https:\/\/xn--matfrnsverige-tfb.se\/en\/product\/graddkaramell-sockerfri\/","og_locale":"en_US","og_type":"article","og_title":"Gr\u00e4ddkaramell Sockerfri - Mat Fr\u00e5n Sverige","og_description":"42 g, Werther's Original  Njut av Werther's Original karameller. Det klassiska godiset gjort p\u00e5 \u00e4kta sm\u00f6r och gr\u00e4dde som tillsammans skapar den unika smaken av Werther's karamell. Nu som sockerfri! I flera generationer har Werther's Original st\u00e5tt f\u00f6r en of\u00f6rgl\u00f6mlig smak och s\u00f6ta minnen fr\u00e5n barndomen. Noggrant tillverkade med k\u00e4rlek av de b\u00e4sta ingredienserna, skapar dessa h\u00e4rligt lena och kr\u00e4miga gr\u00e4ddkarameller gyllene \u00f6gonblick f\u00f6r dig och din familj. Asken inneh\u00e5ller 42g karameller.","og_url":"https:\/\/xn--matfrnsverige-tfb.se\/en\/product\/graddkaramell-sockerfri\/","og_site_name":"Mat Fr\u00e5n Sverige","article_modified_time":"2025-08-30T10:35:39+00:00","og_image":[{"width":1028,"height":1028,"url":"https:\/\/xn--matfrnsverige-tfb.se\/wp-content\/uploads\/2025\/06\/380C7E4E-5F77-46F6-BE3E-AE2DD7360363.jpeg","type":"image\/jpeg"}],"twitter_card":"summary_large_image","schema":{"@context":"https:\/\/schema.org","@graph":[{"@type":"WebPage","@id":"https:\/\/xn--matfrnsverige-tfb.se\/produkt\/graddkaramell-sockerfri\/","url":"https:\/\/xn--matfrnsverige-tfb.se\/produkt\/graddkaramell-sockerfri\/","name":"Gr\u00e4ddkaramell Sockerfri - Mat Fr\u00e5n Sverige","isPartOf":{"@id":"https:\/\/xn--matfrnsverige-tfb.se\/#website"},"primaryImageOfPage":{"@id":"https:\/\/xn--matfrnsverige-tfb.se\/produkt\/graddkaramell-sockerfri\/#primaryimage"},"image":{"@id":"https:\/\/xn--matfrnsverige-tfb.se\/produkt\/graddkaramell-sockerfri\/#primaryimage"},"thumbnailUrl":"https:\/\/xn--matfrnsverige-tfb.se\/wp-content\/uploads\/2025\/06\/380C7E4E-5F77-46F6-BE3E-AE2DD7360363.jpeg","datePublished":"2025-08-08T16:25:55+00:00","dateModified":"2025-08-30T10:35:39+00:00","breadcrumb":{"@id":"https:\/\/xn--matfrnsverige-tfb.se\/produkt\/graddkaramell-sockerfri\/#breadcrumb"},"inLanguage":"en-US","potentialAction":[{"@type":"ReadAction","target":["https:\/\/xn--matfrnsverige-tfb.se\/produkt\/graddkaramell-sockerfri\/"]}]},{"@type":"ImageObject","inLanguage":"en-US","@id":"https:\/\/xn--matfrnsverige-tfb.se\/produkt\/graddkaramell-sockerfri\/#primaryimage","url":"https:\/\/xn--matfrnsverige-tfb.se\/wp-content\/uploads\/2025\/06\/380C7E4E-5F77-46F6-BE3E-AE2DD7360363.jpeg","contentUrl":"https:\/\/xn--matfrnsverige-tfb.se\/wp-content\/uploads\/2025\/06\/380C7E4E-5F77-46F6-BE3E-AE2DD7360363.jpeg","width":1028,"height":1028,"caption":"Screenshot"},{"@type":"BreadcrumbList","@id":"https:\/\/xn--matfrnsverige-tfb.se\/produkt\/graddkaramell-sockerfri\/#breadcrumb","itemListElement":[{"@type":"ListItem","position":1,"name":"Home","item":"https:\/\/xn--matfrnsverige-tfb.se\/"},{"@type":"ListItem","position":2,"name":"Store","item":"https:\/\/xn--matfrnsverige-tfb.se\/store\/"},{"@type":"ListItem","position":3,"name":"Gr\u00e4ddkaramell Sockerfri"}]},{"@type":"WebSite","@id":"https:\/\/xn--matfrnsverige-tfb.se\/#website","url":"https:\/\/xn--matfrnsverige-tfb.se\/","name":"Mat Fr\u00e5n Sverige","description":"Buy Swedish Candy Online","publisher":{"@id":"https:\/\/xn--matfrnsverige-tfb.se\/#organization"},"potentialAction":[{"@type":"SearchAction","target":{"@type":"EntryPoint","urlTemplate":"https:\/\/xn--matfrnsverige-tfb.se\/?s={search_term_string}"},"query-input":{"@type":"PropertyValueSpecification","valueRequired":true,"valueName":"search_term_string"}}],"inLanguage":"en-US"},{"@type":"Organization","@id":"https:\/\/xn--matfrnsverige-tfb.se\/#organization","name":"Mat Fr\u00e5n Sverige","url":"https:\/\/xn--matfrnsverige-tfb.se\/","logo":{"@type":"ImageObject","inLanguage":"en-US","@id":"https:\/\/xn--matfrnsverige-tfb.se\/#\/schema\/logo\/image\/","url":"https:\/\/xn--matfrnsverige-tfb.se\/wp-content\/uploads\/2025\/05\/Metallskarning.se_-1.png","contentUrl":"https:\/\/xn--matfrnsverige-tfb.se\/wp-content\/uploads\/2025\/05\/Metallskarning.se_-1.png","width":500,"height":500,"caption":"Mat Fr\u00e5n Sverige"},"image":{"@id":"https:\/\/xn--matfrnsverige-tfb.se\/#\/schema\/logo\/image\/"}}]}},"jetpack_sharing_enabled":true,"_links":{"self":[{"href":"https:\/\/xn--matfrnsverige-tfb.se\/en\/wp-json\/wp\/v2\/product\/5138","targetHints":{"allow":["GET"]}}],"collection":[{"href":"https:\/\/xn--matfrnsverige-tfb.se\/en\/wp-json\/wp\/v2\/product"}],"about":[{"href":"https:\/\/xn--matfrnsverige-tfb.se\/en\/wp-json\/wp\/v2\/types\/product"}],"version-history":[{"count":1,"href":"https:\/\/xn--matfrnsverige-tfb.se\/en\/wp-json\/wp\/v2\/product\/5138\/revisions"}],"predecessor-version":[{"id":5139,"href":"https:\/\/xn--matfrnsverige-tfb.se\/en\/wp-json\/wp\/v2\/product\/5138\/revisions\/5139"}],"wp:featuredmedia":[{"embeddable":true,"href":"https:\/\/xn--matfrnsverige-tfb.se\/en\/wp-json\/wp\/v2\/media\/5309"}],"wp:attachment":[{"href":"https:\/\/xn--matfrnsverige-tfb.se\/en\/wp-json\/wp\/v2\/media?parent=5138"}],"wp:term":[{"taxonomy":"product_brand","embeddable":true,"href":"https:\/\/xn--matfrnsverige-tfb.se\/en\/wp-json\/wp\/v2\/product_brand?post=5138"},{"taxonomy":"product_cat","embeddable":true,"href":"https:\/\/xn--matfrnsverige-tfb.se\/en\/wp-json\/wp\/v2\/product_cat?post=5138"},{"taxonomy":"product_tag","embeddable":true,"href":"https:\/\/xn--matfrnsverige-tfb.se\/en\/wp-json\/wp\/v2\/product_tag?post=5138"}],"curies":[{"name":"wp","href":"https:\/\/api.w.org\/{rel}","templated":true}]}}