{"id":5190,"date":"2025-08-08T19:17:06","date_gmt":"2025-08-08T17:17:06","guid":{"rendered":"https:\/\/xn--matfrnsverige-tfb.se\/?post_type=product&#038;p=5190"},"modified":"2025-08-30T12:36:03","modified_gmt":"2025-08-30T10:36:03","slug":"graddkola-salted-caramel","status":"publish","type":"product","link":"https:\/\/xn--matfrnsverige-tfb.se\/en\/product\/graddkola-salted-caramel\/","title":{"rendered":"Gr\u00e4ddkola Salted Caramel"},"content":{"rendered":"<div class=\"k-grid k-pt-3 k-pb-6\">\n<div class=\"k-grid-span-12 lg:k-grid-span-4 k-column\"><strong><span class=\"k-text-style k-text-style--body-m k-text--weight-bold\">Size<\/span><\/strong><\/div>\n<div class=\"k-grid-span-12 lg:k-grid-span-8 k-column\">\n<p class=\"k-text-style k-text-style--body-m k-text--pre-wrap\">125 gram<\/p>\n<\/div>\n<\/div>\n<div class=\"k-grid k-pt-3 k-pb-6\">\n<div class=\"k-grid-span-12 lg:k-grid-span-4 k-column\"><strong><span class=\"k-text-style k-text-style--body-m k-text--weight-bold\">Ingredienser<\/span><\/strong><\/div>\n<div class=\"k-grid-span-12 lg:k-grid-span-8 k-column\"><span class=\"k-text-style k-text-style--body-m k-text-color--subdued\">Glukossirap,\u00a0socker\/sukker,\u00a0vegetabiliskt\u00a0fett\/fedtstoffer\u00a0(palm,\u00a0shea),\u00a0kondenserad\u00a0SKUMMJ\u00d6LK\/SKUMMETM\u00c6LK,\u00a0fuktighetsbevarande\u00a0medel:\u00a0sorbitolsirap,\u00a0HELMJ\u00d6LKSPULVER\/S\u00d8DM\u00c6LKSPULVER,\u00a0<strong class=\"k-text-style k-text-style--body-m k-text--weight-bold\" role=\"emphasized\">MJ\u00d6LKSOCKER<\/strong>\u00a0(LAKTOS\/LAKTOSE),\u00a0GR\u00c4DDE\/FL\u00d8DE\u00a0(2,9\u00a0%),\u00a0kondenserad\u00a0VASSLE\/VALLE\/MYSE\u00a0(fr\u00e5n\u00a0MJ\u00d6LK\/M\u00c6LK),\u00a0SM\u00d6R\/SM\u00d8R\u00a0(1,9\u00a0%),\u00a0VASSLEPULVER\/VALLEPULVER\/MYSEPULVER\u00a0(fr\u00e5n\u00a0MJ\u00d6LK\/M\u00c6LK),\u00a0farinsocker,\u00a0salt,\u00a0emulgeringsmedel:\u00a0lecitin\/lecithiner\u00a0(<strong class=\"k-text-style k-text-style--body-m k-text--weight-bold\" role=\"emphasized\">SOJA<\/strong>),\u00a0r\u00f6rsockersirap\/r\u00f8rsukkersirup,\u00a0aromer,\u00a0karamellsockersirap\/\u00a0karamelsukkersirup,\u00a0malda\/malede\u00a0HASSELN\u00d6TTER\/HASSELN\u00d8DDER.\u00a0<strong class=\"k-text-style k-text-style--body-m k-text--weight-bold\" role=\"emphasized\">KAN<\/strong>\u00a0\u00c4VEN\/OGS\u00c5\u00a0INNEH\u00c5LLA\/INDEHOLDE\u00a0DELAR\/BESTANDDELE\u00a0AV\u00a0<strong class=\"k-text-style k-text-style--body-m k-text--weight-bold\" role=\"emphasized\">MANDEL<\/strong>\u00a0OCH\/OG\u00a0<strong class=\"k-text-style k-text-style--body-m k-text--weight-bold\" role=\"emphasized\">ANDRA<\/strong>\u00a0N\u00d6TTER\/N\u00d8DDER.<\/span><\/div>\n<\/div>\n<div class=\"k-grid k-pt-3 k-pb-6\">\n<div class=\"k-grid-span-12 lg:k-grid-span-4 k-column\"><strong><span class=\"k-text-style k-text-style--body-m k-text--weight-bold\">Allergener<\/span><\/strong><\/div>\n<div class=\"k-grid-span-12 lg:k-grid-span-8 k-column\">\n<p class=\"k-text-style k-text-style--body-m k-text--pre-wrap\">helmj\u00f6lkspulver, s\u00f8dm\u00e6lkspulver, hasseln\u00f6tter, vasslepulver, hasseln\u00f8dder, vallepulver, mj\u00f6lksocker, skummetm\u00e6lk, bestanddele, mysepulver, inneh\u00e5lla, indeholde, skummj\u00f6lk, laktose, laktos, n\u00f6tter, mandel, n\u00f8dder, vassle, gr\u00e4dde, fl\u00f8de, valle, andra, mj\u00f6lk, delar, sm\u00f8r, soja, \u00e4ven, myse, sm\u00f6r, m\u00e6lk, ogs\u00e5, och, kan.<\/p>\n<\/div>\n<\/div>\n<div class=\"k-grid k-pt-3 k-pb-6\">\n<div class=\"k-grid-span-12 lg:k-grid-span-4 k-column\"><strong><span class=\"k-text-style k-text-style--body-m k-text--weight-bold\">Ursprung<\/span><\/strong><\/div>\n<div class=\"k-grid-span-12 lg:k-grid-span-8 k-column\">\n<p class=\"k-text-style k-text-style--body-m k-text--pre-wrap\">Tyskland<\/p>\n<\/div>\n<\/div>\n<div class=\"k-grid k-pt-3 k-pb-6\">\n<div class=\"k-grid-span-12 lg:k-grid-span-4 k-column\"><strong><span class=\"k-text-style k-text-style--body-m k-text--weight-bold\">Leverant\u00f6r<\/span><\/strong><\/div>\n<div class=\"k-grid-span-12 lg:k-grid-span-8 k-column\">\n<p class=\"k-text-style k-text-style--body-m k-text--pre-wrap\">Storck Sverige AB<\/p>\n<\/div>\n<\/div>","protected":false},"excerpt":{"rendered":"<p><strong>125 g, Werther&#8217;s Original<\/strong><\/p>\n<p class=\"k-text-style k-text-style--body-m k-text--pre-wrap\">Njut av Werther&#8217;s Original mjuka kolor. Det klassiska godiset gjort p\u00e5 \u00e4kta sm\u00f6r och gr\u00e4dde som tillsammans skapar den unika smaken av Werther&#8217;s karamell. Nu kan du njuta av den h\u00e4rliga smaken i Werther\u00b4s Original mjuka gr\u00e4ddkolor med en ljuvlig, kr\u00e4mig och len salt karamellkr\u00e4msfyllning. En perfekt blandning mellan s\u00f6tt och salt som skapar njutning &amp; ett gyllene \u00f6gonblick f\u00f6r dig sj\u00e4lv eller att dela med andra. I flera generationer har Werther&#8217;s Original st\u00e5tt f\u00f6r en of\u00f6rgl\u00f6mlig smak och s\u00f6ta minnen fr\u00e5n barndomen. Noggrant tillverkade med k\u00e4rlek av de b\u00e4sta ingredienserna, skapar dessa h\u00e4rligt lena, mjuka och kr\u00e4miga gr\u00e4ddkolor gyllene \u00f6gonblick f\u00f6r dig och din familj. Werther&#8217;s Original \u00e4r s\u00e5 god att varje kola \u00e4r individuellt inslagen i guld. Godisp\u00e5sen inneh\u00e5ller 125g kolor.<\/p>","protected":false},"featured_media":5283,"template":"","meta":{"site-sidebar-layout":"default","site-content-layout":"","ast-site-content-layout":"default","site-content-style":"default","site-sidebar-style":"default","ast-global-header-display":"","ast-banner-title-visibility":"","ast-main-header-display":"","ast-hfb-above-header-display":"","ast-hfb-below-header-display":"","ast-hfb-mobile-header-display":"","site-post-title":"","ast-breadcrumbs-content":"","ast-featured-img":"","footer-sml-layout":"","theme-transparent-header-meta":"default","adv-header-id-meta":"","stick-header-meta":"","header-above-stick-meta":"","header-main-stick-meta":"","header-below-stick-meta":"","astra-migrate-meta-layouts":"set","ast-page-background-enabled":"default","ast-page-background-meta":{"desktop":{"background-color":"","background-image":"","background-repeat":"repeat","background-position":"center center","background-size":"auto","background-attachment":"scroll","background-type":"","background-media":"","overlay-type":"","overlay-color":"","overlay-opacity":"","overlay-gradient":""},"tablet":{"background-color":"","background-image":"","background-repeat":"repeat","background-position":"center center","background-size":"auto","background-attachment":"scroll","background-type":"","background-media":"","overlay-type":"","overlay-color":"","overlay-opacity":"","overlay-gradient":""},"mobile":{"background-color":"","background-image":"","background-repeat":"repeat","background-position":"center center","background-size":"auto","background-attachment":"scroll","background-type":"","background-media":"","overlay-type":"","overlay-color":"","overlay-opacity":"","overlay-gradient":""}},"ast-content-background-meta":{"desktop":{"background-color":"var(--ast-global-color-5)","background-image":"","background-repeat":"repeat","background-position":"center center","background-size":"auto","background-attachment":"scroll","background-type":"","background-media":"","overlay-type":"","overlay-color":"","overlay-opacity":"","overlay-gradient":""},"tablet":{"background-color":"var(--ast-global-color-5)","background-image":"","background-repeat":"repeat","background-position":"center center","background-size":"auto","background-attachment":"scroll","background-type":"","background-media":"","overlay-type":"","overlay-color":"","overlay-opacity":"","overlay-gradient":""},"mobile":{"background-color":"var(--ast-global-color-5)","background-image":"","background-repeat":"repeat","background-position":"center center","background-size":"auto","background-attachment":"scroll","background-type":"","background-media":"","overlay-type":"","overlay-color":"","overlay-opacity":"","overlay-gradient":""}}},"product_brand":[],"product_cat":[82,59],"product_tag":[],"class_list":{"0":"post-5190","1":"product","2":"type-product","3":"status-publish","4":"has-post-thumbnail","6":"product_cat-alla-produkter","7":"product_cat-godis","8":"desktop-align-center","9":"tablet-align-left","10":"mobile-align-left","12":"first","13":"instock","14":"taxable","15":"shipping-taxable","16":"purchasable","17":"product-type-simple"},"yoast_head":"<!-- This site is optimized with the Yoast SEO plugin v26.0 - https:\/\/yoast.com\/wordpress\/plugins\/seo\/ -->\n<title>Gr\u00e4ddkola Salted Caramel - Mat Fr\u00e5n Sverige<\/title>\n<meta name=\"robots\" content=\"index, follow, max-snippet:-1, max-image-preview:large, max-video-preview:-1\" \/>\n<link rel=\"canonical\" href=\"https:\/\/xn--matfrnsverige-tfb.se\/en\/product\/graddkola-salted-caramel\/\" \/>\n<meta property=\"og:locale\" content=\"en_US\" \/>\n<meta property=\"og:type\" content=\"article\" \/>\n<meta property=\"og:title\" content=\"Gr\u00e4ddkola Salted Caramel - Mat Fr\u00e5n Sverige\" \/>\n<meta property=\"og:description\" content=\"125 g, Werther&#039;s Original Njut av Werther&#039;s Original mjuka kolor. Det klassiska godiset gjort p\u00e5 \u00e4kta sm\u00f6r och gr\u00e4dde som tillsammans skapar den unika smaken av Werther&#039;s karamell. Nu kan du njuta av den h\u00e4rliga smaken i Werther\u00b4s Original mjuka gr\u00e4ddkolor med en ljuvlig, kr\u00e4mig och len salt karamellkr\u00e4msfyllning. En perfekt blandning mellan s\u00f6tt och salt som skapar njutning &amp; ett gyllene \u00f6gonblick f\u00f6r dig sj\u00e4lv eller att dela med andra. I flera generationer har Werther&#039;s Original st\u00e5tt f\u00f6r en of\u00f6rgl\u00f6mlig smak och s\u00f6ta minnen fr\u00e5n barndomen. Noggrant tillverkade med k\u00e4rlek av de b\u00e4sta ingredienserna, skapar dessa h\u00e4rligt lena, mjuka och kr\u00e4miga gr\u00e4ddkolor gyllene \u00f6gonblick f\u00f6r dig och din familj. Werther&#039;s Original \u00e4r s\u00e5 god att varje kola \u00e4r individuellt inslagen i guld. Godisp\u00e5sen inneh\u00e5ller 125g kolor.\" \/>\n<meta property=\"og:url\" content=\"https:\/\/xn--matfrnsverige-tfb.se\/en\/product\/graddkola-salted-caramel\/\" \/>\n<meta property=\"og:site_name\" content=\"Mat Fr\u00e5n Sverige\" \/>\n<meta property=\"article:modified_time\" content=\"2025-08-30T10:36:03+00:00\" \/>\n<meta property=\"og:image\" content=\"https:\/\/xn--matfrnsverige-tfb.se\/wp-content\/uploads\/2025\/06\/5371C763-19A6-47AC-B15D-8EF7388F8C2D.jpeg\" \/>\n\t<meta property=\"og:image:width\" content=\"1035\" \/>\n\t<meta property=\"og:image:height\" content=\"1035\" \/>\n\t<meta property=\"og:image:type\" content=\"image\/jpeg\" \/>\n<meta name=\"twitter:card\" content=\"summary_large_image\" \/>\n<meta name=\"twitter:label1\" content=\"Est. reading time\" \/>\n\t<meta name=\"twitter:data1\" content=\"1 minute\" \/>\n<script type=\"application\/ld+json\" class=\"yoast-schema-graph\">{\"@context\":\"https:\/\/schema.org\",\"@graph\":[{\"@type\":\"WebPage\",\"@id\":\"https:\/\/xn--matfrnsverige-tfb.se\/produkt\/graddkola-salted-caramel\/\",\"url\":\"https:\/\/xn--matfrnsverige-tfb.se\/produkt\/graddkola-salted-caramel\/\",\"name\":\"Gr\u00e4ddkola Salted Caramel - Mat Fr\u00e5n Sverige\",\"isPartOf\":{\"@id\":\"https:\/\/xn--matfrnsverige-tfb.se\/#website\"},\"primaryImageOfPage\":{\"@id\":\"https:\/\/xn--matfrnsverige-tfb.se\/produkt\/graddkola-salted-caramel\/#primaryimage\"},\"image\":{\"@id\":\"https:\/\/xn--matfrnsverige-tfb.se\/produkt\/graddkola-salted-caramel\/#primaryimage\"},\"thumbnailUrl\":\"https:\/\/xn--matfrnsverige-tfb.se\/wp-content\/uploads\/2025\/06\/5371C763-19A6-47AC-B15D-8EF7388F8C2D.jpeg\",\"datePublished\":\"2025-08-08T17:17:06+00:00\",\"dateModified\":\"2025-08-30T10:36:03+00:00\",\"breadcrumb\":{\"@id\":\"https:\/\/xn--matfrnsverige-tfb.se\/produkt\/graddkola-salted-caramel\/#breadcrumb\"},\"inLanguage\":\"en-US\",\"potentialAction\":[{\"@type\":\"ReadAction\",\"target\":[\"https:\/\/xn--matfrnsverige-tfb.se\/produkt\/graddkola-salted-caramel\/\"]}]},{\"@type\":\"ImageObject\",\"inLanguage\":\"en-US\",\"@id\":\"https:\/\/xn--matfrnsverige-tfb.se\/produkt\/graddkola-salted-caramel\/#primaryimage\",\"url\":\"https:\/\/xn--matfrnsverige-tfb.se\/wp-content\/uploads\/2025\/06\/5371C763-19A6-47AC-B15D-8EF7388F8C2D.jpeg\",\"contentUrl\":\"https:\/\/xn--matfrnsverige-tfb.se\/wp-content\/uploads\/2025\/06\/5371C763-19A6-47AC-B15D-8EF7388F8C2D.jpeg\",\"width\":1035,\"height\":1035,\"caption\":\"Screenshot\"},{\"@type\":\"BreadcrumbList\",\"@id\":\"https:\/\/xn--matfrnsverige-tfb.se\/produkt\/graddkola-salted-caramel\/#breadcrumb\",\"itemListElement\":[{\"@type\":\"ListItem\",\"position\":1,\"name\":\"Home\",\"item\":\"https:\/\/xn--matfrnsverige-tfb.se\/\"},{\"@type\":\"ListItem\",\"position\":2,\"name\":\"Store\",\"item\":\"https:\/\/xn--matfrnsverige-tfb.se\/store\/\"},{\"@type\":\"ListItem\",\"position\":3,\"name\":\"Gr\u00e4ddkola Salted Caramel\"}]},{\"@type\":\"WebSite\",\"@id\":\"https:\/\/xn--matfrnsverige-tfb.se\/#website\",\"url\":\"https:\/\/xn--matfrnsverige-tfb.se\/\",\"name\":\"Mat Fr\u00e5n Sverige\",\"description\":\"Buy Swedish Candy Online\",\"publisher\":{\"@id\":\"https:\/\/xn--matfrnsverige-tfb.se\/#organization\"},\"potentialAction\":[{\"@type\":\"SearchAction\",\"target\":{\"@type\":\"EntryPoint\",\"urlTemplate\":\"https:\/\/xn--matfrnsverige-tfb.se\/?s={search_term_string}\"},\"query-input\":{\"@type\":\"PropertyValueSpecification\",\"valueRequired\":true,\"valueName\":\"search_term_string\"}}],\"inLanguage\":\"en-US\"},{\"@type\":\"Organization\",\"@id\":\"https:\/\/xn--matfrnsverige-tfb.se\/#organization\",\"name\":\"Mat Fr\u00e5n Sverige\",\"url\":\"https:\/\/xn--matfrnsverige-tfb.se\/\",\"logo\":{\"@type\":\"ImageObject\",\"inLanguage\":\"en-US\",\"@id\":\"https:\/\/xn--matfrnsverige-tfb.se\/#\/schema\/logo\/image\/\",\"url\":\"https:\/\/xn--matfrnsverige-tfb.se\/wp-content\/uploads\/2025\/05\/Metallskarning.se_-1.png\",\"contentUrl\":\"https:\/\/xn--matfrnsverige-tfb.se\/wp-content\/uploads\/2025\/05\/Metallskarning.se_-1.png\",\"width\":500,\"height\":500,\"caption\":\"Mat Fr\u00e5n Sverige\"},\"image\":{\"@id\":\"https:\/\/xn--matfrnsverige-tfb.se\/#\/schema\/logo\/image\/\"}}]}<\/script>\n<!-- \/ Yoast SEO plugin. -->","yoast_head_json":{"title":"Gr\u00e4ddkola Salted Caramel - Mat Fr\u00e5n Sverige","robots":{"index":"index","follow":"follow","max-snippet":"max-snippet:-1","max-image-preview":"max-image-preview:large","max-video-preview":"max-video-preview:-1"},"canonical":"https:\/\/xn--matfrnsverige-tfb.se\/en\/product\/graddkola-salted-caramel\/","og_locale":"en_US","og_type":"article","og_title":"Gr\u00e4ddkola Salted Caramel - Mat Fr\u00e5n Sverige","og_description":"125 g, Werther's Original Njut av Werther's Original mjuka kolor. Det klassiska godiset gjort p\u00e5 \u00e4kta sm\u00f6r och gr\u00e4dde som tillsammans skapar den unika smaken av Werther's karamell. Nu kan du njuta av den h\u00e4rliga smaken i Werther\u00b4s Original mjuka gr\u00e4ddkolor med en ljuvlig, kr\u00e4mig och len salt karamellkr\u00e4msfyllning. En perfekt blandning mellan s\u00f6tt och salt som skapar njutning &amp; ett gyllene \u00f6gonblick f\u00f6r dig sj\u00e4lv eller att dela med andra. I flera generationer har Werther's Original st\u00e5tt f\u00f6r en of\u00f6rgl\u00f6mlig smak och s\u00f6ta minnen fr\u00e5n barndomen. Noggrant tillverkade med k\u00e4rlek av de b\u00e4sta ingredienserna, skapar dessa h\u00e4rligt lena, mjuka och kr\u00e4miga gr\u00e4ddkolor gyllene \u00f6gonblick f\u00f6r dig och din familj. Werther's Original \u00e4r s\u00e5 god att varje kola \u00e4r individuellt inslagen i guld. Godisp\u00e5sen inneh\u00e5ller 125g kolor.","og_url":"https:\/\/xn--matfrnsverige-tfb.se\/en\/product\/graddkola-salted-caramel\/","og_site_name":"Mat Fr\u00e5n Sverige","article_modified_time":"2025-08-30T10:36:03+00:00","og_image":[{"width":1035,"height":1035,"url":"https:\/\/xn--matfrnsverige-tfb.se\/wp-content\/uploads\/2025\/06\/5371C763-19A6-47AC-B15D-8EF7388F8C2D.jpeg","type":"image\/jpeg"}],"twitter_card":"summary_large_image","twitter_misc":{"Est. reading time":"1 minute"},"schema":{"@context":"https:\/\/schema.org","@graph":[{"@type":"WebPage","@id":"https:\/\/xn--matfrnsverige-tfb.se\/produkt\/graddkola-salted-caramel\/","url":"https:\/\/xn--matfrnsverige-tfb.se\/produkt\/graddkola-salted-caramel\/","name":"Gr\u00e4ddkola Salted Caramel - Mat Fr\u00e5n Sverige","isPartOf":{"@id":"https:\/\/xn--matfrnsverige-tfb.se\/#website"},"primaryImageOfPage":{"@id":"https:\/\/xn--matfrnsverige-tfb.se\/produkt\/graddkola-salted-caramel\/#primaryimage"},"image":{"@id":"https:\/\/xn--matfrnsverige-tfb.se\/produkt\/graddkola-salted-caramel\/#primaryimage"},"thumbnailUrl":"https:\/\/xn--matfrnsverige-tfb.se\/wp-content\/uploads\/2025\/06\/5371C763-19A6-47AC-B15D-8EF7388F8C2D.jpeg","datePublished":"2025-08-08T17:17:06+00:00","dateModified":"2025-08-30T10:36:03+00:00","breadcrumb":{"@id":"https:\/\/xn--matfrnsverige-tfb.se\/produkt\/graddkola-salted-caramel\/#breadcrumb"},"inLanguage":"en-US","potentialAction":[{"@type":"ReadAction","target":["https:\/\/xn--matfrnsverige-tfb.se\/produkt\/graddkola-salted-caramel\/"]}]},{"@type":"ImageObject","inLanguage":"en-US","@id":"https:\/\/xn--matfrnsverige-tfb.se\/produkt\/graddkola-salted-caramel\/#primaryimage","url":"https:\/\/xn--matfrnsverige-tfb.se\/wp-content\/uploads\/2025\/06\/5371C763-19A6-47AC-B15D-8EF7388F8C2D.jpeg","contentUrl":"https:\/\/xn--matfrnsverige-tfb.se\/wp-content\/uploads\/2025\/06\/5371C763-19A6-47AC-B15D-8EF7388F8C2D.jpeg","width":1035,"height":1035,"caption":"Screenshot"},{"@type":"BreadcrumbList","@id":"https:\/\/xn--matfrnsverige-tfb.se\/produkt\/graddkola-salted-caramel\/#breadcrumb","itemListElement":[{"@type":"ListItem","position":1,"name":"Home","item":"https:\/\/xn--matfrnsverige-tfb.se\/"},{"@type":"ListItem","position":2,"name":"Store","item":"https:\/\/xn--matfrnsverige-tfb.se\/store\/"},{"@type":"ListItem","position":3,"name":"Gr\u00e4ddkola Salted Caramel"}]},{"@type":"WebSite","@id":"https:\/\/xn--matfrnsverige-tfb.se\/#website","url":"https:\/\/xn--matfrnsverige-tfb.se\/","name":"Mat Fr\u00e5n Sverige","description":"Buy Swedish Candy Online","publisher":{"@id":"https:\/\/xn--matfrnsverige-tfb.se\/#organization"},"potentialAction":[{"@type":"SearchAction","target":{"@type":"EntryPoint","urlTemplate":"https:\/\/xn--matfrnsverige-tfb.se\/?s={search_term_string}"},"query-input":{"@type":"PropertyValueSpecification","valueRequired":true,"valueName":"search_term_string"}}],"inLanguage":"en-US"},{"@type":"Organization","@id":"https:\/\/xn--matfrnsverige-tfb.se\/#organization","name":"Mat Fr\u00e5n Sverige","url":"https:\/\/xn--matfrnsverige-tfb.se\/","logo":{"@type":"ImageObject","inLanguage":"en-US","@id":"https:\/\/xn--matfrnsverige-tfb.se\/#\/schema\/logo\/image\/","url":"https:\/\/xn--matfrnsverige-tfb.se\/wp-content\/uploads\/2025\/05\/Metallskarning.se_-1.png","contentUrl":"https:\/\/xn--matfrnsverige-tfb.se\/wp-content\/uploads\/2025\/05\/Metallskarning.se_-1.png","width":500,"height":500,"caption":"Mat Fr\u00e5n Sverige"},"image":{"@id":"https:\/\/xn--matfrnsverige-tfb.se\/#\/schema\/logo\/image\/"}}]}},"jetpack_sharing_enabled":true,"_links":{"self":[{"href":"https:\/\/xn--matfrnsverige-tfb.se\/en\/wp-json\/wp\/v2\/product\/5190","targetHints":{"allow":["GET"]}}],"collection":[{"href":"https:\/\/xn--matfrnsverige-tfb.se\/en\/wp-json\/wp\/v2\/product"}],"about":[{"href":"https:\/\/xn--matfrnsverige-tfb.se\/en\/wp-json\/wp\/v2\/types\/product"}],"version-history":[{"count":1,"href":"https:\/\/xn--matfrnsverige-tfb.se\/en\/wp-json\/wp\/v2\/product\/5190\/revisions"}],"predecessor-version":[{"id":5191,"href":"https:\/\/xn--matfrnsverige-tfb.se\/en\/wp-json\/wp\/v2\/product\/5190\/revisions\/5191"}],"wp:featuredmedia":[{"embeddable":true,"href":"https:\/\/xn--matfrnsverige-tfb.se\/en\/wp-json\/wp\/v2\/media\/5283"}],"wp:attachment":[{"href":"https:\/\/xn--matfrnsverige-tfb.se\/en\/wp-json\/wp\/v2\/media?parent=5190"}],"wp:term":[{"taxonomy":"product_brand","embeddable":true,"href":"https:\/\/xn--matfrnsverige-tfb.se\/en\/wp-json\/wp\/v2\/product_brand?post=5190"},{"taxonomy":"product_cat","embeddable":true,"href":"https:\/\/xn--matfrnsverige-tfb.se\/en\/wp-json\/wp\/v2\/product_cat?post=5190"},{"taxonomy":"product_tag","embeddable":true,"href":"https:\/\/xn--matfrnsverige-tfb.se\/en\/wp-json\/wp\/v2\/product_tag?post=5190"}],"curies":[{"name":"wp","href":"https:\/\/api.w.org\/{rel}","templated":true}]}}