{"id":5204,"date":"2025-08-08T19:31:09","date_gmt":"2025-08-08T17:31:09","guid":{"rendered":"https:\/\/xn--matfrnsverige-tfb.se\/?post_type=product&#038;p=5204"},"modified":"2025-08-30T12:36:03","modified_gmt":"2025-08-30T10:36:03","slug":"choco-crunch-med-umamisalt","status":"publish","type":"product","link":"https:\/\/xn--matfrnsverige-tfb.se\/en\/product\/choco-crunch-med-umamisalt\/","title":{"rendered":"Choco Crunch med Umamisalt"},"content":{"rendered":"<div class=\"k-grid k-pt-3 k-pb-6\">\n<div class=\"k-grid-span-12 lg:k-grid-span-4 k-column\"><strong><span class=\"k-text-style k-text-style--body-m k-text--weight-bold\">Size<\/span><\/strong><\/div>\n<div class=\"k-grid-span-12 lg:k-grid-span-8 k-column\">\n<p class=\"k-text-style k-text-style--body-m k-text--pre-wrap\">90 gram<\/p>\n<\/div>\n<\/div>\n<div class=\"k-grid k-pt-3 k-pb-6\">\n<div class=\"k-grid-span-12 lg:k-grid-span-4 k-column\"><strong><span class=\"k-text-style k-text-style--body-m k-text--weight-bold\">Ingredienser<\/span><\/strong><\/div>\n<div class=\"k-grid-span-12 lg:k-grid-span-8 k-column\"><span class=\"k-text-style k-text-style--body-m k-text-color--subdued\">Socker,\u00a0<strong class=\"k-text-style k-text-style--body-m k-text--weight-bold\" role=\"emphasized\">MJ\u00d6LKPULVER<\/strong>,\u00a0kakaosm\u00f6r*,\u00a0majsmj\u00f6l,\u00a0solrosolja,\u00a0kakaomassa*,\u00a0fullh\u00e4rdad\u00a0kokosolja,\u00a0fullh\u00e4rdad\u00a0rapsolja,\u00a0tapiokast\u00e4rkelse,\u00a0emulgeringsmedel\u00a0(<strong class=\"k-text-style k-text-style--body-m k-text--weight-bold\" role=\"emphasized\">SOJALECITIN<\/strong>),\u00a0bakpulver\u00a0(natriumbikarbonat),\u00a0umamikryddblandning\u00a0(glukossirap,\u00a0salt,\u00a0socker,\u00a0rismj\u00f6l,\u00a0maltodextrin,\u00a0kokosolja,\u00a0rapsolja,\u00a0kryddor\u00a0(bl.\u00a0a.\u00a0l\u00f6k,\u00a0vitl\u00f6k),\u00a0j\u00e4stextrakt,\u00a0arom\u00a0(fr\u00e5n\u00a0MJ\u00d6LK)).\u00a0*Rainforest\u00a0Alliance-certifierad.\u00a0L\u00e4s\u00a0mer\u00a0p\u00e5\u00a0ra.\u00a0org<\/span><\/div>\n<\/div>\n<div class=\"k-grid k-pt-3 k-pb-6\">\n<div class=\"k-grid-span-12 lg:k-grid-span-4 k-column\"><strong><span class=\"k-text-style k-text-style--body-m k-text--weight-bold\">Allergener<\/span><\/strong><\/div>\n<div class=\"k-grid-span-12 lg:k-grid-span-8 k-column\">\n<p class=\"k-text-style k-text-style--body-m k-text--pre-wrap\">sojalecitin, mj\u00f6lkpulver, mj\u00f6lk.<\/p>\n<\/div>\n<\/div>\n<div class=\"k-grid k-pt-3 k-pb-6\">\n<div class=\"k-grid-span-12 lg:k-grid-span-4 k-column\"><strong><span class=\"k-text-style k-text-style--body-m k-text--weight-bold\">Ursprung<\/span><\/strong><\/div>\n<div class=\"k-grid-span-12 lg:k-grid-span-8 k-column\">\n<p class=\"k-text-style k-text-style--body-m k-text--pre-wrap\">Norge<\/p>\n<\/div>\n<\/div>\n<div class=\"k-grid k-pt-3 k-pb-6\">\n<div class=\"k-grid-span-12 lg:k-grid-span-4 k-column\"><strong><span class=\"k-text-style k-text-style--body-m k-text--weight-bold\">Leverant\u00f6r<\/span><\/strong><\/div>\n<div class=\"k-grid-span-12 lg:k-grid-span-8 k-column\">\n<p class=\"k-text-style k-text-style--body-m k-text--pre-wrap\">Orkla Confectionery and Snacks<\/p>\n<\/div>\n<\/div>","protected":false},"excerpt":{"rendered":"<p><strong>90 g, OLW<\/strong><\/p>\n<p class=\"k-text-style k-text-style--body-m k-text--pre-wrap\">OLW Choco Crunch \u00e4r en oemotst\u00e5ndlig kombination av s\u00f6tt, salt och spr\u00f6tt. Spr\u00f6d majs i flera lager doppade i mj\u00f6lkchoklad. Perfekt n\u00e4r du \u00e4r sugen p\u00e5 godis, choklad eller n\u00e5got riktigt spr\u00f6tt och krispigt. Om\u00f6jligt att bara ta en! Produkten \u00e4r fri fr\u00e5n palmolja.<\/p>\n<div class=\"k-spacer-spacing-2\" role=\"none\"><\/div>\n<p class=\"k-text-style k-text-style--body-m k-text--pre-wrap\">Ducka! H\u00e4r st\u00f6rtar en explosion av OLW Choco Crunch fram! Laddade med krispighet och umamisalt. T\u00e4ckta med h\u00e4rlig mj\u00f6lkchoklad! MAXAT GOTT! OLW Choco Crunch Choklad \u00e4r en oemotst\u00e5ndlig kombination av s\u00f6tt, salt och spr\u00f6tt. Spr\u00f6d majs i flera lager doppade i mj\u00f6lkchoklad. Perfekt n\u00e4r du \u00e4r sugen p\u00e5 godis, choklad eller n\u00e5got riktigt spr\u00f6tt och krispigt. Om\u00f6jligt att bara ta en! Produkten \u00e4r fri fr\u00e5n palmolja. Chokladgodiset har smak av umami.<\/p>","protected":false},"featured_media":5276,"template":"","meta":{"site-sidebar-layout":"default","site-content-layout":"","ast-site-content-layout":"default","site-content-style":"default","site-sidebar-style":"default","ast-global-header-display":"","ast-banner-title-visibility":"","ast-main-header-display":"","ast-hfb-above-header-display":"","ast-hfb-below-header-display":"","ast-hfb-mobile-header-display":"","site-post-title":"","ast-breadcrumbs-content":"","ast-featured-img":"","footer-sml-layout":"","theme-transparent-header-meta":"default","adv-header-id-meta":"","stick-header-meta":"","header-above-stick-meta":"","header-main-stick-meta":"","header-below-stick-meta":"","astra-migrate-meta-layouts":"set","ast-page-background-enabled":"default","ast-page-background-meta":{"desktop":{"background-color":"","background-image":"","background-repeat":"repeat","background-position":"center center","background-size":"auto","background-attachment":"scroll","background-type":"","background-media":"","overlay-type":"","overlay-color":"","overlay-opacity":"","overlay-gradient":""},"tablet":{"background-color":"","background-image":"","background-repeat":"repeat","background-position":"center center","background-size":"auto","background-attachment":"scroll","background-type":"","background-media":"","overlay-type":"","overlay-color":"","overlay-opacity":"","overlay-gradient":""},"mobile":{"background-color":"","background-image":"","background-repeat":"repeat","background-position":"center center","background-size":"auto","background-attachment":"scroll","background-type":"","background-media":"","overlay-type":"","overlay-color":"","overlay-opacity":"","overlay-gradient":""}},"ast-content-background-meta":{"desktop":{"background-color":"var(--ast-global-color-5)","background-image":"","background-repeat":"repeat","background-position":"center center","background-size":"auto","background-attachment":"scroll","background-type":"","background-media":"","overlay-type":"","overlay-color":"","overlay-opacity":"","overlay-gradient":""},"tablet":{"background-color":"var(--ast-global-color-5)","background-image":"","background-repeat":"repeat","background-position":"center center","background-size":"auto","background-attachment":"scroll","background-type":"","background-media":"","overlay-type":"","overlay-color":"","overlay-opacity":"","overlay-gradient":""},"mobile":{"background-color":"var(--ast-global-color-5)","background-image":"","background-repeat":"repeat","background-position":"center center","background-size":"auto","background-attachment":"scroll","background-type":"","background-media":"","overlay-type":"","overlay-color":"","overlay-opacity":"","overlay-gradient":""}}},"product_brand":[],"product_cat":[82,65,59],"product_tag":[],"class_list":{"0":"post-5204","1":"product","2":"type-product","3":"status-publish","4":"has-post-thumbnail","6":"product_cat-alla-produkter","7":"product_cat-choklad","8":"product_cat-godis","9":"desktop-align-center","10":"tablet-align-left","11":"mobile-align-left","13":"first","14":"instock","15":"taxable","16":"shipping-taxable","17":"purchasable","18":"product-type-simple"},"yoast_head":"<!-- This site is optimized with the Yoast SEO plugin v26.0 - https:\/\/yoast.com\/wordpress\/plugins\/seo\/ -->\n<title>Choco Crunch med Umamisalt - Mat Fr\u00e5n Sverige<\/title>\n<meta name=\"robots\" content=\"index, follow, max-snippet:-1, max-image-preview:large, max-video-preview:-1\" \/>\n<link rel=\"canonical\" href=\"https:\/\/xn--matfrnsverige-tfb.se\/en\/product\/choco-crunch-med-umamisalt\/\" \/>\n<meta property=\"og:locale\" content=\"en_US\" \/>\n<meta property=\"og:type\" content=\"article\" \/>\n<meta property=\"og:title\" content=\"Choco Crunch med Umamisalt - Mat Fr\u00e5n Sverige\" \/>\n<meta property=\"og:description\" content=\"90 g, OLW OLW Choco Crunch \u00e4r en oemotst\u00e5ndlig kombination av s\u00f6tt, salt och spr\u00f6tt. Spr\u00f6d majs i flera lager doppade i mj\u00f6lkchoklad. Perfekt n\u00e4r du \u00e4r sugen p\u00e5 godis, choklad eller n\u00e5got riktigt spr\u00f6tt och krispigt. Om\u00f6jligt att bara ta en! Produkten \u00e4r fri fr\u00e5n palmolja.   Ducka! H\u00e4r st\u00f6rtar en explosion av OLW Choco Crunch fram! Laddade med krispighet och umamisalt. T\u00e4ckta med h\u00e4rlig mj\u00f6lkchoklad! MAXAT GOTT! OLW Choco Crunch Choklad \u00e4r en oemotst\u00e5ndlig kombination av s\u00f6tt, salt och spr\u00f6tt. Spr\u00f6d majs i flera lager doppade i mj\u00f6lkchoklad. Perfekt n\u00e4r du \u00e4r sugen p\u00e5 godis, choklad eller n\u00e5got riktigt spr\u00f6tt och krispigt. Om\u00f6jligt att bara ta en! Produkten \u00e4r fri fr\u00e5n palmolja. Chokladgodiset har smak av umami.\" \/>\n<meta property=\"og:url\" content=\"https:\/\/xn--matfrnsverige-tfb.se\/en\/product\/choco-crunch-med-umamisalt\/\" \/>\n<meta property=\"og:site_name\" content=\"Mat Fr\u00e5n Sverige\" \/>\n<meta property=\"article:modified_time\" content=\"2025-08-30T10:36:03+00:00\" \/>\n<meta property=\"og:image\" content=\"https:\/\/xn--matfrnsverige-tfb.se\/wp-content\/uploads\/2025\/06\/E1CEB129-5C8B-4FA8-A423-68DE22FC83B4.jpeg\" \/>\n\t<meta property=\"og:image:width\" content=\"997\" \/>\n\t<meta property=\"og:image:height\" content=\"997\" \/>\n\t<meta property=\"og:image:type\" content=\"image\/jpeg\" \/>\n<meta name=\"twitter:card\" content=\"summary_large_image\" \/>\n<script type=\"application\/ld+json\" class=\"yoast-schema-graph\">{\"@context\":\"https:\/\/schema.org\",\"@graph\":[{\"@type\":\"WebPage\",\"@id\":\"https:\/\/xn--matfrnsverige-tfb.se\/produkt\/choco-crunch-med-umamisalt\/\",\"url\":\"https:\/\/xn--matfrnsverige-tfb.se\/produkt\/choco-crunch-med-umamisalt\/\",\"name\":\"Choco Crunch med Umamisalt - Mat Fr\u00e5n Sverige\",\"isPartOf\":{\"@id\":\"https:\/\/xn--matfrnsverige-tfb.se\/#website\"},\"primaryImageOfPage\":{\"@id\":\"https:\/\/xn--matfrnsverige-tfb.se\/produkt\/choco-crunch-med-umamisalt\/#primaryimage\"},\"image\":{\"@id\":\"https:\/\/xn--matfrnsverige-tfb.se\/produkt\/choco-crunch-med-umamisalt\/#primaryimage\"},\"thumbnailUrl\":\"https:\/\/xn--matfrnsverige-tfb.se\/wp-content\/uploads\/2025\/06\/E1CEB129-5C8B-4FA8-A423-68DE22FC83B4.jpeg\",\"datePublished\":\"2025-08-08T17:31:09+00:00\",\"dateModified\":\"2025-08-30T10:36:03+00:00\",\"breadcrumb\":{\"@id\":\"https:\/\/xn--matfrnsverige-tfb.se\/produkt\/choco-crunch-med-umamisalt\/#breadcrumb\"},\"inLanguage\":\"en-US\",\"potentialAction\":[{\"@type\":\"ReadAction\",\"target\":[\"https:\/\/xn--matfrnsverige-tfb.se\/produkt\/choco-crunch-med-umamisalt\/\"]}]},{\"@type\":\"ImageObject\",\"inLanguage\":\"en-US\",\"@id\":\"https:\/\/xn--matfrnsverige-tfb.se\/produkt\/choco-crunch-med-umamisalt\/#primaryimage\",\"url\":\"https:\/\/xn--matfrnsverige-tfb.se\/wp-content\/uploads\/2025\/06\/E1CEB129-5C8B-4FA8-A423-68DE22FC83B4.jpeg\",\"contentUrl\":\"https:\/\/xn--matfrnsverige-tfb.se\/wp-content\/uploads\/2025\/06\/E1CEB129-5C8B-4FA8-A423-68DE22FC83B4.jpeg\",\"width\":997,\"height\":997,\"caption\":\"Screenshot\"},{\"@type\":\"BreadcrumbList\",\"@id\":\"https:\/\/xn--matfrnsverige-tfb.se\/produkt\/choco-crunch-med-umamisalt\/#breadcrumb\",\"itemListElement\":[{\"@type\":\"ListItem\",\"position\":1,\"name\":\"Home\",\"item\":\"https:\/\/xn--matfrnsverige-tfb.se\/\"},{\"@type\":\"ListItem\",\"position\":2,\"name\":\"Store\",\"item\":\"https:\/\/xn--matfrnsverige-tfb.se\/store\/\"},{\"@type\":\"ListItem\",\"position\":3,\"name\":\"Choco Crunch med Umamisalt\"}]},{\"@type\":\"WebSite\",\"@id\":\"https:\/\/xn--matfrnsverige-tfb.se\/#website\",\"url\":\"https:\/\/xn--matfrnsverige-tfb.se\/\",\"name\":\"Mat Fr\u00e5n Sverige\",\"description\":\"Buy Swedish Candy Online\",\"publisher\":{\"@id\":\"https:\/\/xn--matfrnsverige-tfb.se\/#organization\"},\"potentialAction\":[{\"@type\":\"SearchAction\",\"target\":{\"@type\":\"EntryPoint\",\"urlTemplate\":\"https:\/\/xn--matfrnsverige-tfb.se\/?s={search_term_string}\"},\"query-input\":{\"@type\":\"PropertyValueSpecification\",\"valueRequired\":true,\"valueName\":\"search_term_string\"}}],\"inLanguage\":\"en-US\"},{\"@type\":\"Organization\",\"@id\":\"https:\/\/xn--matfrnsverige-tfb.se\/#organization\",\"name\":\"Mat Fr\u00e5n Sverige\",\"url\":\"https:\/\/xn--matfrnsverige-tfb.se\/\",\"logo\":{\"@type\":\"ImageObject\",\"inLanguage\":\"en-US\",\"@id\":\"https:\/\/xn--matfrnsverige-tfb.se\/#\/schema\/logo\/image\/\",\"url\":\"https:\/\/xn--matfrnsverige-tfb.se\/wp-content\/uploads\/2025\/05\/Metallskarning.se_-1.png\",\"contentUrl\":\"https:\/\/xn--matfrnsverige-tfb.se\/wp-content\/uploads\/2025\/05\/Metallskarning.se_-1.png\",\"width\":500,\"height\":500,\"caption\":\"Mat Fr\u00e5n Sverige\"},\"image\":{\"@id\":\"https:\/\/xn--matfrnsverige-tfb.se\/#\/schema\/logo\/image\/\"}}]}<\/script>\n<!-- \/ Yoast SEO plugin. -->","yoast_head_json":{"title":"Choco Crunch med Umamisalt - Mat Fr\u00e5n Sverige","robots":{"index":"index","follow":"follow","max-snippet":"max-snippet:-1","max-image-preview":"max-image-preview:large","max-video-preview":"max-video-preview:-1"},"canonical":"https:\/\/xn--matfrnsverige-tfb.se\/en\/product\/choco-crunch-med-umamisalt\/","og_locale":"en_US","og_type":"article","og_title":"Choco Crunch med Umamisalt - Mat Fr\u00e5n Sverige","og_description":"90 g, OLW OLW Choco Crunch \u00e4r en oemotst\u00e5ndlig kombination av s\u00f6tt, salt och spr\u00f6tt. Spr\u00f6d majs i flera lager doppade i mj\u00f6lkchoklad. Perfekt n\u00e4r du \u00e4r sugen p\u00e5 godis, choklad eller n\u00e5got riktigt spr\u00f6tt och krispigt. Om\u00f6jligt att bara ta en! Produkten \u00e4r fri fr\u00e5n palmolja.   Ducka! H\u00e4r st\u00f6rtar en explosion av OLW Choco Crunch fram! Laddade med krispighet och umamisalt. T\u00e4ckta med h\u00e4rlig mj\u00f6lkchoklad! MAXAT GOTT! OLW Choco Crunch Choklad \u00e4r en oemotst\u00e5ndlig kombination av s\u00f6tt, salt och spr\u00f6tt. Spr\u00f6d majs i flera lager doppade i mj\u00f6lkchoklad. Perfekt n\u00e4r du \u00e4r sugen p\u00e5 godis, choklad eller n\u00e5got riktigt spr\u00f6tt och krispigt. Om\u00f6jligt att bara ta en! Produkten \u00e4r fri fr\u00e5n palmolja. Chokladgodiset har smak av umami.","og_url":"https:\/\/xn--matfrnsverige-tfb.se\/en\/product\/choco-crunch-med-umamisalt\/","og_site_name":"Mat Fr\u00e5n Sverige","article_modified_time":"2025-08-30T10:36:03+00:00","og_image":[{"width":997,"height":997,"url":"https:\/\/xn--matfrnsverige-tfb.se\/wp-content\/uploads\/2025\/06\/E1CEB129-5C8B-4FA8-A423-68DE22FC83B4.jpeg","type":"image\/jpeg"}],"twitter_card":"summary_large_image","schema":{"@context":"https:\/\/schema.org","@graph":[{"@type":"WebPage","@id":"https:\/\/xn--matfrnsverige-tfb.se\/produkt\/choco-crunch-med-umamisalt\/","url":"https:\/\/xn--matfrnsverige-tfb.se\/produkt\/choco-crunch-med-umamisalt\/","name":"Choco Crunch med Umamisalt - Mat Fr\u00e5n Sverige","isPartOf":{"@id":"https:\/\/xn--matfrnsverige-tfb.se\/#website"},"primaryImageOfPage":{"@id":"https:\/\/xn--matfrnsverige-tfb.se\/produkt\/choco-crunch-med-umamisalt\/#primaryimage"},"image":{"@id":"https:\/\/xn--matfrnsverige-tfb.se\/produkt\/choco-crunch-med-umamisalt\/#primaryimage"},"thumbnailUrl":"https:\/\/xn--matfrnsverige-tfb.se\/wp-content\/uploads\/2025\/06\/E1CEB129-5C8B-4FA8-A423-68DE22FC83B4.jpeg","datePublished":"2025-08-08T17:31:09+00:00","dateModified":"2025-08-30T10:36:03+00:00","breadcrumb":{"@id":"https:\/\/xn--matfrnsverige-tfb.se\/produkt\/choco-crunch-med-umamisalt\/#breadcrumb"},"inLanguage":"en-US","potentialAction":[{"@type":"ReadAction","target":["https:\/\/xn--matfrnsverige-tfb.se\/produkt\/choco-crunch-med-umamisalt\/"]}]},{"@type":"ImageObject","inLanguage":"en-US","@id":"https:\/\/xn--matfrnsverige-tfb.se\/produkt\/choco-crunch-med-umamisalt\/#primaryimage","url":"https:\/\/xn--matfrnsverige-tfb.se\/wp-content\/uploads\/2025\/06\/E1CEB129-5C8B-4FA8-A423-68DE22FC83B4.jpeg","contentUrl":"https:\/\/xn--matfrnsverige-tfb.se\/wp-content\/uploads\/2025\/06\/E1CEB129-5C8B-4FA8-A423-68DE22FC83B4.jpeg","width":997,"height":997,"caption":"Screenshot"},{"@type":"BreadcrumbList","@id":"https:\/\/xn--matfrnsverige-tfb.se\/produkt\/choco-crunch-med-umamisalt\/#breadcrumb","itemListElement":[{"@type":"ListItem","position":1,"name":"Home","item":"https:\/\/xn--matfrnsverige-tfb.se\/"},{"@type":"ListItem","position":2,"name":"Store","item":"https:\/\/xn--matfrnsverige-tfb.se\/store\/"},{"@type":"ListItem","position":3,"name":"Choco Crunch med Umamisalt"}]},{"@type":"WebSite","@id":"https:\/\/xn--matfrnsverige-tfb.se\/#website","url":"https:\/\/xn--matfrnsverige-tfb.se\/","name":"Mat Fr\u00e5n Sverige","description":"Buy Swedish Candy Online","publisher":{"@id":"https:\/\/xn--matfrnsverige-tfb.se\/#organization"},"potentialAction":[{"@type":"SearchAction","target":{"@type":"EntryPoint","urlTemplate":"https:\/\/xn--matfrnsverige-tfb.se\/?s={search_term_string}"},"query-input":{"@type":"PropertyValueSpecification","valueRequired":true,"valueName":"search_term_string"}}],"inLanguage":"en-US"},{"@type":"Organization","@id":"https:\/\/xn--matfrnsverige-tfb.se\/#organization","name":"Mat Fr\u00e5n Sverige","url":"https:\/\/xn--matfrnsverige-tfb.se\/","logo":{"@type":"ImageObject","inLanguage":"en-US","@id":"https:\/\/xn--matfrnsverige-tfb.se\/#\/schema\/logo\/image\/","url":"https:\/\/xn--matfrnsverige-tfb.se\/wp-content\/uploads\/2025\/05\/Metallskarning.se_-1.png","contentUrl":"https:\/\/xn--matfrnsverige-tfb.se\/wp-content\/uploads\/2025\/05\/Metallskarning.se_-1.png","width":500,"height":500,"caption":"Mat Fr\u00e5n Sverige"},"image":{"@id":"https:\/\/xn--matfrnsverige-tfb.se\/#\/schema\/logo\/image\/"}}]}},"jetpack_sharing_enabled":true,"_links":{"self":[{"href":"https:\/\/xn--matfrnsverige-tfb.se\/en\/wp-json\/wp\/v2\/product\/5204","targetHints":{"allow":["GET"]}}],"collection":[{"href":"https:\/\/xn--matfrnsverige-tfb.se\/en\/wp-json\/wp\/v2\/product"}],"about":[{"href":"https:\/\/xn--matfrnsverige-tfb.se\/en\/wp-json\/wp\/v2\/types\/product"}],"version-history":[{"count":1,"href":"https:\/\/xn--matfrnsverige-tfb.se\/en\/wp-json\/wp\/v2\/product\/5204\/revisions"}],"predecessor-version":[{"id":5205,"href":"https:\/\/xn--matfrnsverige-tfb.se\/en\/wp-json\/wp\/v2\/product\/5204\/revisions\/5205"}],"wp:featuredmedia":[{"embeddable":true,"href":"https:\/\/xn--matfrnsverige-tfb.se\/en\/wp-json\/wp\/v2\/media\/5276"}],"wp:attachment":[{"href":"https:\/\/xn--matfrnsverige-tfb.se\/en\/wp-json\/wp\/v2\/media?parent=5204"}],"wp:term":[{"taxonomy":"product_brand","embeddable":true,"href":"https:\/\/xn--matfrnsverige-tfb.se\/en\/wp-json\/wp\/v2\/product_brand?post=5204"},{"taxonomy":"product_cat","embeddable":true,"href":"https:\/\/xn--matfrnsverige-tfb.se\/en\/wp-json\/wp\/v2\/product_cat?post=5204"},{"taxonomy":"product_tag","embeddable":true,"href":"https:\/\/xn--matfrnsverige-tfb.se\/en\/wp-json\/wp\/v2\/product_tag?post=5204"}],"curies":[{"name":"wp","href":"https:\/\/api.w.org\/{rel}","templated":true}]}}