{"id":5218,"date":"2025-08-08T19:53:49","date_gmt":"2025-08-08T17:53:49","guid":{"rendered":"https:\/\/xn--matfrnsverige-tfb.se\/?post_type=product&#038;p=5218"},"modified":"2025-08-30T12:36:24","modified_gmt":"2025-08-30T10:36:24","slug":"sockerfritt-godis-jordgubb-cola","status":"publish","type":"product","link":"https:\/\/xn--matfrnsverige-tfb.se\/en\/product\/sockerfritt-godis-jordgubb-cola\/","title":{"rendered":"Sockerfritt Godis Jordgubb &#038; Cola"},"content":{"rendered":"<div class=\"k-grid k-pt-3 k-pb-6\">\n<div class=\"k-grid-span-12 lg:k-grid-span-4 k-column\"><strong><span class=\"k-text-style k-text-style--body-m k-text--weight-bold\">Size<\/span><\/strong><\/div>\n<div class=\"k-grid-span-12 lg:k-grid-span-8 k-column\">\n<p class=\"k-text-style k-text-style--body-m k-text--pre-wrap\">70 gram<\/p>\n<\/div>\n<\/div>\n<div class=\"k-grid k-pt-3 k-pb-6\">\n<div class=\"k-grid-span-12 lg:k-grid-span-4 k-column\"><strong><span class=\"k-text-style k-text-style--body-m k-text--weight-bold\">Ingredienser<\/span><\/strong><\/div>\n<div class=\"k-grid-span-12 lg:k-grid-span-8 k-column\">\n<p class=\"k-text-style k-text-style--body-m k-text--pre-wrap\">S\u00f6tningsmedel\/S\u00f8demidler (maltitol, erythritol), majsst\u00e4rkelse\/maisstivelse, syra (\u00e4ppel-\/\u00e6ble-), naturliga aromer, naturliga f\u00e4rger\/farvestoffer (spirulinakoncentrat, orange &amp; svart\/sort morots-\/gulerodskoncentrat), ytbehandlings-\/overfladebehandlingsmiddel (erythritol, \u00e4ppel-\/\u00e6blesyre, karnaubavax\/voks), magnesium.<\/p>\n<\/div>\n<\/div>\n<div class=\"k-grid k-pt-3 k-pb-6\">\n<div class=\"k-grid-span-12 lg:k-grid-span-4 k-column\"><strong><span class=\"k-text-style k-text-style--body-m k-text--weight-bold\">Ursprung<\/span><\/strong><\/div>\n<div class=\"k-grid-span-12 lg:k-grid-span-8 k-column\">\n<p class=\"k-text-style k-text-style--body-m k-text--pre-wrap\">Sverige<\/p>\n<\/div>\n<\/div>\n<div class=\"k-grid k-pt-3 k-pb-6\">\n<div class=\"k-grid-span-12 lg:k-grid-span-4 k-column\"><strong><span class=\"k-text-style k-text-style--body-m k-text--weight-bold\">Leverant\u00f6r<\/span><\/strong><\/div>\n<div class=\"k-grid-span-12 lg:k-grid-span-8 k-column\">\n<p class=\"k-text-style k-text-style--body-m k-text--pre-wrap\">Wellibites AB<\/p>\n<\/div>\n<\/div>","protected":false},"excerpt":{"rendered":"<p><strong>70 g, Wellibites<\/strong><\/p>\n<p>Oemotst\u00e5ndligt gott och smakrikt gel\u00e9godis. Helt sockerfritt, veganskt, 40% f\u00e4rre kalorier \u00e4n vanligt godis och endast med naturliga smaker och f\u00e4rger fr\u00e5n frukt och gr\u00f6nt. Ett h\u00e4lsosammare godis som \u00e4r berikat med antingen vitamin B2\/B6\/zink\/B12\/magnesium samt dessutom \u00e4r glutenfritt. Tillverkat och framtaget i Sverige av leg. Apotekare och kostr\u00e5dgivare. Unik produkt och f\u00f6rsta godiset p\u00e5 marknaden med vitaminer &amp; mineraler. Nu kan vi \u00e4ntligen njuta av oemotst\u00e5ndligt gott godis med gott samvete! Wellibites &#8211; f\u00f6r alla vi som bryr oss om v\u00e5ra kroppar, naturen och alla djuren! Finns i fem smaker: Hallon &amp; Saltlakrits med vitamin B6, Ananas-Passion &amp; Svarta Vinb\u00e4r med vitamin B2, Fl\u00e4der &amp; Hallon med zink, Extra salt saltlakrits med vitamin B12, Jordgubb &amp; Cola med magnesium.<\/p>","protected":false},"featured_media":5269,"template":"","meta":{"site-sidebar-layout":"default","site-content-layout":"","ast-site-content-layout":"default","site-content-style":"default","site-sidebar-style":"default","ast-global-header-display":"","ast-banner-title-visibility":"","ast-main-header-display":"","ast-hfb-above-header-display":"","ast-hfb-below-header-display":"","ast-hfb-mobile-header-display":"","site-post-title":"","ast-breadcrumbs-content":"","ast-featured-img":"","footer-sml-layout":"","theme-transparent-header-meta":"default","adv-header-id-meta":"","stick-header-meta":"","header-above-stick-meta":"","header-main-stick-meta":"","header-below-stick-meta":"","astra-migrate-meta-layouts":"set","ast-page-background-enabled":"default","ast-page-background-meta":{"desktop":{"background-color":"","background-image":"","background-repeat":"repeat","background-position":"center center","background-size":"auto","background-attachment":"scroll","background-type":"","background-media":"","overlay-type":"","overlay-color":"","overlay-opacity":"","overlay-gradient":""},"tablet":{"background-color":"","background-image":"","background-repeat":"repeat","background-position":"center center","background-size":"auto","background-attachment":"scroll","background-type":"","background-media":"","overlay-type":"","overlay-color":"","overlay-opacity":"","overlay-gradient":""},"mobile":{"background-color":"","background-image":"","background-repeat":"repeat","background-position":"center center","background-size":"auto","background-attachment":"scroll","background-type":"","background-media":"","overlay-type":"","overlay-color":"","overlay-opacity":"","overlay-gradient":""}},"ast-content-background-meta":{"desktop":{"background-color":"var(--ast-global-color-5)","background-image":"","background-repeat":"repeat","background-position":"center center","background-size":"auto","background-attachment":"scroll","background-type":"","background-media":"","overlay-type":"","overlay-color":"","overlay-opacity":"","overlay-gradient":""},"tablet":{"background-color":"var(--ast-global-color-5)","background-image":"","background-repeat":"repeat","background-position":"center center","background-size":"auto","background-attachment":"scroll","background-type":"","background-media":"","overlay-type":"","overlay-color":"","overlay-opacity":"","overlay-gradient":""},"mobile":{"background-color":"var(--ast-global-color-5)","background-image":"","background-repeat":"repeat","background-position":"center center","background-size":"auto","background-attachment":"scroll","background-type":"","background-media":"","overlay-type":"","overlay-color":"","overlay-opacity":"","overlay-gradient":""}}},"product_brand":[],"product_cat":[82,59],"product_tag":[],"class_list":{"0":"post-5218","1":"product","2":"type-product","3":"status-publish","4":"has-post-thumbnail","6":"product_cat-alla-produkter","7":"product_cat-godis","8":"desktop-align-center","9":"tablet-align-left","10":"mobile-align-left","12":"first","13":"instock","14":"taxable","15":"shipping-taxable","16":"purchasable","17":"product-type-simple"},"yoast_head":"<!-- This site is optimized with the Yoast SEO plugin v26.0 - https:\/\/yoast.com\/wordpress\/plugins\/seo\/ -->\n<title>Sockerfritt Godis Jordgubb &amp; Cola - Mat Fr\u00e5n Sverige<\/title>\n<meta name=\"robots\" content=\"index, follow, max-snippet:-1, max-image-preview:large, max-video-preview:-1\" \/>\n<link rel=\"canonical\" href=\"https:\/\/xn--matfrnsverige-tfb.se\/en\/product\/sockerfritt-godis-jordgubb-cola\/\" \/>\n<meta property=\"og:locale\" content=\"en_US\" \/>\n<meta property=\"og:type\" content=\"article\" \/>\n<meta property=\"og:title\" content=\"Sockerfritt Godis Jordgubb &amp; Cola - Mat Fr\u00e5n Sverige\" \/>\n<meta property=\"og:description\" content=\"70 g, Wellibites  Oemotst\u00e5ndligt gott och smakrikt gel\u00e9godis. Helt sockerfritt, veganskt, 40% f\u00e4rre kalorier \u00e4n vanligt godis och endast med naturliga smaker och f\u00e4rger fr\u00e5n frukt och gr\u00f6nt. Ett h\u00e4lsosammare godis som \u00e4r berikat med antingen vitamin B2\/B6\/zink\/B12\/magnesium samt dessutom \u00e4r glutenfritt. Tillverkat och framtaget i Sverige av leg. Apotekare och kostr\u00e5dgivare. Unik produkt och f\u00f6rsta godiset p\u00e5 marknaden med vitaminer &amp; mineraler. Nu kan vi \u00e4ntligen njuta av oemotst\u00e5ndligt gott godis med gott samvete! Wellibites - f\u00f6r alla vi som bryr oss om v\u00e5ra kroppar, naturen och alla djuren! Finns i fem smaker: Hallon &amp; Saltlakrits med vitamin B6, Ananas-Passion &amp; Svarta Vinb\u00e4r med vitamin B2, Fl\u00e4der &amp; Hallon med zink, Extra salt saltlakrits med vitamin B12, Jordgubb &amp; Cola med magnesium.\" \/>\n<meta property=\"og:url\" content=\"https:\/\/xn--matfrnsverige-tfb.se\/en\/product\/sockerfritt-godis-jordgubb-cola\/\" \/>\n<meta property=\"og:site_name\" content=\"Mat Fr\u00e5n Sverige\" \/>\n<meta property=\"article:modified_time\" content=\"2025-08-30T10:36:24+00:00\" \/>\n<meta property=\"og:image\" content=\"https:\/\/xn--matfrnsverige-tfb.se\/wp-content\/uploads\/2025\/06\/A203B776-9981-4C29-B0D1-74856FB4FA28.jpeg\" \/>\n\t<meta property=\"og:image:width\" content=\"998\" \/>\n\t<meta property=\"og:image:height\" content=\"998\" \/>\n\t<meta property=\"og:image:type\" content=\"image\/jpeg\" \/>\n<meta name=\"twitter:card\" content=\"summary_large_image\" \/>\n<script type=\"application\/ld+json\" class=\"yoast-schema-graph\">{\"@context\":\"https:\/\/schema.org\",\"@graph\":[{\"@type\":\"WebPage\",\"@id\":\"https:\/\/xn--matfrnsverige-tfb.se\/produkt\/sockerfritt-godis-jordgubb-cola\/\",\"url\":\"https:\/\/xn--matfrnsverige-tfb.se\/produkt\/sockerfritt-godis-jordgubb-cola\/\",\"name\":\"Sockerfritt Godis Jordgubb & Cola - Mat Fr\u00e5n Sverige\",\"isPartOf\":{\"@id\":\"https:\/\/xn--matfrnsverige-tfb.se\/#website\"},\"primaryImageOfPage\":{\"@id\":\"https:\/\/xn--matfrnsverige-tfb.se\/produkt\/sockerfritt-godis-jordgubb-cola\/#primaryimage\"},\"image\":{\"@id\":\"https:\/\/xn--matfrnsverige-tfb.se\/produkt\/sockerfritt-godis-jordgubb-cola\/#primaryimage\"},\"thumbnailUrl\":\"https:\/\/xn--matfrnsverige-tfb.se\/wp-content\/uploads\/2025\/06\/A203B776-9981-4C29-B0D1-74856FB4FA28.jpeg\",\"datePublished\":\"2025-08-08T17:53:49+00:00\",\"dateModified\":\"2025-08-30T10:36:24+00:00\",\"breadcrumb\":{\"@id\":\"https:\/\/xn--matfrnsverige-tfb.se\/produkt\/sockerfritt-godis-jordgubb-cola\/#breadcrumb\"},\"inLanguage\":\"en-US\",\"potentialAction\":[{\"@type\":\"ReadAction\",\"target\":[\"https:\/\/xn--matfrnsverige-tfb.se\/produkt\/sockerfritt-godis-jordgubb-cola\/\"]}]},{\"@type\":\"ImageObject\",\"inLanguage\":\"en-US\",\"@id\":\"https:\/\/xn--matfrnsverige-tfb.se\/produkt\/sockerfritt-godis-jordgubb-cola\/#primaryimage\",\"url\":\"https:\/\/xn--matfrnsverige-tfb.se\/wp-content\/uploads\/2025\/06\/A203B776-9981-4C29-B0D1-74856FB4FA28.jpeg\",\"contentUrl\":\"https:\/\/xn--matfrnsverige-tfb.se\/wp-content\/uploads\/2025\/06\/A203B776-9981-4C29-B0D1-74856FB4FA28.jpeg\",\"width\":998,\"height\":998,\"caption\":\"Screenshot\"},{\"@type\":\"BreadcrumbList\",\"@id\":\"https:\/\/xn--matfrnsverige-tfb.se\/produkt\/sockerfritt-godis-jordgubb-cola\/#breadcrumb\",\"itemListElement\":[{\"@type\":\"ListItem\",\"position\":1,\"name\":\"Home\",\"item\":\"https:\/\/xn--matfrnsverige-tfb.se\/\"},{\"@type\":\"ListItem\",\"position\":2,\"name\":\"Store\",\"item\":\"https:\/\/xn--matfrnsverige-tfb.se\/store\/\"},{\"@type\":\"ListItem\",\"position\":3,\"name\":\"Sockerfritt Godis Jordgubb &#038; Cola\"}]},{\"@type\":\"WebSite\",\"@id\":\"https:\/\/xn--matfrnsverige-tfb.se\/#website\",\"url\":\"https:\/\/xn--matfrnsverige-tfb.se\/\",\"name\":\"Mat Fr\u00e5n Sverige\",\"description\":\"Buy Swedish Candy Online\",\"publisher\":{\"@id\":\"https:\/\/xn--matfrnsverige-tfb.se\/#organization\"},\"potentialAction\":[{\"@type\":\"SearchAction\",\"target\":{\"@type\":\"EntryPoint\",\"urlTemplate\":\"https:\/\/xn--matfrnsverige-tfb.se\/?s={search_term_string}\"},\"query-input\":{\"@type\":\"PropertyValueSpecification\",\"valueRequired\":true,\"valueName\":\"search_term_string\"}}],\"inLanguage\":\"en-US\"},{\"@type\":\"Organization\",\"@id\":\"https:\/\/xn--matfrnsverige-tfb.se\/#organization\",\"name\":\"Mat Fr\u00e5n Sverige\",\"url\":\"https:\/\/xn--matfrnsverige-tfb.se\/\",\"logo\":{\"@type\":\"ImageObject\",\"inLanguage\":\"en-US\",\"@id\":\"https:\/\/xn--matfrnsverige-tfb.se\/#\/schema\/logo\/image\/\",\"url\":\"https:\/\/xn--matfrnsverige-tfb.se\/wp-content\/uploads\/2025\/05\/Metallskarning.se_-1.png\",\"contentUrl\":\"https:\/\/xn--matfrnsverige-tfb.se\/wp-content\/uploads\/2025\/05\/Metallskarning.se_-1.png\",\"width\":500,\"height\":500,\"caption\":\"Mat Fr\u00e5n Sverige\"},\"image\":{\"@id\":\"https:\/\/xn--matfrnsverige-tfb.se\/#\/schema\/logo\/image\/\"}}]}<\/script>\n<!-- \/ Yoast SEO plugin. -->","yoast_head_json":{"title":"Sockerfritt Godis Jordgubb & Cola - Mat Fr\u00e5n Sverige","robots":{"index":"index","follow":"follow","max-snippet":"max-snippet:-1","max-image-preview":"max-image-preview:large","max-video-preview":"max-video-preview:-1"},"canonical":"https:\/\/xn--matfrnsverige-tfb.se\/en\/product\/sockerfritt-godis-jordgubb-cola\/","og_locale":"en_US","og_type":"article","og_title":"Sockerfritt Godis Jordgubb & Cola - Mat Fr\u00e5n Sverige","og_description":"70 g, Wellibites  Oemotst\u00e5ndligt gott och smakrikt gel\u00e9godis. Helt sockerfritt, veganskt, 40% f\u00e4rre kalorier \u00e4n vanligt godis och endast med naturliga smaker och f\u00e4rger fr\u00e5n frukt och gr\u00f6nt. Ett h\u00e4lsosammare godis som \u00e4r berikat med antingen vitamin B2\/B6\/zink\/B12\/magnesium samt dessutom \u00e4r glutenfritt. Tillverkat och framtaget i Sverige av leg. Apotekare och kostr\u00e5dgivare. Unik produkt och f\u00f6rsta godiset p\u00e5 marknaden med vitaminer &amp; mineraler. Nu kan vi \u00e4ntligen njuta av oemotst\u00e5ndligt gott godis med gott samvete! Wellibites - f\u00f6r alla vi som bryr oss om v\u00e5ra kroppar, naturen och alla djuren! Finns i fem smaker: Hallon &amp; Saltlakrits med vitamin B6, Ananas-Passion &amp; Svarta Vinb\u00e4r med vitamin B2, Fl\u00e4der &amp; Hallon med zink, Extra salt saltlakrits med vitamin B12, Jordgubb &amp; Cola med magnesium.","og_url":"https:\/\/xn--matfrnsverige-tfb.se\/en\/product\/sockerfritt-godis-jordgubb-cola\/","og_site_name":"Mat Fr\u00e5n Sverige","article_modified_time":"2025-08-30T10:36:24+00:00","og_image":[{"width":998,"height":998,"url":"https:\/\/xn--matfrnsverige-tfb.se\/wp-content\/uploads\/2025\/06\/A203B776-9981-4C29-B0D1-74856FB4FA28.jpeg","type":"image\/jpeg"}],"twitter_card":"summary_large_image","schema":{"@context":"https:\/\/schema.org","@graph":[{"@type":"WebPage","@id":"https:\/\/xn--matfrnsverige-tfb.se\/produkt\/sockerfritt-godis-jordgubb-cola\/","url":"https:\/\/xn--matfrnsverige-tfb.se\/produkt\/sockerfritt-godis-jordgubb-cola\/","name":"Sockerfritt Godis Jordgubb & Cola - Mat Fr\u00e5n Sverige","isPartOf":{"@id":"https:\/\/xn--matfrnsverige-tfb.se\/#website"},"primaryImageOfPage":{"@id":"https:\/\/xn--matfrnsverige-tfb.se\/produkt\/sockerfritt-godis-jordgubb-cola\/#primaryimage"},"image":{"@id":"https:\/\/xn--matfrnsverige-tfb.se\/produkt\/sockerfritt-godis-jordgubb-cola\/#primaryimage"},"thumbnailUrl":"https:\/\/xn--matfrnsverige-tfb.se\/wp-content\/uploads\/2025\/06\/A203B776-9981-4C29-B0D1-74856FB4FA28.jpeg","datePublished":"2025-08-08T17:53:49+00:00","dateModified":"2025-08-30T10:36:24+00:00","breadcrumb":{"@id":"https:\/\/xn--matfrnsverige-tfb.se\/produkt\/sockerfritt-godis-jordgubb-cola\/#breadcrumb"},"inLanguage":"en-US","potentialAction":[{"@type":"ReadAction","target":["https:\/\/xn--matfrnsverige-tfb.se\/produkt\/sockerfritt-godis-jordgubb-cola\/"]}]},{"@type":"ImageObject","inLanguage":"en-US","@id":"https:\/\/xn--matfrnsverige-tfb.se\/produkt\/sockerfritt-godis-jordgubb-cola\/#primaryimage","url":"https:\/\/xn--matfrnsverige-tfb.se\/wp-content\/uploads\/2025\/06\/A203B776-9981-4C29-B0D1-74856FB4FA28.jpeg","contentUrl":"https:\/\/xn--matfrnsverige-tfb.se\/wp-content\/uploads\/2025\/06\/A203B776-9981-4C29-B0D1-74856FB4FA28.jpeg","width":998,"height":998,"caption":"Screenshot"},{"@type":"BreadcrumbList","@id":"https:\/\/xn--matfrnsverige-tfb.se\/produkt\/sockerfritt-godis-jordgubb-cola\/#breadcrumb","itemListElement":[{"@type":"ListItem","position":1,"name":"Home","item":"https:\/\/xn--matfrnsverige-tfb.se\/"},{"@type":"ListItem","position":2,"name":"Store","item":"https:\/\/xn--matfrnsverige-tfb.se\/store\/"},{"@type":"ListItem","position":3,"name":"Sockerfritt Godis Jordgubb &#038; Cola"}]},{"@type":"WebSite","@id":"https:\/\/xn--matfrnsverige-tfb.se\/#website","url":"https:\/\/xn--matfrnsverige-tfb.se\/","name":"Mat Fr\u00e5n Sverige","description":"Buy Swedish Candy Online","publisher":{"@id":"https:\/\/xn--matfrnsverige-tfb.se\/#organization"},"potentialAction":[{"@type":"SearchAction","target":{"@type":"EntryPoint","urlTemplate":"https:\/\/xn--matfrnsverige-tfb.se\/?s={search_term_string}"},"query-input":{"@type":"PropertyValueSpecification","valueRequired":true,"valueName":"search_term_string"}}],"inLanguage":"en-US"},{"@type":"Organization","@id":"https:\/\/xn--matfrnsverige-tfb.se\/#organization","name":"Mat Fr\u00e5n Sverige","url":"https:\/\/xn--matfrnsverige-tfb.se\/","logo":{"@type":"ImageObject","inLanguage":"en-US","@id":"https:\/\/xn--matfrnsverige-tfb.se\/#\/schema\/logo\/image\/","url":"https:\/\/xn--matfrnsverige-tfb.se\/wp-content\/uploads\/2025\/05\/Metallskarning.se_-1.png","contentUrl":"https:\/\/xn--matfrnsverige-tfb.se\/wp-content\/uploads\/2025\/05\/Metallskarning.se_-1.png","width":500,"height":500,"caption":"Mat Fr\u00e5n Sverige"},"image":{"@id":"https:\/\/xn--matfrnsverige-tfb.se\/#\/schema\/logo\/image\/"}}]}},"jetpack_sharing_enabled":true,"_links":{"self":[{"href":"https:\/\/xn--matfrnsverige-tfb.se\/en\/wp-json\/wp\/v2\/product\/5218","targetHints":{"allow":["GET"]}}],"collection":[{"href":"https:\/\/xn--matfrnsverige-tfb.se\/en\/wp-json\/wp\/v2\/product"}],"about":[{"href":"https:\/\/xn--matfrnsverige-tfb.se\/en\/wp-json\/wp\/v2\/types\/product"}],"version-history":[{"count":1,"href":"https:\/\/xn--matfrnsverige-tfb.se\/en\/wp-json\/wp\/v2\/product\/5218\/revisions"}],"predecessor-version":[{"id":5219,"href":"https:\/\/xn--matfrnsverige-tfb.se\/en\/wp-json\/wp\/v2\/product\/5218\/revisions\/5219"}],"wp:featuredmedia":[{"embeddable":true,"href":"https:\/\/xn--matfrnsverige-tfb.se\/en\/wp-json\/wp\/v2\/media\/5269"}],"wp:attachment":[{"href":"https:\/\/xn--matfrnsverige-tfb.se\/en\/wp-json\/wp\/v2\/media?parent=5218"}],"wp:term":[{"taxonomy":"product_brand","embeddable":true,"href":"https:\/\/xn--matfrnsverige-tfb.se\/en\/wp-json\/wp\/v2\/product_brand?post=5218"},{"taxonomy":"product_cat","embeddable":true,"href":"https:\/\/xn--matfrnsverige-tfb.se\/en\/wp-json\/wp\/v2\/product_cat?post=5218"},{"taxonomy":"product_tag","embeddable":true,"href":"https:\/\/xn--matfrnsverige-tfb.se\/en\/wp-json\/wp\/v2\/product_tag?post=5218"}],"curies":[{"name":"wp","href":"https:\/\/api.w.org\/{rel}","templated":true}]}}