{"id":5533,"date":"2025-08-16T15:09:47","date_gmt":"2025-08-16T13:09:47","guid":{"rendered":"https:\/\/xn--matfrnsverige-tfb.se\/?post_type=product&#038;p=5533"},"modified":"2025-08-30T12:37:18","modified_gmt":"2025-08-30T10:37:18","slug":"majskaka-smor-havssalt","status":"publish","type":"product","link":"https:\/\/xn--matfrnsverige-tfb.se\/en\/product\/majskaka-smor-havssalt\/","title":{"rendered":"Majskaka Sm\u00f6r &#038; Havssalt"},"content":{"rendered":"<div class=\"k-grid k-pt-3 k-pb-6\">\n<div class=\"k-grid-span-12 lg:k-grid-span-4 k-column\"><strong><span class=\"k-text-style k-text-style--body-m k-text--weight-bold\">Size<\/span><\/strong><\/div>\n<div class=\"k-grid-span-12 lg:k-grid-span-8 k-column\">\n<p class=\"k-text-style k-text-style--body-m k-text--pre-wrap\">120 gram<\/p>\n<\/div>\n<\/div>\n<div class=\"k-grid k-pt-3 k-pb-6\">\n<div class=\"k-grid-span-12 lg:k-grid-span-4 k-column\"><strong><span class=\"k-text-style k-text-style--body-m k-text--weight-bold\">Ingredienser<\/span><\/strong><\/div>\n<div class=\"k-grid-span-12 lg:k-grid-span-8 k-column\"><span class=\"k-text-style k-text-style--body-m k-text-color--subdued\">Majs\u00a0(86%),\u00a0rapsolja,\u00a0kryddblandning\u00a0med\u00a0smak\u00a0av\u00a0sm\u00f6r\u00a0och\u00a0havssalt\u00a0(7%)\u00a0(maltodextrin\u00a0(potatis,\u00a0majs),\u00a0arom,\u00a0dextros,\u00a0salt,\u00a0havssalt,\u00a0rismj\u00f6l,\u00a0solrosolja,\u00a0l\u00f6k,\u00a0<strong class=\"k-text-style k-text-style--body-m k-text--weight-bold\" role=\"emphasized\">K\u00c4RNMJ\u00d6LKSPULVER<\/strong>,\u00a0vitl\u00f6k,\u00a0surhetsreglerande\u00a0medel:\u00a0kalciumfosfater\u00a0(E341),\u00a0f\u00e4rg\u00e4mne:\u00a0kurkumin\u00a0(E100)).\u00a0Kan\u00a0inneh\u00e5lla\u00a0sp\u00e5r\u00a0av\u00a0soja.<\/span><\/div>\n<\/div>\n<div class=\"k-grid k-pt-3 k-pb-6\">\n<div class=\"k-grid-span-12 lg:k-grid-span-4 k-column\"><strong><span class=\"k-text-style k-text-style--body-m k-text--weight-bold\">Allergener<\/span><\/strong><\/div>\n<div class=\"k-grid-span-12 lg:k-grid-span-8 k-column\">\n<p class=\"k-text-style k-text-style--body-m k-text--pre-wrap\">k\u00e4rnmj\u00f6lkspulver.<\/p>\n<\/div>\n<\/div>\n<div class=\"k-grid k-pt-3 k-pb-6\">\n<div class=\"k-grid-span-12 lg:k-grid-span-4 k-column\"><strong><span class=\"k-text-style k-text-style--body-m k-text--weight-bold\">Kan inneh\u00e5lla sp\u00e5r av<\/span><\/strong><\/div>\n<div class=\"k-grid-span-12 lg:k-grid-span-8 k-column\">\n<p class=\"k-text-style k-text-style--body-m k-text--pre-wrap\">sojab\u00f6nor.<\/p>\n<\/div>\n<\/div>\n<div class=\"k-grid k-pt-3 k-pb-6\">\n<div class=\"k-grid-span-12 lg:k-grid-span-4 k-column\"><strong><span class=\"k-text-style k-text-style--body-m k-text--weight-bold\">Hanterad i<\/span><\/strong><\/div>\n<div class=\"k-grid-span-12 lg:k-grid-span-8 k-column\">\n<p class=\"k-text-style k-text-style--body-m k-text--pre-wrap\">Polen<\/p>\n<\/div>\n<\/div>\n<div class=\"k-grid k-pt-3 k-pb-6\">\n<div class=\"k-grid-span-12 lg:k-grid-span-4 k-column\"><strong><span class=\"k-text-style k-text-style--body-m k-text--weight-bold\">Leverant\u00f6r<\/span><\/strong><\/div>\n<div class=\"k-grid-span-12 lg:k-grid-span-8 k-column\">\n<p class=\"k-text-style k-text-style--body-m k-text--pre-wrap\">Midsona Sverige AB<\/p>\n<\/div>\n<\/div>","protected":false},"excerpt":{"rendered":"<p><strong>120 g, Friggs<\/strong><\/p>\n<p>Friggs Majskakor Sm\u00f6r &amp; Havssalt \u00e4r krispiga, spr\u00f6da majskakor med den underbara smaken av sm\u00e4lt sm\u00f6r och en gnutta havssalt. V\u00e5ra majskakor med smak av sm\u00f6r och havssalt \u00e4r det perfekta valet f\u00f6r alla stunder under dagen: Starta dagen med en smidig och smakrik frukost. Sm\u00f6r &amp; Havssalt ger en lyxig k\u00e4nsla till din morgonrutin, utan extra tids\u00e5tg\u00e5ng. N\u00e4r hum\u00f6ret dippar p\u00e5 f\u00f6rmiddagen och tr\u00f6ttheten smyger sig p\u00e5, \u00e4r Sm\u00f6r &amp; Havssalt det perfekta valet f\u00f6r att ladda om. Under utflykter och \u00e4ventyr \u00e4r enkelhet och bekv\u00e4mlighet nyckeln. V\u00e5ra majskakor \u00e4r det ultimata valet f\u00f6r en snabb energik\u00e4lla. Sm\u00f6r &amp; havssalt erbjuder en snabb och smakrik l\u00f6sning som kan h\u00e5lla hum\u00f6ret uppe och stilla hungern tills det \u00e4r dags f\u00f6r middag. Avsluta dagen med en lyxig twist. Ers\u00e4tt dina vanliga kv\u00e4llssnacks som chips eller choklad med v\u00e5ra majskakor.<\/p>","protected":false},"featured_media":5710,"template":"","meta":{"site-sidebar-layout":"default","site-content-layout":"","ast-site-content-layout":"default","site-content-style":"default","site-sidebar-style":"default","ast-global-header-display":"","ast-banner-title-visibility":"","ast-main-header-display":"","ast-hfb-above-header-display":"","ast-hfb-below-header-display":"","ast-hfb-mobile-header-display":"","site-post-title":"","ast-breadcrumbs-content":"","ast-featured-img":"","footer-sml-layout":"","theme-transparent-header-meta":"default","adv-header-id-meta":"","stick-header-meta":"","header-above-stick-meta":"","header-main-stick-meta":"","header-below-stick-meta":"","astra-migrate-meta-layouts":"set","ast-page-background-enabled":"default","ast-page-background-meta":{"desktop":{"background-color":"","background-image":"","background-repeat":"repeat","background-position":"center center","background-size":"auto","background-attachment":"scroll","background-type":"","background-media":"","overlay-type":"","overlay-color":"","overlay-opacity":"","overlay-gradient":""},"tablet":{"background-color":"","background-image":"","background-repeat":"repeat","background-position":"center center","background-size":"auto","background-attachment":"scroll","background-type":"","background-media":"","overlay-type":"","overlay-color":"","overlay-opacity":"","overlay-gradient":""},"mobile":{"background-color":"","background-image":"","background-repeat":"repeat","background-position":"center center","background-size":"auto","background-attachment":"scroll","background-type":"","background-media":"","overlay-type":"","overlay-color":"","overlay-opacity":"","overlay-gradient":""}},"ast-content-background-meta":{"desktop":{"background-color":"var(--ast-global-color-5)","background-image":"","background-repeat":"repeat","background-position":"center center","background-size":"auto","background-attachment":"scroll","background-type":"","background-media":"","overlay-type":"","overlay-color":"","overlay-opacity":"","overlay-gradient":""},"tablet":{"background-color":"var(--ast-global-color-5)","background-image":"","background-repeat":"repeat","background-position":"center center","background-size":"auto","background-attachment":"scroll","background-type":"","background-media":"","overlay-type":"","overlay-color":"","overlay-opacity":"","overlay-gradient":""},"mobile":{"background-color":"var(--ast-global-color-5)","background-image":"","background-repeat":"repeat","background-position":"center center","background-size":"auto","background-attachment":"scroll","background-type":"","background-media":"","overlay-type":"","overlay-color":"","overlay-opacity":"","overlay-gradient":""}}},"product_brand":[],"product_cat":[82,76],"product_tag":[],"class_list":{"0":"post-5533","1":"product","2":"type-product","3":"status-publish","4":"has-post-thumbnail","6":"product_cat-alla-produkter","7":"product_cat-ris-och-majskakor","8":"desktop-align-center","9":"tablet-align-left","10":"mobile-align-left","12":"first","13":"instock","14":"taxable","15":"shipping-taxable","16":"purchasable","17":"product-type-simple"},"yoast_head":"<!-- This site is optimized with the Yoast SEO plugin v26.0 - https:\/\/yoast.com\/wordpress\/plugins\/seo\/ -->\n<title>Majskaka Sm\u00f6r &amp; Havssalt - Mat Fr\u00e5n Sverige<\/title>\n<meta name=\"robots\" content=\"index, follow, max-snippet:-1, max-image-preview:large, max-video-preview:-1\" \/>\n<link rel=\"canonical\" href=\"https:\/\/xn--matfrnsverige-tfb.se\/en\/product\/majskaka-smor-havssalt\/\" \/>\n<meta property=\"og:locale\" content=\"en_US\" \/>\n<meta property=\"og:type\" content=\"article\" \/>\n<meta property=\"og:title\" content=\"Majskaka Sm\u00f6r &amp; Havssalt - Mat Fr\u00e5n Sverige\" \/>\n<meta property=\"og:description\" content=\"120 g, Friggs  Friggs Majskakor Sm\u00f6r &amp; Havssalt \u00e4r krispiga, spr\u00f6da majskakor med den underbara smaken av sm\u00e4lt sm\u00f6r och en gnutta havssalt. V\u00e5ra majskakor med smak av sm\u00f6r och havssalt \u00e4r det perfekta valet f\u00f6r alla stunder under dagen: Starta dagen med en smidig och smakrik frukost. Sm\u00f6r &amp; Havssalt ger en lyxig k\u00e4nsla till din morgonrutin, utan extra tids\u00e5tg\u00e5ng. N\u00e4r hum\u00f6ret dippar p\u00e5 f\u00f6rmiddagen och tr\u00f6ttheten smyger sig p\u00e5, \u00e4r Sm\u00f6r &amp; Havssalt det perfekta valet f\u00f6r att ladda om. Under utflykter och \u00e4ventyr \u00e4r enkelhet och bekv\u00e4mlighet nyckeln. V\u00e5ra majskakor \u00e4r det ultimata valet f\u00f6r en snabb energik\u00e4lla. Sm\u00f6r &amp; havssalt erbjuder en snabb och smakrik l\u00f6sning som kan h\u00e5lla hum\u00f6ret uppe och stilla hungern tills det \u00e4r dags f\u00f6r middag. Avsluta dagen med en lyxig twist. Ers\u00e4tt dina vanliga kv\u00e4llssnacks som chips eller choklad med v\u00e5ra majskakor.\" \/>\n<meta property=\"og:url\" content=\"https:\/\/xn--matfrnsverige-tfb.se\/en\/product\/majskaka-smor-havssalt\/\" \/>\n<meta property=\"og:site_name\" content=\"Mat Fr\u00e5n Sverige\" \/>\n<meta property=\"article:modified_time\" content=\"2025-08-30T10:37:18+00:00\" \/>\n<meta property=\"og:image\" content=\"https:\/\/xn--matfrnsverige-tfb.se\/wp-content\/uploads\/2025\/08\/A043F109-E5C8-469E-A95C-B5C59EDBC517.jpeg\" \/>\n\t<meta property=\"og:image:width\" content=\"954\" \/>\n\t<meta property=\"og:image:height\" content=\"954\" \/>\n\t<meta property=\"og:image:type\" content=\"image\/jpeg\" \/>\n<meta name=\"twitter:card\" content=\"summary_large_image\" \/>\n<script type=\"application\/ld+json\" class=\"yoast-schema-graph\">{\"@context\":\"https:\/\/schema.org\",\"@graph\":[{\"@type\":\"WebPage\",\"@id\":\"https:\/\/xn--matfrnsverige-tfb.se\/produkt\/majskaka-smor-havssalt\/\",\"url\":\"https:\/\/xn--matfrnsverige-tfb.se\/produkt\/majskaka-smor-havssalt\/\",\"name\":\"Majskaka Sm\u00f6r & Havssalt - Mat Fr\u00e5n Sverige\",\"isPartOf\":{\"@id\":\"https:\/\/xn--matfrnsverige-tfb.se\/#website\"},\"primaryImageOfPage\":{\"@id\":\"https:\/\/xn--matfrnsverige-tfb.se\/produkt\/majskaka-smor-havssalt\/#primaryimage\"},\"image\":{\"@id\":\"https:\/\/xn--matfrnsverige-tfb.se\/produkt\/majskaka-smor-havssalt\/#primaryimage\"},\"thumbnailUrl\":\"https:\/\/xn--matfrnsverige-tfb.se\/wp-content\/uploads\/2025\/08\/A043F109-E5C8-469E-A95C-B5C59EDBC517.jpeg\",\"datePublished\":\"2025-08-16T13:09:47+00:00\",\"dateModified\":\"2025-08-30T10:37:18+00:00\",\"breadcrumb\":{\"@id\":\"https:\/\/xn--matfrnsverige-tfb.se\/produkt\/majskaka-smor-havssalt\/#breadcrumb\"},\"inLanguage\":\"en-US\",\"potentialAction\":[{\"@type\":\"ReadAction\",\"target\":[\"https:\/\/xn--matfrnsverige-tfb.se\/produkt\/majskaka-smor-havssalt\/\"]}]},{\"@type\":\"ImageObject\",\"inLanguage\":\"en-US\",\"@id\":\"https:\/\/xn--matfrnsverige-tfb.se\/produkt\/majskaka-smor-havssalt\/#primaryimage\",\"url\":\"https:\/\/xn--matfrnsverige-tfb.se\/wp-content\/uploads\/2025\/08\/A043F109-E5C8-469E-A95C-B5C59EDBC517.jpeg\",\"contentUrl\":\"https:\/\/xn--matfrnsverige-tfb.se\/wp-content\/uploads\/2025\/08\/A043F109-E5C8-469E-A95C-B5C59EDBC517.jpeg\",\"width\":954,\"height\":954,\"caption\":\"Screenshot\"},{\"@type\":\"BreadcrumbList\",\"@id\":\"https:\/\/xn--matfrnsverige-tfb.se\/produkt\/majskaka-smor-havssalt\/#breadcrumb\",\"itemListElement\":[{\"@type\":\"ListItem\",\"position\":1,\"name\":\"Home\",\"item\":\"https:\/\/xn--matfrnsverige-tfb.se\/\"},{\"@type\":\"ListItem\",\"position\":2,\"name\":\"Store\",\"item\":\"https:\/\/xn--matfrnsverige-tfb.se\/store\/\"},{\"@type\":\"ListItem\",\"position\":3,\"name\":\"Majskaka Sm\u00f6r &#038; Havssalt\"}]},{\"@type\":\"WebSite\",\"@id\":\"https:\/\/xn--matfrnsverige-tfb.se\/#website\",\"url\":\"https:\/\/xn--matfrnsverige-tfb.se\/\",\"name\":\"Mat Fr\u00e5n Sverige\",\"description\":\"Buy Swedish Candy Online\",\"publisher\":{\"@id\":\"https:\/\/xn--matfrnsverige-tfb.se\/#organization\"},\"potentialAction\":[{\"@type\":\"SearchAction\",\"target\":{\"@type\":\"EntryPoint\",\"urlTemplate\":\"https:\/\/xn--matfrnsverige-tfb.se\/?s={search_term_string}\"},\"query-input\":{\"@type\":\"PropertyValueSpecification\",\"valueRequired\":true,\"valueName\":\"search_term_string\"}}],\"inLanguage\":\"en-US\"},{\"@type\":\"Organization\",\"@id\":\"https:\/\/xn--matfrnsverige-tfb.se\/#organization\",\"name\":\"Mat Fr\u00e5n Sverige\",\"url\":\"https:\/\/xn--matfrnsverige-tfb.se\/\",\"logo\":{\"@type\":\"ImageObject\",\"inLanguage\":\"en-US\",\"@id\":\"https:\/\/xn--matfrnsverige-tfb.se\/#\/schema\/logo\/image\/\",\"url\":\"https:\/\/xn--matfrnsverige-tfb.se\/wp-content\/uploads\/2025\/05\/Metallskarning.se_-1.png\",\"contentUrl\":\"https:\/\/xn--matfrnsverige-tfb.se\/wp-content\/uploads\/2025\/05\/Metallskarning.se_-1.png\",\"width\":500,\"height\":500,\"caption\":\"Mat Fr\u00e5n Sverige\"},\"image\":{\"@id\":\"https:\/\/xn--matfrnsverige-tfb.se\/#\/schema\/logo\/image\/\"}}]}<\/script>\n<!-- \/ Yoast SEO plugin. -->","yoast_head_json":{"title":"Majskaka Sm\u00f6r & Havssalt - Mat Fr\u00e5n Sverige","robots":{"index":"index","follow":"follow","max-snippet":"max-snippet:-1","max-image-preview":"max-image-preview:large","max-video-preview":"max-video-preview:-1"},"canonical":"https:\/\/xn--matfrnsverige-tfb.se\/en\/product\/majskaka-smor-havssalt\/","og_locale":"en_US","og_type":"article","og_title":"Majskaka Sm\u00f6r & Havssalt - Mat Fr\u00e5n Sverige","og_description":"120 g, Friggs  Friggs Majskakor Sm\u00f6r &amp; Havssalt \u00e4r krispiga, spr\u00f6da majskakor med den underbara smaken av sm\u00e4lt sm\u00f6r och en gnutta havssalt. V\u00e5ra majskakor med smak av sm\u00f6r och havssalt \u00e4r det perfekta valet f\u00f6r alla stunder under dagen: Starta dagen med en smidig och smakrik frukost. Sm\u00f6r &amp; Havssalt ger en lyxig k\u00e4nsla till din morgonrutin, utan extra tids\u00e5tg\u00e5ng. N\u00e4r hum\u00f6ret dippar p\u00e5 f\u00f6rmiddagen och tr\u00f6ttheten smyger sig p\u00e5, \u00e4r Sm\u00f6r &amp; Havssalt det perfekta valet f\u00f6r att ladda om. Under utflykter och \u00e4ventyr \u00e4r enkelhet och bekv\u00e4mlighet nyckeln. V\u00e5ra majskakor \u00e4r det ultimata valet f\u00f6r en snabb energik\u00e4lla. Sm\u00f6r &amp; havssalt erbjuder en snabb och smakrik l\u00f6sning som kan h\u00e5lla hum\u00f6ret uppe och stilla hungern tills det \u00e4r dags f\u00f6r middag. Avsluta dagen med en lyxig twist. Ers\u00e4tt dina vanliga kv\u00e4llssnacks som chips eller choklad med v\u00e5ra majskakor.","og_url":"https:\/\/xn--matfrnsverige-tfb.se\/en\/product\/majskaka-smor-havssalt\/","og_site_name":"Mat Fr\u00e5n Sverige","article_modified_time":"2025-08-30T10:37:18+00:00","og_image":[{"width":954,"height":954,"url":"https:\/\/xn--matfrnsverige-tfb.se\/wp-content\/uploads\/2025\/08\/A043F109-E5C8-469E-A95C-B5C59EDBC517.jpeg","type":"image\/jpeg"}],"twitter_card":"summary_large_image","schema":{"@context":"https:\/\/schema.org","@graph":[{"@type":"WebPage","@id":"https:\/\/xn--matfrnsverige-tfb.se\/produkt\/majskaka-smor-havssalt\/","url":"https:\/\/xn--matfrnsverige-tfb.se\/produkt\/majskaka-smor-havssalt\/","name":"Majskaka Sm\u00f6r & Havssalt - Mat Fr\u00e5n Sverige","isPartOf":{"@id":"https:\/\/xn--matfrnsverige-tfb.se\/#website"},"primaryImageOfPage":{"@id":"https:\/\/xn--matfrnsverige-tfb.se\/produkt\/majskaka-smor-havssalt\/#primaryimage"},"image":{"@id":"https:\/\/xn--matfrnsverige-tfb.se\/produkt\/majskaka-smor-havssalt\/#primaryimage"},"thumbnailUrl":"https:\/\/xn--matfrnsverige-tfb.se\/wp-content\/uploads\/2025\/08\/A043F109-E5C8-469E-A95C-B5C59EDBC517.jpeg","datePublished":"2025-08-16T13:09:47+00:00","dateModified":"2025-08-30T10:37:18+00:00","breadcrumb":{"@id":"https:\/\/xn--matfrnsverige-tfb.se\/produkt\/majskaka-smor-havssalt\/#breadcrumb"},"inLanguage":"en-US","potentialAction":[{"@type":"ReadAction","target":["https:\/\/xn--matfrnsverige-tfb.se\/produkt\/majskaka-smor-havssalt\/"]}]},{"@type":"ImageObject","inLanguage":"en-US","@id":"https:\/\/xn--matfrnsverige-tfb.se\/produkt\/majskaka-smor-havssalt\/#primaryimage","url":"https:\/\/xn--matfrnsverige-tfb.se\/wp-content\/uploads\/2025\/08\/A043F109-E5C8-469E-A95C-B5C59EDBC517.jpeg","contentUrl":"https:\/\/xn--matfrnsverige-tfb.se\/wp-content\/uploads\/2025\/08\/A043F109-E5C8-469E-A95C-B5C59EDBC517.jpeg","width":954,"height":954,"caption":"Screenshot"},{"@type":"BreadcrumbList","@id":"https:\/\/xn--matfrnsverige-tfb.se\/produkt\/majskaka-smor-havssalt\/#breadcrumb","itemListElement":[{"@type":"ListItem","position":1,"name":"Home","item":"https:\/\/xn--matfrnsverige-tfb.se\/"},{"@type":"ListItem","position":2,"name":"Store","item":"https:\/\/xn--matfrnsverige-tfb.se\/store\/"},{"@type":"ListItem","position":3,"name":"Majskaka Sm\u00f6r &#038; Havssalt"}]},{"@type":"WebSite","@id":"https:\/\/xn--matfrnsverige-tfb.se\/#website","url":"https:\/\/xn--matfrnsverige-tfb.se\/","name":"Mat Fr\u00e5n Sverige","description":"Buy Swedish Candy Online","publisher":{"@id":"https:\/\/xn--matfrnsverige-tfb.se\/#organization"},"potentialAction":[{"@type":"SearchAction","target":{"@type":"EntryPoint","urlTemplate":"https:\/\/xn--matfrnsverige-tfb.se\/?s={search_term_string}"},"query-input":{"@type":"PropertyValueSpecification","valueRequired":true,"valueName":"search_term_string"}}],"inLanguage":"en-US"},{"@type":"Organization","@id":"https:\/\/xn--matfrnsverige-tfb.se\/#organization","name":"Mat Fr\u00e5n Sverige","url":"https:\/\/xn--matfrnsverige-tfb.se\/","logo":{"@type":"ImageObject","inLanguage":"en-US","@id":"https:\/\/xn--matfrnsverige-tfb.se\/#\/schema\/logo\/image\/","url":"https:\/\/xn--matfrnsverige-tfb.se\/wp-content\/uploads\/2025\/05\/Metallskarning.se_-1.png","contentUrl":"https:\/\/xn--matfrnsverige-tfb.se\/wp-content\/uploads\/2025\/05\/Metallskarning.se_-1.png","width":500,"height":500,"caption":"Mat Fr\u00e5n Sverige"},"image":{"@id":"https:\/\/xn--matfrnsverige-tfb.se\/#\/schema\/logo\/image\/"}}]}},"jetpack_sharing_enabled":true,"_links":{"self":[{"href":"https:\/\/xn--matfrnsverige-tfb.se\/en\/wp-json\/wp\/v2\/product\/5533","targetHints":{"allow":["GET"]}}],"collection":[{"href":"https:\/\/xn--matfrnsverige-tfb.se\/en\/wp-json\/wp\/v2\/product"}],"about":[{"href":"https:\/\/xn--matfrnsverige-tfb.se\/en\/wp-json\/wp\/v2\/types\/product"}],"version-history":[{"count":1,"href":"https:\/\/xn--matfrnsverige-tfb.se\/en\/wp-json\/wp\/v2\/product\/5533\/revisions"}],"predecessor-version":[{"id":5534,"href":"https:\/\/xn--matfrnsverige-tfb.se\/en\/wp-json\/wp\/v2\/product\/5533\/revisions\/5534"}],"wp:featuredmedia":[{"embeddable":true,"href":"https:\/\/xn--matfrnsverige-tfb.se\/en\/wp-json\/wp\/v2\/media\/5710"}],"wp:attachment":[{"href":"https:\/\/xn--matfrnsverige-tfb.se\/en\/wp-json\/wp\/v2\/media?parent=5533"}],"wp:term":[{"taxonomy":"product_brand","embeddable":true,"href":"https:\/\/xn--matfrnsverige-tfb.se\/en\/wp-json\/wp\/v2\/product_brand?post=5533"},{"taxonomy":"product_cat","embeddable":true,"href":"https:\/\/xn--matfrnsverige-tfb.se\/en\/wp-json\/wp\/v2\/product_cat?post=5533"},{"taxonomy":"product_tag","embeddable":true,"href":"https:\/\/xn--matfrnsverige-tfb.se\/en\/wp-json\/wp\/v2\/product_tag?post=5533"}],"curies":[{"name":"wp","href":"https:\/\/api.w.org\/{rel}","templated":true}]}}