{"id":5541,"date":"2025-08-16T15:17:14","date_gmt":"2025-08-16T13:17:14","guid":{"rendered":"https:\/\/xn--matfrnsverige-tfb.se\/?post_type=product&#038;p=5541"},"modified":"2025-08-30T12:37:18","modified_gmt":"2025-08-30T10:37:18","slug":"sandwich-cream-cheese-french-herbs","status":"publish","type":"product","link":"https:\/\/xn--matfrnsverige-tfb.se\/en\/product\/sandwich-cream-cheese-french-herbs\/","title":{"rendered":"Sandwich Cream Cheese &#038; French Herbs"},"content":{"rendered":"<div class=\"k-grid k-pt-3 k-pb-6\">\n<div class=\"k-grid-span-12 lg:k-grid-span-4 k-column\"><strong><span class=\"k-text-style k-text-style--body-m k-text--weight-bold\">Size<\/span><\/strong><\/div>\n<div class=\"k-grid-span-12 lg:k-grid-span-8 k-column\">\n<p class=\"k-text-style k-text-style--body-m k-text--pre-wrap\">30 gram<\/p>\n<\/div>\n<\/div>\n<div class=\"k-grid k-pt-3 k-pb-6\">\n<div class=\"k-grid-span-12 lg:k-grid-span-4 k-column\"><strong><span class=\"k-text-style k-text-style--body-m k-text--weight-bold\">Ingredienser<\/span><\/strong><\/div>\n<div class=\"k-grid-span-12 lg:k-grid-span-8 k-column\"><span class=\"k-text-style k-text-style--body-m k-text-color--subdued\">FULLKORNSR\u00c5GMJ\u00d6L\/FULLKORNSRUGMEL\u00a057%,\u00a0vegetabiliskt\/vegetabilsk\u00a0fett\u00a0(raps,\u00a0shea),\u00a0maltodextrin\/maltodekstrin,\u00a0OSTPULVER\/OSTEPULVER\u00a09,1%,\u00a0SESAMFR\u00d6N\/SESAMFR\u00d8,\u00a0naturlig\u00a0arom\/aroma\u00a0(MJ\u00d6LK\/MELK),\u00a0K\u00c4RNMJ\u00d6LKSPULVER\/KJERNEMELKPULVER,\u00a0salt,\u00a0j\u00e4st\/gj\u00e6r,\u00a0torkad\u00a0\u00f6rtkryddblanding\/t\u00f8rket\u00a0urtekrydderblanding\u00a00,04%.\u00a0KAN\u00a0INNEH\u00c5LLA\u00a0SP\u00c5R\u00a0AV\u00a0<strong class=\"k-text-style k-text-style--body-m k-text--weight-bold\" role=\"emphasized\">SOJAB\u00d6NOR<\/strong>\u00a0OCH\u00a0LUPIN.\/KAN\u00a0<strong class=\"k-text-style k-text-style--body-m k-text--weight-bold\" role=\"emphasized\">INNEHOLDE<\/strong>\u00a0<strong class=\"k-text-style k-text-style--body-m k-text--weight-bold\" role=\"emphasized\">SPOR<\/strong>\u00a0AV\u00a0<strong class=\"k-text-style k-text-style--body-m k-text--weight-bold\" role=\"emphasized\">SOYAB\u00d8NNER<\/strong>\u00a0OG\u00a0<strong class=\"k-text-style k-text-style--body-m k-text--weight-bold\" role=\"emphasized\">LUPIN<\/strong>.<\/span><\/div>\n<\/div>\n<div class=\"k-grid k-pt-3 k-pb-6\">\n<div class=\"k-grid-span-12 lg:k-grid-span-4 k-column\"><strong><span class=\"k-text-style k-text-style--body-m k-text--weight-bold\">Allergener<\/span><\/strong><\/div>\n<div class=\"k-grid-span-12 lg:k-grid-span-8 k-column\">\n<p class=\"k-text-style k-text-style--body-m k-text--pre-wrap\">fullkornsr\u00e5gmj\u00f6l, k\u00e4rnmj\u00f6lkspulver, kjernemelkpulver, fullkornsrugmel, soyab\u00f8nner, ostepulver, inneholde, sojab\u00f6nor, sesamfr\u00f6n, ostpulver, sesamfr\u00f8, mj\u00f6lk, lupin, spor, melk.<\/p>\n<\/div>\n<\/div>\n<div class=\"k-grid k-pt-3 k-pb-6\">\n<div class=\"k-grid-span-12 lg:k-grid-span-4 k-column\"><strong><span class=\"k-text-style k-text-style--body-m k-text--weight-bold\">Kan inneh\u00e5lla sp\u00e5r av<\/span><\/strong><\/div>\n<div class=\"k-grid-span-12 lg:k-grid-span-8 k-column\">\n<p class=\"k-text-style k-text-style--body-m k-text--pre-wrap\">sojab\u00f6nor, lupinb\u00f6nor.<\/p>\n<\/div>\n<\/div>\n<div class=\"k-grid k-pt-3 k-pb-6\">\n<div class=\"k-grid-span-12 lg:k-grid-span-4 k-column\"><strong><span class=\"k-text-style k-text-style--body-m k-text--weight-bold\">Hanterad i<\/span><\/strong><\/div>\n<div class=\"k-grid-span-12 lg:k-grid-span-8 k-column\">\n<p class=\"k-text-style k-text-style--body-m k-text--pre-wrap\">Tyskland<\/p>\n<\/div>\n<\/div>\n<div class=\"k-grid k-pt-3 k-pb-6\">\n<div class=\"k-grid-span-12 lg:k-grid-span-4 k-column\"><strong><span class=\"k-text-style k-text-style--body-m k-text--weight-bold\">Leverant\u00f6r<\/span><\/strong><\/div>\n<div class=\"k-grid-span-12 lg:k-grid-span-8 k-column\">\n<p class=\"k-text-style k-text-style--body-m k-text--pre-wrap\">Barilla Sverige AB<\/p>\n<\/div>\n<\/div>","protected":false},"excerpt":{"rendered":"<p><strong>30 g, Wasa<\/strong><\/p>\n<p>Wasa Sandwich French Herbs \u00e4r en kn\u00e4ckemacka gjord p\u00e5 tv\u00e5 skivor kn\u00e4ckebr\u00f6d med en kr\u00e4mig fyllning emellan. Den l\u00e4ckra fyllningen har smak av ost och franska \u00f6rter, vilket passar utm\u00e4rkt ihop med kn\u00e4ckebr\u00f6det av r\u00e5g. F\u00f6rpackningen inneh\u00e5ller tv\u00e5 fullkornskn\u00e4ckebr\u00f6d och kan enkelt avnjutas p\u00e5 spr\u00e5ng. V\u00e5ra f\u00e4rdiga kn\u00e4ckebr\u00f6d med smak av franska \u00f6rter \u00e4r beh\u00e4ndiga att ha i v\u00e4skan eller hemma n\u00e4r du \u00e4r i behov av ett n\u00e4ringsrikt mellanm\u00e5l. Sesamfr\u00f6na ger detta kn\u00e4ckebr\u00f6d med fyllning en lite n\u00f6tig smak, samtidigt som det inneh\u00e5ller mycket kostfiber och fullkorn. Wasa Sandwich French Herbs \u00e4r 100% klimatkompenserad.<\/p>","protected":false},"featured_media":5786,"template":"","meta":{"site-sidebar-layout":"default","site-content-layout":"","ast-site-content-layout":"default","site-content-style":"default","site-sidebar-style":"default","ast-global-header-display":"","ast-banner-title-visibility":"","ast-main-header-display":"","ast-hfb-above-header-display":"","ast-hfb-below-header-display":"","ast-hfb-mobile-header-display":"","site-post-title":"","ast-breadcrumbs-content":"","ast-featured-img":"","footer-sml-layout":"","theme-transparent-header-meta":"default","adv-header-id-meta":"","stick-header-meta":"","header-above-stick-meta":"","header-main-stick-meta":"","header-below-stick-meta":"","astra-migrate-meta-layouts":"set","ast-page-background-enabled":"default","ast-page-background-meta":{"desktop":{"background-color":"","background-image":"","background-repeat":"repeat","background-position":"center center","background-size":"auto","background-attachment":"scroll","background-type":"","background-media":"","overlay-type":"","overlay-color":"","overlay-opacity":"","overlay-gradient":""},"tablet":{"background-color":"","background-image":"","background-repeat":"repeat","background-position":"center center","background-size":"auto","background-attachment":"scroll","background-type":"","background-media":"","overlay-type":"","overlay-color":"","overlay-opacity":"","overlay-gradient":""},"mobile":{"background-color":"","background-image":"","background-repeat":"repeat","background-position":"center center","background-size":"auto","background-attachment":"scroll","background-type":"","background-media":"","overlay-type":"","overlay-color":"","overlay-opacity":"","overlay-gradient":""}},"ast-content-background-meta":{"desktop":{"background-color":"var(--ast-global-color-5)","background-image":"","background-repeat":"repeat","background-position":"center center","background-size":"auto","background-attachment":"scroll","background-type":"","background-media":"","overlay-type":"","overlay-color":"","overlay-opacity":"","overlay-gradient":""},"tablet":{"background-color":"var(--ast-global-color-5)","background-image":"","background-repeat":"repeat","background-position":"center center","background-size":"auto","background-attachment":"scroll","background-type":"","background-media":"","overlay-type":"","overlay-color":"","overlay-opacity":"","overlay-gradient":""},"mobile":{"background-color":"var(--ast-global-color-5)","background-image":"","background-repeat":"repeat","background-position":"center center","background-size":"auto","background-attachment":"scroll","background-type":"","background-media":"","overlay-type":"","overlay-color":"","overlay-opacity":"","overlay-gradient":""}}},"product_brand":[],"product_cat":[82,77],"product_tag":[],"class_list":{"0":"post-5541","1":"product","2":"type-product","3":"status-publish","4":"has-post-thumbnail","6":"product_cat-alla-produkter","7":"product_cat-knackebrod","8":"desktop-align-center","9":"tablet-align-left","10":"mobile-align-left","12":"first","13":"instock","14":"taxable","15":"shipping-taxable","16":"purchasable","17":"product-type-simple"},"yoast_head":"<!-- This site is optimized with the Yoast SEO plugin v26.0 - https:\/\/yoast.com\/wordpress\/plugins\/seo\/ -->\n<title>Sandwich Cream Cheese &amp; French Herbs - Mat Fr\u00e5n Sverige<\/title>\n<meta name=\"robots\" content=\"index, follow, max-snippet:-1, max-image-preview:large, max-video-preview:-1\" \/>\n<link rel=\"canonical\" href=\"https:\/\/xn--matfrnsverige-tfb.se\/en\/product\/sandwich-cream-cheese-french-herbs\/\" \/>\n<meta property=\"og:locale\" content=\"en_US\" \/>\n<meta property=\"og:type\" content=\"article\" \/>\n<meta property=\"og:title\" content=\"Sandwich Cream Cheese &amp; French Herbs - Mat Fr\u00e5n Sverige\" \/>\n<meta property=\"og:description\" content=\"30 g, Wasa  Wasa Sandwich French Herbs \u00e4r en kn\u00e4ckemacka gjord p\u00e5 tv\u00e5 skivor kn\u00e4ckebr\u00f6d med en kr\u00e4mig fyllning emellan. Den l\u00e4ckra fyllningen har smak av ost och franska \u00f6rter, vilket passar utm\u00e4rkt ihop med kn\u00e4ckebr\u00f6det av r\u00e5g. F\u00f6rpackningen inneh\u00e5ller tv\u00e5 fullkornskn\u00e4ckebr\u00f6d och kan enkelt avnjutas p\u00e5 spr\u00e5ng. V\u00e5ra f\u00e4rdiga kn\u00e4ckebr\u00f6d med smak av franska \u00f6rter \u00e4r beh\u00e4ndiga att ha i v\u00e4skan eller hemma n\u00e4r du \u00e4r i behov av ett n\u00e4ringsrikt mellanm\u00e5l. Sesamfr\u00f6na ger detta kn\u00e4ckebr\u00f6d med fyllning en lite n\u00f6tig smak, samtidigt som det inneh\u00e5ller mycket kostfiber och fullkorn. Wasa Sandwich French Herbs \u00e4r 100% klimatkompenserad.\" \/>\n<meta property=\"og:url\" content=\"https:\/\/xn--matfrnsverige-tfb.se\/en\/product\/sandwich-cream-cheese-french-herbs\/\" \/>\n<meta property=\"og:site_name\" content=\"Mat Fr\u00e5n Sverige\" \/>\n<meta property=\"article:modified_time\" content=\"2025-08-30T10:37:18+00:00\" \/>\n<meta property=\"og:image\" content=\"https:\/\/xn--matfrnsverige-tfb.se\/wp-content\/uploads\/2025\/08\/2BA7A2AE-0D3F-42C5-8319-C17B5745D0A6.jpeg\" \/>\n\t<meta property=\"og:image:width\" content=\"1283\" \/>\n\t<meta property=\"og:image:height\" content=\"822\" \/>\n\t<meta property=\"og:image:type\" content=\"image\/jpeg\" \/>\n<meta name=\"twitter:card\" content=\"summary_large_image\" \/>\n<script type=\"application\/ld+json\" class=\"yoast-schema-graph\">{\"@context\":\"https:\/\/schema.org\",\"@graph\":[{\"@type\":\"WebPage\",\"@id\":\"https:\/\/xn--matfrnsverige-tfb.se\/produkt\/sandwich-cream-cheese-french-herbs\/\",\"url\":\"https:\/\/xn--matfrnsverige-tfb.se\/produkt\/sandwich-cream-cheese-french-herbs\/\",\"name\":\"Sandwich Cream Cheese & French Herbs - Mat Fr\u00e5n Sverige\",\"isPartOf\":{\"@id\":\"https:\/\/xn--matfrnsverige-tfb.se\/#website\"},\"primaryImageOfPage\":{\"@id\":\"https:\/\/xn--matfrnsverige-tfb.se\/produkt\/sandwich-cream-cheese-french-herbs\/#primaryimage\"},\"image\":{\"@id\":\"https:\/\/xn--matfrnsverige-tfb.se\/produkt\/sandwich-cream-cheese-french-herbs\/#primaryimage\"},\"thumbnailUrl\":\"https:\/\/xn--matfrnsverige-tfb.se\/wp-content\/uploads\/2025\/08\/2BA7A2AE-0D3F-42C5-8319-C17B5745D0A6.jpeg\",\"datePublished\":\"2025-08-16T13:17:14+00:00\",\"dateModified\":\"2025-08-30T10:37:18+00:00\",\"breadcrumb\":{\"@id\":\"https:\/\/xn--matfrnsverige-tfb.se\/produkt\/sandwich-cream-cheese-french-herbs\/#breadcrumb\"},\"inLanguage\":\"en-US\",\"potentialAction\":[{\"@type\":\"ReadAction\",\"target\":[\"https:\/\/xn--matfrnsverige-tfb.se\/produkt\/sandwich-cream-cheese-french-herbs\/\"]}]},{\"@type\":\"ImageObject\",\"inLanguage\":\"en-US\",\"@id\":\"https:\/\/xn--matfrnsverige-tfb.se\/produkt\/sandwich-cream-cheese-french-herbs\/#primaryimage\",\"url\":\"https:\/\/xn--matfrnsverige-tfb.se\/wp-content\/uploads\/2025\/08\/2BA7A2AE-0D3F-42C5-8319-C17B5745D0A6.jpeg\",\"contentUrl\":\"https:\/\/xn--matfrnsverige-tfb.se\/wp-content\/uploads\/2025\/08\/2BA7A2AE-0D3F-42C5-8319-C17B5745D0A6.jpeg\",\"width\":1283,\"height\":822,\"caption\":\"Screenshot\"},{\"@type\":\"BreadcrumbList\",\"@id\":\"https:\/\/xn--matfrnsverige-tfb.se\/produkt\/sandwich-cream-cheese-french-herbs\/#breadcrumb\",\"itemListElement\":[{\"@type\":\"ListItem\",\"position\":1,\"name\":\"Home\",\"item\":\"https:\/\/xn--matfrnsverige-tfb.se\/\"},{\"@type\":\"ListItem\",\"position\":2,\"name\":\"Store\",\"item\":\"https:\/\/xn--matfrnsverige-tfb.se\/store\/\"},{\"@type\":\"ListItem\",\"position\":3,\"name\":\"Sandwich Cream Cheese &#038; French Herbs\"}]},{\"@type\":\"WebSite\",\"@id\":\"https:\/\/xn--matfrnsverige-tfb.se\/#website\",\"url\":\"https:\/\/xn--matfrnsverige-tfb.se\/\",\"name\":\"Mat Fr\u00e5n Sverige\",\"description\":\"Buy Swedish Candy Online\",\"publisher\":{\"@id\":\"https:\/\/xn--matfrnsverige-tfb.se\/#organization\"},\"potentialAction\":[{\"@type\":\"SearchAction\",\"target\":{\"@type\":\"EntryPoint\",\"urlTemplate\":\"https:\/\/xn--matfrnsverige-tfb.se\/?s={search_term_string}\"},\"query-input\":{\"@type\":\"PropertyValueSpecification\",\"valueRequired\":true,\"valueName\":\"search_term_string\"}}],\"inLanguage\":\"en-US\"},{\"@type\":\"Organization\",\"@id\":\"https:\/\/xn--matfrnsverige-tfb.se\/#organization\",\"name\":\"Mat Fr\u00e5n Sverige\",\"url\":\"https:\/\/xn--matfrnsverige-tfb.se\/\",\"logo\":{\"@type\":\"ImageObject\",\"inLanguage\":\"en-US\",\"@id\":\"https:\/\/xn--matfrnsverige-tfb.se\/#\/schema\/logo\/image\/\",\"url\":\"https:\/\/xn--matfrnsverige-tfb.se\/wp-content\/uploads\/2025\/05\/Metallskarning.se_-1.png\",\"contentUrl\":\"https:\/\/xn--matfrnsverige-tfb.se\/wp-content\/uploads\/2025\/05\/Metallskarning.se_-1.png\",\"width\":500,\"height\":500,\"caption\":\"Mat Fr\u00e5n Sverige\"},\"image\":{\"@id\":\"https:\/\/xn--matfrnsverige-tfb.se\/#\/schema\/logo\/image\/\"}}]}<\/script>\n<!-- \/ Yoast SEO plugin. -->","yoast_head_json":{"title":"Sandwich Cream Cheese & French Herbs - Mat Fr\u00e5n Sverige","robots":{"index":"index","follow":"follow","max-snippet":"max-snippet:-1","max-image-preview":"max-image-preview:large","max-video-preview":"max-video-preview:-1"},"canonical":"https:\/\/xn--matfrnsverige-tfb.se\/en\/product\/sandwich-cream-cheese-french-herbs\/","og_locale":"en_US","og_type":"article","og_title":"Sandwich Cream Cheese & French Herbs - Mat Fr\u00e5n Sverige","og_description":"30 g, Wasa  Wasa Sandwich French Herbs \u00e4r en kn\u00e4ckemacka gjord p\u00e5 tv\u00e5 skivor kn\u00e4ckebr\u00f6d med en kr\u00e4mig fyllning emellan. Den l\u00e4ckra fyllningen har smak av ost och franska \u00f6rter, vilket passar utm\u00e4rkt ihop med kn\u00e4ckebr\u00f6det av r\u00e5g. F\u00f6rpackningen inneh\u00e5ller tv\u00e5 fullkornskn\u00e4ckebr\u00f6d och kan enkelt avnjutas p\u00e5 spr\u00e5ng. V\u00e5ra f\u00e4rdiga kn\u00e4ckebr\u00f6d med smak av franska \u00f6rter \u00e4r beh\u00e4ndiga att ha i v\u00e4skan eller hemma n\u00e4r du \u00e4r i behov av ett n\u00e4ringsrikt mellanm\u00e5l. Sesamfr\u00f6na ger detta kn\u00e4ckebr\u00f6d med fyllning en lite n\u00f6tig smak, samtidigt som det inneh\u00e5ller mycket kostfiber och fullkorn. Wasa Sandwich French Herbs \u00e4r 100% klimatkompenserad.","og_url":"https:\/\/xn--matfrnsverige-tfb.se\/en\/product\/sandwich-cream-cheese-french-herbs\/","og_site_name":"Mat Fr\u00e5n Sverige","article_modified_time":"2025-08-30T10:37:18+00:00","og_image":[{"width":1283,"height":822,"url":"https:\/\/xn--matfrnsverige-tfb.se\/wp-content\/uploads\/2025\/08\/2BA7A2AE-0D3F-42C5-8319-C17B5745D0A6.jpeg","type":"image\/jpeg"}],"twitter_card":"summary_large_image","schema":{"@context":"https:\/\/schema.org","@graph":[{"@type":"WebPage","@id":"https:\/\/xn--matfrnsverige-tfb.se\/produkt\/sandwich-cream-cheese-french-herbs\/","url":"https:\/\/xn--matfrnsverige-tfb.se\/produkt\/sandwich-cream-cheese-french-herbs\/","name":"Sandwich Cream Cheese & French Herbs - Mat Fr\u00e5n Sverige","isPartOf":{"@id":"https:\/\/xn--matfrnsverige-tfb.se\/#website"},"primaryImageOfPage":{"@id":"https:\/\/xn--matfrnsverige-tfb.se\/produkt\/sandwich-cream-cheese-french-herbs\/#primaryimage"},"image":{"@id":"https:\/\/xn--matfrnsverige-tfb.se\/produkt\/sandwich-cream-cheese-french-herbs\/#primaryimage"},"thumbnailUrl":"https:\/\/xn--matfrnsverige-tfb.se\/wp-content\/uploads\/2025\/08\/2BA7A2AE-0D3F-42C5-8319-C17B5745D0A6.jpeg","datePublished":"2025-08-16T13:17:14+00:00","dateModified":"2025-08-30T10:37:18+00:00","breadcrumb":{"@id":"https:\/\/xn--matfrnsverige-tfb.se\/produkt\/sandwich-cream-cheese-french-herbs\/#breadcrumb"},"inLanguage":"en-US","potentialAction":[{"@type":"ReadAction","target":["https:\/\/xn--matfrnsverige-tfb.se\/produkt\/sandwich-cream-cheese-french-herbs\/"]}]},{"@type":"ImageObject","inLanguage":"en-US","@id":"https:\/\/xn--matfrnsverige-tfb.se\/produkt\/sandwich-cream-cheese-french-herbs\/#primaryimage","url":"https:\/\/xn--matfrnsverige-tfb.se\/wp-content\/uploads\/2025\/08\/2BA7A2AE-0D3F-42C5-8319-C17B5745D0A6.jpeg","contentUrl":"https:\/\/xn--matfrnsverige-tfb.se\/wp-content\/uploads\/2025\/08\/2BA7A2AE-0D3F-42C5-8319-C17B5745D0A6.jpeg","width":1283,"height":822,"caption":"Screenshot"},{"@type":"BreadcrumbList","@id":"https:\/\/xn--matfrnsverige-tfb.se\/produkt\/sandwich-cream-cheese-french-herbs\/#breadcrumb","itemListElement":[{"@type":"ListItem","position":1,"name":"Home","item":"https:\/\/xn--matfrnsverige-tfb.se\/"},{"@type":"ListItem","position":2,"name":"Store","item":"https:\/\/xn--matfrnsverige-tfb.se\/store\/"},{"@type":"ListItem","position":3,"name":"Sandwich Cream Cheese &#038; French Herbs"}]},{"@type":"WebSite","@id":"https:\/\/xn--matfrnsverige-tfb.se\/#website","url":"https:\/\/xn--matfrnsverige-tfb.se\/","name":"Mat Fr\u00e5n Sverige","description":"Buy Swedish Candy Online","publisher":{"@id":"https:\/\/xn--matfrnsverige-tfb.se\/#organization"},"potentialAction":[{"@type":"SearchAction","target":{"@type":"EntryPoint","urlTemplate":"https:\/\/xn--matfrnsverige-tfb.se\/?s={search_term_string}"},"query-input":{"@type":"PropertyValueSpecification","valueRequired":true,"valueName":"search_term_string"}}],"inLanguage":"en-US"},{"@type":"Organization","@id":"https:\/\/xn--matfrnsverige-tfb.se\/#organization","name":"Mat Fr\u00e5n Sverige","url":"https:\/\/xn--matfrnsverige-tfb.se\/","logo":{"@type":"ImageObject","inLanguage":"en-US","@id":"https:\/\/xn--matfrnsverige-tfb.se\/#\/schema\/logo\/image\/","url":"https:\/\/xn--matfrnsverige-tfb.se\/wp-content\/uploads\/2025\/05\/Metallskarning.se_-1.png","contentUrl":"https:\/\/xn--matfrnsverige-tfb.se\/wp-content\/uploads\/2025\/05\/Metallskarning.se_-1.png","width":500,"height":500,"caption":"Mat Fr\u00e5n Sverige"},"image":{"@id":"https:\/\/xn--matfrnsverige-tfb.se\/#\/schema\/logo\/image\/"}}]}},"jetpack_sharing_enabled":true,"_links":{"self":[{"href":"https:\/\/xn--matfrnsverige-tfb.se\/en\/wp-json\/wp\/v2\/product\/5541","targetHints":{"allow":["GET"]}}],"collection":[{"href":"https:\/\/xn--matfrnsverige-tfb.se\/en\/wp-json\/wp\/v2\/product"}],"about":[{"href":"https:\/\/xn--matfrnsverige-tfb.se\/en\/wp-json\/wp\/v2\/types\/product"}],"version-history":[{"count":1,"href":"https:\/\/xn--matfrnsverige-tfb.se\/en\/wp-json\/wp\/v2\/product\/5541\/revisions"}],"predecessor-version":[{"id":5542,"href":"https:\/\/xn--matfrnsverige-tfb.se\/en\/wp-json\/wp\/v2\/product\/5541\/revisions\/5542"}],"wp:featuredmedia":[{"embeddable":true,"href":"https:\/\/xn--matfrnsverige-tfb.se\/en\/wp-json\/wp\/v2\/media\/5786"}],"wp:attachment":[{"href":"https:\/\/xn--matfrnsverige-tfb.se\/en\/wp-json\/wp\/v2\/media?parent=5541"}],"wp:term":[{"taxonomy":"product_brand","embeddable":true,"href":"https:\/\/xn--matfrnsverige-tfb.se\/en\/wp-json\/wp\/v2\/product_brand?post=5541"},{"taxonomy":"product_cat","embeddable":true,"href":"https:\/\/xn--matfrnsverige-tfb.se\/en\/wp-json\/wp\/v2\/product_cat?post=5541"},{"taxonomy":"product_tag","embeddable":true,"href":"https:\/\/xn--matfrnsverige-tfb.se\/en\/wp-json\/wp\/v2\/product_tag?post=5541"}],"curies":[{"name":"wp","href":"https:\/\/api.w.org\/{rel}","templated":true}]}}