{"id":5559,"date":"2025-08-16T15:37:18","date_gmt":"2025-08-16T13:37:18","guid":{"rendered":"https:\/\/xn--matfrnsverige-tfb.se\/?post_type=product&#038;p=5559"},"modified":"2025-08-30T12:37:47","modified_gmt":"2025-08-30T10:37:47","slug":"knackebrod-tunn-havre","status":"publish","type":"product","link":"https:\/\/xn--matfrnsverige-tfb.se\/en\/product\/knackebrod-tunn-havre\/","title":{"rendered":"Kn\u00e4ckebr\u00f6d Tunn Havre"},"content":{"rendered":"<div class=\"k-grid k-pt-3 k-pb-6\">\n<div class=\"k-grid-span-12 lg:k-grid-span-4 k-column\"><strong><span class=\"k-text-style k-text-style--body-m k-text--weight-bold\">Size<\/span><\/strong><\/div>\n<div class=\"k-grid-span-12 lg:k-grid-span-8 k-column\">\n<p class=\"k-text-style k-text-style--body-m k-text--pre-wrap\">265 gram<\/p>\n<\/div>\n<\/div>\n<div class=\"k-grid k-pt-3 k-pb-6\">\n<div class=\"k-grid-span-12 lg:k-grid-span-4 k-column\"><strong><span class=\"k-text-style k-text-style--body-m k-text--weight-bold\">Ingredienser<\/span><\/strong><\/div>\n<div class=\"k-grid-span-12 lg:k-grid-span-8 k-column\"><span class=\"k-text-style k-text-style--body-m k-text-color--subdued\"><strong class=\"k-text-style k-text-style--body-m k-text--weight-bold\" role=\"emphasized\">FULLKORNSHAVREMJ\u00d6L<\/strong>\u00a0(35%),\u00a0<strong class=\"k-text-style k-text-style--body-m k-text--weight-bold\" role=\"emphasized\">VETEMJ\u00d6L<\/strong>\u00a0(23%),\u00a0<strong class=\"k-text-style k-text-style--body-m k-text--weight-bold\" role=\"emphasized\">R\u00c5GMJ\u00d6L<\/strong>\u00a0(19%),\u00a0<strong class=\"k-text-style k-text-style--body-m k-text--weight-bold\" role=\"emphasized\">HAVREFLINGOR<\/strong>\u00a0(18%),\u00a0solrosfr\u00f6olja,\u00a0j\u00e4st,\u00a0naturlig\u00a0arom,\u00a0surdegspulver\u00a0av\u00a0<strong class=\"k-text-style k-text-style--body-m k-text--weight-bold\" role=\"emphasized\">FULLKORNSR\u00c5G<\/strong>\u00a0(1%),\u00a0havssalt\u00a0(0,5%),\u00a0bakpulver\u00a0(natriumv\u00e4tekarbonat),\u00a0salt.<\/span><\/div>\n<\/div>\n<div class=\"k-grid k-pt-3 k-pb-6\">\n<div class=\"k-grid-span-12 lg:k-grid-span-4 k-column\"><strong><span class=\"k-text-style k-text-style--body-m k-text--weight-bold\">Allergener<\/span><\/strong><\/div>\n<div class=\"k-grid-span-12 lg:k-grid-span-8 k-column\">\n<p class=\"k-text-style k-text-style--body-m k-text--pre-wrap\">fullkornshavremj\u00f6l, havreflingor, fullkornsr\u00e5g, vetemj\u00f6l, r\u00e5gmj\u00f6l.<\/p>\n<\/div>\n<\/div>\n<div class=\"k-grid k-pt-3 k-pb-6\">\n<div class=\"k-grid-span-12 lg:k-grid-span-4 k-column\"><strong><span class=\"k-text-style k-text-style--body-m k-text--weight-bold\">Kan in<\/span><span class=\"k-text-style k-text-style--body-m k-text--weight-bold\">neh\u00e5lla sp\u00e5r av\u00a0 <\/span><span style=\"font-size: 16px;\">mj\u00f6lk.<\/span><\/strong><\/div>\n<\/div>\n<div class=\"k-grid k-pt-3 k-pb-6\">\n<div><\/div>\n<div class=\"k-grid-span-12 lg:k-grid-span-4 k-column\"><strong><span class=\"k-text-style k-text-style--body-m k-text--weight-bold\">Leverant\u00f6r<\/span><\/strong><\/div>\n<div class=\"k-grid-span-12 lg:k-grid-span-8 k-column\">\n<p class=\"k-text-style k-text-style--body-m k-text--pre-wrap\">Barilla Sverige AB<\/p>\n<\/div>\n<\/div>","protected":false},"excerpt":{"rendered":"<p><strong>265 g, Wasa<\/strong><\/p>\n<p class=\"k-text-style k-text-style--body-m k-text--pre-wrap\">Wasa Tunn Havre \u00e4r ett h\u00e4rligt gyllengr\u00e4ddat och tunnare kn\u00e4ckebr\u00f6d bakat med fullkornsmj\u00f6l av havre. Kn\u00e4cket \u00e4r toppat med havreflingor och havssalt f\u00f6r en extra l\u00e4cker smakupplevelse som passar utm\u00e4rkt b\u00e5de till frukost, mellanm\u00e5l eller som m\u00e5ltidstillbeh\u00f6r. H\u00e5rt br\u00f6d av havre och fullkorn \u00e4r ett n\u00e4ringsrikt alternativ och en k\u00e4lla till protein. F\u00f6rvara ditt havre-kn\u00e4ckebr\u00f6d torrt s\u00e5 h\u00e5ller det sig krispigt l\u00e4ngre. Wasa Tunn Havre \u00e4r ett nyckelh\u00e5lsm\u00e4rkt kn\u00e4ckebr\u00f6d och \u00e4r 100% klimatkompenserat.<\/p>\n<div class=\"k-spacer-spacing-2\" role=\"none\"><\/div>\n<p class=\"k-text-style k-text-style--body-m k-text--pre-wrap\">Wasa Tunn Havre \u00e4r ett h\u00e4rligt gyllengr\u00e4ddat och tunnare kn\u00e4ckebr\u00f6d bakat med fullkornsmj\u00f6l av havre. Kn\u00e4cket \u00e4r toppat med havreflingor och havssalt f\u00f6r en extra l\u00e4cker smakupplevelse som passar utm\u00e4rkt b\u00e5de till frukost, mellanm\u00e5l eller som m\u00e5ltidstillbeh\u00f6r. H\u00e5rt br\u00f6d av havre och fullkorn \u00e4r ett n\u00e4ringsrikt alternativ och en k\u00e4lla till protein. F\u00f6rvara ditt havre-kn\u00e4ckebr\u00f6d torrt s\u00e5 h\u00e5ller det sig krispigt l\u00e4ngre. Wasa Tunn Havre \u00e4r ett nyckelh\u00e5lsm\u00e4rkt kn\u00e4ckebr\u00f6d och \u00e4r 100% klimatkompenserat.<\/p>","protected":false},"featured_media":5777,"template":"","meta":{"site-sidebar-layout":"default","site-content-layout":"","ast-site-content-layout":"default","site-content-style":"default","site-sidebar-style":"default","ast-global-header-display":"","ast-banner-title-visibility":"","ast-main-header-display":"","ast-hfb-above-header-display":"","ast-hfb-below-header-display":"","ast-hfb-mobile-header-display":"","site-post-title":"","ast-breadcrumbs-content":"","ast-featured-img":"","footer-sml-layout":"","theme-transparent-header-meta":"default","adv-header-id-meta":"","stick-header-meta":"","header-above-stick-meta":"","header-main-stick-meta":"","header-below-stick-meta":"","astra-migrate-meta-layouts":"set","ast-page-background-enabled":"default","ast-page-background-meta":{"desktop":{"background-color":"","background-image":"","background-repeat":"repeat","background-position":"center center","background-size":"auto","background-attachment":"scroll","background-type":"","background-media":"","overlay-type":"","overlay-color":"","overlay-opacity":"","overlay-gradient":""},"tablet":{"background-color":"","background-image":"","background-repeat":"repeat","background-position":"center center","background-size":"auto","background-attachment":"scroll","background-type":"","background-media":"","overlay-type":"","overlay-color":"","overlay-opacity":"","overlay-gradient":""},"mobile":{"background-color":"","background-image":"","background-repeat":"repeat","background-position":"center center","background-size":"auto","background-attachment":"scroll","background-type":"","background-media":"","overlay-type":"","overlay-color":"","overlay-opacity":"","overlay-gradient":""}},"ast-content-background-meta":{"desktop":{"background-color":"var(--ast-global-color-5)","background-image":"","background-repeat":"repeat","background-position":"center center","background-size":"auto","background-attachment":"scroll","background-type":"","background-media":"","overlay-type":"","overlay-color":"","overlay-opacity":"","overlay-gradient":""},"tablet":{"background-color":"var(--ast-global-color-5)","background-image":"","background-repeat":"repeat","background-position":"center center","background-size":"auto","background-attachment":"scroll","background-type":"","background-media":"","overlay-type":"","overlay-color":"","overlay-opacity":"","overlay-gradient":""},"mobile":{"background-color":"var(--ast-global-color-5)","background-image":"","background-repeat":"repeat","background-position":"center center","background-size":"auto","background-attachment":"scroll","background-type":"","background-media":"","overlay-type":"","overlay-color":"","overlay-opacity":"","overlay-gradient":""}}},"product_brand":[],"product_cat":[82,77],"product_tag":[],"class_list":{"0":"post-5559","1":"product","2":"type-product","3":"status-publish","4":"has-post-thumbnail","6":"product_cat-alla-produkter","7":"product_cat-knackebrod","8":"desktop-align-center","9":"tablet-align-left","10":"mobile-align-left","12":"first","13":"instock","14":"taxable","15":"shipping-taxable","16":"purchasable","17":"product-type-simple"},"yoast_head":"<!-- This site is optimized with the Yoast SEO plugin v26.0 - https:\/\/yoast.com\/wordpress\/plugins\/seo\/ -->\n<title>Kn\u00e4ckebr\u00f6d Tunn Havre - Mat Fr\u00e5n Sverige<\/title>\n<meta name=\"robots\" content=\"index, follow, max-snippet:-1, max-image-preview:large, max-video-preview:-1\" \/>\n<link rel=\"canonical\" href=\"https:\/\/xn--matfrnsverige-tfb.se\/en\/product\/knackebrod-tunn-havre\/\" \/>\n<meta property=\"og:locale\" content=\"en_US\" \/>\n<meta property=\"og:type\" content=\"article\" \/>\n<meta property=\"og:title\" content=\"Kn\u00e4ckebr\u00f6d Tunn Havre - Mat Fr\u00e5n Sverige\" \/>\n<meta property=\"og:description\" content=\"265 g, Wasa Wasa Tunn Havre \u00e4r ett h\u00e4rligt gyllengr\u00e4ddat och tunnare kn\u00e4ckebr\u00f6d bakat med fullkornsmj\u00f6l av havre. Kn\u00e4cket \u00e4r toppat med havreflingor och havssalt f\u00f6r en extra l\u00e4cker smakupplevelse som passar utm\u00e4rkt b\u00e5de till frukost, mellanm\u00e5l eller som m\u00e5ltidstillbeh\u00f6r. H\u00e5rt br\u00f6d av havre och fullkorn \u00e4r ett n\u00e4ringsrikt alternativ och en k\u00e4lla till protein. F\u00f6rvara ditt havre-kn\u00e4ckebr\u00f6d torrt s\u00e5 h\u00e5ller det sig krispigt l\u00e4ngre. Wasa Tunn Havre \u00e4r ett nyckelh\u00e5lsm\u00e4rkt kn\u00e4ckebr\u00f6d och \u00e4r 100% klimatkompenserat.   Wasa Tunn Havre \u00e4r ett h\u00e4rligt gyllengr\u00e4ddat och tunnare kn\u00e4ckebr\u00f6d bakat med fullkornsmj\u00f6l av havre. Kn\u00e4cket \u00e4r toppat med havreflingor och havssalt f\u00f6r en extra l\u00e4cker smakupplevelse som passar utm\u00e4rkt b\u00e5de till frukost, mellanm\u00e5l eller som m\u00e5ltidstillbeh\u00f6r. H\u00e5rt br\u00f6d av havre och fullkorn \u00e4r ett n\u00e4ringsrikt alternativ och en k\u00e4lla till protein. F\u00f6rvara ditt havre-kn\u00e4ckebr\u00f6d torrt s\u00e5 h\u00e5ller det sig krispigt l\u00e4ngre. Wasa Tunn Havre \u00e4r ett nyckelh\u00e5lsm\u00e4rkt kn\u00e4ckebr\u00f6d och \u00e4r 100% klimatkompenserat.\" \/>\n<meta property=\"og:url\" content=\"https:\/\/xn--matfrnsverige-tfb.se\/en\/product\/knackebrod-tunn-havre\/\" \/>\n<meta property=\"og:site_name\" content=\"Mat Fr\u00e5n Sverige\" \/>\n<meta property=\"article:modified_time\" content=\"2025-08-30T10:37:47+00:00\" \/>\n<meta property=\"og:image\" content=\"https:\/\/xn--matfrnsverige-tfb.se\/wp-content\/uploads\/2025\/08\/18EFE026-9B70-41B0-97C5-12802BE50F6A.jpeg\" \/>\n\t<meta property=\"og:image:width\" content=\"1017\" \/>\n\t<meta property=\"og:image:height\" content=\"1017\" \/>\n\t<meta property=\"og:image:type\" content=\"image\/jpeg\" \/>\n<meta name=\"twitter:card\" content=\"summary_large_image\" \/>\n<script type=\"application\/ld+json\" class=\"yoast-schema-graph\">{\"@context\":\"https:\/\/schema.org\",\"@graph\":[{\"@type\":\"WebPage\",\"@id\":\"https:\/\/xn--matfrnsverige-tfb.se\/produkt\/knackebrod-tunn-havre\/\",\"url\":\"https:\/\/xn--matfrnsverige-tfb.se\/produkt\/knackebrod-tunn-havre\/\",\"name\":\"Kn\u00e4ckebr\u00f6d Tunn Havre - Mat Fr\u00e5n Sverige\",\"isPartOf\":{\"@id\":\"https:\/\/xn--matfrnsverige-tfb.se\/#website\"},\"primaryImageOfPage\":{\"@id\":\"https:\/\/xn--matfrnsverige-tfb.se\/produkt\/knackebrod-tunn-havre\/#primaryimage\"},\"image\":{\"@id\":\"https:\/\/xn--matfrnsverige-tfb.se\/produkt\/knackebrod-tunn-havre\/#primaryimage\"},\"thumbnailUrl\":\"https:\/\/xn--matfrnsverige-tfb.se\/wp-content\/uploads\/2025\/08\/18EFE026-9B70-41B0-97C5-12802BE50F6A.jpeg\",\"datePublished\":\"2025-08-16T13:37:18+00:00\",\"dateModified\":\"2025-08-30T10:37:47+00:00\",\"breadcrumb\":{\"@id\":\"https:\/\/xn--matfrnsverige-tfb.se\/produkt\/knackebrod-tunn-havre\/#breadcrumb\"},\"inLanguage\":\"en-US\",\"potentialAction\":[{\"@type\":\"ReadAction\",\"target\":[\"https:\/\/xn--matfrnsverige-tfb.se\/produkt\/knackebrod-tunn-havre\/\"]}]},{\"@type\":\"ImageObject\",\"inLanguage\":\"en-US\",\"@id\":\"https:\/\/xn--matfrnsverige-tfb.se\/produkt\/knackebrod-tunn-havre\/#primaryimage\",\"url\":\"https:\/\/xn--matfrnsverige-tfb.se\/wp-content\/uploads\/2025\/08\/18EFE026-9B70-41B0-97C5-12802BE50F6A.jpeg\",\"contentUrl\":\"https:\/\/xn--matfrnsverige-tfb.se\/wp-content\/uploads\/2025\/08\/18EFE026-9B70-41B0-97C5-12802BE50F6A.jpeg\",\"width\":1017,\"height\":1017,\"caption\":\"Screenshot\"},{\"@type\":\"BreadcrumbList\",\"@id\":\"https:\/\/xn--matfrnsverige-tfb.se\/produkt\/knackebrod-tunn-havre\/#breadcrumb\",\"itemListElement\":[{\"@type\":\"ListItem\",\"position\":1,\"name\":\"Home\",\"item\":\"https:\/\/xn--matfrnsverige-tfb.se\/\"},{\"@type\":\"ListItem\",\"position\":2,\"name\":\"Store\",\"item\":\"https:\/\/xn--matfrnsverige-tfb.se\/store\/\"},{\"@type\":\"ListItem\",\"position\":3,\"name\":\"Kn\u00e4ckebr\u00f6d Tunn Havre\"}]},{\"@type\":\"WebSite\",\"@id\":\"https:\/\/xn--matfrnsverige-tfb.se\/#website\",\"url\":\"https:\/\/xn--matfrnsverige-tfb.se\/\",\"name\":\"Mat Fr\u00e5n Sverige\",\"description\":\"Buy Swedish Candy Online\",\"publisher\":{\"@id\":\"https:\/\/xn--matfrnsverige-tfb.se\/#organization\"},\"potentialAction\":[{\"@type\":\"SearchAction\",\"target\":{\"@type\":\"EntryPoint\",\"urlTemplate\":\"https:\/\/xn--matfrnsverige-tfb.se\/?s={search_term_string}\"},\"query-input\":{\"@type\":\"PropertyValueSpecification\",\"valueRequired\":true,\"valueName\":\"search_term_string\"}}],\"inLanguage\":\"en-US\"},{\"@type\":\"Organization\",\"@id\":\"https:\/\/xn--matfrnsverige-tfb.se\/#organization\",\"name\":\"Mat Fr\u00e5n Sverige\",\"url\":\"https:\/\/xn--matfrnsverige-tfb.se\/\",\"logo\":{\"@type\":\"ImageObject\",\"inLanguage\":\"en-US\",\"@id\":\"https:\/\/xn--matfrnsverige-tfb.se\/#\/schema\/logo\/image\/\",\"url\":\"https:\/\/xn--matfrnsverige-tfb.se\/wp-content\/uploads\/2025\/05\/Metallskarning.se_-1.png\",\"contentUrl\":\"https:\/\/xn--matfrnsverige-tfb.se\/wp-content\/uploads\/2025\/05\/Metallskarning.se_-1.png\",\"width\":500,\"height\":500,\"caption\":\"Mat Fr\u00e5n Sverige\"},\"image\":{\"@id\":\"https:\/\/xn--matfrnsverige-tfb.se\/#\/schema\/logo\/image\/\"}}]}<\/script>\n<!-- \/ Yoast SEO plugin. -->","yoast_head_json":{"title":"Kn\u00e4ckebr\u00f6d Tunn Havre - Mat Fr\u00e5n Sverige","robots":{"index":"index","follow":"follow","max-snippet":"max-snippet:-1","max-image-preview":"max-image-preview:large","max-video-preview":"max-video-preview:-1"},"canonical":"https:\/\/xn--matfrnsverige-tfb.se\/en\/product\/knackebrod-tunn-havre\/","og_locale":"en_US","og_type":"article","og_title":"Kn\u00e4ckebr\u00f6d Tunn Havre - Mat Fr\u00e5n Sverige","og_description":"265 g, Wasa Wasa Tunn Havre \u00e4r ett h\u00e4rligt gyllengr\u00e4ddat och tunnare kn\u00e4ckebr\u00f6d bakat med fullkornsmj\u00f6l av havre. Kn\u00e4cket \u00e4r toppat med havreflingor och havssalt f\u00f6r en extra l\u00e4cker smakupplevelse som passar utm\u00e4rkt b\u00e5de till frukost, mellanm\u00e5l eller som m\u00e5ltidstillbeh\u00f6r. H\u00e5rt br\u00f6d av havre och fullkorn \u00e4r ett n\u00e4ringsrikt alternativ och en k\u00e4lla till protein. F\u00f6rvara ditt havre-kn\u00e4ckebr\u00f6d torrt s\u00e5 h\u00e5ller det sig krispigt l\u00e4ngre. Wasa Tunn Havre \u00e4r ett nyckelh\u00e5lsm\u00e4rkt kn\u00e4ckebr\u00f6d och \u00e4r 100% klimatkompenserat.   Wasa Tunn Havre \u00e4r ett h\u00e4rligt gyllengr\u00e4ddat och tunnare kn\u00e4ckebr\u00f6d bakat med fullkornsmj\u00f6l av havre. Kn\u00e4cket \u00e4r toppat med havreflingor och havssalt f\u00f6r en extra l\u00e4cker smakupplevelse som passar utm\u00e4rkt b\u00e5de till frukost, mellanm\u00e5l eller som m\u00e5ltidstillbeh\u00f6r. H\u00e5rt br\u00f6d av havre och fullkorn \u00e4r ett n\u00e4ringsrikt alternativ och en k\u00e4lla till protein. F\u00f6rvara ditt havre-kn\u00e4ckebr\u00f6d torrt s\u00e5 h\u00e5ller det sig krispigt l\u00e4ngre. Wasa Tunn Havre \u00e4r ett nyckelh\u00e5lsm\u00e4rkt kn\u00e4ckebr\u00f6d och \u00e4r 100% klimatkompenserat.","og_url":"https:\/\/xn--matfrnsverige-tfb.se\/en\/product\/knackebrod-tunn-havre\/","og_site_name":"Mat Fr\u00e5n Sverige","article_modified_time":"2025-08-30T10:37:47+00:00","og_image":[{"width":1017,"height":1017,"url":"https:\/\/xn--matfrnsverige-tfb.se\/wp-content\/uploads\/2025\/08\/18EFE026-9B70-41B0-97C5-12802BE50F6A.jpeg","type":"image\/jpeg"}],"twitter_card":"summary_large_image","schema":{"@context":"https:\/\/schema.org","@graph":[{"@type":"WebPage","@id":"https:\/\/xn--matfrnsverige-tfb.se\/produkt\/knackebrod-tunn-havre\/","url":"https:\/\/xn--matfrnsverige-tfb.se\/produkt\/knackebrod-tunn-havre\/","name":"Kn\u00e4ckebr\u00f6d Tunn Havre - Mat Fr\u00e5n Sverige","isPartOf":{"@id":"https:\/\/xn--matfrnsverige-tfb.se\/#website"},"primaryImageOfPage":{"@id":"https:\/\/xn--matfrnsverige-tfb.se\/produkt\/knackebrod-tunn-havre\/#primaryimage"},"image":{"@id":"https:\/\/xn--matfrnsverige-tfb.se\/produkt\/knackebrod-tunn-havre\/#primaryimage"},"thumbnailUrl":"https:\/\/xn--matfrnsverige-tfb.se\/wp-content\/uploads\/2025\/08\/18EFE026-9B70-41B0-97C5-12802BE50F6A.jpeg","datePublished":"2025-08-16T13:37:18+00:00","dateModified":"2025-08-30T10:37:47+00:00","breadcrumb":{"@id":"https:\/\/xn--matfrnsverige-tfb.se\/produkt\/knackebrod-tunn-havre\/#breadcrumb"},"inLanguage":"en-US","potentialAction":[{"@type":"ReadAction","target":["https:\/\/xn--matfrnsverige-tfb.se\/produkt\/knackebrod-tunn-havre\/"]}]},{"@type":"ImageObject","inLanguage":"en-US","@id":"https:\/\/xn--matfrnsverige-tfb.se\/produkt\/knackebrod-tunn-havre\/#primaryimage","url":"https:\/\/xn--matfrnsverige-tfb.se\/wp-content\/uploads\/2025\/08\/18EFE026-9B70-41B0-97C5-12802BE50F6A.jpeg","contentUrl":"https:\/\/xn--matfrnsverige-tfb.se\/wp-content\/uploads\/2025\/08\/18EFE026-9B70-41B0-97C5-12802BE50F6A.jpeg","width":1017,"height":1017,"caption":"Screenshot"},{"@type":"BreadcrumbList","@id":"https:\/\/xn--matfrnsverige-tfb.se\/produkt\/knackebrod-tunn-havre\/#breadcrumb","itemListElement":[{"@type":"ListItem","position":1,"name":"Home","item":"https:\/\/xn--matfrnsverige-tfb.se\/"},{"@type":"ListItem","position":2,"name":"Store","item":"https:\/\/xn--matfrnsverige-tfb.se\/store\/"},{"@type":"ListItem","position":3,"name":"Kn\u00e4ckebr\u00f6d Tunn Havre"}]},{"@type":"WebSite","@id":"https:\/\/xn--matfrnsverige-tfb.se\/#website","url":"https:\/\/xn--matfrnsverige-tfb.se\/","name":"Mat Fr\u00e5n Sverige","description":"Buy Swedish Candy Online","publisher":{"@id":"https:\/\/xn--matfrnsverige-tfb.se\/#organization"},"potentialAction":[{"@type":"SearchAction","target":{"@type":"EntryPoint","urlTemplate":"https:\/\/xn--matfrnsverige-tfb.se\/?s={search_term_string}"},"query-input":{"@type":"PropertyValueSpecification","valueRequired":true,"valueName":"search_term_string"}}],"inLanguage":"en-US"},{"@type":"Organization","@id":"https:\/\/xn--matfrnsverige-tfb.se\/#organization","name":"Mat Fr\u00e5n Sverige","url":"https:\/\/xn--matfrnsverige-tfb.se\/","logo":{"@type":"ImageObject","inLanguage":"en-US","@id":"https:\/\/xn--matfrnsverige-tfb.se\/#\/schema\/logo\/image\/","url":"https:\/\/xn--matfrnsverige-tfb.se\/wp-content\/uploads\/2025\/05\/Metallskarning.se_-1.png","contentUrl":"https:\/\/xn--matfrnsverige-tfb.se\/wp-content\/uploads\/2025\/05\/Metallskarning.se_-1.png","width":500,"height":500,"caption":"Mat Fr\u00e5n Sverige"},"image":{"@id":"https:\/\/xn--matfrnsverige-tfb.se\/#\/schema\/logo\/image\/"}}]}},"jetpack_sharing_enabled":true,"_links":{"self":[{"href":"https:\/\/xn--matfrnsverige-tfb.se\/en\/wp-json\/wp\/v2\/product\/5559","targetHints":{"allow":["GET"]}}],"collection":[{"href":"https:\/\/xn--matfrnsverige-tfb.se\/en\/wp-json\/wp\/v2\/product"}],"about":[{"href":"https:\/\/xn--matfrnsverige-tfb.se\/en\/wp-json\/wp\/v2\/types\/product"}],"version-history":[{"count":1,"href":"https:\/\/xn--matfrnsverige-tfb.se\/en\/wp-json\/wp\/v2\/product\/5559\/revisions"}],"predecessor-version":[{"id":5560,"href":"https:\/\/xn--matfrnsverige-tfb.se\/en\/wp-json\/wp\/v2\/product\/5559\/revisions\/5560"}],"wp:featuredmedia":[{"embeddable":true,"href":"https:\/\/xn--matfrnsverige-tfb.se\/en\/wp-json\/wp\/v2\/media\/5777"}],"wp:attachment":[{"href":"https:\/\/xn--matfrnsverige-tfb.se\/en\/wp-json\/wp\/v2\/media?parent=5559"}],"wp:term":[{"taxonomy":"product_brand","embeddable":true,"href":"https:\/\/xn--matfrnsverige-tfb.se\/en\/wp-json\/wp\/v2\/product_brand?post=5559"},{"taxonomy":"product_cat","embeddable":true,"href":"https:\/\/xn--matfrnsverige-tfb.se\/en\/wp-json\/wp\/v2\/product_cat?post=5559"},{"taxonomy":"product_tag","embeddable":true,"href":"https:\/\/xn--matfrnsverige-tfb.se\/en\/wp-json\/wp\/v2\/product_tag?post=5559"}],"curies":[{"name":"wp","href":"https:\/\/api.w.org\/{rel}","templated":true}]}}