{"id":5561,"date":"2025-08-16T15:39:27","date_gmt":"2025-08-16T13:39:27","guid":{"rendered":"https:\/\/xn--matfrnsverige-tfb.se\/?post_type=product&#038;p=5561"},"modified":"2025-08-30T12:37:47","modified_gmt":"2025-08-30T10:37:47","slug":"knackebrod-crispn-wheat","status":"publish","type":"product","link":"https:\/\/xn--matfrnsverige-tfb.se\/en\/product\/knackebrod-crispn-wheat\/","title":{"rendered":"Kn\u00e4ckebr\u00f6d Crisp&#8217;n Wheat"},"content":{"rendered":"<div class=\"k-grid k-pt-3 k-pb-6\">\n<div class=\"k-grid-span-12 lg:k-grid-span-4 k-column\"><strong><span class=\"k-text-style k-text-style--body-m k-text--weight-bold\">Size<\/span><\/strong><\/div>\n<div class=\"k-grid-span-12 lg:k-grid-span-8 k-column\">\n<p class=\"k-text-style k-text-style--body-m k-text--pre-wrap\">110 gram<\/p>\n<\/div>\n<\/div>\n<div class=\"k-grid k-pt-3 k-pb-6\">\n<div class=\"k-grid-span-12 lg:k-grid-span-4 k-column\"><strong><span class=\"k-text-style k-text-style--body-m k-text--weight-bold\">Ingredienser<\/span><\/strong><\/div>\n<div class=\"k-grid-span-12 lg:k-grid-span-8 k-column\"><span class=\"k-text-style k-text-style--body-m k-text-color--subdued\"><strong class=\"k-text-style k-text-style--body-m k-text--weight-bold\" role=\"emphasized\">VETEMJ\u00d6L<\/strong>\u00a0(45%),\u00a0<strong class=\"k-text-style k-text-style--body-m k-text--weight-bold\" role=\"emphasized\">FULLKORNSVETEMJ\u00d6L<\/strong>\u00a0(25%),\u00a0<strong class=\"k-text-style k-text-style--body-m k-text--weight-bold\" role=\"emphasized\">R\u00c5GMJ\u00d6L<\/strong>,\u00a0<strong class=\"k-text-style k-text-style--body-m k-text--weight-bold\" role=\"emphasized\">FULLKORNSR\u00c5GMJ\u00d6L<\/strong>\u00a0(9%),\u00a0<strong class=\"k-text-style k-text-style--body-m k-text--weight-bold\" role=\"emphasized\">SKUMMJ\u00d6LKSPULVER<\/strong>,\u00a0socker,\u00a0salt,\u00a0solrosolja.\u00a0Kan\u00a0inneh\u00e5lla\u00a0sp\u00e5r\u00a0av\u00a0<strong class=\"k-text-style k-text-style--body-m k-text--weight-bold\" role=\"emphasized\">LUPIN<\/strong>,\u00a0<strong class=\"k-text-style k-text-style--body-m k-text--weight-bold\" role=\"emphasized\">SENAP<\/strong>,\u00a0<strong class=\"k-text-style k-text-style--body-m k-text--weight-bold\" role=\"emphasized\">SESAMFR\u00d6N<\/strong>\u00a0och\u00a0<strong class=\"k-text-style k-text-style--body-m k-text--weight-bold\" role=\"emphasized\">SOJAB\u00d6NOR<\/strong>.<\/span><\/div>\n<\/div>\n<div class=\"k-grid k-pt-3 k-pb-6\">\n<div class=\"k-grid-span-12 lg:k-grid-span-4 k-column\"><strong><span class=\"k-text-style k-text-style--body-m k-text--weight-bold\">Allergener<\/span><\/strong><\/div>\n<div class=\"k-grid-span-12 lg:k-grid-span-8 k-column\">\n<p class=\"k-text-style k-text-style--body-m k-text--pre-wrap\">fullkornsvetemj\u00f6l, fullkornsr\u00e5gmj\u00f6l, skummj\u00f6lkspulver, sojab\u00f6nor, sesamfr\u00f6n, vetemj\u00f6l, r\u00e5gmj\u00f6l, senap, lupin.<\/p>\n<\/div>\n<\/div>\n<div class=\"k-grid k-pt-3 k-pb-6\">\n<div class=\"k-grid-span-12 lg:k-grid-span-4 k-column\"><strong><span class=\"k-text-style k-text-style--body-m k-text--weight-bold\">Kan inneh\u00e5lla sp\u00e5r av<\/span><\/strong><\/div>\n<div class=\"k-grid-span-12 lg:k-grid-span-8 k-column\">\n<p class=\"k-text-style k-text-style--body-m k-text--pre-wrap\">sojab\u00f6nor, senap, sesamfr\u00f6n, lupinb\u00f6nor.<\/p>\n<\/div>\n<\/div>\n<div class=\"k-grid k-pt-3 k-pb-6\">\n<div class=\"k-grid-span-12 lg:k-grid-span-4 k-column\"><strong><span class=\"k-text-style k-text-style--body-m k-text--weight-bold\">Hanterad i<\/span><\/strong><\/div>\n<div class=\"k-grid-span-12 lg:k-grid-span-8 k-column\">\n<p class=\"k-text-style k-text-style--body-m k-text--pre-wrap\">Tyskland<\/p>\n<\/div>\n<\/div>\n<div class=\"k-grid k-pt-3 k-pb-6\">\n<div class=\"k-grid-span-12 lg:k-grid-span-4 k-column\"><strong><span class=\"k-text-style k-text-style--body-m k-text--weight-bold\">Leverant\u00f6r<\/span><\/strong><\/div>\n<div class=\"k-grid-span-12 lg:k-grid-span-8 k-column\">\n<p class=\"k-text-style k-text-style--body-m k-text--pre-wrap\">Barilla Sverige AB<\/p>\n<\/div>\n<\/div>","protected":false},"excerpt":{"rendered":"<p><strong>110 g, Wasa<\/strong><\/p>\n<p class=\"k-text-style k-text-style--body-m k-text--pre-wrap\">Wasa Kn\u00e4ckebr\u00f6d Crisp&#8217;n Wheat \u00e4r ett krispigt, milt och luftigt kn\u00e4cke. Det \u00e4r ett ljust kn\u00e4ckebr\u00f6d som passar lika bra med traditionella p\u00e5l\u00e4gg som med frukt och b\u00e4r. Wasa vetekn\u00e4ckebr\u00f6d \u00e4r bakat med noga utvalda ingredienser f\u00f6r dig som uppskattar njutning och gl\u00e4dje i livet. Ett paket vetekn\u00e4cke \u00e4r ett utm\u00e4rkt tillbeh\u00f6r p\u00e5 picknicken eller som ett enkelt mellanm\u00e5l i farten. Wasa Kn\u00e4ckebr\u00f6d Crisp&#8217;n Wheat inneh\u00e5ller b\u00e5de kostfiber och fullkorn, dessutom \u00e4r det 100% klimatkompenserat.<\/p>\n<div class=\"k-spacer-spacing-2\" role=\"none\"><\/div>\n<p class=\"k-text-style k-text-style--body-m k-text--pre-wrap\">Wasa Kn\u00e4ckebr\u00f6d Crisp&#8217;n Wheat \u00e4r ett krispigt, milt och luftigt kn\u00e4cke. Det \u00e4r ett ljust kn\u00e4ckebr\u00f6d som passar lika bra med traditionella p\u00e5l\u00e4gg som med frukt och b\u00e4r. Wasa vetekn\u00e4ckebr\u00f6d \u00e4r bakat med noga utvalda ingredienser f\u00f6r dig som uppskattar njutning och gl\u00e4dje i livet. Ett paket vetekn\u00e4cke \u00e4r ett utm\u00e4rkt tillbeh\u00f6r p\u00e5 picknicken eller som ett enkelt mellanm\u00e5l i farten. Wasa Kn\u00e4ckebr\u00f6d Crisp&#8217;n Wheat inneh\u00e5ller b\u00e5de kostfiber och fullkorn, dessutom \u00e4r det 100% klimatkompenserat.<\/p>","protected":false},"featured_media":5776,"template":"","meta":{"site-sidebar-layout":"default","site-content-layout":"","ast-site-content-layout":"default","site-content-style":"default","site-sidebar-style":"default","ast-global-header-display":"","ast-banner-title-visibility":"","ast-main-header-display":"","ast-hfb-above-header-display":"","ast-hfb-below-header-display":"","ast-hfb-mobile-header-display":"","site-post-title":"","ast-breadcrumbs-content":"","ast-featured-img":"","footer-sml-layout":"","theme-transparent-header-meta":"default","adv-header-id-meta":"","stick-header-meta":"","header-above-stick-meta":"","header-main-stick-meta":"","header-below-stick-meta":"","astra-migrate-meta-layouts":"set","ast-page-background-enabled":"default","ast-page-background-meta":{"desktop":{"background-color":"","background-image":"","background-repeat":"repeat","background-position":"center center","background-size":"auto","background-attachment":"scroll","background-type":"","background-media":"","overlay-type":"","overlay-color":"","overlay-opacity":"","overlay-gradient":""},"tablet":{"background-color":"","background-image":"","background-repeat":"repeat","background-position":"center center","background-size":"auto","background-attachment":"scroll","background-type":"","background-media":"","overlay-type":"","overlay-color":"","overlay-opacity":"","overlay-gradient":""},"mobile":{"background-color":"","background-image":"","background-repeat":"repeat","background-position":"center center","background-size":"auto","background-attachment":"scroll","background-type":"","background-media":"","overlay-type":"","overlay-color":"","overlay-opacity":"","overlay-gradient":""}},"ast-content-background-meta":{"desktop":{"background-color":"var(--ast-global-color-5)","background-image":"","background-repeat":"repeat","background-position":"center center","background-size":"auto","background-attachment":"scroll","background-type":"","background-media":"","overlay-type":"","overlay-color":"","overlay-opacity":"","overlay-gradient":""},"tablet":{"background-color":"var(--ast-global-color-5)","background-image":"","background-repeat":"repeat","background-position":"center center","background-size":"auto","background-attachment":"scroll","background-type":"","background-media":"","overlay-type":"","overlay-color":"","overlay-opacity":"","overlay-gradient":""},"mobile":{"background-color":"var(--ast-global-color-5)","background-image":"","background-repeat":"repeat","background-position":"center center","background-size":"auto","background-attachment":"scroll","background-type":"","background-media":"","overlay-type":"","overlay-color":"","overlay-opacity":"","overlay-gradient":""}}},"product_brand":[],"product_cat":[82,77],"product_tag":[],"class_list":{"0":"post-5561","1":"product","2":"type-product","3":"status-publish","4":"has-post-thumbnail","6":"product_cat-alla-produkter","7":"product_cat-knackebrod","8":"desktop-align-center","9":"tablet-align-left","10":"mobile-align-left","12":"first","13":"instock","14":"taxable","15":"shipping-taxable","16":"purchasable","17":"product-type-simple"},"yoast_head":"<!-- This site is optimized with the Yoast SEO plugin v26.0 - https:\/\/yoast.com\/wordpress\/plugins\/seo\/ -->\n<title>Kn\u00e4ckebr\u00f6d Crisp&#039;n Wheat - Mat Fr\u00e5n Sverige<\/title>\n<meta name=\"robots\" content=\"index, follow, max-snippet:-1, max-image-preview:large, max-video-preview:-1\" \/>\n<link rel=\"canonical\" href=\"https:\/\/xn--matfrnsverige-tfb.se\/en\/product\/knackebrod-crispn-wheat\/\" \/>\n<meta property=\"og:locale\" content=\"en_US\" \/>\n<meta property=\"og:type\" content=\"article\" \/>\n<meta property=\"og:title\" content=\"Kn\u00e4ckebr\u00f6d Crisp&#039;n Wheat - Mat Fr\u00e5n Sverige\" \/>\n<meta property=\"og:description\" content=\"110 g, Wasa Wasa Kn\u00e4ckebr\u00f6d Crisp&#039;n Wheat \u00e4r ett krispigt, milt och luftigt kn\u00e4cke. Det \u00e4r ett ljust kn\u00e4ckebr\u00f6d som passar lika bra med traditionella p\u00e5l\u00e4gg som med frukt och b\u00e4r. Wasa vetekn\u00e4ckebr\u00f6d \u00e4r bakat med noga utvalda ingredienser f\u00f6r dig som uppskattar njutning och gl\u00e4dje i livet. Ett paket vetekn\u00e4cke \u00e4r ett utm\u00e4rkt tillbeh\u00f6r p\u00e5 picknicken eller som ett enkelt mellanm\u00e5l i farten. Wasa Kn\u00e4ckebr\u00f6d Crisp&#039;n Wheat inneh\u00e5ller b\u00e5de kostfiber och fullkorn, dessutom \u00e4r det 100% klimatkompenserat.   Wasa Kn\u00e4ckebr\u00f6d Crisp&#039;n Wheat \u00e4r ett krispigt, milt och luftigt kn\u00e4cke. Det \u00e4r ett ljust kn\u00e4ckebr\u00f6d som passar lika bra med traditionella p\u00e5l\u00e4gg som med frukt och b\u00e4r. Wasa vetekn\u00e4ckebr\u00f6d \u00e4r bakat med noga utvalda ingredienser f\u00f6r dig som uppskattar njutning och gl\u00e4dje i livet. Ett paket vetekn\u00e4cke \u00e4r ett utm\u00e4rkt tillbeh\u00f6r p\u00e5 picknicken eller som ett enkelt mellanm\u00e5l i farten. Wasa Kn\u00e4ckebr\u00f6d Crisp&#039;n Wheat inneh\u00e5ller b\u00e5de kostfiber och fullkorn, dessutom \u00e4r det 100% klimatkompenserat.\" \/>\n<meta property=\"og:url\" content=\"https:\/\/xn--matfrnsverige-tfb.se\/en\/product\/knackebrod-crispn-wheat\/\" \/>\n<meta property=\"og:site_name\" content=\"Mat Fr\u00e5n Sverige\" \/>\n<meta property=\"article:modified_time\" content=\"2025-08-30T10:37:47+00:00\" \/>\n<meta property=\"og:image\" content=\"https:\/\/xn--matfrnsverige-tfb.se\/wp-content\/uploads\/2025\/08\/8B1FD89A-D946-42B7-B0E1-A5B4C894A954.jpeg\" \/>\n\t<meta property=\"og:image:width\" content=\"1038\" \/>\n\t<meta property=\"og:image:height\" content=\"1038\" \/>\n\t<meta property=\"og:image:type\" content=\"image\/jpeg\" \/>\n<meta name=\"twitter:card\" content=\"summary_large_image\" \/>\n<script type=\"application\/ld+json\" class=\"yoast-schema-graph\">{\"@context\":\"https:\/\/schema.org\",\"@graph\":[{\"@type\":\"WebPage\",\"@id\":\"https:\/\/xn--matfrnsverige-tfb.se\/produkt\/knackebrod-crispn-wheat\/\",\"url\":\"https:\/\/xn--matfrnsverige-tfb.se\/produkt\/knackebrod-crispn-wheat\/\",\"name\":\"Kn\u00e4ckebr\u00f6d Crisp'n Wheat - Mat Fr\u00e5n Sverige\",\"isPartOf\":{\"@id\":\"https:\/\/xn--matfrnsverige-tfb.se\/#website\"},\"primaryImageOfPage\":{\"@id\":\"https:\/\/xn--matfrnsverige-tfb.se\/produkt\/knackebrod-crispn-wheat\/#primaryimage\"},\"image\":{\"@id\":\"https:\/\/xn--matfrnsverige-tfb.se\/produkt\/knackebrod-crispn-wheat\/#primaryimage\"},\"thumbnailUrl\":\"https:\/\/xn--matfrnsverige-tfb.se\/wp-content\/uploads\/2025\/08\/8B1FD89A-D946-42B7-B0E1-A5B4C894A954.jpeg\",\"datePublished\":\"2025-08-16T13:39:27+00:00\",\"dateModified\":\"2025-08-30T10:37:47+00:00\",\"breadcrumb\":{\"@id\":\"https:\/\/xn--matfrnsverige-tfb.se\/produkt\/knackebrod-crispn-wheat\/#breadcrumb\"},\"inLanguage\":\"en-US\",\"potentialAction\":[{\"@type\":\"ReadAction\",\"target\":[\"https:\/\/xn--matfrnsverige-tfb.se\/produkt\/knackebrod-crispn-wheat\/\"]}]},{\"@type\":\"ImageObject\",\"inLanguage\":\"en-US\",\"@id\":\"https:\/\/xn--matfrnsverige-tfb.se\/produkt\/knackebrod-crispn-wheat\/#primaryimage\",\"url\":\"https:\/\/xn--matfrnsverige-tfb.se\/wp-content\/uploads\/2025\/08\/8B1FD89A-D946-42B7-B0E1-A5B4C894A954.jpeg\",\"contentUrl\":\"https:\/\/xn--matfrnsverige-tfb.se\/wp-content\/uploads\/2025\/08\/8B1FD89A-D946-42B7-B0E1-A5B4C894A954.jpeg\",\"width\":1038,\"height\":1038,\"caption\":\"Screenshot\"},{\"@type\":\"BreadcrumbList\",\"@id\":\"https:\/\/xn--matfrnsverige-tfb.se\/produkt\/knackebrod-crispn-wheat\/#breadcrumb\",\"itemListElement\":[{\"@type\":\"ListItem\",\"position\":1,\"name\":\"Home\",\"item\":\"https:\/\/xn--matfrnsverige-tfb.se\/\"},{\"@type\":\"ListItem\",\"position\":2,\"name\":\"Store\",\"item\":\"https:\/\/xn--matfrnsverige-tfb.se\/store\/\"},{\"@type\":\"ListItem\",\"position\":3,\"name\":\"Kn\u00e4ckebr\u00f6d Crisp&#8217;n Wheat\"}]},{\"@type\":\"WebSite\",\"@id\":\"https:\/\/xn--matfrnsverige-tfb.se\/#website\",\"url\":\"https:\/\/xn--matfrnsverige-tfb.se\/\",\"name\":\"Mat Fr\u00e5n Sverige\",\"description\":\"Buy Swedish Candy Online\",\"publisher\":{\"@id\":\"https:\/\/xn--matfrnsverige-tfb.se\/#organization\"},\"potentialAction\":[{\"@type\":\"SearchAction\",\"target\":{\"@type\":\"EntryPoint\",\"urlTemplate\":\"https:\/\/xn--matfrnsverige-tfb.se\/?s={search_term_string}\"},\"query-input\":{\"@type\":\"PropertyValueSpecification\",\"valueRequired\":true,\"valueName\":\"search_term_string\"}}],\"inLanguage\":\"en-US\"},{\"@type\":\"Organization\",\"@id\":\"https:\/\/xn--matfrnsverige-tfb.se\/#organization\",\"name\":\"Mat Fr\u00e5n Sverige\",\"url\":\"https:\/\/xn--matfrnsverige-tfb.se\/\",\"logo\":{\"@type\":\"ImageObject\",\"inLanguage\":\"en-US\",\"@id\":\"https:\/\/xn--matfrnsverige-tfb.se\/#\/schema\/logo\/image\/\",\"url\":\"https:\/\/xn--matfrnsverige-tfb.se\/wp-content\/uploads\/2025\/05\/Metallskarning.se_-1.png\",\"contentUrl\":\"https:\/\/xn--matfrnsverige-tfb.se\/wp-content\/uploads\/2025\/05\/Metallskarning.se_-1.png\",\"width\":500,\"height\":500,\"caption\":\"Mat Fr\u00e5n Sverige\"},\"image\":{\"@id\":\"https:\/\/xn--matfrnsverige-tfb.se\/#\/schema\/logo\/image\/\"}}]}<\/script>\n<!-- \/ Yoast SEO plugin. -->","yoast_head_json":{"title":"Kn\u00e4ckebr\u00f6d Crisp'n Wheat - Mat Fr\u00e5n Sverige","robots":{"index":"index","follow":"follow","max-snippet":"max-snippet:-1","max-image-preview":"max-image-preview:large","max-video-preview":"max-video-preview:-1"},"canonical":"https:\/\/xn--matfrnsverige-tfb.se\/en\/product\/knackebrod-crispn-wheat\/","og_locale":"en_US","og_type":"article","og_title":"Kn\u00e4ckebr\u00f6d Crisp'n Wheat - Mat Fr\u00e5n Sverige","og_description":"110 g, Wasa Wasa Kn\u00e4ckebr\u00f6d Crisp'n Wheat \u00e4r ett krispigt, milt och luftigt kn\u00e4cke. Det \u00e4r ett ljust kn\u00e4ckebr\u00f6d som passar lika bra med traditionella p\u00e5l\u00e4gg som med frukt och b\u00e4r. Wasa vetekn\u00e4ckebr\u00f6d \u00e4r bakat med noga utvalda ingredienser f\u00f6r dig som uppskattar njutning och gl\u00e4dje i livet. Ett paket vetekn\u00e4cke \u00e4r ett utm\u00e4rkt tillbeh\u00f6r p\u00e5 picknicken eller som ett enkelt mellanm\u00e5l i farten. Wasa Kn\u00e4ckebr\u00f6d Crisp'n Wheat inneh\u00e5ller b\u00e5de kostfiber och fullkorn, dessutom \u00e4r det 100% klimatkompenserat.   Wasa Kn\u00e4ckebr\u00f6d Crisp'n Wheat \u00e4r ett krispigt, milt och luftigt kn\u00e4cke. Det \u00e4r ett ljust kn\u00e4ckebr\u00f6d som passar lika bra med traditionella p\u00e5l\u00e4gg som med frukt och b\u00e4r. Wasa vetekn\u00e4ckebr\u00f6d \u00e4r bakat med noga utvalda ingredienser f\u00f6r dig som uppskattar njutning och gl\u00e4dje i livet. Ett paket vetekn\u00e4cke \u00e4r ett utm\u00e4rkt tillbeh\u00f6r p\u00e5 picknicken eller som ett enkelt mellanm\u00e5l i farten. Wasa Kn\u00e4ckebr\u00f6d Crisp'n Wheat inneh\u00e5ller b\u00e5de kostfiber och fullkorn, dessutom \u00e4r det 100% klimatkompenserat.","og_url":"https:\/\/xn--matfrnsverige-tfb.se\/en\/product\/knackebrod-crispn-wheat\/","og_site_name":"Mat Fr\u00e5n Sverige","article_modified_time":"2025-08-30T10:37:47+00:00","og_image":[{"width":1038,"height":1038,"url":"https:\/\/xn--matfrnsverige-tfb.se\/wp-content\/uploads\/2025\/08\/8B1FD89A-D946-42B7-B0E1-A5B4C894A954.jpeg","type":"image\/jpeg"}],"twitter_card":"summary_large_image","schema":{"@context":"https:\/\/schema.org","@graph":[{"@type":"WebPage","@id":"https:\/\/xn--matfrnsverige-tfb.se\/produkt\/knackebrod-crispn-wheat\/","url":"https:\/\/xn--matfrnsverige-tfb.se\/produkt\/knackebrod-crispn-wheat\/","name":"Kn\u00e4ckebr\u00f6d Crisp'n Wheat - Mat Fr\u00e5n Sverige","isPartOf":{"@id":"https:\/\/xn--matfrnsverige-tfb.se\/#website"},"primaryImageOfPage":{"@id":"https:\/\/xn--matfrnsverige-tfb.se\/produkt\/knackebrod-crispn-wheat\/#primaryimage"},"image":{"@id":"https:\/\/xn--matfrnsverige-tfb.se\/produkt\/knackebrod-crispn-wheat\/#primaryimage"},"thumbnailUrl":"https:\/\/xn--matfrnsverige-tfb.se\/wp-content\/uploads\/2025\/08\/8B1FD89A-D946-42B7-B0E1-A5B4C894A954.jpeg","datePublished":"2025-08-16T13:39:27+00:00","dateModified":"2025-08-30T10:37:47+00:00","breadcrumb":{"@id":"https:\/\/xn--matfrnsverige-tfb.se\/produkt\/knackebrod-crispn-wheat\/#breadcrumb"},"inLanguage":"en-US","potentialAction":[{"@type":"ReadAction","target":["https:\/\/xn--matfrnsverige-tfb.se\/produkt\/knackebrod-crispn-wheat\/"]}]},{"@type":"ImageObject","inLanguage":"en-US","@id":"https:\/\/xn--matfrnsverige-tfb.se\/produkt\/knackebrod-crispn-wheat\/#primaryimage","url":"https:\/\/xn--matfrnsverige-tfb.se\/wp-content\/uploads\/2025\/08\/8B1FD89A-D946-42B7-B0E1-A5B4C894A954.jpeg","contentUrl":"https:\/\/xn--matfrnsverige-tfb.se\/wp-content\/uploads\/2025\/08\/8B1FD89A-D946-42B7-B0E1-A5B4C894A954.jpeg","width":1038,"height":1038,"caption":"Screenshot"},{"@type":"BreadcrumbList","@id":"https:\/\/xn--matfrnsverige-tfb.se\/produkt\/knackebrod-crispn-wheat\/#breadcrumb","itemListElement":[{"@type":"ListItem","position":1,"name":"Home","item":"https:\/\/xn--matfrnsverige-tfb.se\/"},{"@type":"ListItem","position":2,"name":"Store","item":"https:\/\/xn--matfrnsverige-tfb.se\/store\/"},{"@type":"ListItem","position":3,"name":"Kn\u00e4ckebr\u00f6d Crisp&#8217;n Wheat"}]},{"@type":"WebSite","@id":"https:\/\/xn--matfrnsverige-tfb.se\/#website","url":"https:\/\/xn--matfrnsverige-tfb.se\/","name":"Mat Fr\u00e5n Sverige","description":"Buy Swedish Candy Online","publisher":{"@id":"https:\/\/xn--matfrnsverige-tfb.se\/#organization"},"potentialAction":[{"@type":"SearchAction","target":{"@type":"EntryPoint","urlTemplate":"https:\/\/xn--matfrnsverige-tfb.se\/?s={search_term_string}"},"query-input":{"@type":"PropertyValueSpecification","valueRequired":true,"valueName":"search_term_string"}}],"inLanguage":"en-US"},{"@type":"Organization","@id":"https:\/\/xn--matfrnsverige-tfb.se\/#organization","name":"Mat Fr\u00e5n Sverige","url":"https:\/\/xn--matfrnsverige-tfb.se\/","logo":{"@type":"ImageObject","inLanguage":"en-US","@id":"https:\/\/xn--matfrnsverige-tfb.se\/#\/schema\/logo\/image\/","url":"https:\/\/xn--matfrnsverige-tfb.se\/wp-content\/uploads\/2025\/05\/Metallskarning.se_-1.png","contentUrl":"https:\/\/xn--matfrnsverige-tfb.se\/wp-content\/uploads\/2025\/05\/Metallskarning.se_-1.png","width":500,"height":500,"caption":"Mat Fr\u00e5n Sverige"},"image":{"@id":"https:\/\/xn--matfrnsverige-tfb.se\/#\/schema\/logo\/image\/"}}]}},"jetpack_sharing_enabled":true,"_links":{"self":[{"href":"https:\/\/xn--matfrnsverige-tfb.se\/en\/wp-json\/wp\/v2\/product\/5561","targetHints":{"allow":["GET"]}}],"collection":[{"href":"https:\/\/xn--matfrnsverige-tfb.se\/en\/wp-json\/wp\/v2\/product"}],"about":[{"href":"https:\/\/xn--matfrnsverige-tfb.se\/en\/wp-json\/wp\/v2\/types\/product"}],"version-history":[{"count":1,"href":"https:\/\/xn--matfrnsverige-tfb.se\/en\/wp-json\/wp\/v2\/product\/5561\/revisions"}],"predecessor-version":[{"id":5562,"href":"https:\/\/xn--matfrnsverige-tfb.se\/en\/wp-json\/wp\/v2\/product\/5561\/revisions\/5562"}],"wp:featuredmedia":[{"embeddable":true,"href":"https:\/\/xn--matfrnsverige-tfb.se\/en\/wp-json\/wp\/v2\/media\/5776"}],"wp:attachment":[{"href":"https:\/\/xn--matfrnsverige-tfb.se\/en\/wp-json\/wp\/v2\/media?parent=5561"}],"wp:term":[{"taxonomy":"product_brand","embeddable":true,"href":"https:\/\/xn--matfrnsverige-tfb.se\/en\/wp-json\/wp\/v2\/product_brand?post=5561"},{"taxonomy":"product_cat","embeddable":true,"href":"https:\/\/xn--matfrnsverige-tfb.se\/en\/wp-json\/wp\/v2\/product_cat?post=5561"},{"taxonomy":"product_tag","embeddable":true,"href":"https:\/\/xn--matfrnsverige-tfb.se\/en\/wp-json\/wp\/v2\/product_tag?post=5561"}],"curies":[{"name":"wp","href":"https:\/\/api.w.org\/{rel}","templated":true}]}}