{"id":5577,"date":"2025-08-16T15:57:50","date_gmt":"2025-08-16T13:57:50","guid":{"rendered":"https:\/\/xn--matfrnsverige-tfb.se\/?post_type=product&#038;p=5577"},"modified":"2025-08-30T12:37:46","modified_gmt":"2025-08-30T10:37:46","slug":"knackebrod-surdeg-flerkorn","status":"publish","type":"product","link":"https:\/\/xn--matfrnsverige-tfb.se\/en\/product\/knackebrod-surdeg-flerkorn\/","title":{"rendered":"Kn\u00e4ckebr\u00f6d Surdeg Flerkorn"},"content":{"rendered":"<div class=\"k-grid k-pt-3 k-pb-6\">\n<div class=\"k-grid-span-12 lg:k-grid-span-4 k-column\"><strong><span class=\"k-text-style k-text-style--body-m k-text--weight-bold\">Size<\/span><\/strong><\/div>\n<div class=\"k-grid-span-12 lg:k-grid-span-8 k-column\">\n<p class=\"k-text-style k-text-style--body-m k-text--pre-wrap\">275 gram<\/p>\n<\/div>\n<\/div>\n<div class=\"k-grid k-pt-3 k-pb-6\">\n<div class=\"k-grid-span-12 lg:k-grid-span-4 k-column\"><strong><span class=\"k-text-style k-text-style--body-m k-text--weight-bold\">Ingredienser<\/span><\/strong><\/div>\n<div class=\"k-grid-span-12 lg:k-grid-span-8 k-column\"><span class=\"k-text-style k-text-style--body-m k-text-color--subdued\">FULLKORNSR\u00c5GMJ\u00d6L\/FULLKORNSRUGMEL\u00a0(70\u00a0g*),\u00a0FULLKORNSR\u00c5GSURDEG\/surdeig\u00a0av\u00a0<strong class=\"k-text-style k-text-style--body-m k-text--weight-bold\" role=\"emphasized\">FULLKORNSRUG<\/strong>\u00a0(FULLKORNSR\u00c5GMJ\u00d6L\/ FULLKORNSRUGMEL,\u00a0vatten\/vann)\u00a0(14\u00a0g*),\u00a0<strong class=\"k-text-style k-text-style--body-m k-text--weight-bold\" role=\"emphasized\">HAVREGRYN<\/strong>\u00a0(10\u00a0g*),\u00a0FULLKORNSVETEMJ\u00d6L\/FULLKORNSHVETEMEL\u00a0(6,0\u00a0g*),\u00a0FULLKORNSHAVREMJ\u00d6L\/FULLKORNSHAVREMEL\u00a0(6,0\u00a0g*),\u00a0FULLKORNSKORNMJ\u00d6L\/FULLKORNSBYGGMEL\u00a0(6,0\u00a0g*),\u00a0j\u00e4st\/gj\u00e6r,\u00a0salt,\u00a0KORN\/BYGGMALTEXTRAKT,\u00a0emulgeringsmedel\u00a0(solroslecitin)\/emulgator\u00a0(solsikke\u00a0lecitin).\u00a0KAN\u00a0INNEH\u00c5LLA\u00a0SP\u00c5R\u00a0AV\u00a0<strong class=\"k-text-style k-text-style--body-m k-text--weight-bold\" role=\"emphasized\">SESAMFR\u00d6<\/strong>\u00a0<strong class=\"k-text-style k-text-style--body-m k-text--weight-bold\" role=\"emphasized\">OCH<\/strong>\u00a0MJ\u00d6LK.\/KAN\u00a0<strong class=\"k-text-style k-text-style--body-m k-text--weight-bold\" role=\"emphasized\">INNEHOLDE<\/strong>\u00a0<strong class=\"k-text-style k-text-style--body-m k-text--weight-bold\" role=\"emphasized\">SPOR<\/strong>\u00a0AV\u00a0<strong class=\"k-text-style k-text-style--body-m k-text--weight-bold\" role=\"emphasized\">SESAMFR\u00d8<\/strong>\u00a0OG\u00a0<strong class=\"k-text-style k-text-style--body-m k-text--weight-bold\" role=\"emphasized\">MELK<\/strong>.\u00a0*i\u00a0g\u00a0f\u00f6r\u00a0100\u00a0g\u00a0produkt.<\/span><\/div>\n<\/div>\n<div class=\"k-grid k-pt-3 k-pb-6\">\n<div class=\"k-grid-span-12 lg:k-grid-span-4 k-column\"><strong><span class=\"k-text-style k-text-style--body-m k-text--weight-bold\">Allergener<\/span><\/strong><\/div>\n<div class=\"k-grid-span-12 lg:k-grid-span-8 k-column\">\n<p class=\"k-text-style k-text-style--body-m k-text--pre-wrap\">fullkornsr\u00e5gsurdeg, fullkornshavremj\u00f6l, fullkornskornmj\u00f6l, fullkornsvetemj\u00f6l, fullkornshavremel, fullkornshvetemel, fullkornsr\u00e5gmj\u00f6l, fullkornsbyggmel, byggmaltextrakt, fullkornsrugmel, fullkornsrug, inneholde, havregryn, sesamfr\u00f6, sesamfr\u00f8, mj\u00f6lk, melk, spor, korn, och.<\/p>\n<\/div>\n<\/div>\n<div class=\"k-grid k-pt-3 k-pb-6\">\n<div class=\"k-grid-span-12 lg:k-grid-span-4 k-column\"><strong><span class=\"k-text-style k-text-style--body-m k-text--weight-bold\">Kan inneh\u00e5lla sp\u00e5r av<\/span><\/strong><\/div>\n<div class=\"k-grid-span-12 lg:k-grid-span-8 k-column\">\n<p class=\"k-text-style k-text-style--body-m k-text--pre-wrap\">mj\u00f6lk, sesamfr\u00f6n.<\/p>\n<\/div>\n<\/div>\n<div class=\"k-grid k-pt-3 k-pb-6\">\n<div class=\"k-grid-span-12 lg:k-grid-span-4 k-column\"><strong><span class=\"k-text-style k-text-style--body-m k-text--weight-bold\">Hanterad i<\/span><\/strong><\/div>\n<div class=\"k-grid-span-12 lg:k-grid-span-8 k-column\">\n<p class=\"k-text-style k-text-style--body-m k-text--pre-wrap\">Tyskland<\/p>\n<\/div>\n<\/div>\n<div class=\"k-grid k-pt-3 k-pb-6\">\n<div class=\"k-grid-span-12 lg:k-grid-span-4 k-column\"><strong><span class=\"k-text-style k-text-style--body-m k-text--weight-bold\">Leverant\u00f6r<\/span><\/strong><\/div>\n<div class=\"k-grid-span-12 lg:k-grid-span-8 k-column\">\n<p class=\"k-text-style k-text-style--body-m k-text--pre-wrap\">Barilla Sverige AB<\/p>\n<\/div>\n<\/div>","protected":false},"excerpt":{"rendered":"<p><strong>275 g, Wasa<\/strong><\/p>\n<p>Wasa Kn\u00e4ckebr\u00f6d Surdeg Flerkorn \u00e4r ett l\u00e4ckert kn\u00e4cke med en rik och mustig smak. V\u00e5rt kn\u00e4ckebr\u00f6d p\u00e5 surdeg bakas efter eget recept tillsammans med havre, vete, korn och r\u00e5g. Det ger dig ett kn\u00e4ckebr\u00f6d med flerkorn som \u00e4r fullt med fullkorn och kostfiber. V\u00e5rt fullkornskn\u00e4ckebr\u00f6d \u00e4r toppat med havregryn och passar utm\u00e4rkt till frukost eller som m\u00e5ltidstillbeh\u00f6r. Wasa Kn\u00e4ckebr\u00f6d Surdeg Flerkorn \u00e4r nyckelh\u00e5lsm\u00e4rkt och 100% klimatkompenserat.<\/p>","protected":false},"featured_media":5767,"template":"","meta":{"site-sidebar-layout":"default","site-content-layout":"","ast-site-content-layout":"default","site-content-style":"default","site-sidebar-style":"default","ast-global-header-display":"","ast-banner-title-visibility":"","ast-main-header-display":"","ast-hfb-above-header-display":"","ast-hfb-below-header-display":"","ast-hfb-mobile-header-display":"","site-post-title":"","ast-breadcrumbs-content":"","ast-featured-img":"","footer-sml-layout":"","theme-transparent-header-meta":"default","adv-header-id-meta":"","stick-header-meta":"","header-above-stick-meta":"","header-main-stick-meta":"","header-below-stick-meta":"","astra-migrate-meta-layouts":"set","ast-page-background-enabled":"default","ast-page-background-meta":{"desktop":{"background-color":"","background-image":"","background-repeat":"repeat","background-position":"center center","background-size":"auto","background-attachment":"scroll","background-type":"","background-media":"","overlay-type":"","overlay-color":"","overlay-opacity":"","overlay-gradient":""},"tablet":{"background-color":"","background-image":"","background-repeat":"repeat","background-position":"center center","background-size":"auto","background-attachment":"scroll","background-type":"","background-media":"","overlay-type":"","overlay-color":"","overlay-opacity":"","overlay-gradient":""},"mobile":{"background-color":"","background-image":"","background-repeat":"repeat","background-position":"center center","background-size":"auto","background-attachment":"scroll","background-type":"","background-media":"","overlay-type":"","overlay-color":"","overlay-opacity":"","overlay-gradient":""}},"ast-content-background-meta":{"desktop":{"background-color":"var(--ast-global-color-5)","background-image":"","background-repeat":"repeat","background-position":"center center","background-size":"auto","background-attachment":"scroll","background-type":"","background-media":"","overlay-type":"","overlay-color":"","overlay-opacity":"","overlay-gradient":""},"tablet":{"background-color":"var(--ast-global-color-5)","background-image":"","background-repeat":"repeat","background-position":"center center","background-size":"auto","background-attachment":"scroll","background-type":"","background-media":"","overlay-type":"","overlay-color":"","overlay-opacity":"","overlay-gradient":""},"mobile":{"background-color":"var(--ast-global-color-5)","background-image":"","background-repeat":"repeat","background-position":"center center","background-size":"auto","background-attachment":"scroll","background-type":"","background-media":"","overlay-type":"","overlay-color":"","overlay-opacity":"","overlay-gradient":""}}},"product_brand":[],"product_cat":[82,77],"product_tag":[],"class_list":{"0":"post-5577","1":"product","2":"type-product","3":"status-publish","4":"has-post-thumbnail","6":"product_cat-alla-produkter","7":"product_cat-knackebrod","8":"desktop-align-center","9":"tablet-align-left","10":"mobile-align-left","12":"first","13":"instock","14":"taxable","15":"shipping-taxable","16":"purchasable","17":"product-type-simple"},"yoast_head":"<!-- This site is optimized with the Yoast SEO plugin v26.0 - https:\/\/yoast.com\/wordpress\/plugins\/seo\/ -->\n<title>Kn\u00e4ckebr\u00f6d Surdeg Flerkorn - Mat Fr\u00e5n Sverige<\/title>\n<meta name=\"robots\" content=\"index, follow, max-snippet:-1, max-image-preview:large, max-video-preview:-1\" \/>\n<link rel=\"canonical\" href=\"https:\/\/xn--matfrnsverige-tfb.se\/en\/product\/knackebrod-surdeg-flerkorn\/\" \/>\n<meta property=\"og:locale\" content=\"en_US\" \/>\n<meta property=\"og:type\" content=\"article\" \/>\n<meta property=\"og:title\" content=\"Kn\u00e4ckebr\u00f6d Surdeg Flerkorn - Mat Fr\u00e5n Sverige\" \/>\n<meta property=\"og:description\" content=\"275 g, Wasa  Wasa Kn\u00e4ckebr\u00f6d Surdeg Flerkorn \u00e4r ett l\u00e4ckert kn\u00e4cke med en rik och mustig smak. V\u00e5rt kn\u00e4ckebr\u00f6d p\u00e5 surdeg bakas efter eget recept tillsammans med havre, vete, korn och r\u00e5g. Det ger dig ett kn\u00e4ckebr\u00f6d med flerkorn som \u00e4r fullt med fullkorn och kostfiber. V\u00e5rt fullkornskn\u00e4ckebr\u00f6d \u00e4r toppat med havregryn och passar utm\u00e4rkt till frukost eller som m\u00e5ltidstillbeh\u00f6r. Wasa Kn\u00e4ckebr\u00f6d Surdeg Flerkorn \u00e4r nyckelh\u00e5lsm\u00e4rkt och 100% klimatkompenserat.\" \/>\n<meta property=\"og:url\" content=\"https:\/\/xn--matfrnsverige-tfb.se\/en\/product\/knackebrod-surdeg-flerkorn\/\" \/>\n<meta property=\"og:site_name\" content=\"Mat Fr\u00e5n Sverige\" \/>\n<meta property=\"article:modified_time\" content=\"2025-08-30T10:37:46+00:00\" \/>\n<meta property=\"og:image\" content=\"https:\/\/xn--matfrnsverige-tfb.se\/wp-content\/uploads\/2025\/08\/39EF63C9-4BBD-4C78-85AF-4FDA5FDB68CC.jpeg\" \/>\n\t<meta property=\"og:image:width\" content=\"1029\" \/>\n\t<meta property=\"og:image:height\" content=\"1029\" \/>\n\t<meta property=\"og:image:type\" content=\"image\/jpeg\" \/>\n<meta name=\"twitter:card\" content=\"summary_large_image\" \/>\n<meta name=\"twitter:label1\" content=\"Est. reading time\" \/>\n\t<meta name=\"twitter:data1\" content=\"1 minute\" \/>\n<script type=\"application\/ld+json\" class=\"yoast-schema-graph\">{\"@context\":\"https:\/\/schema.org\",\"@graph\":[{\"@type\":\"WebPage\",\"@id\":\"https:\/\/xn--matfrnsverige-tfb.se\/produkt\/knackebrod-surdeg-flerkorn\/\",\"url\":\"https:\/\/xn--matfrnsverige-tfb.se\/produkt\/knackebrod-surdeg-flerkorn\/\",\"name\":\"Kn\u00e4ckebr\u00f6d Surdeg Flerkorn - Mat Fr\u00e5n Sverige\",\"isPartOf\":{\"@id\":\"https:\/\/xn--matfrnsverige-tfb.se\/#website\"},\"primaryImageOfPage\":{\"@id\":\"https:\/\/xn--matfrnsverige-tfb.se\/produkt\/knackebrod-surdeg-flerkorn\/#primaryimage\"},\"image\":{\"@id\":\"https:\/\/xn--matfrnsverige-tfb.se\/produkt\/knackebrod-surdeg-flerkorn\/#primaryimage\"},\"thumbnailUrl\":\"https:\/\/xn--matfrnsverige-tfb.se\/wp-content\/uploads\/2025\/08\/39EF63C9-4BBD-4C78-85AF-4FDA5FDB68CC.jpeg\",\"datePublished\":\"2025-08-16T13:57:50+00:00\",\"dateModified\":\"2025-08-30T10:37:46+00:00\",\"breadcrumb\":{\"@id\":\"https:\/\/xn--matfrnsverige-tfb.se\/produkt\/knackebrod-surdeg-flerkorn\/#breadcrumb\"},\"inLanguage\":\"en-US\",\"potentialAction\":[{\"@type\":\"ReadAction\",\"target\":[\"https:\/\/xn--matfrnsverige-tfb.se\/produkt\/knackebrod-surdeg-flerkorn\/\"]}]},{\"@type\":\"ImageObject\",\"inLanguage\":\"en-US\",\"@id\":\"https:\/\/xn--matfrnsverige-tfb.se\/produkt\/knackebrod-surdeg-flerkorn\/#primaryimage\",\"url\":\"https:\/\/xn--matfrnsverige-tfb.se\/wp-content\/uploads\/2025\/08\/39EF63C9-4BBD-4C78-85AF-4FDA5FDB68CC.jpeg\",\"contentUrl\":\"https:\/\/xn--matfrnsverige-tfb.se\/wp-content\/uploads\/2025\/08\/39EF63C9-4BBD-4C78-85AF-4FDA5FDB68CC.jpeg\",\"width\":1029,\"height\":1029,\"caption\":\"Screenshot\"},{\"@type\":\"BreadcrumbList\",\"@id\":\"https:\/\/xn--matfrnsverige-tfb.se\/produkt\/knackebrod-surdeg-flerkorn\/#breadcrumb\",\"itemListElement\":[{\"@type\":\"ListItem\",\"position\":1,\"name\":\"Home\",\"item\":\"https:\/\/xn--matfrnsverige-tfb.se\/\"},{\"@type\":\"ListItem\",\"position\":2,\"name\":\"Store\",\"item\":\"https:\/\/xn--matfrnsverige-tfb.se\/store\/\"},{\"@type\":\"ListItem\",\"position\":3,\"name\":\"Kn\u00e4ckebr\u00f6d Surdeg Flerkorn\"}]},{\"@type\":\"WebSite\",\"@id\":\"https:\/\/xn--matfrnsverige-tfb.se\/#website\",\"url\":\"https:\/\/xn--matfrnsverige-tfb.se\/\",\"name\":\"Mat Fr\u00e5n Sverige\",\"description\":\"Buy Swedish Candy Online\",\"publisher\":{\"@id\":\"https:\/\/xn--matfrnsverige-tfb.se\/#organization\"},\"potentialAction\":[{\"@type\":\"SearchAction\",\"target\":{\"@type\":\"EntryPoint\",\"urlTemplate\":\"https:\/\/xn--matfrnsverige-tfb.se\/?s={search_term_string}\"},\"query-input\":{\"@type\":\"PropertyValueSpecification\",\"valueRequired\":true,\"valueName\":\"search_term_string\"}}],\"inLanguage\":\"en-US\"},{\"@type\":\"Organization\",\"@id\":\"https:\/\/xn--matfrnsverige-tfb.se\/#organization\",\"name\":\"Mat Fr\u00e5n Sverige\",\"url\":\"https:\/\/xn--matfrnsverige-tfb.se\/\",\"logo\":{\"@type\":\"ImageObject\",\"inLanguage\":\"en-US\",\"@id\":\"https:\/\/xn--matfrnsverige-tfb.se\/#\/schema\/logo\/image\/\",\"url\":\"https:\/\/xn--matfrnsverige-tfb.se\/wp-content\/uploads\/2025\/05\/Metallskarning.se_-1.png\",\"contentUrl\":\"https:\/\/xn--matfrnsverige-tfb.se\/wp-content\/uploads\/2025\/05\/Metallskarning.se_-1.png\",\"width\":500,\"height\":500,\"caption\":\"Mat Fr\u00e5n Sverige\"},\"image\":{\"@id\":\"https:\/\/xn--matfrnsverige-tfb.se\/#\/schema\/logo\/image\/\"}}]}<\/script>\n<!-- \/ Yoast SEO plugin. -->","yoast_head_json":{"title":"Kn\u00e4ckebr\u00f6d Surdeg Flerkorn - Mat Fr\u00e5n Sverige","robots":{"index":"index","follow":"follow","max-snippet":"max-snippet:-1","max-image-preview":"max-image-preview:large","max-video-preview":"max-video-preview:-1"},"canonical":"https:\/\/xn--matfrnsverige-tfb.se\/en\/product\/knackebrod-surdeg-flerkorn\/","og_locale":"en_US","og_type":"article","og_title":"Kn\u00e4ckebr\u00f6d Surdeg Flerkorn - Mat Fr\u00e5n Sverige","og_description":"275 g, Wasa  Wasa Kn\u00e4ckebr\u00f6d Surdeg Flerkorn \u00e4r ett l\u00e4ckert kn\u00e4cke med en rik och mustig smak. V\u00e5rt kn\u00e4ckebr\u00f6d p\u00e5 surdeg bakas efter eget recept tillsammans med havre, vete, korn och r\u00e5g. Det ger dig ett kn\u00e4ckebr\u00f6d med flerkorn som \u00e4r fullt med fullkorn och kostfiber. V\u00e5rt fullkornskn\u00e4ckebr\u00f6d \u00e4r toppat med havregryn och passar utm\u00e4rkt till frukost eller som m\u00e5ltidstillbeh\u00f6r. Wasa Kn\u00e4ckebr\u00f6d Surdeg Flerkorn \u00e4r nyckelh\u00e5lsm\u00e4rkt och 100% klimatkompenserat.","og_url":"https:\/\/xn--matfrnsverige-tfb.se\/en\/product\/knackebrod-surdeg-flerkorn\/","og_site_name":"Mat Fr\u00e5n Sverige","article_modified_time":"2025-08-30T10:37:46+00:00","og_image":[{"width":1029,"height":1029,"url":"https:\/\/xn--matfrnsverige-tfb.se\/wp-content\/uploads\/2025\/08\/39EF63C9-4BBD-4C78-85AF-4FDA5FDB68CC.jpeg","type":"image\/jpeg"}],"twitter_card":"summary_large_image","twitter_misc":{"Est. reading time":"1 minute"},"schema":{"@context":"https:\/\/schema.org","@graph":[{"@type":"WebPage","@id":"https:\/\/xn--matfrnsverige-tfb.se\/produkt\/knackebrod-surdeg-flerkorn\/","url":"https:\/\/xn--matfrnsverige-tfb.se\/produkt\/knackebrod-surdeg-flerkorn\/","name":"Kn\u00e4ckebr\u00f6d Surdeg Flerkorn - Mat Fr\u00e5n Sverige","isPartOf":{"@id":"https:\/\/xn--matfrnsverige-tfb.se\/#website"},"primaryImageOfPage":{"@id":"https:\/\/xn--matfrnsverige-tfb.se\/produkt\/knackebrod-surdeg-flerkorn\/#primaryimage"},"image":{"@id":"https:\/\/xn--matfrnsverige-tfb.se\/produkt\/knackebrod-surdeg-flerkorn\/#primaryimage"},"thumbnailUrl":"https:\/\/xn--matfrnsverige-tfb.se\/wp-content\/uploads\/2025\/08\/39EF63C9-4BBD-4C78-85AF-4FDA5FDB68CC.jpeg","datePublished":"2025-08-16T13:57:50+00:00","dateModified":"2025-08-30T10:37:46+00:00","breadcrumb":{"@id":"https:\/\/xn--matfrnsverige-tfb.se\/produkt\/knackebrod-surdeg-flerkorn\/#breadcrumb"},"inLanguage":"en-US","potentialAction":[{"@type":"ReadAction","target":["https:\/\/xn--matfrnsverige-tfb.se\/produkt\/knackebrod-surdeg-flerkorn\/"]}]},{"@type":"ImageObject","inLanguage":"en-US","@id":"https:\/\/xn--matfrnsverige-tfb.se\/produkt\/knackebrod-surdeg-flerkorn\/#primaryimage","url":"https:\/\/xn--matfrnsverige-tfb.se\/wp-content\/uploads\/2025\/08\/39EF63C9-4BBD-4C78-85AF-4FDA5FDB68CC.jpeg","contentUrl":"https:\/\/xn--matfrnsverige-tfb.se\/wp-content\/uploads\/2025\/08\/39EF63C9-4BBD-4C78-85AF-4FDA5FDB68CC.jpeg","width":1029,"height":1029,"caption":"Screenshot"},{"@type":"BreadcrumbList","@id":"https:\/\/xn--matfrnsverige-tfb.se\/produkt\/knackebrod-surdeg-flerkorn\/#breadcrumb","itemListElement":[{"@type":"ListItem","position":1,"name":"Home","item":"https:\/\/xn--matfrnsverige-tfb.se\/"},{"@type":"ListItem","position":2,"name":"Store","item":"https:\/\/xn--matfrnsverige-tfb.se\/store\/"},{"@type":"ListItem","position":3,"name":"Kn\u00e4ckebr\u00f6d Surdeg Flerkorn"}]},{"@type":"WebSite","@id":"https:\/\/xn--matfrnsverige-tfb.se\/#website","url":"https:\/\/xn--matfrnsverige-tfb.se\/","name":"Mat Fr\u00e5n Sverige","description":"Buy Swedish Candy Online","publisher":{"@id":"https:\/\/xn--matfrnsverige-tfb.se\/#organization"},"potentialAction":[{"@type":"SearchAction","target":{"@type":"EntryPoint","urlTemplate":"https:\/\/xn--matfrnsverige-tfb.se\/?s={search_term_string}"},"query-input":{"@type":"PropertyValueSpecification","valueRequired":true,"valueName":"search_term_string"}}],"inLanguage":"en-US"},{"@type":"Organization","@id":"https:\/\/xn--matfrnsverige-tfb.se\/#organization","name":"Mat Fr\u00e5n Sverige","url":"https:\/\/xn--matfrnsverige-tfb.se\/","logo":{"@type":"ImageObject","inLanguage":"en-US","@id":"https:\/\/xn--matfrnsverige-tfb.se\/#\/schema\/logo\/image\/","url":"https:\/\/xn--matfrnsverige-tfb.se\/wp-content\/uploads\/2025\/05\/Metallskarning.se_-1.png","contentUrl":"https:\/\/xn--matfrnsverige-tfb.se\/wp-content\/uploads\/2025\/05\/Metallskarning.se_-1.png","width":500,"height":500,"caption":"Mat Fr\u00e5n Sverige"},"image":{"@id":"https:\/\/xn--matfrnsverige-tfb.se\/#\/schema\/logo\/image\/"}}]}},"jetpack_sharing_enabled":true,"_links":{"self":[{"href":"https:\/\/xn--matfrnsverige-tfb.se\/en\/wp-json\/wp\/v2\/product\/5577","targetHints":{"allow":["GET"]}}],"collection":[{"href":"https:\/\/xn--matfrnsverige-tfb.se\/en\/wp-json\/wp\/v2\/product"}],"about":[{"href":"https:\/\/xn--matfrnsverige-tfb.se\/en\/wp-json\/wp\/v2\/types\/product"}],"version-history":[{"count":1,"href":"https:\/\/xn--matfrnsverige-tfb.se\/en\/wp-json\/wp\/v2\/product\/5577\/revisions"}],"predecessor-version":[{"id":5578,"href":"https:\/\/xn--matfrnsverige-tfb.se\/en\/wp-json\/wp\/v2\/product\/5577\/revisions\/5578"}],"wp:featuredmedia":[{"embeddable":true,"href":"https:\/\/xn--matfrnsverige-tfb.se\/en\/wp-json\/wp\/v2\/media\/5767"}],"wp:attachment":[{"href":"https:\/\/xn--matfrnsverige-tfb.se\/en\/wp-json\/wp\/v2\/media?parent=5577"}],"wp:term":[{"taxonomy":"product_brand","embeddable":true,"href":"https:\/\/xn--matfrnsverige-tfb.se\/en\/wp-json\/wp\/v2\/product_brand?post=5577"},{"taxonomy":"product_cat","embeddable":true,"href":"https:\/\/xn--matfrnsverige-tfb.se\/en\/wp-json\/wp\/v2\/product_cat?post=5577"},{"taxonomy":"product_tag","embeddable":true,"href":"https:\/\/xn--matfrnsverige-tfb.se\/en\/wp-json\/wp\/v2\/product_tag?post=5577"}],"curies":[{"name":"wp","href":"https:\/\/api.w.org\/{rel}","templated":true}]}}