{"id":5623,"date":"2025-08-16T18:18:03","date_gmt":"2025-08-16T16:18:03","guid":{"rendered":"https:\/\/xn--matfrnsverige-tfb.se\/?post_type=product&#038;p=5623"},"modified":"2025-08-30T12:38:11","modified_gmt":"2025-08-30T10:38:11","slug":"kakor-singoalla-original-goteborgs-kex","status":"publish","type":"product","link":"https:\/\/xn--matfrnsverige-tfb.se\/en\/product\/kakor-singoalla-original-goteborgs-kex\/","title":{"rendered":"Kakor Singoalla Original G\u00f6teborgs Kex"},"content":{"rendered":"<div class=\"k-grid k-pt-3 k-pb-6\">\n<div class=\"k-grid-span-12 lg:k-grid-span-4 k-column\"><strong><span class=\"k-text-style k-text-style--body-m k-text--weight-bold\">Size<\/span><\/strong><\/div>\n<div class=\"k-grid-span-12 lg:k-grid-span-8 k-column\">\n<p class=\"k-text-style k-text-style--body-m k-text--pre-wrap\">190 gram<\/p>\n<\/div>\n<\/div>\n<div class=\"k-grid k-pt-3 k-pb-6\">\n<div class=\"k-grid-span-12 lg:k-grid-span-4 k-column\"><strong><span class=\"k-text-style k-text-style--body-m k-text--weight-bold\">Ingredienser<\/span><\/strong><\/div>\n<div class=\"k-grid-span-12 lg:k-grid-span-8 k-column\"><span class=\"k-text-style k-text-style--body-m k-text-color--subdued\">VETEMJ\u00d6L\/HVEDEMEL,\u00a0kr\u00e4m\u00a0med\u00a0vaniljsmak\u00a023\u00a0%\u00a0(socker,\u00a0fullh\u00e4rdat\u00a0kokosfett,\u00a0emulgeringsmedel\u00a0(lecitin),\u00a0surhetsreglerande\u00a0medel\u00a0(citronsyra),\u00a0arom\u00a0(vanillin)),\u00a0hallonfyllning\/hindb\u00e6rfyld\u00a014\u00a0%\u00a0(socker,\u00a0vatten,\u00a0glukossirap,\u00a0koncentrerad\u00a0juice\u00a0av\u00a0hallon\/hindb\u00e6r\u00a02,1\u00a0%,\u00a0bl\u00e5b\u00e4rsjuicekoncentrat,\u00a0geleringsmedel\u00a0(karragenan),\u00a0aromer),\u00a0socker,\u00a0solrosolja,\u00a0invertsocker,\u00a0bakpulver\/h\u00e6vemiddel\u00a0(hjorthornssalt\u00a0E503,\u00a0natriumbikarbonat),\u00a0salt,\u00a0emulgeringsmedel\u00a0(lecitin),\u00a0aromer.\u00a0Kan\u00a0inneh\u00e5lla\u00a0sp\u00e5r\u00a0av\u00a0HASSELN\u00d6TTER\/HASSELN\u00d8DDER\u00a0och\u00a0MJ\u00d6LK\/M\u00c6LK. *F\u00f6r\u00a0info\u00a0om\u00a0vilken\u00a0olja\u00a0som\u00a0anv\u00e4nts\u00a0se\u00a0www.\u00a0goteborgskex.\u00a0se\/ravaror<\/span><\/div>\n<\/div>\n<div class=\"k-grid k-pt-3 k-pb-6\">\n<div class=\"k-grid-span-12 lg:k-grid-span-4 k-column\"><strong><span class=\"k-text-style k-text-style--body-m k-text--weight-bold\">Allergener<\/span><\/strong><\/div>\n<div class=\"k-grid-span-12 lg:k-grid-span-8 k-column\">\n<p class=\"k-text-style k-text-style--body-m k-text--pre-wrap\">hasseln\u00f6tter, hasseln\u00f8dder, vetemj\u00f6l, hvedemel, mj\u00f6lk, m\u00e6lk.<\/p>\n<\/div>\n<\/div>\n<div class=\"k-grid k-pt-3 k-pb-6\">\n<div class=\"k-grid-span-12 lg:k-grid-span-4 k-column\"><strong><span class=\"k-text-style k-text-style--body-m k-text--weight-bold\">Hanterad i<\/span><\/strong><\/div>\n<div class=\"k-grid-span-12 lg:k-grid-span-8 k-column\">\n<p class=\"k-text-style k-text-style--body-m k-text--pre-wrap\">Lettland<\/p>\n<\/div>\n<\/div>\n<div class=\"k-grid k-pt-3 k-pb-6\">\n<div class=\"k-grid-span-12 lg:k-grid-span-4 k-column\"><strong><span class=\"k-text-style k-text-style--body-m k-text--weight-bold\">Leverant\u00f6r<\/span><\/strong><\/div>\n<div class=\"k-grid-span-12 lg:k-grid-span-8 k-column\">\n<p class=\"k-text-style k-text-style--body-m k-text--pre-wrap\">Orkla Confectionery and Snacks<\/p>\n<\/div>\n<\/div>","protected":false},"excerpt":{"rendered":"<p><strong>190 g, Ballerina<\/strong><\/p>\n<p class=\"k-text-style k-text-style--body-m k-text--pre-wrap\">Singoalla Kakor Original 190g<\/p>\n<div class=\"k-spacer-spacing-2\" role=\"none\"><\/div>\n<p class=\"k-text-style k-text-style--body-m k-text--pre-wrap\">Singoalla Original \u00e4r en underbart god och klassisk kaka som lanserades redan 1964. Det har sedan dess varit ett \u00e4lskat kex med sin perfekta balans mellan syrlighet och s\u00f6tma. Spr\u00f6da m\u00f6rdegskex med fruktig hallonfyllning och kr\u00e4m med vaniljsmak. Fylld med smak av svensk sommar! Kakorna \u00e4r veganska och bakade utan palmolja.<\/p>","protected":false},"featured_media":5810,"template":"","meta":{"site-sidebar-layout":"default","site-content-layout":"","ast-site-content-layout":"default","site-content-style":"default","site-sidebar-style":"default","ast-global-header-display":"","ast-banner-title-visibility":"","ast-main-header-display":"","ast-hfb-above-header-display":"","ast-hfb-below-header-display":"","ast-hfb-mobile-header-display":"","site-post-title":"","ast-breadcrumbs-content":"","ast-featured-img":"","footer-sml-layout":"","theme-transparent-header-meta":"default","adv-header-id-meta":"","stick-header-meta":"","header-above-stick-meta":"","header-main-stick-meta":"","header-below-stick-meta":"","astra-migrate-meta-layouts":"set","ast-page-background-enabled":"default","ast-page-background-meta":{"desktop":{"background-color":"","background-image":"","background-repeat":"repeat","background-position":"center center","background-size":"auto","background-attachment":"scroll","background-type":"","background-media":"","overlay-type":"","overlay-color":"","overlay-opacity":"","overlay-gradient":""},"tablet":{"background-color":"","background-image":"","background-repeat":"repeat","background-position":"center center","background-size":"auto","background-attachment":"scroll","background-type":"","background-media":"","overlay-type":"","overlay-color":"","overlay-opacity":"","overlay-gradient":""},"mobile":{"background-color":"","background-image":"","background-repeat":"repeat","background-position":"center center","background-size":"auto","background-attachment":"scroll","background-type":"","background-media":"","overlay-type":"","overlay-color":"","overlay-opacity":"","overlay-gradient":""}},"ast-content-background-meta":{"desktop":{"background-color":"var(--ast-global-color-5)","background-image":"","background-repeat":"repeat","background-position":"center center","background-size":"auto","background-attachment":"scroll","background-type":"","background-media":"","overlay-type":"","overlay-color":"","overlay-opacity":"","overlay-gradient":""},"tablet":{"background-color":"var(--ast-global-color-5)","background-image":"","background-repeat":"repeat","background-position":"center center","background-size":"auto","background-attachment":"scroll","background-type":"","background-media":"","overlay-type":"","overlay-color":"","overlay-opacity":"","overlay-gradient":""},"mobile":{"background-color":"var(--ast-global-color-5)","background-image":"","background-repeat":"repeat","background-position":"center center","background-size":"auto","background-attachment":"scroll","background-type":"","background-media":"","overlay-type":"","overlay-color":"","overlay-opacity":"","overlay-gradient":""}}},"product_brand":[],"product_cat":[82,79],"product_tag":[],"class_list":{"0":"post-5623","1":"product","2":"type-product","3":"status-publish","4":"has-post-thumbnail","6":"product_cat-alla-produkter","7":"product_cat-kex","8":"desktop-align-center","9":"tablet-align-left","10":"mobile-align-left","12":"first","13":"instock","14":"taxable","15":"shipping-taxable","16":"purchasable","17":"product-type-simple"},"yoast_head":"<!-- This site is optimized with the Yoast SEO plugin v26.0 - https:\/\/yoast.com\/wordpress\/plugins\/seo\/ -->\n<title>Kakor Singoalla Original G\u00f6teborgs Kex - Mat Fr\u00e5n Sverige<\/title>\n<meta name=\"robots\" content=\"index, follow, max-snippet:-1, max-image-preview:large, max-video-preview:-1\" \/>\n<link rel=\"canonical\" href=\"https:\/\/xn--matfrnsverige-tfb.se\/en\/product\/kakor-singoalla-original-goteborgs-kex\/\" \/>\n<meta property=\"og:locale\" content=\"en_US\" \/>\n<meta property=\"og:type\" content=\"article\" \/>\n<meta property=\"og:title\" content=\"Kakor Singoalla Original G\u00f6teborgs Kex - Mat Fr\u00e5n Sverige\" \/>\n<meta property=\"og:description\" content=\"190 g, Ballerina Singoalla Kakor Original 190g   Singoalla Original \u00e4r en underbart god och klassisk kaka som lanserades redan 1964. Det har sedan dess varit ett \u00e4lskat kex med sin perfekta balans mellan syrlighet och s\u00f6tma. Spr\u00f6da m\u00f6rdegskex med fruktig hallonfyllning och kr\u00e4m med vaniljsmak. Fylld med smak av svensk sommar! Kakorna \u00e4r veganska och bakade utan palmolja.\" \/>\n<meta property=\"og:url\" content=\"https:\/\/xn--matfrnsverige-tfb.se\/en\/product\/kakor-singoalla-original-goteborgs-kex\/\" \/>\n<meta property=\"og:site_name\" content=\"Mat Fr\u00e5n Sverige\" \/>\n<meta property=\"article:modified_time\" content=\"2025-08-30T10:38:11+00:00\" \/>\n<meta property=\"og:image\" content=\"https:\/\/xn--matfrnsverige-tfb.se\/wp-content\/uploads\/2025\/08\/F922D04B-DC0A-4510-B836-EA4269D3DB56.jpeg\" \/>\n\t<meta property=\"og:image:width\" content=\"1283\" \/>\n\t<meta property=\"og:image:height\" content=\"864\" \/>\n\t<meta property=\"og:image:type\" content=\"image\/jpeg\" \/>\n<meta name=\"twitter:card\" content=\"summary_large_image\" \/>\n<meta name=\"twitter:label1\" content=\"Est. reading time\" \/>\n\t<meta name=\"twitter:data1\" content=\"1 minute\" \/>\n<script type=\"application\/ld+json\" class=\"yoast-schema-graph\">{\"@context\":\"https:\/\/schema.org\",\"@graph\":[{\"@type\":\"WebPage\",\"@id\":\"https:\/\/xn--matfrnsverige-tfb.se\/produkt\/kakor-singoalla-original-goteborgs-kex\/\",\"url\":\"https:\/\/xn--matfrnsverige-tfb.se\/produkt\/kakor-singoalla-original-goteborgs-kex\/\",\"name\":\"Kakor Singoalla Original G\u00f6teborgs Kex - Mat Fr\u00e5n Sverige\",\"isPartOf\":{\"@id\":\"https:\/\/xn--matfrnsverige-tfb.se\/#website\"},\"primaryImageOfPage\":{\"@id\":\"https:\/\/xn--matfrnsverige-tfb.se\/produkt\/kakor-singoalla-original-goteborgs-kex\/#primaryimage\"},\"image\":{\"@id\":\"https:\/\/xn--matfrnsverige-tfb.se\/produkt\/kakor-singoalla-original-goteborgs-kex\/#primaryimage\"},\"thumbnailUrl\":\"https:\/\/xn--matfrnsverige-tfb.se\/wp-content\/uploads\/2025\/08\/F922D04B-DC0A-4510-B836-EA4269D3DB56.jpeg\",\"datePublished\":\"2025-08-16T16:18:03+00:00\",\"dateModified\":\"2025-08-30T10:38:11+00:00\",\"breadcrumb\":{\"@id\":\"https:\/\/xn--matfrnsverige-tfb.se\/produkt\/kakor-singoalla-original-goteborgs-kex\/#breadcrumb\"},\"inLanguage\":\"en-US\",\"potentialAction\":[{\"@type\":\"ReadAction\",\"target\":[\"https:\/\/xn--matfrnsverige-tfb.se\/produkt\/kakor-singoalla-original-goteborgs-kex\/\"]}]},{\"@type\":\"ImageObject\",\"inLanguage\":\"en-US\",\"@id\":\"https:\/\/xn--matfrnsverige-tfb.se\/produkt\/kakor-singoalla-original-goteborgs-kex\/#primaryimage\",\"url\":\"https:\/\/xn--matfrnsverige-tfb.se\/wp-content\/uploads\/2025\/08\/F922D04B-DC0A-4510-B836-EA4269D3DB56.jpeg\",\"contentUrl\":\"https:\/\/xn--matfrnsverige-tfb.se\/wp-content\/uploads\/2025\/08\/F922D04B-DC0A-4510-B836-EA4269D3DB56.jpeg\",\"width\":1283,\"height\":864,\"caption\":\"Screenshot\"},{\"@type\":\"BreadcrumbList\",\"@id\":\"https:\/\/xn--matfrnsverige-tfb.se\/produkt\/kakor-singoalla-original-goteborgs-kex\/#breadcrumb\",\"itemListElement\":[{\"@type\":\"ListItem\",\"position\":1,\"name\":\"Home\",\"item\":\"https:\/\/xn--matfrnsverige-tfb.se\/\"},{\"@type\":\"ListItem\",\"position\":2,\"name\":\"Store\",\"item\":\"https:\/\/xn--matfrnsverige-tfb.se\/store\/\"},{\"@type\":\"ListItem\",\"position\":3,\"name\":\"Kakor Singoalla Original G\u00f6teborgs Kex\"}]},{\"@type\":\"WebSite\",\"@id\":\"https:\/\/xn--matfrnsverige-tfb.se\/#website\",\"url\":\"https:\/\/xn--matfrnsverige-tfb.se\/\",\"name\":\"Mat Fr\u00e5n Sverige\",\"description\":\"Buy Swedish Candy Online\",\"publisher\":{\"@id\":\"https:\/\/xn--matfrnsverige-tfb.se\/#organization\"},\"potentialAction\":[{\"@type\":\"SearchAction\",\"target\":{\"@type\":\"EntryPoint\",\"urlTemplate\":\"https:\/\/xn--matfrnsverige-tfb.se\/?s={search_term_string}\"},\"query-input\":{\"@type\":\"PropertyValueSpecification\",\"valueRequired\":true,\"valueName\":\"search_term_string\"}}],\"inLanguage\":\"en-US\"},{\"@type\":\"Organization\",\"@id\":\"https:\/\/xn--matfrnsverige-tfb.se\/#organization\",\"name\":\"Mat Fr\u00e5n Sverige\",\"url\":\"https:\/\/xn--matfrnsverige-tfb.se\/\",\"logo\":{\"@type\":\"ImageObject\",\"inLanguage\":\"en-US\",\"@id\":\"https:\/\/xn--matfrnsverige-tfb.se\/#\/schema\/logo\/image\/\",\"url\":\"https:\/\/xn--matfrnsverige-tfb.se\/wp-content\/uploads\/2025\/05\/Metallskarning.se_-1.png\",\"contentUrl\":\"https:\/\/xn--matfrnsverige-tfb.se\/wp-content\/uploads\/2025\/05\/Metallskarning.se_-1.png\",\"width\":500,\"height\":500,\"caption\":\"Mat Fr\u00e5n Sverige\"},\"image\":{\"@id\":\"https:\/\/xn--matfrnsverige-tfb.se\/#\/schema\/logo\/image\/\"}}]}<\/script>\n<!-- \/ Yoast SEO plugin. -->","yoast_head_json":{"title":"Kakor Singoalla Original G\u00f6teborgs Kex - Mat Fr\u00e5n Sverige","robots":{"index":"index","follow":"follow","max-snippet":"max-snippet:-1","max-image-preview":"max-image-preview:large","max-video-preview":"max-video-preview:-1"},"canonical":"https:\/\/xn--matfrnsverige-tfb.se\/en\/product\/kakor-singoalla-original-goteborgs-kex\/","og_locale":"en_US","og_type":"article","og_title":"Kakor Singoalla Original G\u00f6teborgs Kex - Mat Fr\u00e5n Sverige","og_description":"190 g, Ballerina Singoalla Kakor Original 190g   Singoalla Original \u00e4r en underbart god och klassisk kaka som lanserades redan 1964. Det har sedan dess varit ett \u00e4lskat kex med sin perfekta balans mellan syrlighet och s\u00f6tma. Spr\u00f6da m\u00f6rdegskex med fruktig hallonfyllning och kr\u00e4m med vaniljsmak. Fylld med smak av svensk sommar! Kakorna \u00e4r veganska och bakade utan palmolja.","og_url":"https:\/\/xn--matfrnsverige-tfb.se\/en\/product\/kakor-singoalla-original-goteborgs-kex\/","og_site_name":"Mat Fr\u00e5n Sverige","article_modified_time":"2025-08-30T10:38:11+00:00","og_image":[{"width":1283,"height":864,"url":"https:\/\/xn--matfrnsverige-tfb.se\/wp-content\/uploads\/2025\/08\/F922D04B-DC0A-4510-B836-EA4269D3DB56.jpeg","type":"image\/jpeg"}],"twitter_card":"summary_large_image","twitter_misc":{"Est. reading time":"1 minute"},"schema":{"@context":"https:\/\/schema.org","@graph":[{"@type":"WebPage","@id":"https:\/\/xn--matfrnsverige-tfb.se\/produkt\/kakor-singoalla-original-goteborgs-kex\/","url":"https:\/\/xn--matfrnsverige-tfb.se\/produkt\/kakor-singoalla-original-goteborgs-kex\/","name":"Kakor Singoalla Original G\u00f6teborgs Kex - Mat Fr\u00e5n Sverige","isPartOf":{"@id":"https:\/\/xn--matfrnsverige-tfb.se\/#website"},"primaryImageOfPage":{"@id":"https:\/\/xn--matfrnsverige-tfb.se\/produkt\/kakor-singoalla-original-goteborgs-kex\/#primaryimage"},"image":{"@id":"https:\/\/xn--matfrnsverige-tfb.se\/produkt\/kakor-singoalla-original-goteborgs-kex\/#primaryimage"},"thumbnailUrl":"https:\/\/xn--matfrnsverige-tfb.se\/wp-content\/uploads\/2025\/08\/F922D04B-DC0A-4510-B836-EA4269D3DB56.jpeg","datePublished":"2025-08-16T16:18:03+00:00","dateModified":"2025-08-30T10:38:11+00:00","breadcrumb":{"@id":"https:\/\/xn--matfrnsverige-tfb.se\/produkt\/kakor-singoalla-original-goteborgs-kex\/#breadcrumb"},"inLanguage":"en-US","potentialAction":[{"@type":"ReadAction","target":["https:\/\/xn--matfrnsverige-tfb.se\/produkt\/kakor-singoalla-original-goteborgs-kex\/"]}]},{"@type":"ImageObject","inLanguage":"en-US","@id":"https:\/\/xn--matfrnsverige-tfb.se\/produkt\/kakor-singoalla-original-goteborgs-kex\/#primaryimage","url":"https:\/\/xn--matfrnsverige-tfb.se\/wp-content\/uploads\/2025\/08\/F922D04B-DC0A-4510-B836-EA4269D3DB56.jpeg","contentUrl":"https:\/\/xn--matfrnsverige-tfb.se\/wp-content\/uploads\/2025\/08\/F922D04B-DC0A-4510-B836-EA4269D3DB56.jpeg","width":1283,"height":864,"caption":"Screenshot"},{"@type":"BreadcrumbList","@id":"https:\/\/xn--matfrnsverige-tfb.se\/produkt\/kakor-singoalla-original-goteborgs-kex\/#breadcrumb","itemListElement":[{"@type":"ListItem","position":1,"name":"Home","item":"https:\/\/xn--matfrnsverige-tfb.se\/"},{"@type":"ListItem","position":2,"name":"Store","item":"https:\/\/xn--matfrnsverige-tfb.se\/store\/"},{"@type":"ListItem","position":3,"name":"Kakor Singoalla Original G\u00f6teborgs Kex"}]},{"@type":"WebSite","@id":"https:\/\/xn--matfrnsverige-tfb.se\/#website","url":"https:\/\/xn--matfrnsverige-tfb.se\/","name":"Mat Fr\u00e5n Sverige","description":"Buy Swedish Candy Online","publisher":{"@id":"https:\/\/xn--matfrnsverige-tfb.se\/#organization"},"potentialAction":[{"@type":"SearchAction","target":{"@type":"EntryPoint","urlTemplate":"https:\/\/xn--matfrnsverige-tfb.se\/?s={search_term_string}"},"query-input":{"@type":"PropertyValueSpecification","valueRequired":true,"valueName":"search_term_string"}}],"inLanguage":"en-US"},{"@type":"Organization","@id":"https:\/\/xn--matfrnsverige-tfb.se\/#organization","name":"Mat Fr\u00e5n Sverige","url":"https:\/\/xn--matfrnsverige-tfb.se\/","logo":{"@type":"ImageObject","inLanguage":"en-US","@id":"https:\/\/xn--matfrnsverige-tfb.se\/#\/schema\/logo\/image\/","url":"https:\/\/xn--matfrnsverige-tfb.se\/wp-content\/uploads\/2025\/05\/Metallskarning.se_-1.png","contentUrl":"https:\/\/xn--matfrnsverige-tfb.se\/wp-content\/uploads\/2025\/05\/Metallskarning.se_-1.png","width":500,"height":500,"caption":"Mat Fr\u00e5n Sverige"},"image":{"@id":"https:\/\/xn--matfrnsverige-tfb.se\/#\/schema\/logo\/image\/"}}]}},"jetpack_sharing_enabled":true,"_links":{"self":[{"href":"https:\/\/xn--matfrnsverige-tfb.se\/en\/wp-json\/wp\/v2\/product\/5623","targetHints":{"allow":["GET"]}}],"collection":[{"href":"https:\/\/xn--matfrnsverige-tfb.se\/en\/wp-json\/wp\/v2\/product"}],"about":[{"href":"https:\/\/xn--matfrnsverige-tfb.se\/en\/wp-json\/wp\/v2\/types\/product"}],"version-history":[{"count":1,"href":"https:\/\/xn--matfrnsverige-tfb.se\/en\/wp-json\/wp\/v2\/product\/5623\/revisions"}],"predecessor-version":[{"id":5624,"href":"https:\/\/xn--matfrnsverige-tfb.se\/en\/wp-json\/wp\/v2\/product\/5623\/revisions\/5624"}],"wp:featuredmedia":[{"embeddable":true,"href":"https:\/\/xn--matfrnsverige-tfb.se\/en\/wp-json\/wp\/v2\/media\/5810"}],"wp:attachment":[{"href":"https:\/\/xn--matfrnsverige-tfb.se\/en\/wp-json\/wp\/v2\/media?parent=5623"}],"wp:term":[{"taxonomy":"product_brand","embeddable":true,"href":"https:\/\/xn--matfrnsverige-tfb.se\/en\/wp-json\/wp\/v2\/product_brand?post=5623"},{"taxonomy":"product_cat","embeddable":true,"href":"https:\/\/xn--matfrnsverige-tfb.se\/en\/wp-json\/wp\/v2\/product_cat?post=5623"},{"taxonomy":"product_tag","embeddable":true,"href":"https:\/\/xn--matfrnsverige-tfb.se\/en\/wp-json\/wp\/v2\/product_tag?post=5623"}],"curies":[{"name":"wp","href":"https:\/\/api.w.org\/{rel}","templated":true}]}}