{"id":5653,"date":"2025-08-16T18:56:31","date_gmt":"2025-08-16T16:56:31","guid":{"rendered":"https:\/\/xn--matfrnsverige-tfb.se\/?post_type=product&#038;p=5653"},"modified":"2025-08-30T12:38:39","modified_gmt":"2025-08-30T10:38:39","slug":"kakor-chocolate-chip","status":"publish","type":"product","link":"https:\/\/xn--matfrnsverige-tfb.se\/en\/product\/kakor-chocolate-chip\/","title":{"rendered":"Kakor Chocolate Chip"},"content":{"rendered":"<div class=\"k-grid k-pt-3 k-pb-6\">\n<div class=\"k-grid-span-12 lg:k-grid-span-4 k-column\"><strong><span class=\"k-text-style k-text-style--body-m k-text--weight-bold\">Size<\/span><\/strong><\/div>\n<div class=\"k-grid-span-12 lg:k-grid-span-8 k-column\">\n<p class=\"k-text-style k-text-style--body-m k-text--pre-wrap\">270 gram<\/p>\n<\/div>\n<\/div>\n<div class=\"k-grid k-pt-3 k-pb-6\">\n<div class=\"k-grid-span-12 lg:k-grid-span-4 k-column\"><strong><span class=\"k-text-style k-text-style--body-m k-text--weight-bold\">Ingredienser<\/span><\/strong><\/div>\n<div class=\"k-grid-span-12 lg:k-grid-span-8 k-column\"><span class=\"k-text-style k-text-style--body-m k-text-color--subdued\">FULLKORNSVETEMJ\u00d6L\/FULLKORNSHVETEMEL\/FULDKORNSHVEDEMEL\u00a0(29,5%),\u00a0HAVREFLINGOR\/HAVREGRYN\u00a0(20,6%),\u00a0solrosolja\/solsikkeolje\/solsikkeolie,\u00a0kik\u00e4rter\/kikerter\/kik\u00e6rter\u00a0och\/og\u00a0majsflingor\/cornflakes\u00a0(10,6%)\u00a0(kik\u00e4rtsmj\u00f6l\/kikertemel\/kik\u00e6rtemel\u00a0(5,4%),\u00a0majsmj\u00f6l\/maismel\/majsmel\u00a0(5,2%)),\u00a0choklad\/sjokolade\/chokolade\u00a0(10,6%)\u00a0(socker\/sukker,\u00a0kakaomassa\/\u00a0kakaomasse,\u00a0kakaosm\u00f6r\/kakaosm\u00f8r,\u00a0dextros\/dekstrose\/dextrose,\u00a0emulgeringsmedel\/emulgator:\u00a0SOJALECITINER\/\u00a0SOYALECITINER\/\u00a0<strong class=\"k-text-style k-text-style--body-m k-text--weight-bold\" role=\"emphasized\">SOJALECITHINER<\/strong>,\u00a0vaniljarom\/vaniljearoma),\u00a0glukossirap\/glukosesirup\/glucosesirup,\u00a0socker\/sukker,\u00a0gr\u00f6na\/gr\u00f8nne\u00a0linser\u00a0(4,7%),\u00a0bakpulver\/hevemidler\/h\u00e6vemidler\u00a0(ammoniumv\u00e4tekarbonat\/ammoniumhydrogenkarbonat\/ammoniumhydrogencarbonat,\u00a0natriumbikarbonat\/natriumhydrogenkarbonat\/natriumhydrogencarbonat),\u00a0salt,\u00a0arom\/aroma,\u00a0olivextrakt\/olivenekstrakt.\u00a0KAN\u00a0INNEH\u00c5LLA\/INNEHOLDE\/INDEHOLDE\u00a0SP\u00c5R\/SPOR\u00a0AV\/AF\u00a0\u00c4GG\/EGG\/\u00c6G,\u00a0MJ\u00d6LK\/MELK\/M\u00c6LK\u00a0OCH\/OG\u00a0N\u00d6TTER\/N\u00d8TTER\/N\u00d8DDER.<\/span><\/div>\n<\/div>\n<div class=\"k-grid k-pt-3 k-pb-6\">\n<div class=\"k-grid-span-12 lg:k-grid-span-4 k-column\"><strong><span class=\"k-text-style k-text-style--body-m k-text--weight-bold\">Allergener<\/span><\/strong><\/div>\n<div class=\"k-grid-span-12 lg:k-grid-span-8 k-column\">\n<p class=\"k-text-style k-text-style--body-m k-text--pre-wrap\">fuldkornshvedemel, fullkornsvetemj\u00f6l, fullkornshvetemel, sojalecithiner, soyalecitiner, sojalecitiner, havreflingor, inneholde, havregryn, indeholde, n\u00f8tter, n\u00f8dder, n\u00f6tter, mj\u00f6lk, melk, spor, m\u00e6lk, egg, \u00e4gg.<\/p>\n<\/div>\n<\/div>\n<div class=\"k-grid k-pt-3 k-pb-6\">\n<div class=\"k-grid-span-12 lg:k-grid-span-4 k-column\"><strong><span class=\"k-text-style k-text-style--body-m k-text--weight-bold\">Kan inneh\u00e5lla sp\u00e5r av<\/span><\/strong><\/div>\n<div class=\"k-grid-span-12 lg:k-grid-span-8 k-column\">\n<p class=\"k-text-style k-text-style--body-m k-text--pre-wrap\">\u00e4gg, mj\u00f6lk, n\u00f6tter.<\/p>\n<\/div>\n<\/div>\n<div class=\"k-grid k-pt-3 k-pb-6\">\n<div class=\"k-grid-span-12 lg:k-grid-span-4 k-column\"><strong><span class=\"k-text-style k-text-style--body-m k-text--weight-bold\">Leverant\u00f6r<\/span><\/strong><\/div>\n<div class=\"k-grid-span-12 lg:k-grid-span-8 k-column\">\n<p class=\"k-text-style k-text-style--body-m k-text--pre-wrap\">Barilla Sverige AB<\/p>\n<\/div>\n<\/div>","protected":false},"excerpt":{"rendered":"<p><strong>270 g, Wasa<\/strong><\/p>\n<p>Wasa Kakor Chocolate Chip \u00e4r krispiga kakor med kik\u00e4rtor, havre och l\u00e4cker choklad. Kik\u00e4rtorna ger dig ett h\u00f6gre proteinintag samtidigt som kakor med choklad stillar behovet av n\u00e5gonting s\u00f6tt. Dessa fullkornskakor med havregryn och baljv\u00e4xter passar utm\u00e4rkt som fika. Sj\u00e4lvklart \u00e4r v\u00e5ra havrekakor med choklad tillverkade helt utan palmolja och Wasa \u00e4r 100% klimatkompenserat.<\/p>","protected":false},"featured_media":5793,"template":"","meta":{"site-sidebar-layout":"default","site-content-layout":"","ast-site-content-layout":"default","site-content-style":"default","site-sidebar-style":"default","ast-global-header-display":"","ast-banner-title-visibility":"","ast-main-header-display":"","ast-hfb-above-header-display":"","ast-hfb-below-header-display":"","ast-hfb-mobile-header-display":"","site-post-title":"","ast-breadcrumbs-content":"","ast-featured-img":"","footer-sml-layout":"","theme-transparent-header-meta":"default","adv-header-id-meta":"","stick-header-meta":"","header-above-stick-meta":"","header-main-stick-meta":"","header-below-stick-meta":"","astra-migrate-meta-layouts":"set","ast-page-background-enabled":"default","ast-page-background-meta":{"desktop":{"background-color":"","background-image":"","background-repeat":"repeat","background-position":"center center","background-size":"auto","background-attachment":"scroll","background-type":"","background-media":"","overlay-type":"","overlay-color":"","overlay-opacity":"","overlay-gradient":""},"tablet":{"background-color":"","background-image":"","background-repeat":"repeat","background-position":"center center","background-size":"auto","background-attachment":"scroll","background-type":"","background-media":"","overlay-type":"","overlay-color":"","overlay-opacity":"","overlay-gradient":""},"mobile":{"background-color":"","background-image":"","background-repeat":"repeat","background-position":"center center","background-size":"auto","background-attachment":"scroll","background-type":"","background-media":"","overlay-type":"","overlay-color":"","overlay-opacity":"","overlay-gradient":""}},"ast-content-background-meta":{"desktop":{"background-color":"var(--ast-global-color-5)","background-image":"","background-repeat":"repeat","background-position":"center center","background-size":"auto","background-attachment":"scroll","background-type":"","background-media":"","overlay-type":"","overlay-color":"","overlay-opacity":"","overlay-gradient":""},"tablet":{"background-color":"var(--ast-global-color-5)","background-image":"","background-repeat":"repeat","background-position":"center center","background-size":"auto","background-attachment":"scroll","background-type":"","background-media":"","overlay-type":"","overlay-color":"","overlay-opacity":"","overlay-gradient":""},"mobile":{"background-color":"var(--ast-global-color-5)","background-image":"","background-repeat":"repeat","background-position":"center center","background-size":"auto","background-attachment":"scroll","background-type":"","background-media":"","overlay-type":"","overlay-color":"","overlay-opacity":"","overlay-gradient":""}}},"product_brand":[],"product_cat":[82,79],"product_tag":[],"class_list":{"0":"post-5653","1":"product","2":"type-product","3":"status-publish","4":"has-post-thumbnail","6":"product_cat-alla-produkter","7":"product_cat-kex","8":"desktop-align-center","9":"tablet-align-left","10":"mobile-align-left","12":"first","13":"instock","14":"taxable","15":"shipping-taxable","16":"purchasable","17":"product-type-simple"},"yoast_head":"<!-- This site is optimized with the Yoast SEO plugin v26.0 - https:\/\/yoast.com\/wordpress\/plugins\/seo\/ -->\n<title>Kakor Chocolate Chip - Mat Fr\u00e5n Sverige<\/title>\n<meta name=\"robots\" content=\"index, follow, max-snippet:-1, max-image-preview:large, max-video-preview:-1\" \/>\n<link rel=\"canonical\" href=\"https:\/\/xn--matfrnsverige-tfb.se\/en\/product\/kakor-chocolate-chip\/\" \/>\n<meta property=\"og:locale\" content=\"en_US\" \/>\n<meta property=\"og:type\" content=\"article\" \/>\n<meta property=\"og:title\" content=\"Kakor Chocolate Chip - Mat Fr\u00e5n Sverige\" \/>\n<meta property=\"og:description\" content=\"270 g, Wasa  Wasa Kakor Chocolate Chip \u00e4r krispiga kakor med kik\u00e4rtor, havre och l\u00e4cker choklad. Kik\u00e4rtorna ger dig ett h\u00f6gre proteinintag samtidigt som kakor med choklad stillar behovet av n\u00e5gonting s\u00f6tt. Dessa fullkornskakor med havregryn och baljv\u00e4xter passar utm\u00e4rkt som fika. Sj\u00e4lvklart \u00e4r v\u00e5ra havrekakor med choklad tillverkade helt utan palmolja och Wasa \u00e4r 100% klimatkompenserat.\" \/>\n<meta property=\"og:url\" content=\"https:\/\/xn--matfrnsverige-tfb.se\/en\/product\/kakor-chocolate-chip\/\" \/>\n<meta property=\"og:site_name\" content=\"Mat Fr\u00e5n Sverige\" \/>\n<meta property=\"article:modified_time\" content=\"2025-08-30T10:38:39+00:00\" \/>\n<meta property=\"og:image\" content=\"https:\/\/xn--matfrnsverige-tfb.se\/wp-content\/uploads\/2025\/08\/4DC06943-25D0-4379-920E-7BE93F4F8679.jpeg\" \/>\n\t<meta property=\"og:image:width\" content=\"1283\" \/>\n\t<meta property=\"og:image:height\" content=\"841\" \/>\n\t<meta property=\"og:image:type\" content=\"image\/jpeg\" \/>\n<meta name=\"twitter:card\" content=\"summary_large_image\" \/>\n<meta name=\"twitter:label1\" content=\"Est. reading time\" \/>\n\t<meta name=\"twitter:data1\" content=\"1 minute\" \/>\n<script type=\"application\/ld+json\" class=\"yoast-schema-graph\">{\"@context\":\"https:\/\/schema.org\",\"@graph\":[{\"@type\":\"WebPage\",\"@id\":\"https:\/\/xn--matfrnsverige-tfb.se\/produkt\/kakor-chocolate-chip\/\",\"url\":\"https:\/\/xn--matfrnsverige-tfb.se\/produkt\/kakor-chocolate-chip\/\",\"name\":\"Kakor Chocolate Chip - Mat Fr\u00e5n Sverige\",\"isPartOf\":{\"@id\":\"https:\/\/xn--matfrnsverige-tfb.se\/#website\"},\"primaryImageOfPage\":{\"@id\":\"https:\/\/xn--matfrnsverige-tfb.se\/produkt\/kakor-chocolate-chip\/#primaryimage\"},\"image\":{\"@id\":\"https:\/\/xn--matfrnsverige-tfb.se\/produkt\/kakor-chocolate-chip\/#primaryimage\"},\"thumbnailUrl\":\"https:\/\/xn--matfrnsverige-tfb.se\/wp-content\/uploads\/2025\/08\/4DC06943-25D0-4379-920E-7BE93F4F8679.jpeg\",\"datePublished\":\"2025-08-16T16:56:31+00:00\",\"dateModified\":\"2025-08-30T10:38:39+00:00\",\"breadcrumb\":{\"@id\":\"https:\/\/xn--matfrnsverige-tfb.se\/produkt\/kakor-chocolate-chip\/#breadcrumb\"},\"inLanguage\":\"en-US\",\"potentialAction\":[{\"@type\":\"ReadAction\",\"target\":[\"https:\/\/xn--matfrnsverige-tfb.se\/produkt\/kakor-chocolate-chip\/\"]}]},{\"@type\":\"ImageObject\",\"inLanguage\":\"en-US\",\"@id\":\"https:\/\/xn--matfrnsverige-tfb.se\/produkt\/kakor-chocolate-chip\/#primaryimage\",\"url\":\"https:\/\/xn--matfrnsverige-tfb.se\/wp-content\/uploads\/2025\/08\/4DC06943-25D0-4379-920E-7BE93F4F8679.jpeg\",\"contentUrl\":\"https:\/\/xn--matfrnsverige-tfb.se\/wp-content\/uploads\/2025\/08\/4DC06943-25D0-4379-920E-7BE93F4F8679.jpeg\",\"width\":1283,\"height\":841,\"caption\":\"Screenshot\"},{\"@type\":\"BreadcrumbList\",\"@id\":\"https:\/\/xn--matfrnsverige-tfb.se\/produkt\/kakor-chocolate-chip\/#breadcrumb\",\"itemListElement\":[{\"@type\":\"ListItem\",\"position\":1,\"name\":\"Home\",\"item\":\"https:\/\/xn--matfrnsverige-tfb.se\/\"},{\"@type\":\"ListItem\",\"position\":2,\"name\":\"Store\",\"item\":\"https:\/\/xn--matfrnsverige-tfb.se\/store\/\"},{\"@type\":\"ListItem\",\"position\":3,\"name\":\"Kakor Chocolate Chip\"}]},{\"@type\":\"WebSite\",\"@id\":\"https:\/\/xn--matfrnsverige-tfb.se\/#website\",\"url\":\"https:\/\/xn--matfrnsverige-tfb.se\/\",\"name\":\"Mat Fr\u00e5n Sverige\",\"description\":\"Buy Swedish Candy Online\",\"publisher\":{\"@id\":\"https:\/\/xn--matfrnsverige-tfb.se\/#organization\"},\"potentialAction\":[{\"@type\":\"SearchAction\",\"target\":{\"@type\":\"EntryPoint\",\"urlTemplate\":\"https:\/\/xn--matfrnsverige-tfb.se\/?s={search_term_string}\"},\"query-input\":{\"@type\":\"PropertyValueSpecification\",\"valueRequired\":true,\"valueName\":\"search_term_string\"}}],\"inLanguage\":\"en-US\"},{\"@type\":\"Organization\",\"@id\":\"https:\/\/xn--matfrnsverige-tfb.se\/#organization\",\"name\":\"Mat Fr\u00e5n Sverige\",\"url\":\"https:\/\/xn--matfrnsverige-tfb.se\/\",\"logo\":{\"@type\":\"ImageObject\",\"inLanguage\":\"en-US\",\"@id\":\"https:\/\/xn--matfrnsverige-tfb.se\/#\/schema\/logo\/image\/\",\"url\":\"https:\/\/xn--matfrnsverige-tfb.se\/wp-content\/uploads\/2025\/05\/Metallskarning.se_-1.png\",\"contentUrl\":\"https:\/\/xn--matfrnsverige-tfb.se\/wp-content\/uploads\/2025\/05\/Metallskarning.se_-1.png\",\"width\":500,\"height\":500,\"caption\":\"Mat Fr\u00e5n Sverige\"},\"image\":{\"@id\":\"https:\/\/xn--matfrnsverige-tfb.se\/#\/schema\/logo\/image\/\"}}]}<\/script>\n<!-- \/ Yoast SEO plugin. -->","yoast_head_json":{"title":"Kakor Chocolate Chip - Mat Fr\u00e5n Sverige","robots":{"index":"index","follow":"follow","max-snippet":"max-snippet:-1","max-image-preview":"max-image-preview:large","max-video-preview":"max-video-preview:-1"},"canonical":"https:\/\/xn--matfrnsverige-tfb.se\/en\/product\/kakor-chocolate-chip\/","og_locale":"en_US","og_type":"article","og_title":"Kakor Chocolate Chip - Mat Fr\u00e5n Sverige","og_description":"270 g, Wasa  Wasa Kakor Chocolate Chip \u00e4r krispiga kakor med kik\u00e4rtor, havre och l\u00e4cker choklad. Kik\u00e4rtorna ger dig ett h\u00f6gre proteinintag samtidigt som kakor med choklad stillar behovet av n\u00e5gonting s\u00f6tt. Dessa fullkornskakor med havregryn och baljv\u00e4xter passar utm\u00e4rkt som fika. Sj\u00e4lvklart \u00e4r v\u00e5ra havrekakor med choklad tillverkade helt utan palmolja och Wasa \u00e4r 100% klimatkompenserat.","og_url":"https:\/\/xn--matfrnsverige-tfb.se\/en\/product\/kakor-chocolate-chip\/","og_site_name":"Mat Fr\u00e5n Sverige","article_modified_time":"2025-08-30T10:38:39+00:00","og_image":[{"width":1283,"height":841,"url":"https:\/\/xn--matfrnsverige-tfb.se\/wp-content\/uploads\/2025\/08\/4DC06943-25D0-4379-920E-7BE93F4F8679.jpeg","type":"image\/jpeg"}],"twitter_card":"summary_large_image","twitter_misc":{"Est. reading time":"1 minute"},"schema":{"@context":"https:\/\/schema.org","@graph":[{"@type":"WebPage","@id":"https:\/\/xn--matfrnsverige-tfb.se\/produkt\/kakor-chocolate-chip\/","url":"https:\/\/xn--matfrnsverige-tfb.se\/produkt\/kakor-chocolate-chip\/","name":"Kakor Chocolate Chip - Mat Fr\u00e5n Sverige","isPartOf":{"@id":"https:\/\/xn--matfrnsverige-tfb.se\/#website"},"primaryImageOfPage":{"@id":"https:\/\/xn--matfrnsverige-tfb.se\/produkt\/kakor-chocolate-chip\/#primaryimage"},"image":{"@id":"https:\/\/xn--matfrnsverige-tfb.se\/produkt\/kakor-chocolate-chip\/#primaryimage"},"thumbnailUrl":"https:\/\/xn--matfrnsverige-tfb.se\/wp-content\/uploads\/2025\/08\/4DC06943-25D0-4379-920E-7BE93F4F8679.jpeg","datePublished":"2025-08-16T16:56:31+00:00","dateModified":"2025-08-30T10:38:39+00:00","breadcrumb":{"@id":"https:\/\/xn--matfrnsverige-tfb.se\/produkt\/kakor-chocolate-chip\/#breadcrumb"},"inLanguage":"en-US","potentialAction":[{"@type":"ReadAction","target":["https:\/\/xn--matfrnsverige-tfb.se\/produkt\/kakor-chocolate-chip\/"]}]},{"@type":"ImageObject","inLanguage":"en-US","@id":"https:\/\/xn--matfrnsverige-tfb.se\/produkt\/kakor-chocolate-chip\/#primaryimage","url":"https:\/\/xn--matfrnsverige-tfb.se\/wp-content\/uploads\/2025\/08\/4DC06943-25D0-4379-920E-7BE93F4F8679.jpeg","contentUrl":"https:\/\/xn--matfrnsverige-tfb.se\/wp-content\/uploads\/2025\/08\/4DC06943-25D0-4379-920E-7BE93F4F8679.jpeg","width":1283,"height":841,"caption":"Screenshot"},{"@type":"BreadcrumbList","@id":"https:\/\/xn--matfrnsverige-tfb.se\/produkt\/kakor-chocolate-chip\/#breadcrumb","itemListElement":[{"@type":"ListItem","position":1,"name":"Home","item":"https:\/\/xn--matfrnsverige-tfb.se\/"},{"@type":"ListItem","position":2,"name":"Store","item":"https:\/\/xn--matfrnsverige-tfb.se\/store\/"},{"@type":"ListItem","position":3,"name":"Kakor Chocolate Chip"}]},{"@type":"WebSite","@id":"https:\/\/xn--matfrnsverige-tfb.se\/#website","url":"https:\/\/xn--matfrnsverige-tfb.se\/","name":"Mat Fr\u00e5n Sverige","description":"Buy Swedish Candy Online","publisher":{"@id":"https:\/\/xn--matfrnsverige-tfb.se\/#organization"},"potentialAction":[{"@type":"SearchAction","target":{"@type":"EntryPoint","urlTemplate":"https:\/\/xn--matfrnsverige-tfb.se\/?s={search_term_string}"},"query-input":{"@type":"PropertyValueSpecification","valueRequired":true,"valueName":"search_term_string"}}],"inLanguage":"en-US"},{"@type":"Organization","@id":"https:\/\/xn--matfrnsverige-tfb.se\/#organization","name":"Mat Fr\u00e5n Sverige","url":"https:\/\/xn--matfrnsverige-tfb.se\/","logo":{"@type":"ImageObject","inLanguage":"en-US","@id":"https:\/\/xn--matfrnsverige-tfb.se\/#\/schema\/logo\/image\/","url":"https:\/\/xn--matfrnsverige-tfb.se\/wp-content\/uploads\/2025\/05\/Metallskarning.se_-1.png","contentUrl":"https:\/\/xn--matfrnsverige-tfb.se\/wp-content\/uploads\/2025\/05\/Metallskarning.se_-1.png","width":500,"height":500,"caption":"Mat Fr\u00e5n Sverige"},"image":{"@id":"https:\/\/xn--matfrnsverige-tfb.se\/#\/schema\/logo\/image\/"}}]}},"jetpack_sharing_enabled":true,"_links":{"self":[{"href":"https:\/\/xn--matfrnsverige-tfb.se\/en\/wp-json\/wp\/v2\/product\/5653","targetHints":{"allow":["GET"]}}],"collection":[{"href":"https:\/\/xn--matfrnsverige-tfb.se\/en\/wp-json\/wp\/v2\/product"}],"about":[{"href":"https:\/\/xn--matfrnsverige-tfb.se\/en\/wp-json\/wp\/v2\/types\/product"}],"version-history":[{"count":1,"href":"https:\/\/xn--matfrnsverige-tfb.se\/en\/wp-json\/wp\/v2\/product\/5653\/revisions"}],"predecessor-version":[{"id":5654,"href":"https:\/\/xn--matfrnsverige-tfb.se\/en\/wp-json\/wp\/v2\/product\/5653\/revisions\/5654"}],"wp:featuredmedia":[{"embeddable":true,"href":"https:\/\/xn--matfrnsverige-tfb.se\/en\/wp-json\/wp\/v2\/media\/5793"}],"wp:attachment":[{"href":"https:\/\/xn--matfrnsverige-tfb.se\/en\/wp-json\/wp\/v2\/media?parent=5653"}],"wp:term":[{"taxonomy":"product_brand","embeddable":true,"href":"https:\/\/xn--matfrnsverige-tfb.se\/en\/wp-json\/wp\/v2\/product_brand?post=5653"},{"taxonomy":"product_cat","embeddable":true,"href":"https:\/\/xn--matfrnsverige-tfb.se\/en\/wp-json\/wp\/v2\/product_cat?post=5653"},{"taxonomy":"product_tag","embeddable":true,"href":"https:\/\/xn--matfrnsverige-tfb.se\/en\/wp-json\/wp\/v2\/product_tag?post=5653"}],"curies":[{"name":"wp","href":"https:\/\/api.w.org\/{rel}","templated":true}]}}