{"id":5659,"date":"2025-08-16T19:01:01","date_gmt":"2025-08-16T17:01:01","guid":{"rendered":"https:\/\/xn--matfrnsverige-tfb.se\/?post_type=product&#038;p=5659"},"modified":"2025-08-30T12:38:39","modified_gmt":"2025-08-30T10:38:39","slug":"choco-moment-mjolkchoklad-marabou","status":"publish","type":"product","link":"https:\/\/xn--matfrnsverige-tfb.se\/en\/product\/choco-moment-mjolkchoklad-marabou\/","title":{"rendered":"Choco Moment Mj\u00f6lkchoklad Marabou"},"content":{"rendered":"<div class=\"k-grid k-pt-3 k-pb-6\">\n<div class=\"k-grid-span-12 lg:k-grid-span-4 k-column\"><strong><span class=\"k-text-style k-text-style--body-m k-text--weight-bold\">Size<\/span><\/strong><\/div>\n<div class=\"k-grid-span-12 lg:k-grid-span-8 k-column\">\n<p class=\"k-text-style k-text-style--body-m k-text--pre-wrap\">180 gram<\/p>\n<\/div>\n<\/div>\n<div class=\"k-grid k-pt-3 k-pb-6\">\n<div class=\"k-grid-span-12 lg:k-grid-span-4 k-column\"><strong><span class=\"k-text-style k-text-style--body-m k-text--weight-bold\">Ingredienser<\/span><\/strong><\/div>\n<div class=\"k-grid-span-12 lg:k-grid-span-8 k-column\"><span class=\"k-text-style k-text-style--body-m k-text-color--subdued\"><strong class=\"k-text-style k-text-style--body-m k-text--weight-bold\" role=\"emphasized\">MJ\u00d6LKCHOKLAD<\/strong>\u00a060%\u00a0(socker,\u00a0kakaosm\u00f6r,\u00a0kakaomassa,\u00a0<strong class=\"k-text-style k-text-style--body-m k-text--weight-bold\" role=\"emphasized\">SKUMMJ\u00d6LKSPULVER<\/strong>,\u00a0vasslepulver\u00a0(<strong class=\"k-text-style k-text-style--body-m k-text--weight-bold\" role=\"emphasized\">MJ\u00d6LK<\/strong>),\u00a0<strong class=\"k-text-style k-text-style--body-m k-text--weight-bold\" role=\"emphasized\">MJ\u00d6LKFETT<\/strong>,\u00a0emulgeringsmedel\u00a0(<strong class=\"k-text-style k-text-style--body-m k-text--weight-bold\" role=\"emphasized\">SOJALECITIN<\/strong>),\u00a0arom\u00a0(vanillin)),\u00a0<strong class=\"k-text-style k-text-style--body-m k-text--weight-bold\" role=\"emphasized\">VETEMJ\u00d6L<\/strong>,\u00a0vegetabiliskt\u00a0fett\u00a0och\u00a0vegetabilisk\u00a0olja\u00a0(palm,\u00a0raps,\u00a0kokosn\u00f6t),\u00a0socker,\u00a0vasslepulver\u00a0(<strong class=\"k-text-style k-text-style--body-m k-text--weight-bold\" role=\"emphasized\">MJ\u00d6LK<\/strong>),\u00a0fettreducerat\u00a0kakao\u00a02\u00a0%,\u00a0emulgeringsmedel\u00a0(<strong class=\"k-text-style k-text-style--body-m k-text--weight-bold\" role=\"emphasized\">SOJALECITIN<\/strong>),\u00a0bakpulver\u00a0(natriumvetekarbonat),\u00a0salt,\u00a0arom. KAN\u00a0INNEH\u00c5LLA\u00a0<strong class=\"k-text-style k-text-style--body-m k-text--weight-bold\" role=\"emphasized\">\u00c4GG<\/strong>,\u00a0<strong class=\"k-text-style k-text-style--body-m k-text--weight-bold\" role=\"emphasized\">N\u00d6TTER<\/strong><\/span><\/div>\n<\/div>\n<div class=\"k-grid k-pt-3 k-pb-6\">\n<div class=\"k-grid-span-12 lg:k-grid-span-4 k-column\"><strong><span class=\"k-text-style k-text-style--body-m k-text--weight-bold\">Allergener<\/span><\/strong><\/div>\n<div class=\"k-grid-span-12 lg:k-grid-span-8 k-column\">\n<p class=\"k-text-style k-text-style--body-m k-text--pre-wrap\">skummj\u00f6lkspulver, mj\u00f6lkchoklad, sojalecitin, mj\u00f6lkfett, vetemj\u00f6l, n\u00f6tter, mj\u00f6lk, \u00e4gg.<\/p>\n<\/div>\n<\/div>\n<div class=\"k-grid k-pt-3 k-pb-6\">\n<div class=\"k-grid-span-12 lg:k-grid-span-4 k-column\"><strong><span class=\"k-text-style k-text-style--body-m k-text--weight-bold\">Kan inneh\u00e5lla sp\u00e5r av<\/span><\/strong><\/div>\n<div class=\"k-grid-span-12 lg:k-grid-span-8 k-column\">\n<p class=\"k-text-style k-text-style--body-m k-text--pre-wrap\">\u00e4gg, n\u00f6tter.<\/p>\n<\/div>\n<\/div>\n<div class=\"k-grid k-pt-3 k-pb-6\">\n<div class=\"k-grid-span-12 lg:k-grid-span-4 k-column\"><strong><span class=\"k-text-style k-text-style--body-m k-text--weight-bold\">Hanterad i<\/span><\/strong><\/div>\n<div class=\"k-grid-span-12 lg:k-grid-span-8 k-column\">\n<p class=\"k-text-style k-text-style--body-m k-text--pre-wrap\">\n<\/div>\n<\/div>\n<div class=\"k-grid k-pt-3 k-pb-6\">\n<div class=\"k-grid-span-12 lg:k-grid-span-4 k-column\"><strong><span class=\"k-text-style k-text-style--body-m k-text--weight-bold\">Leverant\u00f6r<\/span><\/strong><\/div>\n<div class=\"k-grid-span-12 lg:k-grid-span-8 k-column\">\n<p class=\"k-text-style k-text-style--body-m k-text--pre-wrap\">Mondelez Sverige AB<\/p>\n<\/div>\n<\/div>","protected":false},"excerpt":{"rendered":"<p><strong>180 g, Marabou<\/strong><\/p>\n<p>Marabou ChocoMoment mj\u00f6lkchoklad \u00e4r en h\u00e4rlig kombination av krispiga wafers och chokladkr\u00e4m, t\u00e4ckta av h\u00e4rlig mj\u00f6lkchoklad. Varje kaka \u00e4r individuellt inslagen och fungerar lika bra vid fikabordet, ta med sig p\u00e5 utflykt eller n\u00e4r du vill ha en h\u00e4rlig stund f\u00f6r dig sj\u00e4lv. Mmm&#8230; Marabou<\/p>","protected":false},"featured_media":5790,"template":"","meta":{"site-sidebar-layout":"default","site-content-layout":"","ast-site-content-layout":"default","site-content-style":"default","site-sidebar-style":"default","ast-global-header-display":"","ast-banner-title-visibility":"","ast-main-header-display":"","ast-hfb-above-header-display":"","ast-hfb-below-header-display":"","ast-hfb-mobile-header-display":"","site-post-title":"","ast-breadcrumbs-content":"","ast-featured-img":"","footer-sml-layout":"","theme-transparent-header-meta":"default","adv-header-id-meta":"","stick-header-meta":"","header-above-stick-meta":"","header-main-stick-meta":"","header-below-stick-meta":"","astra-migrate-meta-layouts":"set","ast-page-background-enabled":"default","ast-page-background-meta":{"desktop":{"background-color":"","background-image":"","background-repeat":"repeat","background-position":"center center","background-size":"auto","background-attachment":"scroll","background-type":"","background-media":"","overlay-type":"","overlay-color":"","overlay-opacity":"","overlay-gradient":""},"tablet":{"background-color":"","background-image":"","background-repeat":"repeat","background-position":"center center","background-size":"auto","background-attachment":"scroll","background-type":"","background-media":"","overlay-type":"","overlay-color":"","overlay-opacity":"","overlay-gradient":""},"mobile":{"background-color":"","background-image":"","background-repeat":"repeat","background-position":"center center","background-size":"auto","background-attachment":"scroll","background-type":"","background-media":"","overlay-type":"","overlay-color":"","overlay-opacity":"","overlay-gradient":""}},"ast-content-background-meta":{"desktop":{"background-color":"var(--ast-global-color-5)","background-image":"","background-repeat":"repeat","background-position":"center center","background-size":"auto","background-attachment":"scroll","background-type":"","background-media":"","overlay-type":"","overlay-color":"","overlay-opacity":"","overlay-gradient":""},"tablet":{"background-color":"var(--ast-global-color-5)","background-image":"","background-repeat":"repeat","background-position":"center center","background-size":"auto","background-attachment":"scroll","background-type":"","background-media":"","overlay-type":"","overlay-color":"","overlay-opacity":"","overlay-gradient":""},"mobile":{"background-color":"var(--ast-global-color-5)","background-image":"","background-repeat":"repeat","background-position":"center center","background-size":"auto","background-attachment":"scroll","background-type":"","background-media":"","overlay-type":"","overlay-color":"","overlay-opacity":"","overlay-gradient":""}}},"product_brand":[],"product_cat":[82,79],"product_tag":[],"class_list":{"0":"post-5659","1":"product","2":"type-product","3":"status-publish","4":"has-post-thumbnail","6":"product_cat-alla-produkter","7":"product_cat-kex","8":"desktop-align-center","9":"tablet-align-left","10":"mobile-align-left","12":"first","13":"instock","14":"taxable","15":"shipping-taxable","16":"purchasable","17":"product-type-simple"},"yoast_head":"<!-- This site is optimized with the Yoast SEO plugin v26.0 - https:\/\/yoast.com\/wordpress\/plugins\/seo\/ -->\n<title>Choco Moment Mj\u00f6lkchoklad Marabou - Mat Fr\u00e5n Sverige<\/title>\n<meta name=\"robots\" content=\"index, follow, max-snippet:-1, max-image-preview:large, max-video-preview:-1\" \/>\n<link rel=\"canonical\" href=\"https:\/\/xn--matfrnsverige-tfb.se\/en\/product\/choco-moment-mjolkchoklad-marabou\/\" \/>\n<meta property=\"og:locale\" content=\"en_US\" \/>\n<meta property=\"og:type\" content=\"article\" \/>\n<meta property=\"og:title\" content=\"Choco Moment Mj\u00f6lkchoklad Marabou - Mat Fr\u00e5n Sverige\" \/>\n<meta property=\"og:description\" content=\"180 g, Marabou  Marabou ChocoMoment mj\u00f6lkchoklad \u00e4r en h\u00e4rlig kombination av krispiga wafers och chokladkr\u00e4m, t\u00e4ckta av h\u00e4rlig mj\u00f6lkchoklad. Varje kaka \u00e4r individuellt inslagen och fungerar lika bra vid fikabordet, ta med sig p\u00e5 utflykt eller n\u00e4r du vill ha en h\u00e4rlig stund f\u00f6r dig sj\u00e4lv. Mmm... Marabou\" \/>\n<meta property=\"og:url\" content=\"https:\/\/xn--matfrnsverige-tfb.se\/en\/product\/choco-moment-mjolkchoklad-marabou\/\" \/>\n<meta property=\"og:site_name\" content=\"Mat Fr\u00e5n Sverige\" \/>\n<meta property=\"article:modified_time\" content=\"2025-08-30T10:38:39+00:00\" \/>\n<meta property=\"og:image\" content=\"https:\/\/xn--matfrnsverige-tfb.se\/wp-content\/uploads\/2025\/08\/F0AD8DB3-4A05-4D3E-AB35-2BC70FAEDD01.jpeg\" \/>\n\t<meta property=\"og:image:width\" content=\"1283\" \/>\n\t<meta property=\"og:image:height\" content=\"801\" \/>\n\t<meta property=\"og:image:type\" content=\"image\/jpeg\" \/>\n<meta name=\"twitter:card\" content=\"summary_large_image\" \/>\n<script type=\"application\/ld+json\" class=\"yoast-schema-graph\">{\"@context\":\"https:\/\/schema.org\",\"@graph\":[{\"@type\":\"WebPage\",\"@id\":\"https:\/\/xn--matfrnsverige-tfb.se\/produkt\/choco-moment-mjolkchoklad-marabou\/\",\"url\":\"https:\/\/xn--matfrnsverige-tfb.se\/produkt\/choco-moment-mjolkchoklad-marabou\/\",\"name\":\"Choco Moment Mj\u00f6lkchoklad Marabou - Mat Fr\u00e5n Sverige\",\"isPartOf\":{\"@id\":\"https:\/\/xn--matfrnsverige-tfb.se\/#website\"},\"primaryImageOfPage\":{\"@id\":\"https:\/\/xn--matfrnsverige-tfb.se\/produkt\/choco-moment-mjolkchoklad-marabou\/#primaryimage\"},\"image\":{\"@id\":\"https:\/\/xn--matfrnsverige-tfb.se\/produkt\/choco-moment-mjolkchoklad-marabou\/#primaryimage\"},\"thumbnailUrl\":\"https:\/\/xn--matfrnsverige-tfb.se\/wp-content\/uploads\/2025\/08\/F0AD8DB3-4A05-4D3E-AB35-2BC70FAEDD01.jpeg\",\"datePublished\":\"2025-08-16T17:01:01+00:00\",\"dateModified\":\"2025-08-30T10:38:39+00:00\",\"breadcrumb\":{\"@id\":\"https:\/\/xn--matfrnsverige-tfb.se\/produkt\/choco-moment-mjolkchoklad-marabou\/#breadcrumb\"},\"inLanguage\":\"en-US\",\"potentialAction\":[{\"@type\":\"ReadAction\",\"target\":[\"https:\/\/xn--matfrnsverige-tfb.se\/produkt\/choco-moment-mjolkchoklad-marabou\/\"]}]},{\"@type\":\"ImageObject\",\"inLanguage\":\"en-US\",\"@id\":\"https:\/\/xn--matfrnsverige-tfb.se\/produkt\/choco-moment-mjolkchoklad-marabou\/#primaryimage\",\"url\":\"https:\/\/xn--matfrnsverige-tfb.se\/wp-content\/uploads\/2025\/08\/F0AD8DB3-4A05-4D3E-AB35-2BC70FAEDD01.jpeg\",\"contentUrl\":\"https:\/\/xn--matfrnsverige-tfb.se\/wp-content\/uploads\/2025\/08\/F0AD8DB3-4A05-4D3E-AB35-2BC70FAEDD01.jpeg\",\"width\":1283,\"height\":801,\"caption\":\"Screenshot\"},{\"@type\":\"BreadcrumbList\",\"@id\":\"https:\/\/xn--matfrnsverige-tfb.se\/produkt\/choco-moment-mjolkchoklad-marabou\/#breadcrumb\",\"itemListElement\":[{\"@type\":\"ListItem\",\"position\":1,\"name\":\"Home\",\"item\":\"https:\/\/xn--matfrnsverige-tfb.se\/\"},{\"@type\":\"ListItem\",\"position\":2,\"name\":\"Store\",\"item\":\"https:\/\/xn--matfrnsverige-tfb.se\/store\/\"},{\"@type\":\"ListItem\",\"position\":3,\"name\":\"Choco Moment Mj\u00f6lkchoklad Marabou\"}]},{\"@type\":\"WebSite\",\"@id\":\"https:\/\/xn--matfrnsverige-tfb.se\/#website\",\"url\":\"https:\/\/xn--matfrnsverige-tfb.se\/\",\"name\":\"Mat Fr\u00e5n Sverige\",\"description\":\"Buy Swedish Candy Online\",\"publisher\":{\"@id\":\"https:\/\/xn--matfrnsverige-tfb.se\/#organization\"},\"potentialAction\":[{\"@type\":\"SearchAction\",\"target\":{\"@type\":\"EntryPoint\",\"urlTemplate\":\"https:\/\/xn--matfrnsverige-tfb.se\/?s={search_term_string}\"},\"query-input\":{\"@type\":\"PropertyValueSpecification\",\"valueRequired\":true,\"valueName\":\"search_term_string\"}}],\"inLanguage\":\"en-US\"},{\"@type\":\"Organization\",\"@id\":\"https:\/\/xn--matfrnsverige-tfb.se\/#organization\",\"name\":\"Mat Fr\u00e5n Sverige\",\"url\":\"https:\/\/xn--matfrnsverige-tfb.se\/\",\"logo\":{\"@type\":\"ImageObject\",\"inLanguage\":\"en-US\",\"@id\":\"https:\/\/xn--matfrnsverige-tfb.se\/#\/schema\/logo\/image\/\",\"url\":\"https:\/\/xn--matfrnsverige-tfb.se\/wp-content\/uploads\/2025\/05\/Metallskarning.se_-1.png\",\"contentUrl\":\"https:\/\/xn--matfrnsverige-tfb.se\/wp-content\/uploads\/2025\/05\/Metallskarning.se_-1.png\",\"width\":500,\"height\":500,\"caption\":\"Mat Fr\u00e5n Sverige\"},\"image\":{\"@id\":\"https:\/\/xn--matfrnsverige-tfb.se\/#\/schema\/logo\/image\/\"}}]}<\/script>\n<!-- \/ Yoast SEO plugin. -->","yoast_head_json":{"title":"Choco Moment Mj\u00f6lkchoklad Marabou - Mat Fr\u00e5n Sverige","robots":{"index":"index","follow":"follow","max-snippet":"max-snippet:-1","max-image-preview":"max-image-preview:large","max-video-preview":"max-video-preview:-1"},"canonical":"https:\/\/xn--matfrnsverige-tfb.se\/en\/product\/choco-moment-mjolkchoklad-marabou\/","og_locale":"en_US","og_type":"article","og_title":"Choco Moment Mj\u00f6lkchoklad Marabou - Mat Fr\u00e5n Sverige","og_description":"180 g, Marabou  Marabou ChocoMoment mj\u00f6lkchoklad \u00e4r en h\u00e4rlig kombination av krispiga wafers och chokladkr\u00e4m, t\u00e4ckta av h\u00e4rlig mj\u00f6lkchoklad. Varje kaka \u00e4r individuellt inslagen och fungerar lika bra vid fikabordet, ta med sig p\u00e5 utflykt eller n\u00e4r du vill ha en h\u00e4rlig stund f\u00f6r dig sj\u00e4lv. Mmm... Marabou","og_url":"https:\/\/xn--matfrnsverige-tfb.se\/en\/product\/choco-moment-mjolkchoklad-marabou\/","og_site_name":"Mat Fr\u00e5n Sverige","article_modified_time":"2025-08-30T10:38:39+00:00","og_image":[{"width":1283,"height":801,"url":"https:\/\/xn--matfrnsverige-tfb.se\/wp-content\/uploads\/2025\/08\/F0AD8DB3-4A05-4D3E-AB35-2BC70FAEDD01.jpeg","type":"image\/jpeg"}],"twitter_card":"summary_large_image","schema":{"@context":"https:\/\/schema.org","@graph":[{"@type":"WebPage","@id":"https:\/\/xn--matfrnsverige-tfb.se\/produkt\/choco-moment-mjolkchoklad-marabou\/","url":"https:\/\/xn--matfrnsverige-tfb.se\/produkt\/choco-moment-mjolkchoklad-marabou\/","name":"Choco Moment Mj\u00f6lkchoklad Marabou - Mat Fr\u00e5n Sverige","isPartOf":{"@id":"https:\/\/xn--matfrnsverige-tfb.se\/#website"},"primaryImageOfPage":{"@id":"https:\/\/xn--matfrnsverige-tfb.se\/produkt\/choco-moment-mjolkchoklad-marabou\/#primaryimage"},"image":{"@id":"https:\/\/xn--matfrnsverige-tfb.se\/produkt\/choco-moment-mjolkchoklad-marabou\/#primaryimage"},"thumbnailUrl":"https:\/\/xn--matfrnsverige-tfb.se\/wp-content\/uploads\/2025\/08\/F0AD8DB3-4A05-4D3E-AB35-2BC70FAEDD01.jpeg","datePublished":"2025-08-16T17:01:01+00:00","dateModified":"2025-08-30T10:38:39+00:00","breadcrumb":{"@id":"https:\/\/xn--matfrnsverige-tfb.se\/produkt\/choco-moment-mjolkchoklad-marabou\/#breadcrumb"},"inLanguage":"en-US","potentialAction":[{"@type":"ReadAction","target":["https:\/\/xn--matfrnsverige-tfb.se\/produkt\/choco-moment-mjolkchoklad-marabou\/"]}]},{"@type":"ImageObject","inLanguage":"en-US","@id":"https:\/\/xn--matfrnsverige-tfb.se\/produkt\/choco-moment-mjolkchoklad-marabou\/#primaryimage","url":"https:\/\/xn--matfrnsverige-tfb.se\/wp-content\/uploads\/2025\/08\/F0AD8DB3-4A05-4D3E-AB35-2BC70FAEDD01.jpeg","contentUrl":"https:\/\/xn--matfrnsverige-tfb.se\/wp-content\/uploads\/2025\/08\/F0AD8DB3-4A05-4D3E-AB35-2BC70FAEDD01.jpeg","width":1283,"height":801,"caption":"Screenshot"},{"@type":"BreadcrumbList","@id":"https:\/\/xn--matfrnsverige-tfb.se\/produkt\/choco-moment-mjolkchoklad-marabou\/#breadcrumb","itemListElement":[{"@type":"ListItem","position":1,"name":"Home","item":"https:\/\/xn--matfrnsverige-tfb.se\/"},{"@type":"ListItem","position":2,"name":"Store","item":"https:\/\/xn--matfrnsverige-tfb.se\/store\/"},{"@type":"ListItem","position":3,"name":"Choco Moment Mj\u00f6lkchoklad Marabou"}]},{"@type":"WebSite","@id":"https:\/\/xn--matfrnsverige-tfb.se\/#website","url":"https:\/\/xn--matfrnsverige-tfb.se\/","name":"Mat Fr\u00e5n Sverige","description":"Buy Swedish Candy Online","publisher":{"@id":"https:\/\/xn--matfrnsverige-tfb.se\/#organization"},"potentialAction":[{"@type":"SearchAction","target":{"@type":"EntryPoint","urlTemplate":"https:\/\/xn--matfrnsverige-tfb.se\/?s={search_term_string}"},"query-input":{"@type":"PropertyValueSpecification","valueRequired":true,"valueName":"search_term_string"}}],"inLanguage":"en-US"},{"@type":"Organization","@id":"https:\/\/xn--matfrnsverige-tfb.se\/#organization","name":"Mat Fr\u00e5n Sverige","url":"https:\/\/xn--matfrnsverige-tfb.se\/","logo":{"@type":"ImageObject","inLanguage":"en-US","@id":"https:\/\/xn--matfrnsverige-tfb.se\/#\/schema\/logo\/image\/","url":"https:\/\/xn--matfrnsverige-tfb.se\/wp-content\/uploads\/2025\/05\/Metallskarning.se_-1.png","contentUrl":"https:\/\/xn--matfrnsverige-tfb.se\/wp-content\/uploads\/2025\/05\/Metallskarning.se_-1.png","width":500,"height":500,"caption":"Mat Fr\u00e5n Sverige"},"image":{"@id":"https:\/\/xn--matfrnsverige-tfb.se\/#\/schema\/logo\/image\/"}}]}},"jetpack_sharing_enabled":true,"_links":{"self":[{"href":"https:\/\/xn--matfrnsverige-tfb.se\/en\/wp-json\/wp\/v2\/product\/5659","targetHints":{"allow":["GET"]}}],"collection":[{"href":"https:\/\/xn--matfrnsverige-tfb.se\/en\/wp-json\/wp\/v2\/product"}],"about":[{"href":"https:\/\/xn--matfrnsverige-tfb.se\/en\/wp-json\/wp\/v2\/types\/product"}],"version-history":[{"count":1,"href":"https:\/\/xn--matfrnsverige-tfb.se\/en\/wp-json\/wp\/v2\/product\/5659\/revisions"}],"predecessor-version":[{"id":5660,"href":"https:\/\/xn--matfrnsverige-tfb.se\/en\/wp-json\/wp\/v2\/product\/5659\/revisions\/5660"}],"wp:featuredmedia":[{"embeddable":true,"href":"https:\/\/xn--matfrnsverige-tfb.se\/en\/wp-json\/wp\/v2\/media\/5790"}],"wp:attachment":[{"href":"https:\/\/xn--matfrnsverige-tfb.se\/en\/wp-json\/wp\/v2\/media?parent=5659"}],"wp:term":[{"taxonomy":"product_brand","embeddable":true,"href":"https:\/\/xn--matfrnsverige-tfb.se\/en\/wp-json\/wp\/v2\/product_brand?post=5659"},{"taxonomy":"product_cat","embeddable":true,"href":"https:\/\/xn--matfrnsverige-tfb.se\/en\/wp-json\/wp\/v2\/product_cat?post=5659"},{"taxonomy":"product_tag","embeddable":true,"href":"https:\/\/xn--matfrnsverige-tfb.se\/en\/wp-json\/wp\/v2\/product_tag?post=5659"}],"curies":[{"name":"wp","href":"https:\/\/api.w.org\/{rel}","templated":true}]}}